{"id":1024,"date":"2019-02-05T02:49:23","date_gmt":"2019-02-05T02:49:23","guid":{"rendered":"https:\/\/www.ipleiria.pt\/?page_id=1024"},"modified":"2021-08-12T16:05:02","modified_gmt":"2021-08-12T15:05:02","slug":"auip","status":"publish","type":"page","link":"https:\/\/www.ipleiria.pt\/en\/international\/mobility-programmes\/auip\/","title":{"rendered":"AUIP"},"content":{"rendered":"\n<p class=\"is-style-theme-subtitle-inherit-color\">AUIP<\/p>\n\n\n\n<h2 class=\"is-style-theme-title\">Associa\u00e7\u00e3o Universit\u00e1ria Iberoamericana de P\u00f3s-gradua\u00e7\u00e3o<\/h2>\n\n\n\n<div class=\"wp-container-3 wp-block-columns\">\n<div class=\"wp-container-1 wp-block-column\">\n<p>La Asociaci\u00f3n Universitaria Iberoamericana de Postgrado -AUIP- es un organismo internacional no gubernamental reconocido por la UNESCO, dedicada al fomento de los estudios de postgrado y doctorado en Iberoam\u00e9rica. Actualmente est\u00e1 integrada por m\u00e1s de 247 prestigiosas instituciones de educaci\u00f3n superior de Espa\u00f1a, Portugal, Am\u00e9rica Latina y el Caribe.<\/p>\n\n\n\n<p>La&nbsp;AUIP&nbsp;presta servicios de informaci\u00f3n y divulgaci\u00f3n sobre los postgrados que se ofrecen, colabora en procesos de evaluaci\u00f3n interna y externa, acreditaci\u00f3n y armonizaci\u00f3n curricular de esa oferta acad\u00e9mica, facilita la movilidad e intercambio de profesores y estudiantes, incentiva el trabajo acad\u00e9mico e investigador a trav\u00e9s de redes de centros de excelencia en diversos campos del conocimiento, auspicia eventos acad\u00e9micos y cient\u00ed\u00adficos que est\u00e1n claramente relacionados con la formaci\u00f3n avanzada y organiza cursos itinerantes internacionales en temas de inter\u00e9s para profesores y directores de programas de postgrado y doctorado.<\/p>\n<\/div>\n\n\n\n<div class=\"wp-container-2 wp-block-column\">\n<p>La&nbsp;AUIP&nbsp;es un ente privado, sin \u00e1nimo de lucro, financiado con los aportes de sus instituciones asociadas, recursos extraordinarios que se consiguen gracias al poder de gesti\u00f3n internacional que tiene la misma red y subvenciones de las Juntas de Andaluc\u00eda, de Castilla y Le\u00f3n y el Gobierno de Extremadura.<\/p>\n\n\n\n<p>La\u00a0AUIP\u00a0se rige por un Consejo Superior, integrado por los Rectores de todas las instituciones asociadas y\u00a0una Comisi\u00f3n Ejecutiva, como \u00f3rganos colegiados. Como \u00f3rganos unipersonales la instituci\u00f3n cuenta con un Presidente elegido por el Consejo Superior, un Director General en la Sede Central de Salamanca (Espa\u00f1a)\u00a0y Directores Regionales en las sedes de\u00a0Corrientes (Argentina),\u00a0S\u00e1o Paulo (Brasil), Santiago de Cali (Colombia), La Habana (Cuba), Loja (Ecuador), M\u00e9xico D. F., Lima (Per\u00fa), Barcelona, Granada, Pamplona, Salamanca y Sevilla (Espa\u00f1a).<br><br><a rel=\"noreferrer noopener\" href=\"https:\/\/www.auip.org\/pt\/bolsasauip\" target=\"_blank\">AUIP Mobility Scholarships<\/a><\/p>\n<\/div>\n<\/div>\n\n\n\n<div class=\"wp-container-5 wp-block-columns\">\n<div class=\"wp-container-4 wp-block-column\"><\/div>\n<\/div>\n\n\n\n<div class=\"wp-container-6 wp-block-buttons\">\n<div class=\"wp-block-button\"><a class=\"wp-block-button__link\" href=\"https:\/\/www.auip.org\/es\/\" target=\"_blank\" rel=\"noreferrer noopener\">AUIP <\/a><\/div>\n<\/div>\n\n\n\n<div style=\"height:60px\" aria-hidden=\"true\" class=\"wp-block-spacer\"><\/div>\n","protected":false},"excerpt":{"rendered":"AUIP Associa\u00e7\u00e3o Universit\u00e1ria Iberoamericana de P\u00f3s-gradua\u00e7\u00e3o La Asociaci\u00f3n Universitaria Iberoamericana de Postgrado -AUIP- es un organismo internacional no gubernamental reconocido por la UNESCO, dedicada al fomento de los estudios de postgrado y doctorado en Iberoam\u00e9rica. Actualmente est\u00e1 integrada por m\u00e1s de 247 prestigiosas instituciones de educaci\u00f3n superior de Espa\u00f1a, Portugal, Am\u00e9rica Latina y el Caribe. [&hellip;]","protected":false},"author":1,"featured_media":8109,"parent":1020,"menu_order":20,"comment_status":"closed","ping_status":"closed","template":"","meta":{"multilingual_post_translation":"{\"pt-PT\":{\"url\":\"https:\/\/www.ipleiria.pt\/internacional\/programas-de-mobilidade\/auip\/\",\"postID\":null,\"postTitle\":\"\",\"siteID\":1,\"customURL\":true,\"languageInfo\":{\"multilingual_site_api_url\":\"https:\/\/www.ipleiria.pt\/wp-json\/\",\"name\":\"Portugu\u00eas\",\"locale\":\"pt_PT\"}}}","custompostfields_page-thumbnail":"","custompostfields_banners":"","custompostfields_meta-description":""},"_links":{"self":[{"href":"https:\/\/www.ipleiria.pt\/en\/wp-json\/wp\/v2\/pages\/1024"}],"collection":[{"href":"https:\/\/www.ipleiria.pt\/en\/wp-json\/wp\/v2\/pages"}],"about":[{"href":"https:\/\/www.ipleiria.pt\/en\/wp-json\/wp\/v2\/types\/page"}],"author":[{"embeddable":true,"href":"https:\/\/www.ipleiria.pt\/en\/wp-json\/wp\/v2\/users\/1"}],"replies":[{"embeddable":true,"href":"https:\/\/www.ipleiria.pt\/en\/wp-json\/wp\/v2\/comments?post=1024"}],"version-history":[{"count":8,"href":"https:\/\/www.ipleiria.pt\/en\/wp-json\/wp\/v2\/pages\/1024\/revisions"}],"predecessor-version":[{"id":35364,"href":"https:\/\/www.ipleiria.pt\/en\/wp-json\/wp\/v2\/pages\/1024\/revisions\/35364"}],"up":[{"embeddable":true,"href":"https:\/\/www.ipleiria.pt\/en\/wp-json\/wp\/v2\/pages\/1020"}],"wp:featuredmedia":[{"embeddable":true,"href":"https:\/\/www.ipleiria.pt\/en\/wp-json\/wp\/v2\/media\/8109"}],"wp:attachment":[{"href":"https:\/\/www.ipleiria.pt\/en\/wp-json\/wp\/v2\/media?parent=1024"}],"curies":[{"name":"wp","href":"https:\/\/api.w.org\/{rel}","templated":true}]}}