{"id":1026,"date":"2019-02-05T02:49:39","date_gmt":"2019-02-05T02:49:39","guid":{"rendered":"https:\/\/www.ipleiria.pt\/?page_id=1026"},"modified":"2021-08-30T10:30:29","modified_gmt":"2021-08-30T09:30:29","slug":"aulp","status":"publish","type":"page","link":"https:\/\/www.ipleiria.pt\/en\/international\/mobility-programmes\/aulp\/","title":{"rendered":"AULP"},"content":{"rendered":"\n<h2 class=\"is-style-theme-subtitle\">aulp<\/h2>\n\n\n\n<div class=\"wp-container-3 wp-block-columns\">\n<div class=\"wp-container-1 wp-block-column\">\n<h2 class=\"is-style-theme-title\">Association of Portuguese Language Universities  <\/h2>\n\n\n\n<p>The Association of Portuguese Language Universities (<em>Associa\u00e7\u00e3o das Universidades de L\u00edngua Portuguesa<\/em>) was created in 1986 and currently has over 140 members from Portuguese-speaking countries around the world, including the Chinese region Macao. <\/p>\n\n\n\n<p>AULP\u2019s main goal is to encourage communication between its members to promote the Portuguese language and teaching around the world.&nbsp;<\/p>\n\n\n\n<p>AULP is an Advisory Observer of the Community of Portuguese-Speaking Countries (CPLP) in what concerns scientific advice.<\/p>\n<\/div>\n\n\n\n<div class=\"wp-container-2 wp-block-column\">\n<div style=\"height:44px\" aria-hidden=\"true\" class=\"wp-block-spacer\"><\/div>\n\n\n\n<figure class=\"wp-block-embed is-type-video is-provider-youtube wp-block-embed-youtube wp-embed-aspect-16-9 wp-has-aspect-ratio\"><div class=\"wp-block-embed__wrapper\">\n<iframe loading=\"lazy\" title=\"Atividades da Associa\u00e7\u00e3o das Universidades de L\u00edngua Portuguesa (AULP)\" width=\"500\" height=\"281\" src=\"https:\/\/www.youtube.com\/embed\/x9kaKWzqAwE?feature=oembed\" frameborder=\"0\" allow=\"accelerometer; autoplay; clipboard-write; encrypted-media; gyroscope; picture-in-picture\" allowfullscreen><\/iframe>\n<\/div><\/figure>\n<\/div>\n<\/div>\n\n\n\n<div class=\"wp-container-4 wp-block-buttons\">\n<div class=\"wp-block-button is-style-theme-button-outline\"><a class=\"wp-block-button__link\" href=\"http:\/\/aulp.org\/\" target=\"_blank\" rel=\"noreferrer noopener\">know more<\/a><\/div>\n<\/div>\n\n\n\n<div class=\"wp-block-pt-ipleiria-ued-wp-theme-ipleiria-gutenbergblocks-container gbc gbc-view row-valign-top align-full\" style=\"margin-top:60px;margin-bottom:60px\"><div class=\"gbc-background\" style=\"background-color:#F3F3F3\"><\/div><div class=\"gbc-background-overlay gbc-background-overlay-normal\" style=\"opacity:0.3\"><\/div><div class=\"gbc-wrapper\" style=\"padding-top:100px;padding-bottom:70px\"><div id=\"gbc-container-_09d257-d9\" class=\"inner-container container\">\n<h2 class=\"has-text-align-center is-style-theme-title\">Activities<\/h2>\n\n\n\n<div style=\"height:20px\" aria-hidden=\"true\" class=\"wp-block-spacer\"><\/div>\n\n\n\n<p class=\"has-text-align-center\">Annual meetings; Bilateral thematic meetings; Editions; Pr\u00e9mio Fern\u00e3o Mendes Pinto; Magazine <em>Revista Internacional em L\u00edngua Portuguesa <\/em>(RILP); Events to promote the Portuguese language and national cultures; Development of multilateral postgraduate programmes;  Advisory Observer of the Community of Portuguese-Speaking Countries (CPLP).<\/p>\n\n\n\n<div class=\"wp-container-5 wp-block-buttons is-content-justification-center\">\n<div class=\"wp-block-button is-style-theme-button-outline\"><a class=\"wp-block-button__link\" href=\"http:\/\/aulp.org\/quem-somos\/encontros-aulp\/\" target=\"_blank\" rel=\"noreferrer noopener\">EVENTS<\/a><\/div>\n\n\n\n<div class=\"wp-block-button is-style-theme-button-outline\"><a class=\"wp-block-button__link\" href=\"http:\/\/aulp.org\/estagios-aulp\/\" target=\"_blank\" rel=\"noreferrer noopener\">INTERNSHIPS<\/a><\/div>\n<\/div>\n<\/div><\/div><\/div>\n","protected":false},"excerpt":{"rendered":"aulp Association of Portuguese Language Universities The Association of Portuguese Language Universities (Associa\u00e7\u00e3o das Universidades de L\u00edngua Portuguesa) was created in 1986 and currently has over 140 members from Portuguese-speaking countries around the world, including the Chinese region Macao. AULP\u2019s main goal is to encourage communication between its members to promote the Portuguese language and [&hellip;]","protected":false},"author":1,"featured_media":8109,"parent":1020,"menu_order":30,"comment_status":"closed","ping_status":"closed","template":"","meta":{"multilingual_post_translation":"{\"pt-PT\":{\"url\":\"https:\/\/www.ipleiria.pt\/internacional\/programas-de-mobilidade\/aulp\/\",\"postID\":null,\"postTitle\":\"\",\"siteID\":1,\"customURL\":true,\"languageInfo\":{\"multilingual_site_api_url\":\"https:\/\/www.ipleiria.pt\/wp-json\/\",\"name\":\"Portugu\u00eas\",\"locale\":\"pt_PT\"}}}","custompostfields_page-thumbnail":"","custompostfields_banners":"","custompostfields_meta-description":""},"_links":{"self":[{"href":"https:\/\/www.ipleiria.pt\/en\/wp-json\/wp\/v2\/pages\/1026"}],"collection":[{"href":"https:\/\/www.ipleiria.pt\/en\/wp-json\/wp\/v2\/pages"}],"about":[{"href":"https:\/\/www.ipleiria.pt\/en\/wp-json\/wp\/v2\/types\/page"}],"author":[{"embeddable":true,"href":"https:\/\/www.ipleiria.pt\/en\/wp-json\/wp\/v2\/users\/1"}],"replies":[{"embeddable":true,"href":"https:\/\/www.ipleiria.pt\/en\/wp-json\/wp\/v2\/comments?post=1026"}],"version-history":[{"count":17,"href":"https:\/\/www.ipleiria.pt\/en\/wp-json\/wp\/v2\/pages\/1026\/revisions"}],"predecessor-version":[{"id":36596,"href":"https:\/\/www.ipleiria.pt\/en\/wp-json\/wp\/v2\/pages\/1026\/revisions\/36596"}],"up":[{"embeddable":true,"href":"https:\/\/www.ipleiria.pt\/en\/wp-json\/wp\/v2\/pages\/1020"}],"wp:featuredmedia":[{"embeddable":true,"href":"https:\/\/www.ipleiria.pt\/en\/wp-json\/wp\/v2\/media\/8109"}],"wp:attachment":[{"href":"https:\/\/www.ipleiria.pt\/en\/wp-json\/wp\/v2\/media?parent=1026"}],"curies":[{"name":"wp","href":"https:\/\/api.w.org\/{rel}","templated":true}]}}