{"id":1071,"date":"2019-02-05T03:33:14","date_gmt":"2019-02-05T03:33:14","guid":{"rendered":"https:\/\/www.ipleiria.pt\/?page_id=1071"},"modified":"2026-01-13T11:00:13","modified_gmt":"2026-01-13T11:00:13","slug":"organisation","status":"publish","type":"page","link":"https:\/\/www.ipleiria.pt\/en\/about-us\/institution\/organisation\/","title":{"rendered":"Internal Organisation"},"content":{"rendered":"\n<h2 class=\"is-style-theme-subtitle\"><strong>polit\u00e9cnico de leiria<\/strong> &#8211; Internal Organisation<\/h2>\n\n\n\n<h2 class=\"is-style-theme-title\" id=\"unidades-orgnicas-de-ensino-e-investigao\">Teaching and research organic units<\/h2>\n\n\n\n<div style=\"height:50px\" aria-hidden=\"true\" class=\"wp-block-spacer\"><\/div>\n\n\n\n<h4><strong>School of Education and Social Sciences (ESECS)<\/strong><\/h4>\n\n\n\n<div class=\"wp-container-4 wp-block-columns\">\n<div class=\"wp-container-2 wp-block-column\" style=\"flex-basis:66.66%\">\n<p>The School of Education and Social Sciences is one of the most attractive schools of Polit\u00e9cnico de Leiria, offering a wide range of undergraduate and postgraduate degrees, and attracting more than 2000 students every academic year. Internationally, the school actively cooperates with our European Higher Education partners, but also further away with institutions from Portuguese Speaking African countries, Brazil and China.<\/p>\n\n\n\n<p>Located in Campus 1, in the city centre of Leiria, ESECS has three teaching buildings with classrooms, laboratories (multimedia, languages, sciences and mathematics), study rooms, and a sports hall. It hosts the Centre for Chinese Language and Culture, the Centre for Digital Inclusion, and the \u201cIPlay\u201d Radio and studios for audio-visual works.<\/p>\n\n\n\n<div class=\"wp-container-1 wp-block-buttons\">\n<div class=\"wp-block-button is-style-theme-button-outline\"><a class=\"wp-block-button__link\" href=\"https:\/\/www.ipleiria.pt\/esecs\/\" target=\"_blank\" rel=\"noreferrer noopener\">ESECS<\/a><\/div>\n<\/div>\n<\/div>\n\n\n\n<div class=\"wp-container-3 wp-block-column\" style=\"flex-basis:33.33%\">\n<div class=\"wp-block-pt-ipleiria-ued-wp-theme-ipleiria-gutenbergblocks-infobox gbib gbib-view\"><div class=\"gbib-wrapper gbib-image-wrapper\"><img class=\"gbib-image\" src=\"https:\/\/www.ipleiria.pt\/en\/wp-content\/uploads\/sites\/25\/2025\/05\/Diretor_ESECS_MAIO_2025_2.jpg\" alt=\"\"\/><\/div><div class=\"gbib-wrapper gbib-title-wrapper\"><h2 class=\"gbib-title\">Dean<\/h2><\/div><div class=\"gbib-wrapper gbib-description-wrapper\"><div class=\"gbib-description\">PhD<br>Jos\u00e9 Carlos Marques<\/div><\/div><\/div>\n<\/div>\n<\/div>\n\n\n\n<hr class=\"wp-block-separator has-css-opacity\"\/>\n\n\n\n<h4><strong>School of Technology and Management (ESTG)<\/strong><\/h4>\n\n\n\n<div class=\"wp-container-8 wp-block-columns\">\n<div class=\"wp-container-6 wp-block-column\" style=\"flex-basis:66.66%\">\n<p>Founded in 1989, the School of Technology and Management attracts around 5,000 students every academic year to study in the fields of engineering, technology, management, public administration, and legal sciences. The school\u2019s purpose is to provide research and education that combines academic excellence with a positive impact on people, business and society. To promote knowledge and ideas exchange, it develops many community-related activities, which has been increasing entrepreneurship and the employment rate in the region.<\/p>\n\n\n\n<p>ESTG is recognised as a Cisco, Microsoft, Oracle and Edunet academy. In partnership with many national and international economic actors, the school is driven by the values of sustainable development and social responsibility.<\/p>\n\n\n\n<div class=\"wp-container-5 wp-block-buttons\">\n<div class=\"wp-block-button is-style-theme-button-outline\"><a class=\"wp-block-button__link\" href=\"https:\/\/www.ipleiria.pt\/estg\/\" target=\"_blank\" rel=\"noreferrer noopener\">ESTG<\/a><\/div>\n<\/div>\n<\/div>\n\n\n\n<div class=\"wp-container-7 wp-block-column\" style=\"flex-basis:33.33%\">\n<div class=\"wp-block-pt-ipleiria-ued-wp-theme-ipleiria-gutenbergblocks-infobox gbib gbib-view\"><div class=\"gbib-wrapper gbib-image-wrapper\"><img class=\"gbib-image\" src=\"https:\/\/www.ipleiria.pt\/en\/wp-content\/uploads\/sites\/25\/2019\/08\/c_capela_estg.png\" alt=\"\"\/><\/div><div class=\"gbib-wrapper gbib-title-wrapper\"><h2 class=\"gbib-title\">Dean<\/h2><\/div><div class=\"gbib-wrapper gbib-description-wrapper\"><div class=\"gbib-description\">PhD<br>Carlos Alexandre Bento Capela<\/div><\/div><\/div>\n<\/div>\n<\/div>\n\n\n\n<hr class=\"wp-block-separator has-css-opacity\"\/>\n\n\n\n<h4><strong>School of Arts and Design (ESAD.CR)<\/strong><\/h4>\n\n\n\n<div class=\"wp-container-12 wp-block-columns\">\n<div class=\"wp-container-10 wp-block-column\" style=\"flex-basis:66.66%\">\n<p>The School of Arts and Design is nationally and internationally recognised for its creative teaching methodologies and applied research. Founded in 1988, this school attracts students from all over the world every academic year. ESAD.CR has been awarded more than 250 national and international prizes. It currently has around 1600 students and over 130 experienced teaching staff, who have been internationally distinguished in the most wide-ranging creative areas.<\/p>\n\n\n\n<p>Located in Campus 3, in the city of Caldas da Rainha, an important centre for ceramic production, the school\u2019s main building has studio spaces and workshops, being one of the most unique and complete national projects of artistic education. The campus is composed of four spacious and well-equipped buildings, set between oaks and pines.<\/p>\n\n\n\n<p>With well-equipped labs and workshops, students and researchers can access technologies ranging from analogue photography, printmaking, silk-screening, ceramic, wood and metal to digital video and photography, sound, digital Printing, prototyping and 3D printing or multimedia.<\/p>\n\n\n\n<div class=\"wp-container-9 wp-block-buttons\">\n<div class=\"wp-block-button is-style-theme-button-outline\"><a class=\"wp-block-button__link\" href=\"https:\/\/www.ipleiria.pt\/esadcr\/en\/\" target=\"_blank\" rel=\"noreferrer noopener\">ESAD.CR<\/a><\/div>\n<\/div>\n<\/div>\n\n\n\n<div class=\"wp-container-11 wp-block-column\" style=\"flex-basis:33.33%\">\n<div class=\"wp-block-pt-ipleiria-ued-wp-theme-ipleiria-gutenbergblocks-infobox gbib gbib-view\"><div class=\"gbib-wrapper gbib-image-wrapper\"><img class=\"gbib-image\" src=\"https:\/\/www.ipleiria.pt\/en\/wp-content\/uploads\/sites\/25\/2025\/01\/Foto_ClaudiaPernencar_2.png\" alt=\"\"\/><\/div><div class=\"gbib-wrapper gbib-title-wrapper\"><h2 class=\"gbib-title\">Dean<\/h2><\/div><div class=\"gbib-wrapper gbib-description-wrapper\"><div class=\"gbib-description\">PhD<br>Cl\u00e1udia Alexandra da Cunha Pernencar<\/div><\/div><\/div>\n<\/div>\n<\/div>\n\n\n\n<hr class=\"wp-block-separator has-css-opacity\"\/>\n\n\n\n<h4><strong>School of Tourism and Maritime Technology (ESTM)<\/strong><\/h4>\n\n\n\n<div class=\"wp-container-16 wp-block-columns\">\n<div class=\"wp-container-14 wp-block-column\" style=\"flex-basis:66.66%\">\n<p>The School of Tourism and Maritime Technology\u2019s purpose is to create a Higher Education school of reference in the field of tourism, especially coastal and maritime tourism. Campus 4 is a privileged study and research spot, located in the city of Peniche, where students and researchers can face the Atlantic Ocean and the Berlengas Natural Reserve.<\/p>\n\n\n\n<p>Founded in 1999, the ESTM uses advanced teaching and research methodologies with more than 1,300 students. Our 6 tourism degrees have all been awarded the quality certification TEDQUAL (Quality Assurance for Tourism Education, Training and Research Programmes) by the World Tourism Organization (UNWTO).<\/p>\n\n\n\n<div class=\"wp-container-13 wp-block-buttons\">\n<div class=\"wp-block-button is-style-theme-button-outline\"><a class=\"wp-block-button__link\" href=\"https:\/\/www.ipleiria.pt\/estm\/home\/\" target=\"_blank\" rel=\"noreferrer noopener\">ESTM<\/a><\/div>\n<\/div>\n<\/div>\n\n\n\n<div class=\"wp-container-15 wp-block-column\" style=\"flex-basis:33.33%\">\n<div class=\"wp-block-pt-ipleiria-ued-wp-theme-ipleiria-gutenbergblocks-infobox gbib gbib-view\"><div class=\"gbib-wrapper gbib-image-wrapper\"><img class=\"gbib-image\" src=\"https:\/\/www.ipleiria.pt\/en\/wp-content\/uploads\/sites\/25\/2022\/01\/sl_100px1-01.png\" alt=\"\"\/><\/div><div class=\"gbib-wrapper gbib-title-wrapper\"><h2 class=\"gbib-title\">Dean<\/h2><\/div><div class=\"gbib-wrapper gbib-description-wrapper\"><div class=\"gbib-description\">PhD<br> S\u00e9rgio Miguel Franco Martins Leandro <\/div><\/div><\/div>\n<\/div>\n<\/div>\n\n\n\n<hr class=\"wp-block-separator has-css-opacity\"\/>\n\n\n\n<h4><strong>School of Health Sciences (ESSLei)<\/strong><\/h4>\n\n\n\n<div class=\"wp-container-20 wp-block-columns\">\n<div class=\"wp-container-18 wp-block-column\" style=\"flex-basis:66.66%\">\n<p>The School of Health Sciences was the first Higher Education institution established in the region of Leiria, back in 1973, when it only taught Nursing. In 2001, it joined Polit\u00e9cnico de Leiria, and its academic and research subjects and activities widened to cover other essential health sciences.<\/p>\n\n\n\n<p>Located in Campus 2, in the city centre of Leiria, ESSLei has more than 1200 students. The school\u2019s estates and facilities include a teaching building with classrooms, training labs (physiotherapy, electrotherapy, assisted bath, maternal and child health, nursing techniques, adapted apartment, anatomy, basic physics) and a conference room.<\/p>\n\n\n\n<p>We provide our students with real-life learning activities to equip them with the best knowledge possible. The relationship between ESSLei\u2019s researchers, lecturers and local, regional and national healthcare services is also strongly promoted.<\/p>\n\n\n\n<div class=\"wp-container-17 wp-block-buttons\">\n<div class=\"wp-block-button is-style-theme-button-outline\"><a class=\"wp-block-button__link\" href=\"http:\/\/www.esslei.ipleiria.pt\/\" target=\"_blank\" rel=\"noreferrer noopener\">ESSLei<\/a><\/div>\n<\/div>\n<\/div>\n\n\n\n<div class=\"wp-container-19 wp-block-column\" style=\"flex-basis:33.33%\">\n<div class=\"wp-block-pt-ipleiria-ued-wp-theme-ipleiria-gutenbergblocks-infobox gbib gbib-view\"><div class=\"gbib-wrapper gbib-image-wrapper\"><img class=\"gbib-image\" src=\"https:\/\/www.ipleiria.pt\/en\/wp-content\/uploads\/sites\/25\/2021\/04\/nuno_pinto_esslei.png\" alt=\"\"\/><\/div><div class=\"gbib-wrapper gbib-title-wrapper\"><h2 class=\"gbib-title\">Dean<\/h2><\/div><div class=\"gbib-wrapper gbib-description-wrapper\"><div class=\"gbib-description\">PhD<br>Rui Fonseca-Pinto<\/div><\/div><\/div>\n<\/div>\n<\/div>\n\n\n\n<hr class=\"wp-block-separator has-css-opacity\"\/>\n\n\n\n<h2 class=\"is-style-theme-title\">Research Unit<\/h2>\n\n\n\n<h4><strong>Centre for Rapid and Sustainable Product Development (CDRSP)<\/strong><\/h4>\n\n\n\n<p><strong>Director<\/strong>: PhD Rui Miguel Barreiros Ruben<\/p>\n\n\n\n<div class=\"wp-container-23 wp-block-columns\">\n<div class=\"wp-container-21 wp-block-column\">\n<p>The Centre for Rapid and Sustainable Product Development is a national and world leader in Multiscale Direct Digital Manufacturing based on Additive Manufacturing research. It produces scientific and technological knowledge in the product development industry and promotes training and consultancy actions in strategic areas of product development. Their strategic research programme aims to strengthen the centre\u2019s leading position nationally and internationally, moving towards the fully integrated concept of added-value manufacturing.<\/p>\n<\/div>\n\n\n\n<div class=\"wp-container-22 wp-block-column\">\n<p>Their research results lead to new products, materials and processes that are more appropriate, effective and efficient for the industry. It also raises awareness of the importance of investing in rapid and sustainable product development in society. Although the centre\u2019s main research theme is mechanical engineering, especially applied to tech products development research, and always considering sustainable and efficient products, materials and processes, the research team comprises researchers from different scientific backgrounds.<\/p>\n<\/div>\n<\/div>\n\n\n\n<div class=\"wp-container-24 wp-block-buttons\">\n<div class=\"wp-block-button is-style-theme-button-outline\"><a class=\"wp-block-button__link\" href=\"https:\/\/cdrsp.ipleiria.pt\/\" target=\"_blank\" rel=\"noreferrer noopener\">CDRSP<\/a><\/div>\n<\/div>\n\n\n\n<div style=\"height:80px\" aria-hidden=\"true\" class=\"wp-block-spacer\"><\/div>\n\n\n\n<div id=\"gbc-_c86d89-56\" class=\"wp-block-pt-ipleiria-ued-wp-theme-ipleiria-gutenbergblocks-container gbc gbc-view row-valign-top align-full\" style=\"background-color:#F3F3F3\"><div class=\"gbc-background-overlay gbc-background-overlay-normal\" style=\"opacity:0.3\"><\/div><div class=\"gbc-wrapper\" style=\"padding-top:100px;padding-bottom:60px\"><div id=\"gbc-container-gbc-_c86d89-56\" class=\"inner-container container\">\n<h2 class=\"is-style-theme-title\">Functional Units<\/h2>\n\n\n\n<h4><strong>Student Support Center<\/strong><\/h4>\n\n\n\n<p><strong><strong>Director <\/strong><\/strong>PhD Eva Patr\u00edcia da Silva Guilherme Menino<\/p>\n\n\n\n<div class=\"wp-container-28 wp-block-columns\">\n<div class=\"wp-container-25 wp-block-column\">\n<p>The Student Support Centre of the Polytechnic Institute of Leiria is a structure dedicated to promoting the mental health and well-being of the academic community. It develops initiatives that support students\u2019 socio-emotional development, contributes to academic success, and works with students with Specific Needs, promoting inclusion. In addition to psychological support, the Student Support Centre also undertakes research and development activities in the field of Psychology, among other initiatives in support of the student community.<\/p>\n<\/div>\n\n\n\n<div class=\"wp-container-27 wp-block-column\">\n<div class=\"wp-container-26 wp-block-buttons\"><\/div>\n<\/div>\n<\/div>\n\n\n\n<div class=\"wp-container-29 wp-block-buttons\">\n<div class=\"wp-block-button is-style-theme-button-outline\"><a class=\"wp-block-button__link\">Student Support Center<\/a><\/div>\n<\/div>\n\n\n\n<hr class=\"wp-block-separator has-alpha-channel-opacity\"\/>\n\n\n\n<h4>Pedagogical Innovation Centre (CIP)<\/h4>\n\n\n\n<p><strong>Director <\/strong>PhD Susana Alexandre dos Reis<\/p>\n\n\n\n<div class=\"wp-container-33 wp-block-columns\">\n<div class=\"wp-container-31 wp-block-column\">\n<p>The Pedagogical Innovation Centre of the Polytechnic Institute of Leiria is a structure dedicated to promoting innovation and quality in pedagogical practices, seeking to develop initiatives that enable the implementation of more creative, innovative, and inclusive learning environments.<\/p>\n\n\n\n<div class=\"wp-container-30 wp-block-buttons\">\n<div class=\"wp-block-button is-style-theme-button-outline\"><a class=\"wp-block-button__link\" href=\"https:\/\/www.ipleiria.pt\/inovar\/inovacao-pedagogica\/centro-inovacao-pedagogica\/\" target=\"_blank\" rel=\"noreferrer noopener\">CIP<\/a><\/div>\n<\/div>\n<\/div>\n\n\n\n<div class=\"wp-container-32 wp-block-column\">\n<p>This Centre\u2019s mission is to support academic staff and organisational units in improving teaching and learning processes, promoting student-centred methodologies, the use of educational technologies, and the development of transversal skills. It operates in the pedagogical training of academic staff, supports curricular innovation, disseminates good practices, and fosters communities of practice, thereby contributing to pedagogical modernisation and academic success at the Polytechnic Institute of Leiria.<\/p>\n<\/div>\n<\/div>\n\n\n\n<hr class=\"wp-block-separator has-alpha-channel-opacity\"\/>\n\n\n\n<h4><strong>Centre for Knowledge Sharing and Valorisation (CPVC)<\/strong><\/h4>\n\n\n\n<p><strong>Director<\/strong>: PhD Maria Eduarda da Silva Teixeira Fernandes<\/p>\n\n\n\n<div class=\"wp-container-38 wp-block-columns\">\n<div class=\"wp-container-37 wp-block-column\">\n<div class=\"wp-container-36 wp-block-columns\">\n<div class=\"wp-container-34 wp-block-column\" style=\"flex-basis:50%\">\n<p>The Centre for Knowledge Sharing and Valorisation of the Polytechnic Institute of Leiria is a structure dedicated to supporting companies, promoting closer links between academia and the business sector. Through its capacity to facilitate, foster, and manage the transfer of technology and knowledge, the Centre contributes to the valorisation of research, the strengthening of innovation and entrepreneurship, and the competitive development of organisations.<\/p>\n<\/div>\n\n\n\n<div class=\"wp-container-35 wp-block-column\" style=\"flex-basis:50%\">\n<p><\/p>\n<\/div>\n<\/div>\n<\/div>\n<\/div>\n\n\n\n<div class=\"wp-container-39 wp-block-buttons\">\n<div class=\"wp-block-button is-style-theme-button-outline\"><a class=\"wp-block-button__link\" href=\"https:\/\/cpvc.ipleiria.pt\/\" target=\"_blank\" rel=\"noreferrer noopener\">CPVC<\/a><\/div>\n<\/div>\n<\/div><\/div><\/div>\n\n\n\n<div style=\"height:40px\" aria-hidden=\"true\" class=\"wp-block-spacer\"><\/div>\n\n\n\n<h2 class=\"is-style-theme-title\">Services<\/h2>\n\n\n\n<h4><strong>Central Services<\/strong><\/h4>\n\n\n\n<p><strong>Administrator <\/strong>Dra. Paula Marisa Lopes Gomes<\/p>\n\n\n\n<div class=\"wp-container-42 wp-block-columns\">\n<div class=\"wp-container-40 wp-block-column\">\n<p>The Polytechnic Institute of Leiria has centralised services designed to provide technical and administrative support to the activities of the institution as a whole.<\/p>\n\n\n\n<p>Based on a mixed structural model, it comprises both hierarchical structures and flexible structures, established in accordance with the needs of the institution.<\/p>\n\n\n\n<hr class=\"wp-block-separator has-alpha-channel-opacity\"\/>\n<\/div>\n\n\n\n<div class=\"wp-container-41 wp-block-column\"><\/div>\n<\/div>\n\n\n\n<h4><strong>Social Services (SAS)<\/strong><\/h4>\n\n\n\n<p><strong>Administrator <\/strong>Dra. Cl\u00e1udia Andreia Cunha Bel\u00e9m Toneca<\/p>\n\n\n\n<div class=\"wp-container-45 wp-block-columns\">\n<div class=\"wp-container-43 wp-block-column\">\n<p>The Polit\u00e9cnico de Leiria\u2019s Social Services are responsible for ensuring all students have equal opportunities when it comes to admission, attendance to classes and activities and achievement of academic success. They promote academic success, students\u2019 wellbeing and the reduction of economic and social barriers that lead to inequality.<\/p>\n<\/div>\n\n\n\n<div class=\"wp-container-44 wp-block-column\">\n<p>The Social Services can support students directly, with scholarships and emergency funding, and indirectly, by offering food, accommodation, medical services, cultural and sport activities and other education support. This support is also available for students with special educational needs and disabilities.<\/p>\n<\/div>\n<\/div>\n\n\n\n<div class=\"wp-container-46 wp-block-buttons\">\n<div class=\"wp-block-button is-style-theme-button-outline\"><a class=\"wp-block-button__link\" href=\"https:\/\/www.ipleiria.pt\/en\/live\/student-support\/social-services\/\">Social Services<\/a><\/div>\n<\/div>\n\n\n\n<div style=\"height:40px\" aria-hidden=\"true\" class=\"wp-block-spacer\"><\/div>\n\n\n\n<hr class=\"wp-block-separator has-alpha-channel-opacity\"\/>\n\n\n\n<h2 class=\"is-style-theme-title\">More Informations<\/h2>\n\n\n\n<figure class=\"wp-block-embed is-type-wp-embed is-provider-politecnico-de-leiria wp-block-embed-politecnico-de-leiria\"><div class=\"wp-block-embed__wrapper\">\n<blockquote class=\"wp-embedded-content\" data-secret=\"lyhxlssBi6\"><a href=\"https:\/\/www.ipleiria.pt\/politecnico\/institucional\/organizacao-interna\/\">Organiza\u00e7\u00e3o interna<\/a><\/blockquote><iframe class=\"wp-embedded-content\" sandbox=\"allow-scripts\" security=\"restricted\" style=\"position: absolute; clip: rect(1px, 1px, 1px, 1px);\" title=\"&#8220;Organiza\u00e7\u00e3o interna&#8221; &#8212; Polit\u00e9cnico de Leiria\" src=\"https:\/\/www.ipleiria.pt\/politecnico\/institucional\/organizacao-interna\/embed\/#?secret=AQVC86NgaA#?secret=lyhxlssBi6\" data-secret=\"lyhxlssBi6\" width=\"500\" height=\"282\" frameborder=\"0\" marginwidth=\"0\" marginheight=\"0\" scrolling=\"no\"><\/iframe>\n<\/div><\/figure>\n","protected":false},"excerpt":{"rendered":"polit\u00e9cnico de leiria &#8211; Internal Organisation Teaching and research organic units School of Education and Social Sciences (ESECS) The School of Education and Social Sciences is one of the most attractive schools of Polit\u00e9cnico de Leiria, offering a wide range of undergraduate and postgraduate degrees, and attracting more than 2000 students every academic year. Internationally, [&hellip;]","protected":false},"author":1,"featured_media":25335,"parent":526,"menu_order":60,"comment_status":"closed","ping_status":"closed","template":"","meta":{"multilingual_post_translation":"{\"pt-PT\":{\"url\":\"https:\/\/www.ipleiria.pt\/politecnico\/institucional\/organizacao-interna\/\",\"postID\":1071,\"postTitle\":\"Organiza\u00e7\u00e3o interna\",\"siteID\":1,\"customURL\":false,\"languageInfo\":{\"multilingual_site_api_url\":\"https:\/\/www.ipleiria.pt\/wp-json\/\",\"name\":\"Portugu\u00eas\",\"locale\":\"pt_PT\"}}}","custompostfields_page-thumbnail":"","custompostfields_banners":"","custompostfields_meta-description":""},"_links":{"self":[{"href":"https:\/\/www.ipleiria.pt\/en\/wp-json\/wp\/v2\/pages\/1071"}],"collection":[{"href":"https:\/\/www.ipleiria.pt\/en\/wp-json\/wp\/v2\/pages"}],"about":[{"href":"https:\/\/www.ipleiria.pt\/en\/wp-json\/wp\/v2\/types\/page"}],"author":[{"embeddable":true,"href":"https:\/\/www.ipleiria.pt\/en\/wp-json\/wp\/v2\/users\/1"}],"replies":[{"embeddable":true,"href":"https:\/\/www.ipleiria.pt\/en\/wp-json\/wp\/v2\/comments?post=1071"}],"version-history":[{"count":47,"href":"https:\/\/www.ipleiria.pt\/en\/wp-json\/wp\/v2\/pages\/1071\/revisions"}],"predecessor-version":[{"id":48894,"href":"https:\/\/www.ipleiria.pt\/en\/wp-json\/wp\/v2\/pages\/1071\/revisions\/48894"}],"up":[{"embeddable":true,"href":"https:\/\/www.ipleiria.pt\/en\/wp-json\/wp\/v2\/pages\/526"}],"wp:featuredmedia":[{"embeddable":true,"href":"https:\/\/www.ipleiria.pt\/en\/wp-json\/wp\/v2\/media\/25335"}],"wp:attachment":[{"href":"https:\/\/www.ipleiria.pt\/en\/wp-json\/wp\/v2\/media?parent=1071"}],"curies":[{"name":"wp","href":"https:\/\/api.w.org\/{rel}","templated":true}]}}