{"id":185,"date":"2017-12-01T00:57:06","date_gmt":"2017-12-01T00:57:06","guid":{"rendered":"https:\/\/www.ipleiria.pt\/?page_id=185"},"modified":"2026-04-17T13:55:41","modified_gmt":"2026-04-17T12:55:41","slug":"enrolment-and-registration","status":"publish","type":"page","link":"https:\/\/www.ipleiria.pt\/en\/study\/academic-services\/enrolment-and-registration\/","title":{"rendered":"Enrolment and Registration"},"content":{"rendered":"\n<h2 class=\"is-style-theme-title\" id=\"passos\">Enrolment and Registration <\/h2>\n\n\n\n<div style=\"height:60px\" aria-hidden=\"true\" class=\"wp-block-spacer\"><\/div>\n\n\n\n<div style=\"height:46px\" aria-hidden=\"true\" class=\"wp-block-spacer\"><\/div>\n\n\n\n<div class=\"wp-container-6 wp-block-columns\">\n<div class=\"wp-container-3 wp-block-column\">\n<p>To enrol at Polytechnic University of Leiria, follow the tutorial<\/p>\n\n\n\n<div class=\"wp-container-1 wp-block-buttons\">\n<div class=\"wp-block-button is-style-theme-button-solid\"><a class=\"wp-block-button__link\" href=\"https:\/\/inforestudante.ipleiria.pt\/\" target=\"_blank\" rel=\"noreferrer noopener\">START ONLINE ENRolment<\/a><\/div>\n<\/div>\n\n\n\n<p>If you need assistance, please contact us.<\/p>\n\n\n\n<div class=\"wp-container-2 wp-block-buttons\">\n<div class=\"wp-block-button is-style-theme-button-outline\"><a class=\"wp-block-button__link\" href=\"pedido de informa\u00e7\u00e3o\" target=\"_blank\" rel=\"noreferrer noopener\">SEND US AN EMAIL<\/a><\/div>\n<\/div>\n\n\n\n<p><br><\/p>\n<\/div>\n\n\n\n<div class=\"wp-container-5 wp-block-column\">\n<div class=\"wp-container-4 wp-block-buttons\"><\/div>\n\n\n\n<figure class=\"wp-block-embed is-type-video is-provider-youtube wp-block-embed-youtube wp-embed-aspect-16-9 wp-has-aspect-ratio\"><div class=\"wp-block-embed__wrapper\">\n<iframe loading=\"lazy\" title=\"Matr\u00edcula | Inscri\u00e7\u00e3o INFORESTUDANTE IPLeiria (2025)\" width=\"500\" height=\"281\" src=\"https:\/\/www.youtube.com\/embed\/NAIwgnrnEB0?feature=oembed\" frameborder=\"0\" allow=\"accelerometer; autoplay; clipboard-write; encrypted-media; gyroscope; picture-in-picture; web-share\" referrerpolicy=\"strict-origin-when-cross-origin\" allowfullscreen><\/iframe>\n<\/div><\/figure>\n<\/div>\n<\/div>\n\n\n\n<div style=\"height:32px\" aria-hidden=\"true\" class=\"wp-block-spacer\"><\/div>\n\n\n\n<div style=\"height:30px\" aria-hidden=\"true\" class=\"wp-block-spacer\"><\/div>\n\n\n\n<hr class=\"wp-block-separator has-css-opacity is-style-wide\"\/>\n\n\n\n<h2 class=\"is-style-theme-title\" id=\"matricula\">Annual registration renewal<\/h2>\n\n\n\n<div class=\"wp-container-7 wp-block-group\"><div class=\"wp-block-group__inner-container\">\n<figure class=\"wp-block-table is-style-stripes\"><table><thead><tr><th>Registration renewal deadline *<\/th><th class=\"has-text-align-center\" data-align=\"center\">Start<\/th><th class=\"has-text-align-center\" data-align=\"center\">End<\/th><\/tr><\/thead><tbody><tr><td><\/td><td class=\"has-text-align-center\" data-align=\"center\">18-08-2026<\/td><td class=\"has-text-align-center\" data-align=\"center\">01-09-2026<\/td><\/tr><\/tbody><\/table><figcaption>*Rules may differ according to the study programme.<\/figcaption><\/figure>\n<\/div><\/div>\n\n\n\n<hr class=\"wp-block-separator has-alpha-channel-opacity\"\/>\n\n\n\n<div style=\"height:69px\" aria-hidden=\"true\" class=\"wp-block-spacer\"><\/div>\n\n\n\n<h2 class=\"is-style-theme-title\">Personal accident insurance<\/h2>\n\n\n\n<p>To be reimbursed from an accident resulting from academic activities, you must:<\/p>\n\n\n\n<ol><li>Head towards the Academic Services of the campus you\u2019re at, immediately after the accident, to report it and fill out the <a href=\"https:\/\/www.ipleiria.pt\/wp-content\/uploads\/2023\/06\/Formulario_Participac%CC%A7a%CC%83o-de-Sinistro-Acidentes-Pessoais.pdf\" data-type=\"URL\" data-id=\"https:\/\/www.ipleiria.pt\/wp-content\/uploads\/2023\/06\/Formulario_Participac%CC%A7a%CC%83o-de-Sinistro-Acidentes-Pessoais.pdf\" target=\"_blank\" rel=\"noreferrer noopener\">accident claim form<\/a>.<\/li><li>Request the doctor\/healthcare professional to issue you a signed medical report, as well as other essential documents to the accident claim. They should be handed over to the Academic Services.<\/li><li>Keep records of all your expenses receipts and prescriptions related to the accident (originals documents), preferably until all medical treatments have been completed, and hand them over to the Academic Services, together with your IBAN number proof document.<\/li><\/ol>\n\n\n\n<p>The reimbursement will be made by the insurance company, directly to the student\u2019s bank account, at a later time.<\/p>\n\n\n\n<div style=\"height:69px\" aria-hidden=\"true\" class=\"wp-block-spacer\"><\/div>\n\n\n\n<p><\/p>\n","protected":false},"excerpt":{"rendered":"Enrolment and Registration To enrol at Polytechnic University of Leiria, follow the tutorial If you need assistance, please contact us. Annual registration renewal Registration renewal deadline *StartEnd18-08-202601-09-2026*Rules may differ according to the study programme. Personal accident insurance To be reimbursed from an accident resulting from academic activities, you must: Head towards the Academic Services of [&hellip;]","protected":false},"author":1,"featured_media":25338,"parent":183,"menu_order":20,"comment_status":"closed","ping_status":"closed","template":"","meta":{"multilingual_post_translation":"{\"pt-PT\":{\"url\":\"https:\/\/www.ipleiria.pt\/estudar\/servicos-gestao-academica\/matriculas-inscricao-e-seguro\/\",\"postID\":null,\"postTitle\":\"\",\"siteID\":1,\"customURL\":true,\"languageInfo\":{\"multilingual_site_api_url\":\"https:\/\/www.ipleiria.pt\/wp-json\/\",\"name\":\"Portugu\u00eas\",\"locale\":\"pt_PT\"}}}","custompostfields_page-thumbnail":"","custompostfields_banners":"","custompostfields_meta-description":""},"_links":{"self":[{"href":"https:\/\/www.ipleiria.pt\/en\/wp-json\/wp\/v2\/pages\/185"}],"collection":[{"href":"https:\/\/www.ipleiria.pt\/en\/wp-json\/wp\/v2\/pages"}],"about":[{"href":"https:\/\/www.ipleiria.pt\/en\/wp-json\/wp\/v2\/types\/page"}],"author":[{"embeddable":true,"href":"https:\/\/www.ipleiria.pt\/en\/wp-json\/wp\/v2\/users\/1"}],"replies":[{"embeddable":true,"href":"https:\/\/www.ipleiria.pt\/en\/wp-json\/wp\/v2\/comments?post=185"}],"version-history":[{"count":50,"href":"https:\/\/www.ipleiria.pt\/en\/wp-json\/wp\/v2\/pages\/185\/revisions"}],"predecessor-version":[{"id":49902,"href":"https:\/\/www.ipleiria.pt\/en\/wp-json\/wp\/v2\/pages\/185\/revisions\/49902"}],"up":[{"embeddable":true,"href":"https:\/\/www.ipleiria.pt\/en\/wp-json\/wp\/v2\/pages\/183"}],"wp:featuredmedia":[{"embeddable":true,"href":"https:\/\/www.ipleiria.pt\/en\/wp-json\/wp\/v2\/media\/25338"}],"wp:attachment":[{"href":"https:\/\/www.ipleiria.pt\/en\/wp-json\/wp\/v2\/media?parent=185"}],"curies":[{"name":"wp","href":"https:\/\/api.w.org\/{rel}","templated":true}]}}