{"id":2118,"date":"2019-08-02T11:17:15","date_gmt":"2019-08-02T10:17:15","guid":{"rendered":"https:\/\/www.ipleiria.pt\/?page_id=2118"},"modified":"2021-08-16T10:45:31","modified_gmt":"2021-08-16T09:45:31","slug":"learning-and-teaching-resources","status":"publish","type":"page","link":"https:\/\/www.ipleiria.pt\/en\/live\/academic-success\/learning-and-teaching-resources\/","title":{"rendered":"Learning and Teaching Resources"},"content":{"rendered":"\n<p class=\"is-style-theme-subtitle\">academic success<\/p>\n\n\n\n<h2 class=\"is-style-theme-title\">Learning and Teaching Resources <\/h2>\n\n\n\n<div class=\"wp-container-3 wp-block-columns\">\n<div class=\"wp-container-1 wp-block-column\">\n<p>To ensure Polit\u00e9cnico de Leiria&#8217;s distance learning activities are accessible for all and student-centred, we&#8217;ve created some video tutorials on how to use our eLearning platform (Moodle 3.9).  <br><\/p>\n<\/div>\n\n\n\n<div class=\"wp-container-2 wp-block-column\">\n<p>We\u2019re constantly reviewing, testing and updating our digital resources and software to comply with our goal of making higher education accessible for all.<br>More videos will be available soon on our <a href=\"https:\/\/www.youtube.com\/user\/uedipleiria\/\">YouTube channel<\/a>.<\/p>\n<\/div>\n<\/div>\n\n\n\n<div class=\"wp-container-7 wp-block-columns\">\n<div class=\"wp-container-4 wp-block-column\">\n<h3>Students<\/h3>\n\n\n\n<figure class=\"wp-block-image size-large is-style-default\"><img loading=\"lazy\" width=\"301\" height=\"231\" src=\"https:\/\/www.ipleiria.pt\/en\/wp-content\/uploads\/sites\/25\/2021\/04\/Tutoriais_estudantes.jpeg\" alt=\"\" class=\"wp-image-25997\"\/><\/figure>\n\n\n\n<p><a rel=\"noreferrer noopener\" href=\"https:\/\/www.youtube.com\/playlist?list=PLx7RFotFZmdZji6ddLGOsIBmTVjneWXfT\" data-type=\"URL\" data-id=\"https:\/\/www.youtube.com\/playlist?list=PLx7RFotFZmdZji6ddLGOsIBmTVjneWXfT\" target=\"_blank\">How to use Moodle 3.9 \u2013 PT<\/a><\/p>\n<\/div>\n\n\n\n<div class=\"wp-container-5 wp-block-column\">\n<h3>Teachers<\/h3>\n\n\n\n<figure class=\"wp-block-image size-large is-style-default\"><img loading=\"lazy\" width=\"301\" height=\"231\" src=\"https:\/\/www.ipleiria.pt\/en\/wp-content\/uploads\/sites\/25\/2021\/04\/Tutoriais_docentes.jpeg\" alt=\"\" class=\"wp-image-26008\"\/><\/figure>\n\n\n\n<p><a rel=\"noreferrer noopener\" href=\"https:\/\/www.youtube.com\/playlist?list=PLx7RFotFZmdaAHL9RyFKiCO7Fd2XCkQYO\" data-type=\"URL\" data-id=\"https:\/\/www.youtube.com\/playlist?list=PLx7RFotFZmdaAHL9RyFKiCO7Fd2XCkQYO\" target=\"_blank\">How to use Moodle 3.9 \u2013 PT<\/a><\/p>\n<\/div>\n\n\n\n<div class=\"wp-container-6 wp-block-column\">\n<h3>Assessments<\/h3>\n\n\n\n<figure class=\"wp-block-image size-large is-style-default\"><img loading=\"lazy\" width=\"301\" height=\"231\" src=\"https:\/\/www.ipleiria.pt\/en\/wp-content\/uploads\/sites\/25\/2021\/04\/Tutoriais_testes.jpeg\" alt=\"\" class=\"wp-image-26010\"\/><\/figure>\n\n\n\n<p><a rel=\"noreferrer noopener\" href=\"https:\/\/www.youtube.com\/playlist?list=PLx7RFotFZmdZy42aaj72cCgvYwIo3VKnl\" data-type=\"URL\" data-id=\"https:\/\/www.youtube.com\/playlist?list=PLx7RFotFZmdZy42aaj72cCgvYwIo3VKnl\" target=\"_blank\">How to use Moodle 3.9 \u2013 PT<\/a><\/p>\n<\/div>\n<\/div>\n\n\n\n<hr class=\"wp-block-separator is-style-wide\"\/>\n\n\n\n<p class=\"is-style-theme-subtitle\">learning and teaching remotely<\/p>\n\n\n\n<h2 class=\"is-style-theme-title\">Distance Learning Good Practices<\/h2>\n\n\n\n<div style=\"height:43px\" aria-hidden=\"true\" class=\"wp-block-spacer\"><\/div>\n\n\n\n<div class=\"wp-container-13 wp-block-columns\">\n<div class=\"wp-container-8 wp-block-column\">\n<figure class=\"wp-block-image size-large is-style-default\"><img loading=\"lazy\" width=\"175\" height=\"242\" src=\"https:\/\/www.ipleiria.pt\/en\/wp-content\/uploads\/sites\/25\/2021\/04\/recomendacao_1.jpeg\" alt=\"\" class=\"wp-image-25977\"\/><figcaption>May 2020<\/figcaption><\/figure>\n\n\n\n<div class=\"wp-block-file\"><a href=\"https:\/\/www.ipleiria.pt\/en\/wp-content\/uploads\/sites\/25\/2021\/04\/1_Recomendacoes-para-planear-UC-em-EaD_F.pdf\" target=\"_blank\" rel=\"noreferrer noopener\">Designing a curricular unit \u2013 PT<\/a><\/div>\n<\/div>\n\n\n\n<div class=\"wp-container-9 wp-block-column\">\n<figure class=\"wp-block-image size-large is-style-default\"><img loading=\"lazy\" width=\"175\" height=\"242\" src=\"https:\/\/www.ipleiria.pt\/en\/wp-content\/uploads\/sites\/25\/2021\/04\/recomendacao_2.jpeg\" alt=\"\" class=\"wp-image-25978\"\/><figcaption>May 2020<\/figcaption><\/figure>\n\n\n\n<div class=\"wp-block-file\"><a href=\"https:\/\/www.ipleiria.pt\/en\/wp-content\/uploads\/sites\/25\/2021\/04\/2_Recomendacoes-para-criar-atividades-em-EaD_F.pdf\" target=\"_blank\" rel=\"noreferrer noopener\">Creating distance learning activities \u2013 PT<\/a><\/div>\n<\/div>\n\n\n\n<div class=\"wp-container-10 wp-block-column\">\n<figure class=\"wp-block-image size-large is-style-default\"><img loading=\"lazy\" width=\"175\" height=\"242\" src=\"https:\/\/www.ipleiria.pt\/en\/wp-content\/uploads\/sites\/25\/2021\/04\/recomendacao_3.jpeg\" alt=\"\" class=\"wp-image-25979\"\/><figcaption>May 2020<\/figcaption><\/figure>\n\n\n\n<div class=\"wp-block-file\"><a href=\"https:\/\/www.ipleiria.pt\/en\/wp-content\/uploads\/sites\/25\/2021\/04\/3_Recomendacoes-para-criar-recursos-dida\u0301ticos-em-EaD_F_.pdf\" target=\"_blank\" rel=\"noreferrer noopener\">Creating distance learning resources \u2013 PT<\/a><\/div>\n<\/div>\n\n\n\n<div class=\"wp-container-11 wp-block-column\">\n<figure class=\"wp-block-image size-large is-style-default\"><img loading=\"lazy\" width=\"175\" height=\"242\" src=\"https:\/\/www.ipleiria.pt\/en\/wp-content\/uploads\/sites\/25\/2021\/04\/recomendacao_4.jpeg\" alt=\"\" class=\"wp-image-25980\"\/><figcaption>May 2020<\/figcaption><\/figure>\n\n\n\n<div class=\"wp-block-file\"><a href=\"https:\/\/www.ipleiria.pt\/en\/wp-content\/uploads\/sites\/25\/2021\/04\/4_Recomendacoes-para-comunicar-em-EaD_F.pdf\" target=\"_blank\" rel=\"noreferrer noopener\">Communicating with students remotely \u2013 PT<\/a><\/div>\n<\/div>\n\n\n\n<div class=\"wp-container-12 wp-block-column\">\n<figure class=\"wp-block-image size-large is-style-default\"><img loading=\"lazy\" width=\"175\" height=\"242\" src=\"https:\/\/www.ipleiria.pt\/en\/wp-content\/uploads\/sites\/25\/2021\/04\/recomendacao_5.jpeg\" alt=\"\" class=\"wp-image-25981\"\/><figcaption>January 2021<\/figcaption><\/figure>\n\n\n\n<div class=\"wp-block-file\"><a href=\"https:\/\/www.ipleiria.pt\/en\/wp-content\/uploads\/sites\/25\/2021\/04\/5_Recomendacoes-para-avaliar-em-EaD_2021.pdf\" target=\"_blank\" rel=\"noreferrer noopener\">Assessing students remotely \u2013 PT<\/a><\/div>\n<\/div>\n<\/div>\n\n\n\n<hr class=\"wp-block-separator\"\/>\n\n\n\n<h2 class=\"is-style-theme-title\">Interactive Activities<\/h2>\n\n\n\n<div class=\"wp-container-16 wp-block-columns\">\n<div class=\"wp-container-14 wp-block-column\">\n<p><a rel=\"noreferrer noopener\" href=\"https:\/\/www.youtube.com\/watch?v=ZCXF6yabHnw&amp;feature=youtu.be\" target=\"_blank\">Trabalho partilhado com o OneDrive<\/a><br>Published in 2020<\/p>\n\n\n\n<p><a rel=\"noreferrer noopener\" href=\"https:\/\/www.youtube.com\/watch?v=ql01K1hqCdg&amp;list=PLx7RFotFZmdapUh-iX06TC_OANM3BRvIE\" target=\"_blank\">Atividades H5P<\/a><br>Published in 2019<\/p>\n\n\n\n<p><a rel=\"noreferrer noopener\" href=\"https:\/\/www.youtube.com\/watch?v=fV0v-tmg6kk&amp;list=PLx7RFotFZmdZbeIoeXHELgNpjcgc6BlqD&amp;index=1\" target=\"_blank\">Top 5 Atividades H5P<\/a><br>Published in 2019<\/p>\n\n\n\n<p><a rel=\"noreferrer noopener\" href=\"https:\/\/www.youtube.com\/watch?time_continue=1970&amp;v=PRV5vt7kpkk&amp;feature=emb_logo\" target=\"_blank\">Top 5 Atividades Active Learning<\/a><br>Published in 2019<\/p>\n<\/div>\n\n\n\n<div class=\"wp-container-15 wp-block-column\">\n<p><a rel=\"noreferrer noopener\" href=\"https:\/\/www.youtube.com\/watch?time_continue=1&amp;v=jqrcrI_C6Sw&amp;feature=emb_logo\" target=\"_blank\">Top 5 Ferramentas Acess\u00edveis<\/a><br>Published in 2019<\/p>\n\n\n\n<p><a rel=\"noreferrer noopener\" href=\"https:\/\/www.youtube.com\/watch?v=UbmReEGJXmU&amp;list=PLx7RFotFZmdZgqKvqhZdiq8Q_ILkgx7i6\" target=\"_blank\">Sala de aulas \u00e0s avessas com NEARPOD<\/a><br>Published in 2017<\/p>\n\n\n\n<p><a rel=\"noreferrer noopener\" href=\"https:\/\/www.youtube.com\/watch?v=qMuWf6xHiEk&amp;list=PLx7RFotFZmdYy3-UKVA-qoWkUSlIya88_\" target=\"_blank\">Utiliza\u00e7\u00e3o de Mapas Mentais<\/a><br>Published in 2013<\/p>\n<\/div>\n<\/div>\n\n\n\n<hr class=\"wp-block-separator\"\/>\n\n\n\n<h2 class=\"is-style-theme-title\">Videoconference Tools<\/h2>\n\n\n\n<div class=\"wp-container-19 wp-block-columns\">\n<div class=\"wp-container-17 wp-block-column\">\n<p><a rel=\"noreferrer noopener\" href=\"https:\/\/youtu.be\/GWkqVzxkTNs\" target=\"_blank\">Gravar v\u00eddeos com o SCREENCAST-O-MATIC<\/a><br>Published in 2020<\/p>\n\n\n\n<p><a rel=\"noreferrer noopener\" href=\"https:\/\/youtu.be\/lDOnkJG2Dto\" target=\"_blank\">Utilizar o MICROSOFT TEAMS<\/a><br>Published in 2020<\/p>\n<\/div>\n\n\n\n<div class=\"wp-container-18 wp-block-column\">\n<p><a rel=\"noreferrer noopener\" href=\"https:\/\/www.youtube.com\/watch?v=LBGxQ85xf0k&amp;feature=youtu.be\" target=\"_blank\">Transmiss\u00e3o em direto para a Web<\/a><br> Published in 2020<\/p>\n\n\n\n<p><a rel=\"noreferrer noopener\" href=\"https:\/\/www.youtube.com\/watch?v=zRzKN5x7syo&amp;feature=youtu.be\" target=\"_blank\">V\u00eddeo-Confer\u00eancia via web, rede fixa ou rede m\u00f3vel<\/a><br>Published in 2020<\/p>\n<\/div>\n<\/div>\n\n\n\n<hr class=\"wp-block-separator\"\/>\n\n\n\n<h2 class=\"is-style-theme-title\">Graphic Design Advice<\/h2>\n\n\n\n<div class=\"wp-container-22 wp-block-columns\">\n<div class=\"wp-container-20 wp-block-column\">\n<p><a rel=\"noreferrer noopener\" href=\"https:\/\/www.youtube.com\/watch?v=SJckDYr3r38&amp;list=PLx7RFotFZmdZbeIoeXHELgNpjcgc6BlqD&amp;index=3\" target=\"_blank\">Graphic Design Advice Webinar<\/a><br>Published in 2019<\/p>\n<\/div>\n\n\n\n<div class=\"wp-container-21 wp-block-column\"><\/div>\n<\/div>\n\n\n\n<div style=\"height:81px\" aria-hidden=\"true\" class=\"wp-block-spacer\"><\/div>\n","protected":false},"excerpt":{"rendered":"academic success Learning and Teaching Resources To ensure Polit\u00e9cnico de Leiria&#8217;s distance learning activities are accessible for all and student-centred, we&#8217;ve created some video tutorials on how to use our eLearning platform (Moodle 3.9). We\u2019re constantly reviewing, testing and updating our digital resources and software to comply with our goal of making higher education accessible [&hellip;]","protected":false},"author":1,"featured_media":26673,"parent":916,"menu_order":40,"comment_status":"closed","ping_status":"closed","template":"","meta":{"multilingual_post_translation":"{\"pt-PT\":{\"url\":\"https:\/\/www.ipleiria.pt\/viver\/sucesso-academico\/recursos-e-formacao\/\",\"postID\":null,\"postTitle\":\"\",\"siteID\":1,\"customURL\":true,\"languageInfo\":{\"multilingual_site_api_url\":\"https:\/\/www.ipleiria.pt\/wp-json\/\",\"name\":\"Portugu\u00eas\",\"locale\":\"pt_PT\"}}}","custompostfields_page-thumbnail":"","custompostfields_banners":"","custompostfields_meta-description":""},"_links":{"self":[{"href":"https:\/\/www.ipleiria.pt\/en\/wp-json\/wp\/v2\/pages\/2118"}],"collection":[{"href":"https:\/\/www.ipleiria.pt\/en\/wp-json\/wp\/v2\/pages"}],"about":[{"href":"https:\/\/www.ipleiria.pt\/en\/wp-json\/wp\/v2\/types\/page"}],"author":[{"embeddable":true,"href":"https:\/\/www.ipleiria.pt\/en\/wp-json\/wp\/v2\/users\/1"}],"replies":[{"embeddable":true,"href":"https:\/\/www.ipleiria.pt\/en\/wp-json\/wp\/v2\/comments?post=2118"}],"version-history":[{"count":15,"href":"https:\/\/www.ipleiria.pt\/en\/wp-json\/wp\/v2\/pages\/2118\/revisions"}],"predecessor-version":[{"id":35494,"href":"https:\/\/www.ipleiria.pt\/en\/wp-json\/wp\/v2\/pages\/2118\/revisions\/35494"}],"up":[{"embeddable":true,"href":"https:\/\/www.ipleiria.pt\/en\/wp-json\/wp\/v2\/pages\/916"}],"wp:featuredmedia":[{"embeddable":true,"href":"https:\/\/www.ipleiria.pt\/en\/wp-json\/wp\/v2\/media\/26673"}],"wp:attachment":[{"href":"https:\/\/www.ipleiria.pt\/en\/wp-json\/wp\/v2\/media?parent=2118"}],"curies":[{"name":"wp","href":"https:\/\/api.w.org\/{rel}","templated":true}]}}