{"id":364,"date":"2017-12-01T02:00:09","date_gmt":"2017-12-01T02:00:09","guid":{"rendered":"https:\/\/www.ipleiria.pt\/?page_id=364"},"modified":"2021-08-20T15:58:15","modified_gmt":"2021-08-20T14:58:15","slug":"rd-structure","status":"publish","type":"page","link":"https:\/\/www.ipleiria.pt\/en\/research\/research\/rd-structure\/","title":{"rendered":"R&#038;D Structure"},"content":{"rendered":"\n<p class=\"is-style-theme-subtitle\">polit\u00e9cnico de leiria<\/p>\n\n\n\n<div class=\"wp-container-3 wp-block-columns\">\n<div class=\"wp-container-1 wp-block-column\">\n<h2 class=\"is-style-theme-title\">R&amp;D Structure<\/h2>\n\n\n\n<p>Polit\u00e9cnico de Leiria&nbsp;is a higher education institution deeply focused on Research, Development and Innovation (R&amp;D+i), and committed to having a real positive impact on the economy and society both regionally and nationally.<\/p>\n\n\n\n<p>We aim to develop R&amp;D+i activities that are useful for the region of Leiria, but also relevant for the whole country, and with the potential to be used in an international context.<\/p>\n\n\n\n<p>In addition to our research units, Polit\u00e9cnico de Leiria has three R&amp;D+i units only focused on research projects: INDEA, CPVC and Projects Office.<\/p>\n<\/div>\n\n\n\n<div class=\"wp-container-2 wp-block-column\">\n<figure class=\"wp-block-image size-large\"><img loading=\"lazy\" width=\"1024\" height=\"819\" src=\"https:\/\/www.ipleiria.pt\/en\/wp-content\/uploads\/sites\/25\/2021\/05\/Imagem_ID-Ecossistema-EN-2-1280x1024-1-1024x819.png\" alt=\"\" class=\"wp-image-30098\" srcset=\"https:\/\/www.ipleiria.pt\/en\/wp-content\/uploads\/sites\/25\/2021\/05\/Imagem_ID-Ecossistema-EN-2-1280x1024-1-1024x819.png 1024w, https:\/\/www.ipleiria.pt\/en\/wp-content\/uploads\/sites\/25\/2021\/05\/Imagem_ID-Ecossistema-EN-2-1280x1024-1-300x240.png 300w, https:\/\/www.ipleiria.pt\/en\/wp-content\/uploads\/sites\/25\/2021\/05\/Imagem_ID-Ecossistema-EN-2-1280x1024-1-768x614.png 768w, https:\/\/www.ipleiria.pt\/en\/wp-content\/uploads\/sites\/25\/2021\/05\/Imagem_ID-Ecossistema-EN-2-1280x1024-1.png 1280w\" sizes=\"(max-width: 1024px) 100vw, 1024px\" \/><\/figure>\n<\/div>\n<\/div>\n\n\n\n<div style=\"height:70px\" aria-hidden=\"true\" class=\"wp-block-spacer\"><\/div>\n\n\n\n<p><a href=\"https:\/\/www.ipleiria.pt\/en\/wp-admin\/edit.php?post_type=page\"><\/a><\/p>\n\n\n\n<div class=\"wp-block-pt-ipleiria-ued-wp-theme-ipleiria-gutenbergblocks-container gbc gbc-view row-valign-top align-full\"><div class=\"gbc-background\" style=\"background-color:#F3F3F3\"><\/div><div class=\"gbc-background-overlay gbc-background-overlay-normal\" style=\"opacity:0.3\"><\/div><div class=\"gbc-wrapper\" style=\"padding-top:100px;padding-bottom:100px\"><div id=\"gbc-container-_141f9e-7d\" class=\"inner-container container\">\n<h2 class=\"has-text-align-center is-style-theme-title\"><br>R&amp;D+i Ecosystem<\/h2>\n\n\n\n<p class=\"has-text-align-center\">Our five schools, 15 research units, and two scientific infrastructures are at the core of our R&amp;D+I structure.<br>But we also count on other business and technological centres to help us increase our knowledge production.<\/p>\n<\/div><\/div><\/div>\n\n\n\n<div style=\"height:25px\" aria-hidden=\"true\" class=\"wp-block-spacer\"><\/div>\n\n\n\n<div class=\"wp-container-6 wp-block-columns\">\n<div class=\"wp-container-4 wp-block-column\">\n<h3><strong>Business Incubators<\/strong><\/h3>\n\n\n\n<p><a rel=\"noreferrer noopener\" href=\"http:\/\/www.incubadoraddinis.pt\/site\/\" target=\"_blank\">IDD \u2013 Incubadora D. Dinis<\/a>&nbsp;<\/p>\n\n\n\n<p><a rel=\"noreferrer noopener\" href=\"http:\/\/www.open.pt\/\" target=\"_blank\">OPEN \u2013 Specific Business Opportunities<\/a>&nbsp;<\/p>\n\n\n\n<p><strong>ABC \u2013 Support for Creativity \u2013 \u00d3bidos<\/strong><\/p>\n\n\n\n<h3>Collaborative Labs<\/h3>\n\n\n\n<p><a rel=\"noreferrer noopener\" href=\"https:\/\/www.investir-tvedras.pt\/programas\/smart-farm-colab\" target=\"_blank\">SmartFarm Colab \u2013 Laborat\u00f3rio Colaborativo para a Inova\u00e7\u00e3o Digital na Agricultura <\/a><\/p>\n\n\n\n<p><a rel=\"noreferrer noopener\" href=\"https:\/\/builtcolab.pt\/\" target=\"_blank\">BUILT Colab \u2013 Laborat\u00f3rio Colaborativo para o Ambiente Constru\u00eddo do Futuro <\/a><\/p>\n\n\n\n<p><strong>S2AQUAcoLAB \u2013 Laborat\u00f3rio Colaborativo de Aquacultura Inteligente e Sustent\u00e1vel<\/strong><\/p>\n\n\n\n<p><a rel=\"noreferrer noopener\" href=\"https:\/\/colabatlantic.com\/\" target=\"_blank\">Colab + Atlantic<\/a><\/p>\n\n\n\n<h3><strong>Technological Clusters<\/strong><\/h3>\n\n\n\n<p><a rel=\"noreferrer noopener\" href=\"http:\/\/www.aedportugal.pt\/\" target=\"_blank\">AED \u2013 Cluster da&nbsp;Aeron\u00e1utica, Espa\u00e7o e Defesa<\/a><\/p>\n\n\n\n<p><a rel=\"noreferrer noopener\" href=\"http:\/\/www.forumoceano.pt\/index.php\" target=\"_blank\">F\u00f3rum Oceano \u2013 Association of Maritime Economy<\/a><\/p>\n\n\n\n<p><a href=\"http:\/\/www.inovcluster.pt\/\" target=\"_blank\" rel=\"noreferrer noopener\">InovCluster \u2013 Associa\u00e7\u00e3o do Cluster AgroIndustrial do Centro&nbsp;<\/a><\/p>\n\n\n\n<p><a rel=\"noreferrer noopener\" href=\"http:\/\/mobinov.pt\/index.php\/pt\/\" target=\"_blank\">Mobinov \u2013 Associa\u00e7\u00e3o do Cluster Autom\u00f3vel<\/a><\/p>\n\n\n\n<p><a rel=\"noreferrer noopener\" href=\"http:\/\/www.toolingportugal.com\/\" target=\"_blank\">Pool-Net \u2013 Engineering &amp; Tooling Competitive Cluster<\/a><\/p>\n\n\n\n<p><a rel=\"noreferrer noopener\" href=\"http:\/\/www.produtech.org\/\" target=\"_blank\">PRODUTECH \u2013 Production Technologies Cluster<\/a><\/p>\n\n\n\n<p><a rel=\"noreferrer noopener\" href=\"http:\/\/www.tice.pt\/\" target=\"_blank\">TICE.PT \u2013&nbsp;Information Technologies, Communication and Electronics Cluster<\/a><\/p>\n\n\n\n<p><a rel=\"noreferrer noopener\" href=\"https:\/\/www.clustermineralresources.pt\/\" target=\"_blank\">ACPMR \u2013 Portuguese Mineral Resources Cluster<\/a><\/p>\n\n\n\n<p><a rel=\"noreferrer noopener\" href=\"https:\/\/www.ptpc.pt\/index.php\/pt\/\" target=\"_blank\">AEC \u2013 Cluster da Arquitetura, Engenharia e Constru\u00e7\u00e3o<\/a><\/p>\n<\/div>\n\n\n\n<div class=\"wp-container-5 wp-block-column\">\n<h3><strong>Business Schools<\/strong><\/h3>\n\n\n\n<p><a href=\"http:\/\/www.ddinisbschool.com\/\" target=\"_blank\" rel=\"noreferrer noopener\">D. Dinis Business School<\/a><\/p>\n\n\n\n<h3><strong>Business Associations<\/strong><\/h3>\n\n\n\n<p><a href=\"http:\/\/www.nerlei.pt\/\" target=\"_blank\" rel=\"noreferrer noopener\">NERLEI \u2013 Business Association of the Region of Leiria<\/a><\/p>\n\n\n\n<h3>Scientific and technological parks<\/h3>\n\n\n\n<p><a rel=\"noreferrer noopener\" href=\"https:\/\/smartoceanpeniche.com\/\" target=\"_blank\">SMARTOCEAN \u2013 Parque de Ci\u00eancia e Tecnologia do Mar <\/a><\/p>\n\n\n\n<h3><strong>Technological Centres<\/strong><\/h3>\n\n\n\n<p><a href=\"http:\/\/www.centimfe.com\/\" target=\"_blank\" rel=\"noreferrer noopener\">CENTIMFE \u2013 Technological Center for the Molds, Special Tools and Plastics Industry<\/a><\/p>\n\n\n\n<h3><strong>Technological Parks<\/strong><\/h3>\n\n\n\n<p><a href=\"http:\/\/www.pt-obidos.com\/?p=3197\" target=\"_blank\" rel=\"noreferrer noopener\">OBITEC \u2013 Parque Tecnol\u00f3gico de \u00d3bidos<\/a><\/p>\n\n\n\n<h3><strong>Regional Energy Agencies<\/strong><\/h3>\n\n\n\n<p><a href=\"http:\/\/www.enerdura.pt\/\" target=\"_blank\" rel=\"noreferrer noopener\">Alta Estremadura Regional Energy Agency<\/a><\/p>\n\n\n\n<p><a href=\"http:\/\/oestesustentavel.pt\/\" target=\"_blank\" rel=\"noreferrer noopener\">West Regional Energy and Environment Agency<\/a><\/p>\n\n\n\n<h3><strong>Science Centres<\/strong><\/h3>\n\n\n\n<p><a href=\"http:\/\/www.alviela.cienciaviva.pt\/\" target=\"_blank\" rel=\"noreferrer noopener\">Centro Ci\u00eancia Viva do Alviela \u2013 Carsosc\u00f3pio<\/a><\/p>\n<\/div>\n<\/div>\n\n\n\n<div style=\"height:53px\" aria-hidden=\"true\" class=\"wp-block-spacer\"><\/div>\n","protected":false},"excerpt":{"rendered":"polit\u00e9cnico de leiria R&amp;D Structure Polit\u00e9cnico de Leiria&nbsp;is a higher education institution deeply focused on Research, Development and Innovation (R&amp;D+i), and committed to having a real positive impact on the economy and society both regionally and nationally. We aim to develop R&amp;D+i activities that are useful for the region of Leiria, but also relevant for [&hellip;]","protected":false},"author":1,"featured_media":26488,"parent":362,"menu_order":10,"comment_status":"closed","ping_status":"closed","template":"","meta":{"multilingual_post_translation":"{\"pt-PT\":{\"url\":\"https:\/\/www.ipleiria.pt\/investigar\/investigar\/estrutura-de-id\",\"postID\":null,\"postTitle\":\"\",\"siteID\":1,\"customURL\":true,\"languageInfo\":{\"multilingual_site_api_url\":\"https:\/\/www.ipleiria.pt\/wp-json\/\",\"name\":\"Portugu\u00eas\",\"locale\":\"pt_PT\"}}}","custompostfields_page-thumbnail":"","custompostfields_banners":"","custompostfields_meta-description":""},"_links":{"self":[{"href":"https:\/\/www.ipleiria.pt\/en\/wp-json\/wp\/v2\/pages\/364"}],"collection":[{"href":"https:\/\/www.ipleiria.pt\/en\/wp-json\/wp\/v2\/pages"}],"about":[{"href":"https:\/\/www.ipleiria.pt\/en\/wp-json\/wp\/v2\/types\/page"}],"author":[{"embeddable":true,"href":"https:\/\/www.ipleiria.pt\/en\/wp-json\/wp\/v2\/users\/1"}],"replies":[{"embeddable":true,"href":"https:\/\/www.ipleiria.pt\/en\/wp-json\/wp\/v2\/comments?post=364"}],"version-history":[{"count":30,"href":"https:\/\/www.ipleiria.pt\/en\/wp-json\/wp\/v2\/pages\/364\/revisions"}],"predecessor-version":[{"id":36545,"href":"https:\/\/www.ipleiria.pt\/en\/wp-json\/wp\/v2\/pages\/364\/revisions\/36545"}],"up":[{"embeddable":true,"href":"https:\/\/www.ipleiria.pt\/en\/wp-json\/wp\/v2\/pages\/362"}],"wp:featuredmedia":[{"embeddable":true,"href":"https:\/\/www.ipleiria.pt\/en\/wp-json\/wp\/v2\/media\/26488"}],"wp:attachment":[{"href":"https:\/\/www.ipleiria.pt\/en\/wp-json\/wp\/v2\/media?parent=364"}],"curies":[{"name":"wp","href":"https:\/\/api.w.org\/{rel}","templated":true}]}}