{"id":422,"date":"2017-12-01T02:12:23","date_gmt":"2017-12-01T02:12:23","guid":{"rendered":"https:\/\/www.ipleiria.pt\/?page_id=422"},"modified":"2021-08-20T16:06:55","modified_gmt":"2021-08-20T15:06:55","slug":"evaluation-and-quality","status":"publish","type":"page","link":"https:\/\/www.ipleiria.pt\/en\/innovation\/quality\/evaluation-and-quality\/","title":{"rendered":"Assessment and Accreditation"},"content":{"rendered":"\n<p class=\"is-style-theme-subtitle\">A3ES<\/p>\n\n\n\n<div class=\"wp-container-3 wp-block-columns\">\n<div class=\"wp-container-1 wp-block-column\" style=\"flex-basis:66.66%\">\n<h2 class=\"is-style-theme-title\">Agency for Assessment and Accreditation of Higher Education<\/h2>\n<\/div>\n\n\n\n<div class=\"wp-container-2 wp-block-column\" style=\"flex-basis:33.33%\">\n<div class=\"wp-block-image\"><figure class=\"alignright\"><img src=\"https:\/\/www.a3es.pt\/sites\/default\/files\/a3es_logo.gif\" alt=\"A3ES - Ag\u00eancia de Avalia\u00e7\u00e3o e Acredita\u00e7\u00e3o do Ensino Superior\"\/><\/figure><\/div>\n<\/div>\n<\/div>\n\n\n\n<div class=\"wp-container-6 wp-block-columns\">\n<div class=\"wp-container-4 wp-block-column\">\n<h3><strong>Institutional Accreditation<\/strong><\/h3>\n\n\n\n<p>Polit\u00e9cnico de Leiria is accredited by the Portuguese Agency for Assessment and Accreditation of Higher Education,  known as A3ES. Read more about the results of the accreditation process on\u00a0<a rel=\"noreferrer noopener\" href=\"http:\/\/a3es.pt\/pt\/resultados-acreditacao-29\" target=\"_blank\">A3ES&#8217; website<\/a>.\u00a0<\/p>\n\n\n\n<p class=\"is-style-theme-link-with-icon\"><a href=\"https:\/\/www.ipleiria.pt\/wp-content\/uploads\/2015\/01\/AINST_16_00013-%E2%80%94-Relat%C3%B3rio-de-autoavalia%C3%A7%C3%A3o-institucional_final.pdf\">Institutional Accreditation Self-evaluation Report<\/a><\/p>\n<\/div>\n\n\n\n<div class=\"wp-container-5 wp-block-column\">\n<h3><strong>Programmes Accreditation<\/strong><\/h3>\n\n\n\n<p>All our programmes are accredited by A3ES and comply with all legal requirements. <\/p>\n<\/div>\n<\/div>\n\n\n\n<hr class=\"wp-block-separator is-style-wide\"\/>\n\n\n\n<p class=\"is-style-theme-subtitle\">Universities compared. you way.<\/p>\n\n\n\n<div class=\"wp-container-9 wp-block-columns\">\n<div class=\"wp-container-7 wp-block-column\" style=\"flex-basis:66.66%\">\n<h2 class=\"is-style-theme-title\">U-Multirank <\/h2>\n<\/div>\n\n\n\n<div class=\"wp-container-8 wp-block-column\" style=\"flex-basis:33.33%\">\n<div class=\"wp-block-image\"><figure class=\"alignright is-resized\"><img loading=\"lazy\" src=\"https:\/\/www.umultirank.org\/export\/system\/modules\/org.umultirank\/resources\/img\/logo\/U_Multirank_claim.png\" alt=\"\" width=\"239\" height=\"35\"\/><\/figure><\/div>\n\n\n\n<p><\/p>\n<\/div>\n<\/div>\n\n\n\n<div class=\"wp-container-12 wp-block-columns\">\n<div class=\"wp-container-10 wp-block-column\">\n<p>U-Multirank is a multidimensional, user-driven approach to international ranking of higher education institutions. It compares the performances of higher education institutions in the five dimensions of university activity: teaching and learning, research, knowledge transfer, international orientation and regional engagement.<br>View the latest <a href=\"https:\/\/www.umultirank.org\/\">Polit\u00e9cnico de Leiria&#8217;s U-Multirank performance evaluation<\/a>.<\/p>\n<\/div>\n\n\n\n<div class=\"wp-container-11 wp-block-column\">\n<p><\/p>\n<\/div>\n<\/div>\n\n\n\n<hr class=\"wp-block-separator is-style-wide\"\/>\n\n\n\n<p class=\"is-style-theme-subtitle\">EUA<\/p>\n\n\n\n<div class=\"wp-container-15 wp-block-columns\">\n<div class=\"wp-container-13 wp-block-column\" style=\"flex-basis:66.66%\">\n<h2 class=\"is-style-theme-title\">European University Association <\/h2>\n<\/div>\n\n\n\n<div class=\"wp-container-14 wp-block-column\" style=\"flex-basis:33.33%\">\n<div class=\"wp-block-image\"><figure class=\"alignright is-resized\"><img loading=\"lazy\" src=\"https:\/\/eua.eu\/templates\/eua\/images\/logo.png\" alt=\"\" width=\"198\" height=\"38\"\/><\/figure><\/div>\n\n\n\n<p><\/p>\n<\/div>\n<\/div>\n\n\n\n<div class=\"wp-container-18 wp-block-columns\">\n<div class=\"wp-container-16 wp-block-column\">\n<p>External examiners play a vital role in the maintenance of academic standards. That&#8217;s why, in 2007, Polit\u00e9cnico de Leiria applied to be evaluated by the European University Association (EUA). <\/p>\n\n\n\n<p>At the time, EUA suggested 23 short-term changes and improvements on strategic planning, institutional governance and management, as well as internationalisation and development of internal quality assurance systems. <\/p>\n<\/div>\n\n\n\n<div class=\"wp-container-17 wp-block-column\">\n<p>Three years later, EUA carried out a follow-up institutional evaluation.<\/p>\n\n\n\n<p>In its final report, EUA said they were impressed with Polit\u00e9cnico de Leiria&#8217;s progress and the fact that we were able to implement most of their first recommendations.  <\/p>\n\n\n\n<p><\/p>\n<\/div>\n<\/div>\n\n\n\n<p class=\"is-style-theme-link-with-icon\"><a href=\"https:\/\/www.ipleiria.pt\/wp-content\/uploads\/2015\/01\/Relat%C3%B3rio-Autoavalia%C3%A7%C3%A3o-Institucional-2007.pdf\">Institutional Self-evaluation Report &#8211; 2007<\/a><\/p>\n\n\n\n<p class=\"is-style-theme-link-with-icon\"><a href=\"https:\/\/www.ipleiria.pt\/wp-content\/uploads\/2015\/01\/Relatorio-Avalia%C3%A7%C3%A3o-EUA-2007.pdf\">EUA Evaluation Report &#8211; 2007<\/a><\/p>\n\n\n\n<p class=\"is-style-theme-link-with-icon\"><a href=\"https:\/\/www.ipleiria.pt\/wp-content\/uploads\/2015\/01\/Relatorio-Autoavalia%C3%A7%C3%A3o-Institucional-Follow-Up-2010.pdf\">Follow-up Institutional Self-evaluation Report &#8211; 2010<\/a><\/p>\n\n\n\n<p class=\"is-style-theme-link-with-icon\"><a href=\"https:\/\/www.ipleiria.pt\/wp-content\/uploads\/2015\/01\/Relat%C3%B3rio-Avalia%C3%A7%C3%A3o-EUA-Follow-Up-2010.pdf\">Follow-up EUA Evaluation Report &#8211; 2010<\/a><\/p>\n\n\n\n<div style=\"height:70px\" aria-hidden=\"true\" class=\"wp-block-spacer\"><\/div>\n","protected":false},"excerpt":{"rendered":"A3ES Agency for Assessment and Accreditation of Higher Education Institutional Accreditation Polit\u00e9cnico de Leiria is accredited by the Portuguese Agency for Assessment and Accreditation of Higher Education, known as A3ES. Read more about the results of the accreditation process on\u00a0A3ES&#8217; website.\u00a0 Institutional Accreditation Self-evaluation Report Programmes Accreditation All our programmes are accredited by A3ES and [&hellip;]","protected":false},"author":1,"featured_media":25338,"parent":418,"menu_order":10,"comment_status":"closed","ping_status":"closed","template":"","meta":{"multilingual_post_translation":"{\"pt-PT\":{\"url\":\"https:\/\/www.ipleiria.pt\/inovacao\/qualidade\/avaliacao-e-qualidade\/\",\"postID\":null,\"postTitle\":\"\",\"siteID\":1,\"customURL\":true,\"languageInfo\":{\"multilingual_site_api_url\":\"https:\/\/www.ipleiria.pt\/wp-json\/\",\"name\":\"Portugu\u00eas\",\"locale\":\"pt_PT\"}}}","custompostfields_page-thumbnail":"","custompostfields_banners":"","custompostfields_meta-description":""},"_links":{"self":[{"href":"https:\/\/www.ipleiria.pt\/en\/wp-json\/wp\/v2\/pages\/422"}],"collection":[{"href":"https:\/\/www.ipleiria.pt\/en\/wp-json\/wp\/v2\/pages"}],"about":[{"href":"https:\/\/www.ipleiria.pt\/en\/wp-json\/wp\/v2\/types\/page"}],"author":[{"embeddable":true,"href":"https:\/\/www.ipleiria.pt\/en\/wp-json\/wp\/v2\/users\/1"}],"replies":[{"embeddable":true,"href":"https:\/\/www.ipleiria.pt\/en\/wp-json\/wp\/v2\/comments?post=422"}],"version-history":[{"count":12,"href":"https:\/\/www.ipleiria.pt\/en\/wp-json\/wp\/v2\/pages\/422\/revisions"}],"predecessor-version":[{"id":36553,"href":"https:\/\/www.ipleiria.pt\/en\/wp-json\/wp\/v2\/pages\/422\/revisions\/36553"}],"up":[{"embeddable":true,"href":"https:\/\/www.ipleiria.pt\/en\/wp-json\/wp\/v2\/pages\/418"}],"wp:featuredmedia":[{"embeddable":true,"href":"https:\/\/www.ipleiria.pt\/en\/wp-json\/wp\/v2\/media\/25338"}],"wp:attachment":[{"href":"https:\/\/www.ipleiria.pt\/en\/wp-json\/wp\/v2\/media?parent=422"}],"curies":[{"name":"wp","href":"https:\/\/api.w.org\/{rel}","templated":true}]}}