{"id":438,"date":"2017-12-01T02:14:44","date_gmt":"2017-12-01T02:14:44","guid":{"rendered":"https:\/\/www.ipleiria.pt\/?page_id=438"},"modified":"2021-08-20T15:40:01","modified_gmt":"2021-08-20T14:40:01","slug":"entrepreneurship","status":"publish","type":"page","link":"https:\/\/www.ipleiria.pt\/en\/innovation\/innovation\/entrepreneurship\/","title":{"rendered":"Entrepreneurship"},"content":{"rendered":"\n<div class=\"wp-container-3 wp-block-columns\">\n<div class=\"wp-container-1 wp-block-column\">\n<p class=\"is-style-theme-subtitle\">Entrepreneurship<\/p>\n\n\n\n<h2 class=\"is-style-theme-title\">Poliempreende Project<\/h2>\n\n\n\n<div style=\"height:10px\" aria-hidden=\"true\" class=\"wp-block-spacer\"><\/div>\n\n\n\n<p><strong>Poliempreende&nbsp;<\/strong>is the biggest higher education national network providing opportunities to collaborate on enterprise\/entrepreneurship projects. <\/p>\n\n\n\n<p>It aims to foster an innovative, entrepreneurial and creative culture among students and stimulate economic growth and employment opportunities.<\/p>\n\n\n\n<p>813 students have already participated in the contest on behalf of Polit\u00e9cnico de Leiria.<\/p>\n<\/div>\n\n\n\n<div class=\"wp-container-2 wp-block-column\">\n<div style=\"height:20px\" aria-hidden=\"true\" class=\"wp-block-spacer\"><\/div>\n\n\n\n<div style=\"height:60px\" aria-hidden=\"true\" class=\"wp-block-spacer\"><\/div>\n\n\n\n<h3>Goals:<\/h3>\n\n\n\n<ul><li>Promote entrepreneurship<\/li><li>Train and teach future entrepreneurs<\/li><li>Provide entrepreneurs with business mentoring and support<\/li><li>Evaluate and award the best enterprise projects<\/li><\/ul>\n<\/div>\n<\/div>\n\n\n\n<div class=\"wp-container-4 wp-block-buttons\">\n<div class=\"wp-block-button is-style-theme-button-outline\"><a class=\"wp-block-button__link\" href=\"https:\/\/poliempreende.ipleiria.pt\/\" target=\"_blank\" rel=\"noreferrer noopener\">Poliempreende<\/a><\/div>\n<\/div>\n\n\n\n<div style=\"height:70px\" aria-hidden=\"true\" class=\"wp-block-spacer\"><\/div>\n\n\n\n<div class=\"wp-block-pt-ipleiria-ued-wp-theme-ipleiria-gutenbergblocks-container gbc gbc-view row-valign-top align-full\"><div class=\"gbc-background\" style=\"background-color:#F3F3F3\"><\/div><div class=\"gbc-background-overlay gbc-background-overlay-normal\" style=\"opacity:0.3\"><\/div><div class=\"gbc-wrapper\"><div id=\"gbc-container-_10b443-ee\" class=\"inner-container container\">\n<figure class=\"wp-block-image is-style-default\"><img src=\"http:\/\/poliempreende.ipleiria.pt\/files\/2019\/02\/banner_vf_2.png\" alt=\"\"\/><\/figure>\n<\/div><\/div><\/div>\n\n\n\n<div style=\"height:70px\" aria-hidden=\"true\" class=\"wp-block-spacer\"><\/div>\n\n\n\n<div class=\"wp-container-8 wp-block-columns\">\n<div class=\"wp-container-5 wp-block-column\">\n<h2 class=\"is-style-theme-title\">Polit\u00e9cnico de Leiria Spin-offs<\/h2>\n<\/div>\n\n\n\n<div class=\"wp-container-7 wp-block-column\">\n<div class=\"wp-container-6 wp-block-buttons is-content-justification-center\">\n<div class=\"wp-block-button is-style-theme-button-solid\"><a class=\"wp-block-button__link\" href=\"https:\/\/cpvc.ipleiria.pt\/empresas-fundadas-com-o-apoio-do-cpvc\/\" target=\"_blank\" rel=\"noreferrer noopener\">cpvc<\/a><\/div>\n<\/div>\n<\/div>\n<\/div>\n\n\n\n<div class=\"wp-container-12 wp-block-columns\">\n<div class=\"wp-container-9 wp-block-column\">\n<p><a href=\"https:\/\/digiwest.pt\/\" data-type=\"URL\" data-id=\"https:\/\/digiwest.pt\/\" target=\"_blank\" rel=\"noreferrer noopener\"><strong>Digiwest<\/strong><\/a><\/p>\n\n\n\n<p><strong>A<a rel=\"noreferrer noopener\" href=\"https:\/\/www.facebook.com\/awesomesoftware\/\" data-type=\"URL\" data-id=\"https:\/\/www.facebook.com\/awesomesoftware\/\" target=\"_blank\">wesome Software<\/a><\/strong><\/p>\n\n\n\n<p><strong><a rel=\"noreferrer noopener\" href=\"https:\/\/www.facebook.com\/pages\/category\/Local-Business\/Natureza-Brincalhona-200311256646582\/\" data-type=\"URL\" data-id=\"https:\/\/www.facebook.com\/pages\/category\/Local-Business\/Natureza-Brincalhona-200311256646582\/\" target=\"_blank\">Natureza Brincalhona<\/a><\/strong><\/p>\n\n\n\n<p><strong><a rel=\"noreferrer noopener\" href=\"https:\/\/www.tekbiomasse.com\/\" data-type=\"URL\" data-id=\"https:\/\/www.tekbiomasse.com\/\" target=\"_blank\">Tek Biomasse<\/a><\/strong><\/p>\n\n\n\n<p><strong><a rel=\"noreferrer noopener\" href=\"http:\/\/www.mediaweb.pt\/\" data-type=\"URL\" data-id=\"http:\/\/www.mediaweb.pt\/\" target=\"_blank\">Mediaweb Creations<\/a><\/strong><\/p>\n\n\n\n<p><strong>Nigmatech<\/strong><\/p>\n\n\n\n<p><strong>Criativamente<\/strong><\/p>\n\n\n\n<p><strong>EngY Chef<\/strong><\/p>\n\n\n\n<p><strong>Uponto<\/strong><\/p>\n\n\n\n<p><strong>BitExpress<\/strong><\/p>\n<\/div>\n\n\n\n<div class=\"wp-container-10 wp-block-column\">\n<p><a rel=\"noreferrer noopener\" href=\"http:\/\/www.smartidiom.pt\/\" data-type=\"URL\" data-id=\"http:\/\/www.smartidiom.pt\/\" target=\"_blank\"><strong>Smartidiom<\/strong><\/a><\/p>\n\n\n\n<p><a rel=\"noreferrer noopener\" href=\"https:\/\/sara-app.pt\/\" data-type=\"URL\" data-id=\"https:\/\/sara-app.pt\/\" target=\"_blank\"><strong>SARA\u00a0HACCP Digital<\/strong><\/a><\/p>\n\n\n\n<p><a rel=\"noreferrer noopener\" href=\"http:\/\/www.porter.pt\/\" data-type=\"URL\" data-id=\"http:\/\/www.porter.pt\/\" target=\"_blank\"><strong>Porter Systems B. V.<\/strong><\/a><\/p>\n\n\n\n<p><a rel=\"noreferrer noopener\" href=\"http:\/\/www.byterev.com\/\" data-type=\"URL\" data-id=\"http:\/\/www.byterev.com\/\" target=\"_blank\"><strong>MySales \u2013 Byterev \u2013 It Solutions<\/strong><\/a><\/p>\n\n\n\n<p><a rel=\"noreferrer noopener\" href=\"http:\/\/www.idfood.pt\/servico\/2\" data-type=\"URL\" data-id=\"http:\/\/www.idfood.pt\/servico\/2\" target=\"_blank\"><strong>I&amp;D FOOD \u2013 Inova\u00e7\u00e3o e consultoria na \u00e1rea alimentar<\/strong><\/a><\/p>\n\n\n\n<p><strong>Yesols<\/strong><\/p>\n\n\n\n<p><strong>Executive Numbers<\/strong><\/p>\n\n\n\n<p><strong>Frade &amp; Rosa<\/strong><\/p>\n\n\n\n<p><strong>Brave Empathy<\/strong><\/p>\n\n\n\n<p><strong>PEN WAVE \u2013 produ\u00e7\u00e3o de alimento vivo para aquacultura<\/strong><\/p>\n<\/div>\n\n\n\n<div class=\"wp-container-11 wp-block-column\">\n<p><a rel=\"noreferrer noopener\" href=\"https:\/\/www.soundparticles.com\/\" data-type=\"URL\" data-id=\"https:\/\/www.soundparticles.com\/\" target=\"_blank\"><strong>Sound Particles<\/strong><\/a><\/p>\n\n\n\n<p><a rel=\"noreferrer noopener\" href=\"http:\/\/www.whitemans.pt\" data-type=\"URL\" data-id=\"www.whitemans.pt\" target=\"_blank\"><strong>Whitemans Portugal<\/strong><\/a><\/p>\n\n\n\n<p><a rel=\"noreferrer noopener\" href=\"http:\/\/www.latourrette-consulting.com\/\" data-type=\"URL\" data-id=\"http:\/\/www.latourrette-consulting.com\/\" target=\"_blank\"><strong>Latourrette Consulting<\/strong><\/a><\/p>\n\n\n\n<p><a rel=\"noreferrer noopener\" href=\"http:\/\/www.impactwave.com\/\" data-type=\"URL\" data-id=\"http:\/\/www.impactwave.com\/\" target=\"_blank\"><strong>Impactwave<\/strong><\/a><\/p>\n\n\n\n<p><strong>AQUASPRO \u2013 aquacultura de organismos ornamentais<\/strong><\/p>\n\n\n\n<p><strong>Ervilha Criativa<\/strong><\/p>\n\n\n\n<p><strong>Look &amp; Go<\/strong><\/p>\n\n\n\n<p><strong>Tryangle<\/strong><\/p>\n\n\n\n<p><strong>VMInova<\/strong><\/p>\n\n\n\n<p><strong>Cantina do Parque<\/strong><\/p>\n\n\n\n<p><strong>NutriMe<\/strong><\/p>\n<\/div>\n<\/div>\n\n\n\n<div style=\"height:70px\" aria-hidden=\"true\" class=\"wp-block-spacer\"><\/div>\n","protected":false},"excerpt":{"rendered":"Entrepreneurship Poliempreende Project Poliempreende&nbsp;is the biggest higher education national network providing opportunities to collaborate on enterprise\/entrepreneurship projects. It aims to foster an innovative, entrepreneurial and creative culture among students and stimulate economic growth and employment opportunities. 813 students have already participated in the contest on behalf of Polit\u00e9cnico de Leiria. Goals: Promote entrepreneurshipTrain and teach [&hellip;]","protected":false},"author":1,"featured_media":5111,"parent":434,"menu_order":20,"comment_status":"closed","ping_status":"closed","template":"","meta":{"multilingual_post_translation":"{\"pt-PT\":{\"url\":\"https:\/\/www.ipleiria.pt\/inovacao\/inovacao\/empreendedorismo\/\",\"postID\":null,\"postTitle\":\"\",\"siteID\":1,\"customURL\":true,\"languageInfo\":{\"multilingual_site_api_url\":\"https:\/\/www.ipleiria.pt\/wp-json\/\",\"name\":\"Portugu\u00eas\",\"locale\":\"pt_PT\"}}}","custompostfields_page-thumbnail":"","custompostfields_banners":"","custompostfields_meta-description":""},"_links":{"self":[{"href":"https:\/\/www.ipleiria.pt\/en\/wp-json\/wp\/v2\/pages\/438"}],"collection":[{"href":"https:\/\/www.ipleiria.pt\/en\/wp-json\/wp\/v2\/pages"}],"about":[{"href":"https:\/\/www.ipleiria.pt\/en\/wp-json\/wp\/v2\/types\/page"}],"author":[{"embeddable":true,"href":"https:\/\/www.ipleiria.pt\/en\/wp-json\/wp\/v2\/users\/1"}],"replies":[{"embeddable":true,"href":"https:\/\/www.ipleiria.pt\/en\/wp-json\/wp\/v2\/comments?post=438"}],"version-history":[{"count":19,"href":"https:\/\/www.ipleiria.pt\/en\/wp-json\/wp\/v2\/pages\/438\/revisions"}],"predecessor-version":[{"id":36520,"href":"https:\/\/www.ipleiria.pt\/en\/wp-json\/wp\/v2\/pages\/438\/revisions\/36520"}],"up":[{"embeddable":true,"href":"https:\/\/www.ipleiria.pt\/en\/wp-json\/wp\/v2\/pages\/434"}],"wp:featuredmedia":[{"embeddable":true,"href":"https:\/\/www.ipleiria.pt\/en\/wp-json\/wp\/v2\/media\/5111"}],"wp:attachment":[{"href":"https:\/\/www.ipleiria.pt\/en\/wp-json\/wp\/v2\/media?parent=438"}],"curies":[{"name":"wp","href":"https:\/\/api.w.org\/{rel}","templated":true}]}}