{"id":48076,"date":"2025-05-15T16:58:41","date_gmt":"2025-05-15T15:58:41","guid":{"rendered":"https:\/\/www.ipleiria.pt\/en\/?page_id=48076"},"modified":"2026-03-20T12:18:59","modified_gmt":"2026-03-20T12:18:59","slug":"nee-support","status":"publish","type":"page","link":"https:\/\/www.ipleiria.pt\/en\/live\/student-services\/student-support-center\/nee-support\/","title":{"rendered":"NEE Support"},"content":{"rendered":"\n<div class=\"wp-block-pt-ipleiria-ued-wp-theme-ipleiria-gutenbergblocks-moc gbmoc\" role=\"navigation\" aria-label=\"Contents menu\"><div class=\"gbmoc-menu-wrapper\"><div id=\"gbmoc-0c1403-f9-menu-container\" class=\"gbmoc-menu-container\"><div class=\"gbmoc-title\" id=\"gbmoc-0c1403-f9-title\">Ir para:<\/div><ul aria-describedby=\"gbmoc-0c1403-f9-title\" class=\"gbmoc-menuitems\"><li><a href=\"#strongpedido-do-estatuto-de-estudante-com-necessidades-educativas-especiais-passo-a-passostrong\">Applying for the Student Status with Special Educational Needs<\/a><\/li><li><a href=\"#a-tua-medida\">Meet Your Case Manager<\/a><\/li><li><a href=\"#a-tua-medida_2\">Buddy ENEE e Learning Credit Card<\/a><\/li><li><a href=\"#apoio-nee_2\">More information<\/a><\/li><li class=\"gbmoc-scroll-to-top-wrapper\"><a class=\"gbmoc-scroll-to-top\" href=\"#top\">Top<\/a><\/li><\/ul><\/div><\/div><\/div>\n\n\n\n<p class=\"is-style-theme-subtitle\">Student Support Center<\/p>\n\n\n\n<h2 class=\"is-style-theme-title\" id=\"e-tu-estas-100-in\">Support tailored for your needs<\/h2>\n\n\n\n<div class=\"wp-container-3 wp-block-columns\">\n<div class=\"wp-container-1 wp-block-column\" style=\"flex-basis:50%\">\n<p>If you are part of the academic community at the Polytechnic University of Leiria and you need specific support, you have the opportunity to benefit from a range of resources that can assist you in your academic journey.<\/p>\n\n\n\n<p>If you have, whether permanently or temporarily, one or more of the difficulties listed below, you are eligible to apply for Student Status with Special Educational Needs (a.k.a. ENEE) and benefit from learning support measures:<\/p>\n\n\n\n<ul><li>Physical, visual, auditory or motor disability<\/li><li>Dyslexia, dysorthography, dyscalculia<\/li><li>Neurodevelopmental disorders, such as autism spectrum difficulties or any other condition that hinders your learning and daily routines<\/li><li>Physical or psychological illness that may prevent you from achieving your academic goals<\/li><\/ul>\n\n\n\n<p>After enrolling in one of the Polytechnic of Leiria\u2019s Higher Education Schools, and if you have any specific needs resulting from a temporary or permanent health condition, please ask for our help.<\/p>\n\n\n\n<p>Every importante information can be consulted in the following portuguese document:<\/p>\n\n\n\n<div style=\"height:10px\" aria-hidden=\"true\" class=\"wp-block-spacer\"><\/div>\n\n\n\n<p><a href=\"https:\/\/www.ipleiria.pt\/wp-content\/uploads\/2020\/08\/REG-EE-CONSOLIDADO_vers%C3%A3o-corrigida.pdf\">Regulamento dos Estatutos Especiais Aplic\u00e1veis aos Estudantes do Polit\u00e9cnico de Leiria (Cap\u00edtulo 3) | Regulation of Special Statuses Applicable to Students of the Polytechnic of Leiria (Chapter 3)<\/a> <\/p>\n<\/div>\n\n\n\n<div class=\"wp-container-2 wp-block-column\" style=\"flex-basis:50%\"><div class=\"wp-block-image is-style-default\">\n<figure class=\"aligncenter size-large\"><img src=\"https:\/\/www.ipleiria.pt\/wp-content\/uploads\/2025\/04\/120A3329-1280x1920.jpg\" alt=\"\" class=\"wp-image-102604\"\/><\/figure><\/div><\/div>\n<\/div>\n\n\n\n<div id=\"gbc-082596-71\" class=\"wp-block-pt-ipleiria-ued-wp-theme-ipleiria-gutenbergblocks-container gbc gbc-view row-valign-top align-full\" style=\"background-color:#F3F3F3;margin-top:70px\"><div class=\"gbc-background-overlay gbc-background-overlay-normal\" style=\"opacity:0.3\"><\/div><div class=\"gbc-wrapper\" style=\"padding-top:70px;padding-bottom:70px\"><div id=\"gbc-container-gbc-082596-71\" class=\"inner-container container\">\n<div class=\"wp-container-7 wp-block-columns\">\n<div class=\"wp-container-5 wp-block-column\">\n<p class=\"is-style-theme-subtitle\">STEP BY STEP<\/p>\n\n\n\n<h2 class=\"is-style-theme-title\" id=\"strongpedido-do-estatuto-de-estudante-com-necessidades-educativas-especiais-passo-a-passostrong\">Applying for the Student Status with Special Educational Needs<\/h2>\n\n\n\n<p>After enrolling in one of the Polytechnic University of Leiria\u2019s Higher Education Schools and confirming that you have all the requirements set out in the Regulations, you can apply for the Student Status with Special Educational Needs (ENEE).<\/p>\n\n\n\n<p>There are just three steps: <strong>ACCESS \/ ATTACH \/ SUBMIT<\/strong><\/p>\n\n\n\n<ul><li>Click and <strong>ACCESS <\/strong>the application inforestudante.ipleiria.pt<\/li><\/ul>\n\n\n\n<div class=\"wp-container-4 is-horizontal is-content-justification-left wp-block-buttons\">\n<div class=\"wp-block-button is-style-theme-button-outline\"><a class=\"wp-block-button__link\" href=\"https:\/\/inforestudante.ipleiria.pt\/nonio\/security\/login.do\" target=\"_blank\" rel=\"noreferrer noopener\">Request ENEE Status<br>(Inforestudante)<\/a><\/div>\n<\/div>\n\n\n\n<ul><li><strong> ATTACH <\/strong>the supporting medical certificate<\/li><li><strong>SUBMIT <\/strong>your application<\/li><\/ul>\n\n\n\n<p>The application is in portuguese. If you need our help, please contact  <a rel=\"noreferrer noopener\" href=\"mailto:cae@ipleiria.pt\" target=\"_blank\">cae@ipleiria.pt<\/a>.<\/p>\n<\/div>\n\n\n\n<div class=\"wp-container-6 wp-block-column\"><div class=\"wp-block-image\">\n<figure class=\"aligncenter size-large\"><img loading=\"lazy\" width=\"1024\" height=\"1024\" src=\"https:\/\/www.ipleiria.pt\/en\/wp-content\/uploads\/sites\/25\/2025\/05\/TailoredForYourNeeds@2x-2-1024x1024.png\" alt=\"\" class=\"wp-image-48081\" srcset=\"https:\/\/www.ipleiria.pt\/en\/wp-content\/uploads\/sites\/25\/2025\/05\/TailoredForYourNeeds@2x-2-1024x1024.png 1024w, https:\/\/www.ipleiria.pt\/en\/wp-content\/uploads\/sites\/25\/2025\/05\/TailoredForYourNeeds@2x-2-300x300.png 300w, https:\/\/www.ipleiria.pt\/en\/wp-content\/uploads\/sites\/25\/2025\/05\/TailoredForYourNeeds@2x-2-150x150.png 150w, https:\/\/www.ipleiria.pt\/en\/wp-content\/uploads\/sites\/25\/2025\/05\/TailoredForYourNeeds@2x-2-768x768.png 768w, https:\/\/www.ipleiria.pt\/en\/wp-content\/uploads\/sites\/25\/2025\/05\/TailoredForYourNeeds@2x-2.png 1400w\" sizes=\"(max-width: 1024px) 100vw, 1024px\" \/><\/figure><\/div><\/div>\n<\/div>\n<\/div><\/div><\/div>\n\n\n\n<div id=\"gbc-a97456-36\" class=\"wp-block-pt-ipleiria-ued-wp-theme-ipleiria-gutenbergblocks-container gbc gbc-view row-valign-top align-full\" style=\"margin-bottom:60px;min-height:513px\"><div class=\"gbc-background\" style=\"background-image:url(https:\/\/www.ipleiria.pt\/wp-content\/uploads\/2025\/04\/IMG_0934-Enhanced-NR-2-scaled.jpg);background-size:cover;background-position:48% 35%;background-repeat:no-repeat;background-attachment:scroll\"><\/div><div class=\"gbc-background-overlay gbc-background-overlay-normal\" style=\"background-color:#262626;opacity:0.39\"><\/div><div class=\"gbc-wrapper\" style=\"padding-top:230px;padding-bottom:60px\"><div id=\"gbc-container-gbc-a97456-36\" class=\"inner-container\">\n<p class=\"has-text-align-center is-style-theme-subtitle-inherit-color has-dark-title-text-color-color has-text-color\">One of the Support Measures Tailored to You<\/p>\n\n\n\n<h2 class=\"has-text-align-center is-style-theme-title has-dark-title-text-color-color has-text-color\" id=\"a-tua-medida\">Case Manager<\/h2>\n\n\n\n<p><\/p>\n<\/div><\/div><\/div>\n\n\n\n<p class=\"has-text-align-left is-style-theme-subtitle\">One of the Support Measures Tailored to You<\/p>\n\n\n\n<h1 class=\"has-text-align-left is-style-theme-title\" id=\"a-tua-medida\">Meet Your Case Manager<\/h1>\n\n\n\n<div class=\"wp-container-10 wp-block-columns\">\n<div class=\"wp-container-8 wp-block-column\">\n<p>Now that you have been granted the Student Status with Special Educational Needs (ENEE), the Polytechnic University of Leiria has assembled a team of Case Managers \u2014 a group of professionals who will support you throughout your academic journey.<\/p>\n<\/div>\n\n\n\n<div class=\"wp-container-9 wp-block-column\">\n<p>Among other things, your Case Manager will guide and facilitate your connection with the various services at the Polytechnic Unioversity of Leiria,  with your course coordination team, assist you in analysing your needs  and work with you to develop an intervention plan and identify suitable support measures. Please note, your Case Manager will not be involved in any pedagogical matters.<\/p>\n<\/div>\n<\/div>\n\n\n\n<h3>The Case Managers Team<\/h3>\n\n\n\n<div style=\"height:20px\" aria-hidden=\"true\" class=\"wp-block-spacer\"><\/div>\n\n\n\n<div class=\"wp-container-16 wp-block-columns\">\n<div class=\"wp-container-11 wp-block-column\">\n<figure class=\"wp-block-image size-full\"><img src=\"https:\/\/www.ipleiria.pt\/wp-content\/uploads\/2025\/04\/eva-menino-1.jpg\" alt=\"\" class=\"wp-image-102958\"\/><\/figure>\n\n\n\n<p>Eva Menino<br><strong>Coordinator<\/strong><br><a rel=\"noreferrer noopener\" href=\"mailto:eva.menino@ipleiria.pt\" data-type=\"mailto\" data-id=\"mailto:eva.menino@ipleiria.pt\" target=\"_blank\">eva.menino@ipleiria.pt<\/a><a rel=\"noreferrer noopener\" href=\"mailto:carolina.henriques@ipleiria.pt\" data-type=\"mailto\" data-id=\"mailto:carolina.henriques@ipleiria.pt\" target=\"_blank\"><br><\/a><\/p>\n<\/div>\n\n\n\n<div class=\"wp-container-12 wp-block-column\">\n<figure class=\"wp-block-image size-full\"><img src=\"https:\/\/www.ipleiria.pt\/wp-content\/uploads\/2025\/04\/Equipa-2.jpg\" alt=\"\" class=\"wp-image-101984\"\/><\/figure>\n\n\n\n<p>Ana Patr\u00edcia Pereira<br><strong>Psychologist<\/strong><br><a rel=\"noreferrer noopener\" href=\"mailto:patricia.pereira@ipleiria.pt\" data-type=\"mailto\" data-id=\"mailto:patricia.pereira@ipleiria.pt\" target=\"_blank\">patricia.pereira@ipleiria.pt<br><\/a><\/p>\n<\/div>\n\n\n\n<div class=\"wp-container-13 wp-block-column\">\n<figure class=\"wp-block-image size-full\"><img src=\"https:\/\/www.ipleiria.pt\/wp-content\/uploads\/2025\/04\/Andreia-Mota.jpg\" alt=\"\" class=\"wp-image-101983\"\/><\/figure>\n\n\n\n<p>Andreia Mota<br><strong>Psychologist<\/strong><br><a rel=\"noreferrer noopener\" href=\"mailto:andreia.mota@ipleiria.pt\" target=\"_blank\">andreia.mota@ipleiria.pt<\/a><\/p>\n<\/div>\n\n\n\n<div class=\"wp-container-14 wp-block-column\">\n<figure class=\"wp-block-image size-full\"><img src=\"https:\/\/www.ipleiria.pt\/wp-content\/uploads\/2025\/04\/CarlaCosta2.jpg\" alt=\"\" class=\"wp-image-102203\"\/><\/figure>\n\n\n\n<p>Carla Costa<br><strong>Manager<\/strong><br><a rel=\"noreferrer noopener\" href=\"mailto:carla.s.costa@ipleiria.pt\" target=\"_blank\">carla.s.costa@ipleiria.pt<\/a><br><\/p>\n<\/div>\n\n\n\n<div class=\"wp-container-15 wp-block-column\">\n<figure class=\"wp-block-image size-large\"><img src=\"https:\/\/www.ipleiria.pt\/wp-content\/uploads\/2025\/10\/Carina_CAE_2-1920x1920.jpg\" alt=\"\" class=\"wp-image-109714\"\/><\/figure>\n\n\n\n<p>Carina Marques<br><strong><strong>Junior Psychologist<\/strong><\/strong><br><a rel=\"noreferrer noopener\" href=\"mailto:carina.marques@ipleiria.pt\" target=\"_blank\">carina.marques@ipleiria.pt<\/a><\/p>\n<\/div>\n<\/div>\n\n\n\n<div class=\"wp-container-22 wp-block-columns\">\n<div class=\"wp-container-17 wp-block-column\">\n<figure class=\"wp-block-image size-large\"><img src=\"https:\/\/www.ipleiria.pt\/wp-content\/uploads\/2025\/04\/liliana-vidal-1920x1920.jpg\" alt=\"\" class=\"wp-image-101985\"\/><\/figure>\n\n\n\n<p>Liliana Vidal<br><strong>Psychologist<\/strong><br><a rel=\"noreferrer noopener\" href=\"mailto:liliana.vidal@ipleiria.pt\" target=\"_blank\">liliana.vidal@ipleiria.pt<\/a><\/p>\n<\/div>\n\n\n\n<div class=\"wp-container-18 wp-block-column\">\n<figure class=\"wp-block-image size-large\"><img src=\"https:\/\/www.ipleiria.pt\/wp-content\/uploads\/2025\/10\/LuisFilipe_CAE_v-1920x1920.jpg\" alt=\"\" class=\"wp-image-109367\"\/><\/figure>\n\n\n\n<p>Lu\u00eds Filipe<br><strong>Psychologist<\/strong><br><a rel=\"noreferrer noopener\" href=\"mailto:luis.filipe@ipleiria.pt\" target=\"_blank\">luis.filipe@ipleiria.pt<\/a><\/p>\n<\/div>\n\n\n\n<div class=\"wp-container-19 wp-block-column\">\n<figure class=\"wp-block-image size-full\"><img src=\"https:\/\/www.ipleiria.pt\/wp-content\/uploads\/2025\/04\/patricia-frade2.jpg\" alt=\"\" class=\"wp-image-102117\"\/><\/figure>\n\n\n\n<p>Patr\u00edcia Frade<br><strong>Social Worker<\/strong><br><a rel=\"noreferrer noopener\" href=\"mailto:patricia.frade@ipleiria.pt\" target=\"_blank\">patricia.frade@ipleiria.pt<\/a><\/p>\n<\/div>\n\n\n\n<div class=\"wp-container-20 wp-block-column\">\n<figure class=\"wp-block-image size-large\"><img src=\"https:\/\/www.ipleiria.pt\/wp-content\/uploads\/2025\/04\/Sandra-Alves-Foto-1920x1920.jpg\" alt=\"\" class=\"wp-image-101990\"\/><\/figure>\n\n\n\n<p>Sandra Alves<br><strong>Psychologist<\/strong><br><a rel=\"noreferrer noopener\" href=\"mailto:sandra.alves@ipleiria.pt\" target=\"_blank\">sandra.alves@ipleiria.pt<\/a><\/p>\n<\/div>\n\n\n\n<div class=\"wp-container-21 wp-block-column\"><\/div>\n<\/div>\n\n\n\n<div id=\"gbc-a97456-36\" class=\"wp-block-pt-ipleiria-ued-wp-theme-ipleiria-gutenbergblocks-container gbc gbc-view row-valign-top align-full\" style=\"margin-top:60px;margin-bottom:60px;min-height:513px\"><div class=\"gbc-background\" style=\"background-image:url(https:\/\/www.ipleiria.pt\/wp-content\/uploads\/2025\/04\/MedidasATuaMedida_Banner@2x.png);background-size:cover;background-position:42% 43%;background-repeat:no-repeat;background-attachment:scroll\"><\/div><div class=\"gbc-background-overlay gbc-background-overlay-normal\" style=\"background-color:#262626;opacity:0.35\"><\/div><div class=\"gbc-wrapper\" style=\"padding-top:230px;padding-bottom:60px\"><div id=\"gbc-container-gbc-a97456-36\" class=\"inner-container\">\n<p class=\"has-text-align-center is-style-theme-subtitle-inherit-color has-dark-title-text-color-color has-text-color\">Mais medidas \u00e0 tua Medida<\/p>\n\n\n\n<h2 class=\"has-text-align-center is-style-theme-title has-dark-title-text-color-color has-text-color\" id=\"a-tua-medida_2\">Buddy ENEE e Learning Credit Card<\/h2>\n\n\n\n<p><\/p>\n<\/div><\/div><\/div>\n\n\n\n<div class=\"wp-container-25 wp-block-columns\">\n<div class=\"wp-container-23 wp-block-column\">\n<h3 class=\"is-style-theme-default-title\" id=\"simplex-inclusivo\"><strong>Buddy <\/strong>ENEE<\/h3>\n\n\n\n<p>This programme is provided by a group of volunteers\u2014students from the Polytechnic University of Leiria\u2014who will be available to be your Buddy.<\/p>\n\n\n\n<p>Your Buddy, who may be a fellow student from your course, can play an important role in helping you with your day-to-day activities, taking into account your specific needs.<\/p>\n<\/div>\n\n\n\n<div class=\"wp-container-24 wp-block-column\">\n<h3 class=\"is-style-theme-default-title\" id=\"simplex-inclusivo\">Credit Card &#8211; <strong> 40 hours of learning support<\/strong><\/h3>\n\n\n\n<p>As a student with the ENEE Status, you have the option to benefit from a 40-Hour Learning Support Card for the curricular units of your choice. This support is provided by Professors and Case Managers from the Polytechnic University of Leiria.<\/p>\n<\/div>\n<\/div>\n\n\n\n<hr class=\"wp-block-separator has-alpha-channel-opacity is-style-wide\"\/>\n\n\n\n<div class=\"wp-container-28 wp-block-columns\">\n<div class=\"wp-container-26 wp-block-column\">\n<p class=\"is-style-theme-subtitle\">cAE Contacts<\/p>\n\n\n\n<h2 class=\"is-style-theme-title\" id=\"apoio-nee_2\">More information<\/h2>\n\n\n\n<div style=\"height:20px\" aria-hidden=\"true\" class=\"wp-block-spacer\"><\/div>\n\n\n\n<p><strong>E-mail:<\/strong> <a rel=\"noreferrer noopener\" href=\"mailto:cae@ipleiria.pt\" target=\"_blank\">cae@ipleiria.pt<\/a><br><strong>Phone: <\/strong>244 830&nbsp;010<\/p>\n<\/div>\n\n\n\n<div class=\"wp-container-27 wp-block-column\">\n<div style=\"height:20px\" aria-hidden=\"true\" class=\"wp-block-spacer\"><\/div>\n\n\n\n<figure class=\"wp-block-image size-full\"><img src=\"https:\/\/www.ipleiria.pt\/wp-content\/uploads\/2025\/04\/120A8711-Enhanced-NR.jpg\" alt=\"\" class=\"wp-image-102433\"\/><\/figure>\n<\/div>\n<\/div>\n\n\n\n<div id=\"gba_075fff-13\" class=\"wp-block-pt-ipleiria-ued-wp-theme-ipleiria-gutenbergblocks-collapse gba gba-view gba_075fff-13\">\n<div id=\"gba-pane_b7891b-66\" class=\"wp-block-pt-ipleiria-ued-wp-theme-ipleiria-gutenbergblocks-collapse-pane gba-pane gba-pane-save gba-pane_b7891b-66\"><div class=\"card\"><div class=\"card-header\" id=\"gba-pane-heading_b7891b-66\"><div class=\"mb-0\"><button class=\"btn btn-link collapsed\" type=\"button\" data-toggle=\"collapse\" data-target=\"#gba-pane-collapse_b7891b-66\" aria-controls=\"gba-pane-collapse_b7891b-66\" aria-expanded=\"false\"><span class=\"gba-pane-title\">Useful information for ENEE<\/span><\/button><\/div><\/div><div id=\"gba-pane-collapse_b7891b-66\" class=\"panel-content collapse\" aria-labelledby=\"gba-pane-heading_b7891b-66\" data-parent=\"#gba_075fff-13\"><div class=\"card-body\">\n<ul><li>Valor T \u2013 Employability Agency for people with disabilities (project by Santa Casa da Miseric\u00f3rdia de Lisboa) \u2013 <a rel=\"noreferrer noopener\" href=\"https:\/\/valort.pt\/\" data-type=\"URL\" data-id=\"https:\/\/valort.pt\/\" target=\"_blank\">https:\/\/valort.pt\/<\/a><\/li><li>IPLeiria Digital Inclusion Resource Center (CRID) \u2013 Adaptation of materials and equipment (Braille printing or other types of supports and IT equipment) \u2013 <a rel=\"noreferrer noopener\" href=\"https:\/\/crid.esecs.ipleiria.pt\/\" target=\"_blank\">https:\/\/crid.esecs.ipleiria.pt\/<\/a><\/li><li>Balc\u00e3o IncluIES \u2013 Part of the \u201cInclusion for Knowledge\u201d Programme, promoted by the Ministry of Science, Technology and Higher Education, gathering content about disability support \u2013 <a rel=\"noreferrer noopener\" href=\"https:\/\/www.dges.gov.pt\/pt\/incluies?plid=1752\" target=\"_blank\">https:\/\/www.dges.gov.pt\/pt\/incluies?plid=1752<\/a><\/li><li>Emergency assistance app for deaf citizens \u2013 download the MAI112 app on the&nbsp;<a rel=\"noreferrer noopener\" href=\"http:\/\/www.112.pt\/Paginas\/Home.aspx\" target=\"_blank\">Portal 112.pt<\/a><\/li><\/ul>\n<\/div><\/div><\/div><\/div>\n<\/div>\n","protected":false},"excerpt":{"rendered":"Student Support Center Support tailored for your needs If you are part of the academic community at the Polytechnic University of Leiria and you need specific support, you have the opportunity to benefit from a range of resources that can assist you in your academic journey. If you have, whether permanently or temporarily, one or [&hellip;]","protected":false},"author":8,"featured_media":48140,"parent":2122,"menu_order":0,"comment_status":"closed","ping_status":"closed","template":"","meta":{"multilingual_post_translation":"{\"pt-PT\":{\"url\":\"https:\/\/www.ipleiria.pt\/viver\/servicos\/centro-apoio-estudante\/apoio-nee\/\",\"postID\":null,\"postTitle\":\"\",\"siteID\":1,\"customURL\":true,\"languageInfo\":{\"multilingual_site_api_url\":\"https:\/\/www.ipleiria.pt\/wp-json\/\",\"name\":\"Portugu\u00eas\",\"locale\":\"pt_PT\"}}}","custompostfields_page-thumbnail":"","custompostfields_banners":"","custompostfields_meta-description":""},"_links":{"self":[{"href":"https:\/\/www.ipleiria.pt\/en\/wp-json\/wp\/v2\/pages\/48076"}],"collection":[{"href":"https:\/\/www.ipleiria.pt\/en\/wp-json\/wp\/v2\/pages"}],"about":[{"href":"https:\/\/www.ipleiria.pt\/en\/wp-json\/wp\/v2\/types\/page"}],"author":[{"embeddable":true,"href":"https:\/\/www.ipleiria.pt\/en\/wp-json\/wp\/v2\/users\/8"}],"replies":[{"embeddable":true,"href":"https:\/\/www.ipleiria.pt\/en\/wp-json\/wp\/v2\/comments?post=48076"}],"version-history":[{"count":7,"href":"https:\/\/www.ipleiria.pt\/en\/wp-json\/wp\/v2\/pages\/48076\/revisions"}],"predecessor-version":[{"id":49473,"href":"https:\/\/www.ipleiria.pt\/en\/wp-json\/wp\/v2\/pages\/48076\/revisions\/49473"}],"up":[{"embeddable":true,"href":"https:\/\/www.ipleiria.pt\/en\/wp-json\/wp\/v2\/pages\/2122"}],"wp:featuredmedia":[{"embeddable":true,"href":"https:\/\/www.ipleiria.pt\/en\/wp-json\/wp\/v2\/media\/48140"}],"wp:attachment":[{"href":"https:\/\/www.ipleiria.pt\/en\/wp-json\/wp\/v2\/media?parent=48076"}],"curies":[{"name":"wp","href":"https:\/\/api.w.org\/{rel}","templated":true}]}}