{"id":6865,"date":"2020-05-08T10:20:39","date_gmt":"2020-05-08T09:20:39","guid":{"rendered":"https:\/\/www.ipleiria.pt\/?page_id=6865"},"modified":"2021-05-09T16:03:34","modified_gmt":"2021-05-09T15:03:34","slug":"programas-internacionais","status":"publish","type":"page","link":"https:\/\/www.ipleiria.pt\/en\/study\/more-education\/international-education\/programas-internacionais\/","title":{"rendered":"Programas Internacionais"},"content":{"rendered":"\n<div class=\"wp-container-3 wp-block-columns\">\n<div class=\"wp-container-1 wp-block-column\">\n<h2 class=\"is-style-theme-title\">Programas Internacionais<\/h2>\n\n\n\n<p>Os programas de estudos para estudantes internacionais incluem unidades curriculares internacionais, programas personalizados e cursos de ver\u00e3o. <\/p>\n\n\n\n<p>Estes programas aliam a experi\u00eancia de internacionaliza\u00e7\u00e3o acad\u00e9mica \u00e0 possibilidade de conhecer uma nova cultura e mundo empresarial.<\/p>\n\n\n\n<p>Neste momento, o Polit\u00e9cnico de Leiria apenas oferece programas de estudos a estudantes do Centro Universit\u00e1rio IESB (Brasil). No entanto, estamos a investir para revolucionar a oferta formativa internacional do Polit\u00e9cnico de Leiria.<\/p>\n<\/div>\n\n\n\n<div class=\"wp-container-2 wp-block-column\">\n<figure class=\"wp-block-image size-large\"><img loading=\"lazy\" width=\"1024\" height=\"683\" src=\"https:\/\/www.ipleiria.pt\/en\/wp-content\/uploads\/sites\/25\/2021\/04\/2internacional_1-1024x683.jpg\" alt=\"\" class=\"wp-image-25735\" srcset=\"https:\/\/www.ipleiria.pt\/en\/wp-content\/uploads\/sites\/25\/2021\/04\/2internacional_1-1024x683.jpg 1024w, https:\/\/www.ipleiria.pt\/en\/wp-content\/uploads\/sites\/25\/2021\/04\/2internacional_1-300x200.jpg 300w, https:\/\/www.ipleiria.pt\/en\/wp-content\/uploads\/sites\/25\/2021\/04\/2internacional_1-768x512.jpg 768w, https:\/\/www.ipleiria.pt\/en\/wp-content\/uploads\/sites\/25\/2021\/04\/2internacional_1.jpg 1536w\" sizes=\"(max-width: 1024px) 100vw, 1024px\" \/><\/figure>\n<\/div>\n<\/div>\n\n\n\n<hr class=\"wp-block-separator\"\/>\n\n\n\n<h4><strong>Unidade curricular internacional: Comunica\u00e7\u00e3o Integrada de Marketing B-Learning<\/strong><\/h4>\n\n\n\n<p>Esta unidade curricular internacional foi criada no \u00e2mbito da parceria entre o Polit\u00e9cnico de Leiria e o Centro Universit\u00e1rio IESB da qual resultou um acordo espec\u00edfico com vista \u00e0 frequ\u00eancia por parte dos estudantes de P\u00f3s-Gradua\u00e7\u00e3o do IESB de um curso de extens\u00e3o em Portugal, destinado a estudantes internacionais.<\/p>\n\n\n\n<div class=\"wp-container-5 wp-block-columns\">\n<div class=\"wp-container-4 wp-block-column\">\n<h5>Destinat\u00e1rios<\/h5>\n\n\n\n<p>Estudantes de P\u00f3s-Gradua\u00e7\u00e3o do IESB (P\u00f3s-Gradua\u00e7\u00e3o em Assessoria em Comunica\u00e7\u00e3o P\u00fablica e P\u00f3s-Gradua\u00e7\u00e3o em Jornalismo).<\/p>\n<\/div>\n<\/div>\n\n\n\n<div class=\"wp-container-9 wp-block-columns\">\n<div class=\"wp-container-7 wp-block-column\">\n<h5>Alojamento<\/h5>\n\n\n\n<p>O Polit\u00e9cnico de Leiria n\u00e3o disponibiliza alojamento sendo esta uma responsabilidade do participante. Para conhecer a oferta na cidade de Leiria consulte a informa\u00e7\u00e3o&nbsp;<a href=\"https:\/\/www.ipleiria.pt\/en\/live\/student-life\/leiria-region\/\" data-type=\"URL\" data-id=\"https:\/\/www.ipleiria.pt\/en\/live\/student-life\/leiria-region\/\" target=\"_blank\" rel=\"noreferrer noopener\">aqui<\/a>&nbsp;.<\/p>\n\n\n\n<div class=\"wp-container-6 wp-block-buttons\"><\/div>\n\n\n\n<h5>Cultura<\/h5>\n\n\n\n<p>O programa cultural ser\u00e1 oportunamente divulgado e elaborado de acordo com o n\u00famero de inscritos.<\/p>\n<\/div>\n\n\n\n<div class=\"wp-container-8 wp-block-column\">\n<h5>Servi\u00e7os&nbsp;<\/h5>\n\n\n\n<p>Durante todo o per\u00edodo do curso, os estudantes do IESB poder\u00e3o utilizar as instala\u00e7\u00f5es e servi\u00e7os de apoio para estudantes, nomeadamente, bibliotecas, gabinetes de trabalho, salas de inform\u00e1tica, espa\u00e7os desportivos e de lazer.<\/p>\n<\/div>\n<\/div>\n\n\n\n<hr class=\"wp-block-separator is-style-wide\"\/>\n\n\n\n<h3>Prazos e pagamento<\/h3>\n\n\n\n<h5>Edi\u00e7\u00e3o de maio de 2021<\/h5>\n\n\n\n<div class=\"wp-container-11 wp-block-columns\">\n<div class=\"wp-container-10 wp-block-column\">\n<p><strong>Inclui:<\/strong><\/p>\n\n\n\n<ul><li>1 unidade curricular isolada.<\/li><li>Transferes de e para o aeroporto.<\/li><li>2 refei\u00e7\u00f5es em restaurantes.<\/li><li>Refei\u00e7\u00f5es nas cantinas do Polit\u00e9cnico de Leiria.<\/li><li>1 passeio para atividades socioculturais.<\/li><\/ul>\n<\/div>\n<\/div>\n\n\n\n<div class=\"wp-container-14 wp-block-columns\">\n<div class=\"wp-container-13 wp-block-column\">\n<div class=\"wp-container-12 wp-block-buttons\">\n<div class=\"wp-block-button is-style-theme-button-solid\"><a class=\"wp-block-button__link\" href=\"http:\/\/www.eventos.ipleiria.pt\/portal\/eventos?p_id=25211\" target=\"_blank\" rel=\"noreferrer noopener\">Inscri\u00e7\u00e3o<\/a><\/div>\n<\/div>\n\n\n\n<p>Clique no link acima para efetuar a inscri\u00e7\u00e3o e pagamentos, que s\u00e3o obrigat\u00f3rios.<\/p>\n\n\n\n<p style=\"font-size:13px\">* Se o n\u00famero de candidatos for inferior a&nbsp;8 o Polit\u00e9cnico de Leiria reavaliar\u00e1 as condi\u00e7\u00f5es de funcionamento do curso.<\/p>\n<\/div>\n<\/div>\n\n\n\n<p>Para mais informa\u00e7\u00f5es relacionadas com este ou outros m\u00f3dulos internacionais, por favor envie um email para <a rel=\"noreferrer noopener\" href=\"mailto:gire.estg@ipleiria.pt\" target=\"_blank\">gire.estg@ipleiria.pt<\/a>.<\/p>\n\n\n\n<p><\/p>\n","protected":false},"excerpt":{"rendered":"Programas Internacionais Os programas de estudos para estudantes internacionais incluem unidades curriculares internacionais, programas personalizados e cursos de ver\u00e3o. Estes programas aliam a experi\u00eancia de internacionaliza\u00e7\u00e3o acad\u00e9mica \u00e0 possibilidade de conhecer uma nova cultura e mundo empresarial. Neste momento, o Polit\u00e9cnico de Leiria apenas oferece programas de estudos a estudantes do Centro Universit\u00e1rio IESB (Brasil). [&hellip;]","protected":false},"author":2,"featured_media":0,"parent":861,"menu_order":5,"comment_status":"closed","ping_status":"closed","template":"","meta":{"multilingual_post_translation":"{\"pt-PT\":{\"url\":\"https:\/\/www.ipleiria.pt\/estudar\/mais-formacao\/cursos-internacionais\/programas-internacionais\/\",\"postID\":null,\"postTitle\":\"\",\"siteID\":1,\"customURL\":true,\"languageInfo\":{\"name\":\"Portuguese (Portugal)\",\"locale\":\"pt_PT\"}}}","custompostfields_page-thumbnail":"","custompostfields_banners":"","custompostfields_meta-description":""},"_links":{"self":[{"href":"https:\/\/www.ipleiria.pt\/en\/wp-json\/wp\/v2\/pages\/6865"}],"collection":[{"href":"https:\/\/www.ipleiria.pt\/en\/wp-json\/wp\/v2\/pages"}],"about":[{"href":"https:\/\/www.ipleiria.pt\/en\/wp-json\/wp\/v2\/types\/page"}],"author":[{"embeddable":true,"href":"https:\/\/www.ipleiria.pt\/en\/wp-json\/wp\/v2\/users\/2"}],"replies":[{"embeddable":true,"href":"https:\/\/www.ipleiria.pt\/en\/wp-json\/wp\/v2\/comments?post=6865"}],"version-history":[{"count":9,"href":"https:\/\/www.ipleiria.pt\/en\/wp-json\/wp\/v2\/pages\/6865\/revisions"}],"predecessor-version":[{"id":31947,"href":"https:\/\/www.ipleiria.pt\/en\/wp-json\/wp\/v2\/pages\/6865\/revisions\/31947"}],"up":[{"embeddable":true,"href":"https:\/\/www.ipleiria.pt\/en\/wp-json\/wp\/v2\/pages\/861"}],"wp:attachment":[{"href":"https:\/\/www.ipleiria.pt\/en\/wp-json\/wp\/v2\/media?parent=6865"}],"curies":[{"name":"wp","href":"https:\/\/api.w.org\/{rel}","templated":true}]}}