{"id":919,"date":"2019-02-05T01:47:48","date_gmt":"2019-02-05T01:47:48","guid":{"rendered":"https:\/\/www.ipleiria.pt\/?page_id=919"},"modified":"2025-05-15T16:16:06","modified_gmt":"2025-05-15T15:16:06","slug":"students-online-workspace","status":"publish","type":"page","link":"https:\/\/www.ipleiria.pt\/en\/live\/academic-success\/students-online-workspace\/","title":{"rendered":"Students&#8217; Online Workspace"},"content":{"rendered":"\n<div class=\"wp-container-3 wp-block-columns\">\n<div class=\"wp-container-1 wp-block-column\">\n<p class=\"is-style-theme-subtitle-inherit-color\">academic success<\/p>\n\n\n\n<p class=\"is-style-theme-title\">Students&#8217; Online Workspace<\/p>\n\n\n\n<p>The Student Portal is Polit\u00e9cnico de Leiria&#8217;s online teaching and learning platform. There you can check your timetable, pay for student services, access a wide range of study programme resources, syllabuses, assessment samples and activities, as well as get support.<\/p>\n\n\n\n<p><\/p>\n\n\n\n<div class=\"wp-block-button is-style-theme-button-solid\"><a class=\"wp-block-button__link\" href=\"https:\/\/portaldoestudante.ipleiria.pt\/netpa\/page\" target=\"_blank\" rel=\"noreferrer noopener\">student Portal<\/a><\/div>\n<\/div>\n\n\n\n<div class=\"wp-container-2 wp-block-column\">\n<figure class=\"wp-block-image size-large\"><img loading=\"lazy\" width=\"1024\" height=\"683\" src=\"https:\/\/www.ipleiria.pt\/en\/wp-content\/uploads\/sites\/25\/2019\/10\/MG_9023-1-1024x683.jpg\" alt=\"\" class=\"wp-image-4841\" srcset=\"https:\/\/www.ipleiria.pt\/en\/wp-content\/uploads\/sites\/25\/2019\/10\/MG_9023-1-1024x683.jpg 1024w, https:\/\/www.ipleiria.pt\/en\/wp-content\/uploads\/sites\/25\/2019\/10\/MG_9023-1-300x200.jpg 300w, https:\/\/www.ipleiria.pt\/en\/wp-content\/uploads\/sites\/25\/2019\/10\/MG_9023-1-768x512.jpg 768w, https:\/\/www.ipleiria.pt\/en\/wp-content\/uploads\/sites\/25\/2019\/10\/MG_9023-1-1536x1024.jpg 1536w, https:\/\/www.ipleiria.pt\/en\/wp-content\/uploads\/sites\/25\/2019\/10\/MG_9023-1.jpg 1920w\" sizes=\"(max-width: 1024px) 100vw, 1024px\" \/><\/figure>\n<\/div>\n<\/div>\n\n\n\n<div style=\"height:40px\" aria-hidden=\"true\" class=\"wp-block-spacer\"><\/div>\n\n\n\n<div class=\"wp-container-8 wp-block-columns\">\n<div class=\"wp-container-4 wp-block-column\">\n<p class=\"has-text-align-center\" style=\"font-size:14px\"><a class=\"wp-block-pt-ipleiria-ued-wp-theme-ipleiria-gutenbergblocks-infobox gbib gbib-view is-style-theme-infobox-caps\"><span class=\"gbib-wrapper gbib-image-wrapper\"><img class=\"gbib-image\" src=\"https:\/\/www.ipleiria.pt\/en\/wp-content\/uploads\/sites\/25\/2019\/10\/email.png\" alt=\"\"><\/span><\/a><a class=\"wp-block-pt-ipleiria-ued-wp-theme-ipleiria-gutenbergblocks-infobox gbib gbib-view is-style-theme-infobox-caps\"><span class=\"gbib-wrapper gbib-image-wrapper\"><span class=\"gbib-title\">Email ACCOUNT<\/span><span class=\"gbib-title\"><\/span><\/span><\/a><a rel=\"noreferrer noopener\" href=\"https:\/\/outlook.office.com\/mail\/inbox\" target=\"_blank\">Student email account<\/a><\/p>\n<\/div>\n\n\n\n<div class=\"wp-container-5 wp-block-column\">\n<div class=\"wp-block-pt-ipleiria-ued-wp-theme-ipleiria-gutenbergblocks-infobox gbib gbib-view is-style-theme-infobox-caps\"><div class=\"gbib-wrapper gbib-image-wrapper\"><img class=\"gbib-image\" src=\"https:\/\/www.ipleiria.pt\/en\/wp-content\/uploads\/sites\/25\/2019\/10\/wifi.png\" alt=\"\"\/><\/div><div class=\"gbib-wrapper gbib-title-wrapper\"><h2 class=\"gbib-title\">free Wi-fi <\/h2><\/div><div class=\"gbib-wrapper gbib-description-wrapper\"><div class=\"gbib-description\"><a rel=\"noreferrer noopener\" aria-label=\"escolas, resid\u00eancias, cantinas e espa\u00e7os do Polit\u00e9cnico de Leiria (opens in a new tab)\" href=\"https:\/\/www.ipleiria.pt\/dsi\/pag2\/#rede-sem-fios\" target=\"_blank\">IT Services<\/a><\/div><\/div><\/div>\n<\/div>\n\n\n\n<div class=\"wp-container-6 wp-block-column\">\n<div class=\"wp-block-pt-ipleiria-ued-wp-theme-ipleiria-gutenbergblocks-infobox gbib gbib-view is-style-theme-infobox-caps\"><div class=\"gbib-wrapper gbib-image-wrapper\"><img class=\"gbib-image\" src=\"https:\/\/www.ipleiria.pt\/en\/wp-content\/uploads\/sites\/25\/2019\/10\/ead.png\" alt=\"\"\/><\/div><div class=\"gbib-wrapper gbib-title-wrapper\"><h2 class=\"gbib-title\">elearning Platform<\/h2><\/div><div class=\"gbib-wrapper gbib-description-wrapper\"><div class=\"gbib-description\"><a rel=\"noreferrer noopener\" aria-label=\"todas as Unidades Curriculares (UCs) t\u00eam um espa\u00e7o no Moodle (opens in a new tab)\" href=\"https:\/\/ead.ipleiria.pt\/2019-20\/login\/index.php\" target=\"_blank\">Moodle <\/a><\/div><\/div><\/div>\n<\/div>\n\n\n\n<div class=\"wp-container-7 wp-block-column\">\n<div class=\"wp-block-pt-ipleiria-ued-wp-theme-ipleiria-gutenbergblocks-infobox gbib gbib-view is-style-theme-infobox-caps\"><div class=\"gbib-wrapper gbib-image-wrapper\"><img class=\"gbib-image\" src=\"https:\/\/www.ipleiria.pt\/en\/wp-content\/uploads\/sites\/25\/2019\/10\/sumario.png\" alt=\"\"\/><\/div><div class=\"gbib-wrapper gbib-title-wrapper\"><h2 class=\"gbib-title\">class Summaries<\/h2><\/div><div class=\"gbib-wrapper gbib-description-wrapper\"><div class=\"gbib-description\"><a rel=\"noreferrer noopener\" aria-label=\"podes consultar os sum\u00e1rios das tuas UC (opens in a new tab)\" href=\"https:\/\/publico.agcp.ipleiria.pt\/Paginas\/UnidadesCurricularesPublico.aspx\" target=\"_blank\">Review what you&#8217;ve learnt<\/a><\/div><\/div><\/div>\n<\/div>\n<\/div>\n\n\n\n<div style=\"height:80px\" aria-hidden=\"true\" class=\"wp-block-spacer\"><\/div>\n\n\n\n<div id=\"gbc-_472d4b-9a\" class=\"wp-block-pt-ipleiria-ued-wp-theme-ipleiria-gutenbergblocks-container gbc gbc-view row-valign-top align-full\" style=\"background-color:#F3F3F3\"><div class=\"gbc-background-overlay gbc-background-overlay-normal\" style=\"opacity:0.3\"><\/div><div class=\"gbc-wrapper\" style=\"padding-top:0;padding-bottom:0\"><div id=\"gbc-container-gbc-_472d4b-9a\" class=\"inner-container\">\n<div class=\"wp-container-11 wp-block-columns\">\n<div class=\"wp-container-9 wp-block-column is-vertically-aligned-top\">\n<figure class=\"wp-block-image size-large img-cover\"><img loading=\"lazy\" width=\"1024\" height=\"516\" src=\"https:\/\/www.ipleiria.pt\/en\/wp-content\/uploads\/sites\/25\/2019\/10\/MG_9138_2-1024x516.jpg\" alt=\"\" class=\"wp-image-4861\" srcset=\"https:\/\/www.ipleiria.pt\/en\/wp-content\/uploads\/sites\/25\/2019\/10\/MG_9138_2-1024x516.jpg 1024w, https:\/\/www.ipleiria.pt\/en\/wp-content\/uploads\/sites\/25\/2019\/10\/MG_9138_2-300x151.jpg 300w, https:\/\/www.ipleiria.pt\/en\/wp-content\/uploads\/sites\/25\/2019\/10\/MG_9138_2-768x387.jpg 768w, https:\/\/www.ipleiria.pt\/en\/wp-content\/uploads\/sites\/25\/2019\/10\/MG_9138_2-1536x774.jpg 1536w, https:\/\/www.ipleiria.pt\/en\/wp-content\/uploads\/sites\/25\/2019\/10\/MG_9138_2.jpg 1920w\" sizes=\"(max-width: 1024px) 100vw, 1024px\" \/><\/figure>\n<\/div>\n\n\n\n<div class=\"wp-container-10 wp-block-column ml-0\">\n<div id=\"gbc-_0d51ab-ee\" class=\"wp-block-pt-ipleiria-ued-wp-theme-ipleiria-gutenbergblocks-container gbc gbc-view row-valign-top align-full pl-md-4 scrollable-content\" style=\"margin-left:0px;margin-right:0px\"><div class=\"gbc-background-overlay gbc-background-overlay-normal\" style=\"opacity:0.3\"><\/div><div class=\"gbc-wrapper\"><div id=\"gbc-container-gbc-_0d51ab-ee\" class=\"inner-container\" style=\"max-width:540px\">\n<div id=\"gbc-_626ca3-d9\" class=\"wp-block-pt-ipleiria-ued-wp-theme-ipleiria-gutenbergblocks-container gbc gbc-view row-valign-top align-none\"><div class=\"gbc-background-overlay gbc-background-overlay-normal\" style=\"opacity:0.3\"><\/div><div class=\"gbc-wrapper\" style=\"padding-left:15px;padding-right:15px;padding-top:42px;padding-bottom:15px\"><div id=\"gbc-container-gbc-_626ca3-d9\" class=\"inner-container container\">\n<h2 class=\"has-text-align-left is-style-theme-title\">Reasons to love Polit\u00e9cnico de Leiria<\/h2>\n\n\n\n<p>We&#8217;re proud to be an institution that welcomes students from all over the world, from all different backgrounds. We&#8217;re experienced in helping our students succeed in their studies and grow as an individual.<\/p>\n\n\n\n<p>Read more about student life at Polit\u00e9cnico de Leiria and all the affordable services and opportunities we offer.<\/p>\n\n\n\n<div style=\"height:25px\" aria-hidden=\"true\" class=\"wp-block-spacer\"><\/div>\n\n\n\n<div class=\"wp-block-button is-style-theme-button-outline\"><a class=\"wp-block-button__link\" href=\"https:\/\/www.ipleiria.pt\/en\/live\/student-life\/\">student life<\/a><\/div>\n<\/div><\/div><\/div>\n<\/div><\/div><\/div>\n<\/div>\n<\/div>\n\n\n\n<div style=\"height:50px\" aria-hidden=\"true\" class=\"wp-block-spacer\"><\/div>\n\n\n\n<div style=\"height:20px\" aria-hidden=\"true\" class=\"wp-block-spacer\"><\/div>\n\n\n\n<div class=\"wp-container-17 wp-block-columns\">\n<div class=\"wp-container-12 wp-block-column\">\n<a class=\"wp-block-pt-ipleiria-ued-wp-theme-ipleiria-gutenbergblocks-infobox gbib gbib-view is-style-theme-infobox-caps\" href=\"https:\/\/www.ipleiria.pt\/en\/live\/student-life\/food-services\/\"><span class=\"gbib-wrapper gbib-image-wrapper\"><img class=\"gbib-image\" src=\"https:\/\/www.ipleiria.pt\/en\/wp-content\/uploads\/sites\/25\/2019\/10\/alimentacao-1.png\" alt=\"\"\/><\/span><span class=\"gbib-wrapper gbib-title-wrapper\"><span class=\"gbib-title\">food services<\/span><\/span><span class=\"gbib-wrapper gbib-read-more-wrapper\"><span class=\"gbib-read-more\">Five canteens and eight cafeterias<\/span><\/span><\/a>\n\n\n\n<p><\/p>\n<\/div>\n\n\n\n<div class=\"wp-container-13 wp-block-column\">\n<a class=\"wp-block-pt-ipleiria-ued-wp-theme-ipleiria-gutenbergblocks-infobox gbib gbib-view is-style-theme-infobox-caps\" href=\"https:\/\/www.ipleiria.pt\/en\/live\/student-life\/accommodation\/\"><span class=\"gbib-wrapper gbib-image-wrapper\"><img class=\"gbib-image\" src=\"https:\/\/www.ipleiria.pt\/en\/wp-content\/uploads\/sites\/25\/2019\/10\/residencia_02.png\" alt=\"\"\/><\/span><span class=\"gbib-wrapper gbib-title-wrapper\"><span class=\"gbib-title\">accommodation<\/span><\/span><span class=\"gbib-wrapper gbib-read-more-wrapper\"><span class=\"gbib-read-more\">More than 750 beds for our students <\/span><\/span><\/a>\n\n\n\n<p><\/p>\n<\/div>\n\n\n\n<div class=\"wp-container-14 wp-block-column\">\n<a class=\"wp-block-pt-ipleiria-ued-wp-theme-ipleiria-gutenbergblocks-infobox gbib gbib-view is-style-theme-infobox-caps\" href=\"https:\/\/www.ipleiria.pt\/en\/live\/student-support\/scholarships\/\"><span class=\"gbib-wrapper gbib-image-wrapper\"><img class=\"gbib-image\" src=\"https:\/\/www.ipleiria.pt\/en\/wp-content\/uploads\/sites\/25\/2019\/10\/bolsa_02.png\" alt=\"\"\/><\/span><span class=\"gbib-wrapper gbib-title-wrapper\"><span class=\"gbib-title\">scholarships<\/span><\/span><span class=\"gbib-wrapper gbib-read-more-wrapper\"><span class=\"gbib-read-more\">Student financial benefits <\/span><\/span><\/a>\n<\/div>\n\n\n\n<div class=\"wp-container-15 wp-block-column\">\n<a class=\"wp-block-pt-ipleiria-ued-wp-theme-ipleiria-gutenbergblocks-infobox gbib gbib-view is-style-theme-infobox-caps\" href=\"https:\/\/www.ipleiria.pt\/en\/live\/student-life\/sport-and-fitness\/\"><span class=\"gbib-wrapper gbib-image-wrapper\"><img class=\"gbib-image\" src=\"https:\/\/www.ipleiria.pt\/en\/wp-content\/uploads\/sites\/25\/2019\/10\/desporto.png\" alt=\"\"\/><\/span><span class=\"gbib-wrapper gbib-title-wrapper\"><span class=\"gbib-title\">sport and Fitness<\/span><\/span><span class=\"gbib-wrapper gbib-read-more-wrapper\"><span class=\"gbib-read-more\">Free sport classes for all abilities and levels of fitness <\/span><\/span><\/a>\n\n\n\n<p><\/p>\n<\/div>\n\n\n\n<div class=\"wp-container-16 wp-block-column\">\n<a class=\"wp-block-pt-ipleiria-ued-wp-theme-ipleiria-gutenbergblocks-infobox gbib gbib-view is-style-theme-infobox-caps\" href=\"https:\/\/www.ipleiria.pt\/en\/live\/student-services\/health-services\/\"><span class=\"gbib-wrapper gbib-image-wrapper\"><img class=\"gbib-image\" src=\"https:\/\/www.ipleiria.pt\/en\/wp-content\/uploads\/sites\/25\/2019\/10\/medica.png\" alt=\"\"\/><\/span><span class=\"gbib-wrapper gbib-title-wrapper\"><span class=\"gbib-title\">health SERVIces<\/span><\/span><span class=\"gbib-wrapper gbib-read-more-wrapper\"><span class=\"gbib-read-more\">Low-cost medical appointments to all our students and staff<\/span><\/span><\/a>\n\n\n\n<p><\/p>\n<\/div>\n<\/div>\n\n\n\n<div style=\"height:80px\" aria-hidden=\"true\" class=\"wp-block-spacer\"><\/div>\n\n\n\n<div id=\"gbc-_30c383-92\" class=\"wp-block-pt-ipleiria-ued-wp-theme-ipleiria-gutenbergblocks-container gbc gbc-view row-valign-middle align-none\" style=\"background-color:#262626\"><div class=\"gbc-background-overlay gbc-background-overlay-normal\" style=\"opacity:0.3\"><\/div><div class=\"gbc-wrapper\" style=\"padding-top:100px;padding-bottom:60px\"><div id=\"gbc-container-gbc-_30c383-92\" class=\"inner-container container\">\n<p class=\"has-text-align-center is-style-theme-subtitle-inherit-color has-text-color\" style=\"color:#ffffff\"><\/p>\n\n\n\n<h2 class=\"has-text-align-center is-style-theme-title-inherit-color has-dark-title-text-color-color has-text-color\">Get free and instant access to student discounts with your student card<\/h2>\n\n\n\n<div style=\"height:30px\" aria-hidden=\"true\" class=\"wp-block-spacer\"><\/div>\n\n\n\n<div class=\"wp-block-button aligncenter is-style-theme-button-outline\"><a class=\"wp-block-button__link has-dark-title-text-color-color has-dark-title-text-color-background-color has-text-color has-background\" href=\"https:\/\/www.ipleiria.pt\/en\/live\/student-support\/discounts-and-benefits\/\" target=\"_blank\" rel=\"noreferrer noopener\">discounts and benefits<\/a><\/div>\n\n\n\n<div style=\"height:30px\" aria-hidden=\"true\" class=\"wp-block-spacer\"><\/div>\n\n\n\n<p><\/p>\n<\/div><\/div><\/div>\n<\/div><\/div><\/div>\n\n\n\n<div id=\"gbc-_b26d0b-6b\" class=\"wp-block-pt-ipleiria-ued-wp-theme-ipleiria-gutenbergblocks-container gbc gbc-view row-valign-top align-full\" style=\"background-color:#F3F3F3\"><div class=\"gbc-background-overlay gbc-background-overlay-normal\" style=\"opacity:0.3\"><\/div><div class=\"gbc-wrapper\" style=\"padding-top:0;padding-bottom:0\"><div id=\"gbc-container-gbc-_b26d0b-6b\" class=\"inner-container\">\n<div class=\"wp-container-20 wp-block-columns\">\n<div class=\"wp-container-18 wp-block-column\">\n<div id=\"gbc-_4cb2bc-b6\" class=\"wp-block-pt-ipleiria-ued-wp-theme-ipleiria-gutenbergblocks-container gbc gbc-view row-valign-top align-full pr-md-4 scrollable-content to-the-left\" style=\"margin-left:0;margin-right:0\"><div class=\"gbc-background-overlay gbc-background-overlay-normal\" style=\"opacity:0.3\"><\/div><div class=\"gbc-wrapper\"><div id=\"gbc-container-gbc-_4cb2bc-b6\" class=\"inner-container\" style=\"max-width:540px\">\n<div id=\"gbc-_7713e6-0d\" class=\"wp-block-pt-ipleiria-ued-wp-theme-ipleiria-gutenbergblocks-container gbc gbc-view row-valign-top align-full\" style=\"margin-left:0px;margin-right:0px\"><div class=\"gbc-background-overlay gbc-background-overlay-normal\" style=\"opacity:0.3\"><\/div><div class=\"gbc-wrapper\" style=\"padding-left:15px;padding-right:15px;padding-top:42px;padding-bottom:15px\"><div id=\"gbc-container-gbc-_7713e6-0d\" class=\"inner-container\">\n<div style=\"height:20px\" aria-hidden=\"true\" class=\"wp-block-spacer\"><\/div>\n\n\n\n<p class=\"has-text-align-left is-style-theme-subtitle\">throughout your studies<\/p>\n\n\n\n<h2 class=\"has-text-align-left is-style-theme-title\">Student Support Center<\/h2>\n\n\n\n<ul><li>Individual and social life guidance<\/li><li>Psychological services<\/li><li>Career guidance<\/li><\/ul>\n\n\n\n<div class=\"wp-block-button is-style-theme-button-solid\"><a class=\"wp-block-button__link\" href=\"https:\/\/www.ipleiria.pt\/en\/live\/student-services\/student-support-center\/?force-lang\" target=\"_blank\" rel=\"noreferrer noopener\">Psychological services<\/a><\/div>\n<\/div><\/div><\/div>\n<\/div><\/div><\/div>\n<\/div>\n\n\n\n<div class=\"wp-container-19 wp-block-column\">\n<figure class=\"wp-block-image size-large\"><img loading=\"lazy\" width=\"1024\" height=\"683\" src=\"https:\/\/www.ipleiria.pt\/en\/wp-content\/uploads\/sites\/25\/2019\/10\/MG_2103-1024x683.jpg\" alt=\"\" class=\"wp-image-4846\" srcset=\"https:\/\/www.ipleiria.pt\/en\/wp-content\/uploads\/sites\/25\/2019\/10\/MG_2103-1024x683.jpg 1024w, https:\/\/www.ipleiria.pt\/en\/wp-content\/uploads\/sites\/25\/2019\/10\/MG_2103-300x200.jpg 300w, https:\/\/www.ipleiria.pt\/en\/wp-content\/uploads\/sites\/25\/2019\/10\/MG_2103-768x512.jpg 768w, https:\/\/www.ipleiria.pt\/en\/wp-content\/uploads\/sites\/25\/2019\/10\/MG_2103-1536x1024.jpg 1536w, https:\/\/www.ipleiria.pt\/en\/wp-content\/uploads\/sites\/25\/2019\/10\/MG_2103.jpg 1920w\" sizes=\"(max-width: 1024px) 100vw, 1024px\" \/><\/figure>\n<\/div>\n<\/div>\n<\/div><\/div><\/div>\n\n\n\n<div style=\"height:68px\" aria-hidden=\"true\" class=\"wp-block-spacer\"><\/div>\n\n\n\n<h2 class=\"has-text-align-center is-style-theme-title\">Other Services<\/h2>\n\n\n\n<div style=\"height:30px\" aria-hidden=\"true\" class=\"wp-block-spacer\"><\/div>\n\n\n\n<div class=\"wp-container-24 wp-block-columns\">\n<div class=\"wp-container-21 wp-block-column\">\n<a class=\"wp-block-pt-ipleiria-ued-wp-theme-ipleiria-gutenbergblocks-infobox gbib gbib-view is-style-theme-infobox-caps\" href=\"https:\/\/www.ipleiria.pt\/en\/live\/academic-success\/libraries\/\"><span class=\"gbib-wrapper gbib-image-wrapper\"><img class=\"gbib-image\" src=\"https:\/\/www.ipleiria.pt\/en\/wp-content\/uploads\/sites\/25\/2019\/10\/biblioteca.jpg\" alt=\"\"\/><\/span><span class=\"gbib-wrapper gbib-title-wrapper\"><span class=\"gbib-title\">libraries<\/span><\/span><\/a>\n<\/div>\n\n\n\n<div class=\"wp-container-22 wp-block-column\">\n<a class=\"wp-block-pt-ipleiria-ued-wp-theme-ipleiria-gutenbergblocks-infobox gbib gbib-view is-style-theme-infobox-caps\" href=\"https:\/\/www.ipleiria.pt\/en\/study\/academic-services\/\"><span class=\"gbib-wrapper gbib-image-wrapper\"><img class=\"gbib-image\" src=\"https:\/\/www.ipleiria.pt\/en\/wp-content\/uploads\/sites\/25\/2019\/10\/informatica.jpg\" alt=\"\"\/><\/span><span class=\"gbib-wrapper gbib-title-wrapper\"><span class=\"gbib-title\">academic services<\/span><\/span><\/a>\n<\/div>\n\n\n\n<div class=\"wp-container-23 wp-block-column\">\n<a class=\"wp-block-pt-ipleiria-ued-wp-theme-ipleiria-gutenbergblocks-infobox gbib gbib-view is-style-theme-infobox-caps\" href=\"https:\/\/www.ipleiria.pt\/en\/live\/student-services\/it-services\/\"><span class=\"gbib-wrapper gbib-image-wrapper\"><img class=\"gbib-image\" src=\"https:\/\/www.ipleiria.pt\/en\/wp-content\/uploads\/sites\/25\/2019\/10\/academicos.jpg\" alt=\"\"\/><\/span><span class=\"gbib-wrapper gbib-title-wrapper\"><span class=\"gbib-title\">it services<\/span><\/span><\/a>\n<\/div>\n<\/div>\n\n\n\n<div style=\"height:100px\" aria-hidden=\"true\" class=\"wp-block-spacer\"><\/div>\n\n\n\n<div id=\"gbc-_7dc898-7c\" class=\"wp-block-pt-ipleiria-ued-wp-theme-ipleiria-gutenbergblocks-container gbc gbc-view row-valign-top align-full\"><div class=\"gbc-background-overlay gbc-background-overlay-normal\" style=\"opacity:0.3\"><\/div><div class=\"gbc-wrapper\" style=\"padding-top:0;padding-bottom:0\"><div id=\"gbc-container-gbc-_7dc898-7c\" class=\"inner-container\">\n<div class=\"wp-container-27 wp-block-columns\">\n<div class=\"wp-container-25 wp-block-column is-vertically-aligned-top\">\n<figure class=\"wp-block-image size-large img-cover\"><img loading=\"lazy\" width=\"1024\" height=\"598\" src=\"https:\/\/www.ipleiria.pt\/en\/wp-content\/uploads\/sites\/25\/2019\/10\/MG_9174_1-1-1024x598.jpg\" alt=\"\" class=\"wp-image-4858\" srcset=\"https:\/\/www.ipleiria.pt\/en\/wp-content\/uploads\/sites\/25\/2019\/10\/MG_9174_1-1-1024x598.jpg 1024w, https:\/\/www.ipleiria.pt\/en\/wp-content\/uploads\/sites\/25\/2019\/10\/MG_9174_1-1-300x175.jpg 300w, https:\/\/www.ipleiria.pt\/en\/wp-content\/uploads\/sites\/25\/2019\/10\/MG_9174_1-1-768x448.jpg 768w, https:\/\/www.ipleiria.pt\/en\/wp-content\/uploads\/sites\/25\/2019\/10\/MG_9174_1-1-1536x897.jpg 1536w, https:\/\/www.ipleiria.pt\/en\/wp-content\/uploads\/sites\/25\/2019\/10\/MG_9174_1-1.jpg 1920w\" sizes=\"(max-width: 1024px) 100vw, 1024px\" \/><\/figure>\n<\/div>\n\n\n\n<div class=\"wp-container-26 wp-block-column ml-0\">\n<div id=\"gbc-_b58d43-98\" class=\"wp-block-pt-ipleiria-ued-wp-theme-ipleiria-gutenbergblocks-container gbc gbc-view row-valign-top align-full pl-md-4 scrollable-content\" style=\"margin-left:0px;margin-right:0px\"><div class=\"gbc-background-overlay gbc-background-overlay-normal\" style=\"opacity:0.3\"><\/div><div class=\"gbc-wrapper\"><div id=\"gbc-container-gbc-_b58d43-98\" class=\"inner-container\" style=\"max-width:540px\">\n<div id=\"gbc-_e51488-d8\" class=\"wp-block-pt-ipleiria-ued-wp-theme-ipleiria-gutenbergblocks-container gbc gbc-view row-valign-top align-full\" style=\"margin-left:0px;margin-right:0px\"><div class=\"gbc-background-overlay gbc-background-overlay-normal\" style=\"opacity:0.3\"><\/div><div class=\"gbc-wrapper\" style=\"padding-left:15px;padding-right:15px;padding-top:42px;padding-bottom:15px\"><div id=\"gbc-container-gbc-_e51488-d8\" class=\"inner-container\">\n<p class=\"has-text-align-left is-style-theme-subtitle\">international mobility<\/p>\n\n\n\n<h2 class=\"has-text-align-left is-style-theme-title\">Erasmus Programme<\/h2>\n\n\n\n<p>Having an international mobility experience will allow you to not only upgrade your CV, but also to expand your career network and improve your language skills. Explore the world and a new culture while studying or interning abroad.<\/p>\n\n\n\n<div class=\"wp-block-button is-style-theme-button-outline\"><a class=\"wp-block-button__link\" href=\"https:\/\/www.ipleiria.pt\/en\/live\/international-mobility\/\">study and intern abroad<\/a><\/div>\n<\/div><\/div><\/div>\n<\/div><\/div><\/div>\n<\/div>\n<\/div>\n<\/div><\/div><\/div>\n\n\n\n<div id=\"gbc-_0d1f3b-e2\" class=\"wp-block-pt-ipleiria-ued-wp-theme-ipleiria-gutenbergblocks-container gbc gbc-view row-valign-middle align-full\" style=\"background-color:#F3F3F3;margin-bottom:-25px;min-height:200px\"><div class=\"gbc-background-overlay gbc-background-overlay-normal\" style=\"opacity:0.3\"><\/div><div class=\"gbc-wrapper\" style=\"padding-top:40px;padding-bottom:40px\"><div id=\"gbc-container-gbc-_0d1f3b-e2\" class=\"inner-container container\">\n<div class=\"d-lg-flex gbht\">\n<h2 class=\"is-style-theme-title flex-grow-1 text-center text-lg-left align-self-center\">Visit Polit\u00e9cnico de Leiria<\/h2>\n\n\n\n<div class=\"wp-block-button is-style-theme-button-solid mt-4 mt-lg-0 text-center text-lg-right\"><a class=\"wp-block-button__link\" href=\"https:\/\/www.ipleiria.pt\/en\/about-us\/facilities\/360o-virtual-tour\/\">virtual tour<\/a><\/div>\n\n\n\n<p><\/p>\n<\/div>\n<\/div><\/div><\/div>\n","protected":false},"excerpt":{"rendered":"academic success Students&#8217; Online Workspace The Student Portal is Polit\u00e9cnico de Leiria&#8217;s online teaching and learning platform. There you can check your timetable, pay for student services, access a wide range of study programme resources, syllabuses, assessment samples and activities, as well as get support. Email ACCOUNTStudent email account Other Services","protected":false},"author":1,"featured_media":26673,"parent":916,"menu_order":10,"comment_status":"closed","ping_status":"closed","template":"","meta":{"multilingual_post_translation":"{\"pt-PT\":{\"url\":\"https:\/\/www.ipleiria.pt\/viver\/sucesso-academico\/acesso-a-plataformas\/\",\"postID\":null,\"postTitle\":\"\",\"siteID\":1,\"customURL\":true,\"languageInfo\":{\"multilingual_site_api_url\":\"https:\/\/www.ipleiria.pt\/wp-json\/\",\"name\":\"Portugu\u00eas\",\"locale\":\"pt_PT\"}}}","custompostfields_page-thumbnail":"","custompostfields_banners":"","custompostfields_meta-description":""},"_links":{"self":[{"href":"https:\/\/www.ipleiria.pt\/en\/wp-json\/wp\/v2\/pages\/919"}],"collection":[{"href":"https:\/\/www.ipleiria.pt\/en\/wp-json\/wp\/v2\/pages"}],"about":[{"href":"https:\/\/www.ipleiria.pt\/en\/wp-json\/wp\/v2\/types\/page"}],"author":[{"embeddable":true,"href":"https:\/\/www.ipleiria.pt\/en\/wp-json\/wp\/v2\/users\/1"}],"replies":[{"embeddable":true,"href":"https:\/\/www.ipleiria.pt\/en\/wp-json\/wp\/v2\/comments?post=919"}],"version-history":[{"count":40,"href":"https:\/\/www.ipleiria.pt\/en\/wp-json\/wp\/v2\/pages\/919\/revisions"}],"predecessor-version":[{"id":48079,"href":"https:\/\/www.ipleiria.pt\/en\/wp-json\/wp\/v2\/pages\/919\/revisions\/48079"}],"up":[{"embeddable":true,"href":"https:\/\/www.ipleiria.pt\/en\/wp-json\/wp\/v2\/pages\/916"}],"wp:featuredmedia":[{"embeddable":true,"href":"https:\/\/www.ipleiria.pt\/en\/wp-json\/wp\/v2\/media\/26673"}],"wp:attachment":[{"href":"https:\/\/www.ipleiria.pt\/en\/wp-json\/wp\/v2\/media?parent=919"}],"curies":[{"name":"wp","href":"https:\/\/api.w.org\/{rel}","templated":true}]}}