{"id":952,"date":"2019-02-05T02:12:42","date_gmt":"2019-02-05T02:12:42","guid":{"rendered":"https:\/\/www.ipleiria.pt\/?page_id=952"},"modified":"2021-08-13T10:47:48","modified_gmt":"2021-08-13T09:47:48","slug":"research-ethics-committee","status":"publish","type":"page","link":"https:\/\/www.ipleiria.pt\/en\/research\/research\/research-ethics-committee\/","title":{"rendered":"Research Ethics Committee"},"content":{"rendered":"\n<div class=\"wp-container-3 wp-block-columns\">\n<div class=\"wp-container-1 wp-block-column\">\n<p class=\"is-style-theme-subtitle\">Polit\u00e9cnico de leiria<\/p>\n\n\n\n<h2 class=\"is-style-theme-title\">Research Ethics Committe<\/h2>\n\n\n\n<p>The Research Ethics Committee of the Polit\u00e9cnico de Leiria is a functional unit of an advisory and independent nature, which aims to ensure the observance and promotion of standards of integrity, honesty and ethical quality within the activities developed at Polit\u00e9cnico de Leiria in the areas of teaching, scientific research and the provision of services to the community.<\/p>\n\n\n\n<p>The Research Ethics Committee consists of 10 members appointed by the president of Polit\u00e9cnico de Leiria.<\/p>\n\n\n\n<p>The Research Ethics Committee meets ordinarily in plenary session upon convocation by its president, four times a year, on the last Wednesday of the months of January, April, June and October, whereby, in each meeting, the requests submitted up to the last day of the month prior to the month of the meeting will be analysed.<\/p>\n<\/div>\n\n\n\n<div class=\"wp-container-2 wp-block-column\">\n<figure class=\"wp-block-image size-large is-style-default\"><img loading=\"lazy\" width=\"789\" height=\"1024\" src=\"https:\/\/www.ipleiria.pt\/en\/wp-content\/uploads\/sites\/25\/2019\/10\/MG_1990_2-789x1024.jpg\" alt=\"\" class=\"wp-image-5127\" srcset=\"https:\/\/www.ipleiria.pt\/en\/wp-content\/uploads\/sites\/25\/2019\/10\/MG_1990_2-789x1024.jpg 789w, https:\/\/www.ipleiria.pt\/en\/wp-content\/uploads\/sites\/25\/2019\/10\/MG_1990_2-231x300.jpg 231w, https:\/\/www.ipleiria.pt\/en\/wp-content\/uploads\/sites\/25\/2019\/10\/MG_1990_2-768x997.jpg 768w, https:\/\/www.ipleiria.pt\/en\/wp-content\/uploads\/sites\/25\/2019\/10\/MG_1990_2-1183x1536.jpg 1183w, https:\/\/www.ipleiria.pt\/en\/wp-content\/uploads\/sites\/25\/2019\/10\/MG_1990_2-1578x2048.jpg 1578w, https:\/\/www.ipleiria.pt\/en\/wp-content\/uploads\/sites\/25\/2019\/10\/MG_1990_2.jpg 1920w\" sizes=\"(max-width: 789px) 100vw, 789px\" \/><\/figure>\n<\/div>\n<\/div>\n\n\n\n<hr class=\"wp-block-separator is-style-wide\"\/>\n\n\n\n<h3>Team<\/h3>\n\n\n\n<div class=\"wp-container-6 wp-block-columns\">\n<div class=\"wp-container-4 wp-block-column\">\n<ul><li>Catarina Frade Mangas<\/li><li>Eug\u00e9nio Pereira Lucas (Vice-President)<\/li><li>In\u00eas Paulo Cordeiro Bras\u00e3o<\/li><li>Jos\u00e9 Carlos Laranjo Marques<\/li><li>Maria da Saudade de Oliveira Cust\u00f3dio Lopes<\/li><\/ul>\n<\/div>\n\n\n\n<div class=\"wp-container-5 wp-block-column\">\n<ul><li>Maria dos Anjos Coelho Rodrigues Dixe (President)<\/li><li>Maria Pedro Sucena Guarino<\/li><li>Rui Miguel Barreiros R\u00faben<\/li><li>Susana Lu\u00edsa da Cust\u00f3dia Machado Mendes<\/li><li>Teresa Maria Coelho Baptista<\/li><\/ul>\n<\/div>\n<\/div>\n\n\n\n<hr class=\"wp-block-separator is-style-wide\"\/>\n\n\n\n<h3>Requests<\/h3>\n\n\n\n<div class=\"wp-container-9 wp-block-columns\">\n<div class=\"wp-container-7 wp-block-column\">\n<p>To submit an internal request to Polit\u00e9cnico de Leiria, complete the following form and send it by email to <a rel=\"noreferrer noopener\" href=\"mailto:comissao.etica@ipleiria.pt\" target=\"_blank\">comissao.etica@ipleiria.pt<\/a>.<\/p>\n\n\n\n<p><a href=\"https:\/\/www.ipleiria.pt\/wp-content\/uploads\/2015\/01\/Formul%C3%A1rio-3110_altera%C3%A7%C3%A3o.docx\">Form<\/a>&nbsp;<\/p>\n<\/div>\n\n\n\n<div class=\"wp-container-8 wp-block-column\">\n<p>To submit an external request to<strong> <\/strong>Polit\u00e9cnico de Leiria, complete this form &nbsp;and send it by email to&nbsp;<a rel=\"noreferrer noopener\" href=\"mailto:ipleiria@ipleiria.pt\" target=\"_blank\">ipleiria@ipleiria.pt<\/a>.<\/p>\n\n\n\n<p>&nbsp;&nbsp;<a href=\"https:\/\/www.ipleiria.pt\/wp-content\/uploads\/2015\/01\/Formul%C3%A1rio-3110_altera%C3%A7%C3%A3o.docx\">Form<\/a><\/p>\n<\/div>\n<\/div>\n\n\n\n<hr class=\"wp-block-separator is-style-wide\"\/>\n\n\n\n<h3><strong>Legislation<\/strong><\/h3>\n\n\n\n<p>All these documents are written in Portuguese.<\/p>\n\n\n\n<p class=\"is-style-theme-link-with-icon\"><a href=\"https:\/\/www.ipleiria.pt\/wp-content\/uploads\/2015\/01\/Regulamento-689-2016-Regulamento-Interno-da-Comissa%CC%83o-de-E%CC%81tica-do-Ipleiria.pdf\">Regulamento Interno da Comiss\u00e3o de \u00c9tica do Polit\u00e9cnico de Leiria<\/a> <\/p>\n\n\n\n<p class=\"is-style-theme-link-with-icon\"><a href=\"https:\/\/www.ipleiria.pt\/wp-content\/uploads\/2015\/01\/Lei-n.%C2%BA-67-98-de-26.10-Lei-da-Prote%C3%A7%C3%A3o-de-Dados-Pessoais-vers%C3%A3o-atualizada-24.11.2017.pdf\">Lei da Prote\u00e7\u00e3o de Dados Pessoais\u00a0<\/a> <\/p>\n\n\n\n<p class=\"is-style-theme-link-with-icon\"><a href=\"https:\/\/www.ipleiria.pt\/wp-content\/uploads\/2015\/01\/Lei-n.%C2%BA-21-2014-de-16.04-Lei-da-Investiga%C3%A7%C3%A3o-Clinica-vers%C3%A3o-atualizada-24.11.2017.pdf\">Lei da Investiga\u00e7\u00e3o Cl\u00ednica<\/a> <\/p>\n\n\n\n<p><a href=\"https:\/\/www.ipleiria.pt\/wp-content\/uploads\/2021\/05\/Relatorio-atividades-2018-Comissao-Etica-IPLeiriaanexo.pdf\">Relat\u00f3rio de Atividades 2018 da Comiss\u00e3o de \u00c9tica do Polit\u00e9cnico de Leiria<\/a><\/p>\n\n\n\n<p><a href=\"https:\/\/www.ipleiria.pt\/wp-content\/uploads\/2021\/05\/Relatorio-atividades-2019-Comissao-Etica-P-Leiriaanexo-1.pdf\">Relat\u00f3rio de Atividades 2019 da Comiss\u00e3o de \u00c9tica do Polit\u00e9cnico de Leiria<\/a><\/p>\n\n\n\n<div style=\"height:70px\" aria-hidden=\"true\" class=\"wp-block-spacer\"><\/div>\n","protected":false},"excerpt":{"rendered":"Polit\u00e9cnico de leiria Research Ethics Committe The Research Ethics Committee of the Polit\u00e9cnico de Leiria is a functional unit of an advisory and independent nature, which aims to ensure the observance and promotion of standards of integrity, honesty and ethical quality within the activities developed at Polit\u00e9cnico de Leiria in the areas of teaching, scientific [&hellip;]","protected":false},"author":1,"featured_media":26488,"parent":362,"menu_order":30,"comment_status":"closed","ping_status":"closed","template":"","meta":{"multilingual_post_translation":"{\"pt-PT\":{\"url\":\"https:\/\/www.ipleiria.pt\/investigacao\/projetos\/comissao-de-etica\/\",\"postID\":null,\"postTitle\":\"\",\"siteID\":1,\"customURL\":true,\"languageInfo\":{\"multilingual_site_api_url\":\"https:\/\/www.ipleiria.pt\/wp-json\/\",\"name\":\"Portugu\u00eas\",\"locale\":\"pt_PT\"}}}","custompostfields_page-thumbnail":"","custompostfields_banners":"","custompostfields_meta-description":""},"_links":{"self":[{"href":"https:\/\/www.ipleiria.pt\/en\/wp-json\/wp\/v2\/pages\/952"}],"collection":[{"href":"https:\/\/www.ipleiria.pt\/en\/wp-json\/wp\/v2\/pages"}],"about":[{"href":"https:\/\/www.ipleiria.pt\/en\/wp-json\/wp\/v2\/types\/page"}],"author":[{"embeddable":true,"href":"https:\/\/www.ipleiria.pt\/en\/wp-json\/wp\/v2\/users\/1"}],"replies":[{"embeddable":true,"href":"https:\/\/www.ipleiria.pt\/en\/wp-json\/wp\/v2\/comments?post=952"}],"version-history":[{"count":9,"href":"https:\/\/www.ipleiria.pt\/en\/wp-json\/wp\/v2\/pages\/952\/revisions"}],"predecessor-version":[{"id":35425,"href":"https:\/\/www.ipleiria.pt\/en\/wp-json\/wp\/v2\/pages\/952\/revisions\/35425"}],"up":[{"embeddable":true,"href":"https:\/\/www.ipleiria.pt\/en\/wp-json\/wp\/v2\/pages\/362"}],"wp:featuredmedia":[{"embeddable":true,"href":"https:\/\/www.ipleiria.pt\/en\/wp-json\/wp\/v2\/media\/26488"}],"wp:attachment":[{"href":"https:\/\/www.ipleiria.pt\/en\/wp-json\/wp\/v2\/media?parent=952"}],"curies":[{"name":"wp","href":"https:\/\/api.w.org\/{rel}","templated":true}]}}