{"id":990,"date":"2019-02-05T02:33:53","date_gmt":"2019-02-05T02:33:53","guid":{"rendered":"https:\/\/www.ipleiria.pt\/?page_id=990"},"modified":"2021-08-16T10:50:01","modified_gmt":"2021-08-16T09:50:01","slug":"business-training","status":"publish","type":"page","link":"https:\/\/www.ipleiria.pt\/en\/innovation\/training\/business-training\/","title":{"rendered":"Academies"},"content":{"rendered":"\n<div class=\"wp-block-pt-ipleiria-ued-wp-theme-ipleiria-gutenbergblocks-moc gbmoc\" role=\"navigation\"><div class=\"gbmoc-menu-wrapper\"><div id=\"gbmoc-a6b511-4c-menu-container\" class=\"gbmoc-menu-container\"><div class=\"gbmoc-title\" id=\"gbmoc-a6b511-4c-title\">Go to:<\/div><ul aria-describedby=\"gbmoc-a6b511-4c-title\" class=\"gbmoc-menuitems\"><li><a href=\"#cisco-networking-academy\">Cisco Academy<\/a><\/li><li><a href=\"#edunetphoenix-contact\">EduNet &#8211; International Education Network<\/a><\/li><li><a href=\"#oracle-oracle-academyipleiria\">Oracle Academy.IPLeiria<\/a><\/li><li><a href=\"#siemens-automation-academy\">Siemens Automation Academy<\/a><\/li><li><a href=\"#plm-academy-powered-by-siemens-industry-software\">PLM Academy<\/a><\/li><li class=\"gbmoc-scroll-to-top-wrapper\"><a class=\"gbmoc-scroll-to-top\" href=\"#top\">Top<\/a><\/li><\/ul><\/div><\/div><\/div>\n\n\n\n<div class=\"wp-container-3 wp-block-columns\">\n<div class=\"wp-container-1 wp-block-column\">\n<p class=\"is-style-theme-subtitle\">technology skills<\/p>\n\n\n\n<h2 class=\"is-style-theme-title\" id=\"cisco-networking-academy\">Cisco Academy<\/h2>\n\n\n\n<p>Polit\u00e9cnico de Leiria was the first <a href=\"http:\/\/www.dei.estg.ipleiria.pt\/academias\/cisco\/\">Cisco Academy<\/a> being affiliated in Portugal, back in 2001. Cisco Networking Academy is a global IT and cybersecurity education programme that partners with learning institutions around the world to empower all people with essential technology skills.<\/p>\n\n\n\n<p>It currently offers the following courses: Cisco Certified Network Associate (CCNA) Routing and Switching, Health Information Networking, CCNA Security, and Cisco Certified Network Professional.<\/p>\n\n\n\n<p><strong>Partners:<\/strong>&nbsp;School of Technology and Management (Head: Lu\u00eds Alexandre Lopes Fraz\u00e3o)&nbsp;| Cisco Systems Inc.<\/p>\n<\/div>\n\n\n\n<div class=\"wp-container-2 wp-block-column is-vertically-aligned-center\">\n<div class=\"wp-block-image\"><figure class=\"aligncenter size-large is-resized\"><img loading=\"lazy\" src=\"https:\/\/www.ipleiria.pt\/en\/wp-content\/uploads\/sites\/25\/2020\/05\/CISCO.jpg\" alt=\"\" class=\"wp-image-7651\" width=\"169\" height=\"169\" srcset=\"https:\/\/www.ipleiria.pt\/en\/wp-content\/uploads\/sites\/25\/2020\/05\/CISCO.jpg 225w, https:\/\/www.ipleiria.pt\/en\/wp-content\/uploads\/sites\/25\/2020\/05\/CISCO-150x150.jpg 150w\" sizes=\"(max-width: 169px) 100vw, 169px\" \/><\/figure><\/div>\n\n\n\n<p><\/p>\n<\/div>\n<\/div>\n\n\n\n<hr class=\"wp-block-separator is-style-wide\"\/>\n\n\n\n<div class=\"wp-container-6 wp-block-columns\">\n<div class=\"wp-container-4 wp-block-column\">\n<p class=\"is-style-theme-subtitle\">technology skills<\/p>\n\n\n\n<h2 class=\"is-style-theme-title\" id=\"edunetphoenix-contact\">EduNet &#8211; International Education Network<\/h2>\n\n\n\n<p><a href=\"http:\/\/sites.ipleiria.pt\/edunet\/\">EduNet<\/a> is an international network of universities and corporates in the field of automation technology. It promotes international knowledge transfer and collaboration, through training and courses, events and conferences, as well as international mobility programmes, etc.<\/p>\n\n\n\n<p>It was founded in 2013.<\/p>\n\n\n\n<p><strong>Partners:&nbsp;<\/strong>School of Technology and Management (Head: Jo\u00e3o Miguel de Sousa) | Phoenix Contact Portugal<\/p>\n<\/div>\n\n\n\n<div class=\"wp-container-5 wp-block-column is-vertically-aligned-center\">\n<div class=\"wp-block-image\"><figure class=\"aligncenter size-large\"><img loading=\"lazy\" width=\"206\" height=\"84\" src=\"https:\/\/www.ipleiria.pt\/en\/wp-content\/uploads\/sites\/25\/2020\/05\/EduNet.jpg\" alt=\"\" class=\"wp-image-7668\"\/><\/figure><\/div>\n<\/div>\n<\/div>\n\n\n\n<hr class=\"wp-block-separator is-style-wide\"\/>\n\n\n\n<div class=\"wp-container-9 wp-block-columns\">\n<div class=\"wp-container-7 wp-block-column\">\n<p class=\"is-style-theme-subtitle\">technology skills<\/p>\n\n\n\n<h2 class=\"is-style-theme-title\" id=\"oracle-oracle-academyipleiria\">Oracle Academy.IPLeiria<\/h2>\n\n\n\n<p><a href=\"http:\/\/www.dei.estg.ipleiria.pt\/academias\/oracle\/\">Oracle Academy.IPLeiria<\/a> is one of the largest database technology companies in the world. It disseminates Oracle technology and provides students with a solid technological database-oriented backbone.<\/p>\n\n\n\n<p>It was founded in 2008.<\/p>\n\n\n\n<p><strong>Partners<\/strong>: School of Technology and Management (Head: Rui Miguel de Oliveira) |&nbsp;Oracle Corporation<\/p>\n<\/div>\n\n\n\n<div class=\"wp-container-8 wp-block-column is-vertically-aligned-center\">\n<div class=\"wp-block-image\"><figure class=\"aligncenter size-large\"><img loading=\"lazy\" width=\"311\" height=\"134\" src=\"https:\/\/www.ipleiria.pt\/en\/wp-content\/uploads\/sites\/25\/2020\/05\/Oracle-Academy.jpg\" alt=\"\" class=\"wp-image-7673\" srcset=\"https:\/\/www.ipleiria.pt\/en\/wp-content\/uploads\/sites\/25\/2020\/05\/Oracle-Academy.jpg 311w, https:\/\/www.ipleiria.pt\/en\/wp-content\/uploads\/sites\/25\/2020\/05\/Oracle-Academy-300x129.jpg 300w\" sizes=\"(max-width: 311px) 100vw, 311px\" \/><\/figure><\/div>\n\n\n\n<p><\/p>\n<\/div>\n<\/div>\n\n\n\n<hr class=\"wp-block-separator is-style-wide\"\/>\n\n\n\n<div class=\"wp-container-12 wp-block-columns\">\n<div class=\"wp-container-10 wp-block-column\">\n<p class=\"is-style-theme-subtitle\">technology skills<\/p>\n\n\n\n<h2 class=\"is-style-theme-title\" id=\"siemens-automation-academy\">Siemens Automation Academy<\/h2>\n\n\n\n<p>Founded in 2014, <a href=\"http:\/\/siemensautomationacademy.ipleiria.pt\/\">Siemens Automation Academy<\/a> provides training courses for all levels on all Siemens PLC systems. It is located in the Laborat\u00f3rio de Automa\u00e7\u00e3o Paulo Gata and is equipped with top-quality technological solutions.<\/p>\n\n\n\n<p>This academy aims to promote entrepreneurship and technology skills amongst engineering students and increase the number of engineering students in the Portuguese higher education landscape. <\/p>\n\n\n\n<p><strong>Partners:&nbsp;<\/strong>Siemens | Polit\u00e9cnico de Leiria (Head:&nbsp;Eliseu Manuel Ribeiro) |&nbsp;Cadflow<\/p>\n<\/div>\n\n\n\n<div class=\"wp-container-11 wp-block-column is-vertically-aligned-center\">\n<div class=\"wp-block-image\"><figure class=\"aligncenter size-large\"><img loading=\"lazy\" width=\"309\" height=\"107\" src=\"https:\/\/www.ipleiria.pt\/en\/wp-content\/uploads\/sites\/25\/2020\/05\/Siemens-Automation-Academy.jpg\" alt=\"\" class=\"wp-image-7688\" srcset=\"https:\/\/www.ipleiria.pt\/en\/wp-content\/uploads\/sites\/25\/2020\/05\/Siemens-Automation-Academy.jpg 309w, https:\/\/www.ipleiria.pt\/en\/wp-content\/uploads\/sites\/25\/2020\/05\/Siemens-Automation-Academy-300x104.jpg 300w\" sizes=\"(max-width: 309px) 100vw, 309px\" \/><\/figure><\/div>\n<\/div>\n<\/div>\n\n\n\n<hr class=\"wp-block-separator is-style-wide\"\/>\n\n\n\n<div class=\"wp-container-15 wp-block-columns\">\n<div class=\"wp-container-13 wp-block-column\">\n<p class=\"is-style-theme-subtitle\"><strong>Mechanical Engineering<\/strong> skills<\/p>\n\n\n\n<h2 class=\"is-style-theme-title\" id=\"plm-academy-powered-by-siemens-industry-software\">PLM Academy<\/h2>\n\n\n\n<p><a href=\"http:\/\/plmacademy.estg.ipleiria.pt\/\">Siemens Product Lifecycle Management Academy<\/a> was created to provide mechanical and industrial engineering students with better workshops and resources for enhancing the region of Leiria&#8217;s industrial sector.<\/p>\n\n\n\n<p>Founded in 2014, it employs 24 people and uses Siemens SolidEdge, NX, Tecnomatix e Teamcenter software.<\/p>\n\n\n\n<p><strong>Partners:<\/strong>&nbsp;Siemens&nbsp;|&nbsp;Polit\u00e9cnico de Leiria (Head:&nbsp;Nuno Miguel Andr\u00e9) |&nbsp;Cadflow<\/p>\n<\/div>\n\n\n\n<div class=\"wp-container-14 wp-block-column is-vertically-aligned-center\">\n<div class=\"wp-block-image\"><figure class=\"aligncenter size-large\"><img loading=\"lazy\" width=\"520\" height=\"93\" src=\"https:\/\/www.ipleiria.pt\/en\/wp-content\/uploads\/sites\/25\/2020\/05\/PLM-Academy-520x93-1.jpg\" alt=\"\" class=\"wp-image-7689\" srcset=\"https:\/\/www.ipleiria.pt\/en\/wp-content\/uploads\/sites\/25\/2020\/05\/PLM-Academy-520x93-1.jpg 520w, https:\/\/www.ipleiria.pt\/en\/wp-content\/uploads\/sites\/25\/2020\/05\/PLM-Academy-520x93-1-300x54.jpg 300w\" sizes=\"(max-width: 520px) 100vw, 520px\" \/><\/figure><\/div>\n<\/div>\n<\/div>\n\n\n\n<div style=\"height:70px\" aria-hidden=\"true\" class=\"wp-block-spacer\"><\/div>\n","protected":false},"excerpt":{"rendered":"technology skills Cisco Academy Polit\u00e9cnico de Leiria was the first Cisco Academy being affiliated in Portugal, back in 2001. Cisco Networking Academy is a global IT and cybersecurity education programme that partners with learning institutions around the world to empower all people with essential technology skills. It currently offers the following courses: Cisco Certified Network [&hellip;]","protected":false},"author":1,"featured_media":26317,"parent":988,"menu_order":10,"comment_status":"closed","ping_status":"closed","template":"","meta":{"multilingual_post_translation":"{\"pt-PT\":{\"url\":\"https:\/\/www.ipleiria.pt\/inovacao\/formacao\/academias\/\",\"postID\":null,\"postTitle\":\"\",\"siteID\":1,\"customURL\":true,\"languageInfo\":{\"multilingual_site_api_url\":\"https:\/\/www.ipleiria.pt\/wp-json\/\",\"name\":\"Portugu\u00eas\",\"locale\":\"pt_PT\"}}}","custompostfields_page-thumbnail":"","custompostfields_banners":"","custompostfields_meta-description":""},"_links":{"self":[{"href":"https:\/\/www.ipleiria.pt\/en\/wp-json\/wp\/v2\/pages\/990"}],"collection":[{"href":"https:\/\/www.ipleiria.pt\/en\/wp-json\/wp\/v2\/pages"}],"about":[{"href":"https:\/\/www.ipleiria.pt\/en\/wp-json\/wp\/v2\/types\/page"}],"author":[{"embeddable":true,"href":"https:\/\/www.ipleiria.pt\/en\/wp-json\/wp\/v2\/users\/1"}],"replies":[{"embeddable":true,"href":"https:\/\/www.ipleiria.pt\/en\/wp-json\/wp\/v2\/comments?post=990"}],"version-history":[{"count":11,"href":"https:\/\/www.ipleiria.pt\/en\/wp-json\/wp\/v2\/pages\/990\/revisions"}],"predecessor-version":[{"id":35500,"href":"https:\/\/www.ipleiria.pt\/en\/wp-json\/wp\/v2\/pages\/990\/revisions\/35500"}],"up":[{"embeddable":true,"href":"https:\/\/www.ipleiria.pt\/en\/wp-json\/wp\/v2\/pages\/988"}],"wp:featuredmedia":[{"embeddable":true,"href":"https:\/\/www.ipleiria.pt\/en\/wp-json\/wp\/v2\/media\/26317"}],"wp:attachment":[{"href":"https:\/\/www.ipleiria.pt\/en\/wp-json\/wp\/v2\/media?parent=990"}],"curies":[{"name":"wp","href":"https:\/\/api.w.org\/{rel}","templated":true}]}}