{"id":992,"date":"2019-02-05T02:34:14","date_gmt":"2019-02-05T02:34:14","guid":{"rendered":"https:\/\/www.ipleiria.pt\/?page_id=992"},"modified":"2021-08-30T12:08:59","modified_gmt":"2021-08-30T11:08:59","slug":"knowledge-transfer-partnerships","status":"publish","type":"page","link":"https:\/\/www.ipleiria.pt\/en\/innovation\/training\/knowledge-transfer-partnerships\/","title":{"rendered":"Partnerships"},"content":{"rendered":"\n<p class=\"is-style-theme-subtitle\">polit\u00e9cnico de leiria<\/p>\n\n\n\n<h2 class=\"is-style-theme-title\">Partnerships<\/h2>\n\n\n\n<div style=\"height:15px\" aria-hidden=\"true\" class=\"wp-block-spacer\"><\/div>\n\n\n\n<div class=\"wp-container-2 wp-block-columns\">\n<div class=\"wp-container-1 wp-block-column\">\n<p>Partnerships and education associations play a significant role in conveying successful collaborations between different research, development and innovation teams.<\/p>\n<\/div>\n<\/div>\n\n\n\n<div class=\"wp-container-5 wp-block-columns\">\n<div class=\"wp-container-3 wp-block-column\">\n<h3><strong>Erasmus Student Network<\/strong><\/h3>\n\n\n\n<div style=\"height:17px\" aria-hidden=\"true\" class=\"wp-block-spacer\"><\/div>\n\n\n\n<figure class=\"wp-block-image size-large is-resized\"><a href=\"http:\/\/www.esnportugal.org\/content\/esn-leiria\"><img loading=\"lazy\" src=\"https:\/\/www.ipleiria.pt\/en\/wp-content\/uploads\/sites\/25\/2020\/05\/11206037_1594683444150716_5205180427474040108_n-520x155-1.png\" alt=\"\" class=\"wp-image-7761\" width=\"290\" height=\"86\" srcset=\"https:\/\/www.ipleiria.pt\/en\/wp-content\/uploads\/sites\/25\/2020\/05\/11206037_1594683444150716_5205180427474040108_n-520x155-1.png 520w, https:\/\/www.ipleiria.pt\/en\/wp-content\/uploads\/sites\/25\/2020\/05\/11206037_1594683444150716_5205180427474040108_n-520x155-1-300x89.png 300w\" sizes=\"(max-width: 290px) 100vw, 290px\" \/><\/a><\/figure>\n<\/div>\n\n\n\n<div class=\"wp-container-4 wp-block-column\">\n<h3><strong>Associa\u00e7\u00e3o Fazer Avan\u00e7ar<\/strong><\/h3>\n\n\n\n<div style=\"height:11px\" aria-hidden=\"true\" class=\"wp-block-spacer\"><\/div>\n\n\n\n<figure class=\"wp-block-image size-large is-resized\"><a href=\"https:\/\/www.fazeravancar.org\/pt\/\"><img loading=\"lazy\" src=\"https:\/\/www.ipleiria.pt\/en\/wp-content\/uploads\/sites\/25\/2020\/05\/afa-312x200-1.jpg\" alt=\"\" class=\"wp-image-7762\" width=\"148\" height=\"95\" srcset=\"https:\/\/www.ipleiria.pt\/en\/wp-content\/uploads\/sites\/25\/2020\/05\/afa-312x200-1.jpg 312w, https:\/\/www.ipleiria.pt\/en\/wp-content\/uploads\/sites\/25\/2020\/05\/afa-312x200-1-300x192.jpg 300w\" sizes=\"(max-width: 148px) 100vw, 148px\" \/><\/a><\/figure>\n\n\n\n<p><\/p>\n<\/div>\n<\/div>\n\n\n\n<hr class=\"wp-block-separator is-style-wide\"\/>\n\n\n\n<div class=\"wp-container-8 wp-block-columns\">\n<div class=\"wp-container-6 wp-block-column\">\n<h3><strong>Business Partners<\/strong><\/h3>\n\n\n\n<p><\/p>\n\n\n\n<p><strong><a rel=\"noreferrer noopener\" href=\"http:\/\/www.nerlei.pt\/pt\" data-type=\"URL\" data-id=\"http:\/\/www.nerlei.pt\/pt\" target=\"_blank\">Associa\u00e7\u00e3o Empresarial da Regi\u00e3o de Leiria<\/a><\/strong><\/p>\n\n\n\n<p><strong><a rel=\"noreferrer noopener\" href=\"http:\/\/www.centimfe.com\/index.php\/pt\/\" data-type=\"URL\" data-id=\"http:\/\/www.centimfe.com\/index.php\/pt\/\" target=\"_blank\">Centro Tecnol\u00f3gico da Ind\u00fastria de Moldes, Ferramentas Especiais e Pl\u00e1sticos<\/a><\/strong><\/p>\n\n\n\n<p><strong><a rel=\"noreferrer noopener\" href=\"http:\/\/www.cefamol.pt\/cefamol\/pt\/\" data-type=\"URL\" data-id=\"http:\/\/www.cefamol.pt\/cefamol\/pt\/\" target=\"_blank\">Associa\u00e7\u00e3o Nacional da Ind\u00fastria de Moldes<\/a><\/strong><\/p>\n\n\n\n<p><strong><a rel=\"noreferrer noopener\" href=\"http:\/\/www.portugalglobal.pt\/PT\/Paginas\/Index.aspx\" data-type=\"URL\" data-id=\"http:\/\/www.portugalglobal.pt\/PT\/Paginas\/Index.aspx\" target=\"_blank\">Ag\u00eancia para o Investimento e Com\u00e9rcio Externo de Portugal<\/a><\/strong><\/p>\n\n\n\n<p><strong><a rel=\"noreferrer noopener\" href=\"http:\/\/onat.ipleiria.pt\/\" data-type=\"URL\" data-id=\"http:\/\/onat.ipleiria.pt\/\" target=\"_blank\">Observat\u00f3rio Nacional das Atividades de Anima\u00e7\u00e3o Tur\u00edstica<\/a><\/strong><\/p>\n<\/div>\n\n\n\n<div class=\"wp-container-7 wp-block-column\">\n<h3><strong>Higher Education Partners<\/strong><\/h3>\n\n\n\n<p><\/p>\n\n\n\n<p><strong><a rel=\"noreferrer noopener\" href=\"http:\/\/campusdomar.es\/\" data-type=\"URL\" data-id=\"http:\/\/campusdomar.es\/\" target=\"_blank\">Campus do Mar<\/a><\/strong><\/p>\n\n\n\n<p><strong><a rel=\"noreferrer noopener\" href=\"http:\/\/www.erasmuscentro.org\/index.php?lang=pt\" data-type=\"URL\" data-id=\"http:\/\/www.erasmuscentro.org\/index.php?lang=pt\" target=\"_blank\">Cons\u00f3rcio Erasmus Centro<\/a><\/strong><\/p>\n\n\n\n<p><strong><a href=\"http:\/\/maiorempregabilidade.forum.pt\/\" data-type=\"URL\" data-id=\"http:\/\/maiorempregabilidade.forum.pt\/\" target=\"_blank\" rel=\"noreferrer noopener\">Cons\u00f3rcio Maior Empregabilidade<\/a><\/strong><\/p>\n\n\n\n<p><strong><a rel=\"noreferrer noopener\" href=\"http:\/\/www.universia.pt\/\" data-type=\"URL\" data-id=\"http:\/\/www.universia.pt\/\" target=\"_blank\">Universia<\/a><\/strong><\/p>\n\n\n\n<p><strong><a rel=\"noreferrer noopener\" href=\"https:\/\/aripese.pt\/\" data-type=\"URL\" data-id=\"https:\/\/aripese.pt\/\" target=\"_blank\">ARIPESE<\/a><\/strong><\/p>\n<\/div>\n<\/div>\n\n\n\n<div style=\"height:70px\" aria-hidden=\"true\" class=\"wp-block-spacer\"><\/div>\n","protected":false},"excerpt":{"rendered":"polit\u00e9cnico de leiria Partnerships Partnerships and education associations play a significant role in conveying successful collaborations between different research, development and innovation teams. Erasmus Student Network Associa\u00e7\u00e3o Fazer Avan\u00e7ar Business Partners Associa\u00e7\u00e3o Empresarial da Regi\u00e3o de Leiria Centro Tecnol\u00f3gico da Ind\u00fastria de Moldes, Ferramentas Especiais e Pl\u00e1sticos Associa\u00e7\u00e3o Nacional da Ind\u00fastria de Moldes Ag\u00eancia para [&hellip;]","protected":false},"author":1,"featured_media":26688,"parent":988,"menu_order":20,"comment_status":"closed","ping_status":"closed","template":"","meta":{"multilingual_post_translation":"{\"pt-PT\":{\"url\":\"https:\/\/www.ipleiria.pt\/inovacao\/formacao\/parcerias\/\",\"postID\":null,\"postTitle\":\"\",\"siteID\":1,\"customURL\":true,\"languageInfo\":{\"multilingual_site_api_url\":\"https:\/\/www.ipleiria.pt\/wp-json\/\",\"name\":\"Portugu\u00eas\",\"locale\":\"pt_PT\"}}}","custompostfields_page-thumbnail":"","custompostfields_banners":"","custompostfields_meta-description":""},"_links":{"self":[{"href":"https:\/\/www.ipleiria.pt\/en\/wp-json\/wp\/v2\/pages\/992"}],"collection":[{"href":"https:\/\/www.ipleiria.pt\/en\/wp-json\/wp\/v2\/pages"}],"about":[{"href":"https:\/\/www.ipleiria.pt\/en\/wp-json\/wp\/v2\/types\/page"}],"author":[{"embeddable":true,"href":"https:\/\/www.ipleiria.pt\/en\/wp-json\/wp\/v2\/users\/1"}],"replies":[{"embeddable":true,"href":"https:\/\/www.ipleiria.pt\/en\/wp-json\/wp\/v2\/comments?post=992"}],"version-history":[{"count":22,"href":"https:\/\/www.ipleiria.pt\/en\/wp-json\/wp\/v2\/pages\/992\/revisions"}],"predecessor-version":[{"id":36600,"href":"https:\/\/www.ipleiria.pt\/en\/wp-json\/wp\/v2\/pages\/992\/revisions\/36600"}],"up":[{"embeddable":true,"href":"https:\/\/www.ipleiria.pt\/en\/wp-json\/wp\/v2\/pages\/988"}],"wp:featuredmedia":[{"embeddable":true,"href":"https:\/\/www.ipleiria.pt\/en\/wp-json\/wp\/v2\/media\/26688"}],"wp:attachment":[{"href":"https:\/\/www.ipleiria.pt\/en\/wp-json\/wp\/v2\/media?parent=992"}],"curies":[{"name":"wp","href":"https:\/\/api.w.org\/{rel}","templated":true}]}}