{"id":1440,"date":"2019-02-08T17:58:08","date_gmt":"2019-02-08T17:58:08","guid":{"rendered":"https:\/\/www.ipleiria.pt\/esad\/?page_id=1440"},"modified":"2025-06-23T10:17:17","modified_gmt":"2025-06-23T10:17:17","slug":"informacao-de-gestao","status":"publish","type":"page","link":"https:\/\/www.ipleiria.pt\/esadcr-en\/school\/informacao-de-gestao\/","title":{"rendered":"Management Information"},"content":{"rendered":"\n<div class=\"wp-container-3 wp-block-columns has-2-columns\">\n<div class=\"wp-container-1 wp-block-column\">\n<h3 id=\"planos-de-atividades-da-esad-cr\">Planos de atividades da ESAD.CR<\/h3>\n\n\n\n<div style=\"height:20px\" aria-hidden=\"true\" class=\"wp-block-spacer\"><\/div>\n\n\n\n<p><a href=\"https:\/\/www.ipleiria.pt\/esadcr-en\/wp-content\/uploads\/sites\/22\/2025\/06\/Plano-de-atividades-ESAD_CR-2025_site.pdf\">Plano de atividades de 2025<\/a><\/p>\n\n\n\n<p><a href=\"https:\/\/www.ipleiria.pt\/esadcr-en\/wp-content\/uploads\/sites\/22\/2025\/01\/Plano-de-atividades-ESAD_CR-2024.pdf\">Plano de atividades de 2024<\/a><\/p>\n\n\n\n<p><a href=\"https:\/\/www.ipleiria.pt\/esadcr-en\/wp-content\/uploads\/sites\/22\/2025\/01\/Plano-de-Atividades-ESAD_CR-2023_cf-apreciado.pdf\">Plano de atividades de 2023<\/a><\/p>\n\n\n\n<p><a href=\"https:\/\/www.ipleiria.pt\/esadcr-en\/wp-content\/uploads\/sites\/22\/2025\/01\/Plano-de-atividades_ESAD_CR_2022.pdf\">Plano de atividades de 2022<\/a><\/p>\n\n\n\n<div class=\"wp-block-file\"><a id=\"wp-block-file--media-782908bd-0d0c-49c8-a41f-602ca73dc9e7\" href=\"https:\/\/www.ipleiria.pt\/esadcr\/en\/wp-content\/uploads\/sites\/22\/2022\/02\/Plano-de-atividades_ESADCR_2021.pdf\" target=\"_blank\" rel=\"noreferrer noopener\">Plano de atividades de 2021<\/a><\/div>\n\n\n\n<div class=\"wp-block-file\"><a id=\"wp-block-file--media-85c0dfc5-4b3a-4310-abe8-dd582d52e7b0\" href=\"https:\/\/www.ipleiria.pt\/esadcr\/en\/wp-content\/uploads\/sites\/22\/2020\/03\/Plano-de-atividades-ESAD_CR-2020.pdf\" target=\"_blank\" rel=\"noreferrer noopener\">Plano de atividades de 2020<\/a><\/div>\n\n\n\n<div class=\"wp-block-file\"><a id=\"wp-block-file--media-e08e14ea-b4cd-4514-8147-36d035360faf\" href=\"https:\/\/www.ipleiria.pt\/esadcr\/en\/wp-content\/uploads\/sites\/22\/2019\/03\/PA_2019-1.pdf\" target=\"_blank\" rel=\"noreferrer noopener\">Plano de atividades de 2019<\/a><\/div>\n\n\n\n<div class=\"wp-block-file\"><a id=\"wp-block-file--media-8508ac98-dd76-451a-be9d-c0225936925b\" href=\"https:\/\/www.ipleiria.pt\/esadcr\/en\/wp-content\/uploads\/sites\/22\/2019\/03\/PA_2018.pdf\" target=\"_blank\" rel=\"noreferrer noopener\">Plano de atividades de 2018<\/a><\/div>\n\n\n\n<div class=\"wp-block-file\"><a id=\"wp-block-file--media-1db7852a-8a45-4092-8e63-922c470c1604\" href=\"https:\/\/www.ipleiria.pt\/esadcr\/en\/wp-content\/uploads\/sites\/22\/2019\/03\/PA_2017.pdf\" target=\"_blank\" rel=\"noreferrer noopener\">Plano de atividades de 2017<\/a><\/div>\n\n\n\n<div class=\"wp-block-file\"><a id=\"wp-block-file--media-cb843242-6745-437b-b16d-b4f8040aad71\" href=\"https:\/\/www.ipleiria.pt\/esadcr\/en\/wp-content\/uploads\/sites\/22\/2019\/03\/PA_2016.pdf\" target=\"_blank\" rel=\"noreferrer noopener\">Plano de atividades de 2016<\/a><\/div>\n\n\n\n<div class=\"wp-block-file\"><a id=\"wp-block-file--media-d7e2edce-4c91-4f82-8ed3-76d208585072\" href=\"https:\/\/www.ipleiria.pt\/esadcr\/en\/wp-content\/uploads\/sites\/22\/2019\/03\/PA_2015.pdf\" target=\"_blank\" rel=\"noreferrer noopener\">Plano de atividades de 2015<\/a><\/div>\n<\/div>\n\n\n\n<div class=\"wp-container-2 wp-block-column\">\n<h3 id=\"relatorios-de-atividades-da-esad-cr\">Relat\u00f3rios de atividades da ESAD.CR<\/h3>\n\n\n\n<div style=\"height:20px\" aria-hidden=\"true\" class=\"wp-block-spacer\"><\/div>\n\n\n\n<p><a href=\"https:\/\/www.ipleiria.pt\/esadcr-en\/wp-content\/uploads\/sites\/22\/2025\/04\/Relato\u0301rio-de-Atividades-2024_vf-site.pdf\">Relat\u00f3rio de atividades de 2024<\/a><\/p>\n\n\n\n<p><a href=\"https:\/\/www.ipleiria.pt\/esadcr-en\/wp-content\/uploads\/sites\/22\/2025\/01\/Relato\u0301rio-de-Atividades-ESAD_CR-2023.pdf\">Relat\u00f3rio de atividades de 2023<\/a><\/p>\n\n\n\n<p><a href=\"https:\/\/www.ipleiria.pt\/esadcr-en\/wp-content\/uploads\/sites\/22\/2025\/01\/Relato\u0301rio-de-Atividades-da-ESAD.CR-2022.pdf\">Relat\u00f3rio de atividades de 2022<\/a><\/p>\n\n\n\n<p><a href=\"https:\/\/www.ipleiria.pt\/esadcr-en\/wp-content\/uploads\/sites\/22\/2025\/01\/Relatorio-de-Atividades-da-ESAD.CR-2021.pdf\">Relat\u00f3rio de atividades de 2021<\/a><\/p>\n\n\n\n<div class=\"wp-block-file\"><a id=\"wp-block-file--media-f8fa8648-efca-40ab-b6b8-02a09b9ebfb2\" href=\"https:\/\/www.ipleiria.pt\/esadcr\/en\/wp-content\/uploads\/sites\/22\/2022\/02\/Relatorio-de-Atividades-ESADCR-2020.pdf\" target=\"_blank\" rel=\"noreferrer noopener\">Relat\u00f3rio de atividades de 2020<\/a><\/div>\n\n\n\n<div class=\"wp-block-file\"><a id=\"wp-block-file--media-9ea0661e-d039-4637-a0f9-1dc408a14b66\" href=\"https:\/\/www.ipleiria.pt\/esadcr\/en\/wp-content\/uploads\/sites\/22\/2020\/03\/Relat\u00f3rio-de-Atividades-ESAD_CR-2019.pdf\" target=\"_blank\" rel=\"noreferrer noopener\">Relat\u00f3rio de atividades de 2019<\/a><\/div>\n\n\n\n<div class=\"wp-block-file\"><a id=\"wp-block-file--media-3eea014a-18a2-48a9-99cc-7c0afec52643\" href=\"https:\/\/www.ipleiria.pt\/esadcr\/en\/wp-content\/uploads\/sites\/22\/2019\/03\/RA_2017.pdf\" target=\"_blank\" rel=\"noreferrer noopener\">Relat\u00f3rio de atividades de 2017<\/a><\/div>\n\n\n\n<div class=\"wp-block-file\"><a id=\"wp-block-file--media-5e2601a6-2f41-45e8-847b-3ae915d51987\" href=\"https:\/\/www.ipleiria.pt\/esadcr\/en\/wp-content\/uploads\/sites\/22\/2019\/03\/RA_2016.pdf\" target=\"_blank\" rel=\"noreferrer noopener\">Relat\u00f3rio de atividades de 2016<\/a><\/div>\n\n\n\n<div class=\"wp-block-file\"><a id=\"wp-block-file--media-1b58aeb2-2b0f-4fb6-93be-32a7f79d063a\" href=\"https:\/\/www.ipleiria.pt\/esadcr\/en\/wp-content\/uploads\/sites\/22\/2019\/03\/RA_2015.pdf\" target=\"_blank\" rel=\"noreferrer noopener\">Relat\u00f3rio de atividades de 2015<\/a><\/div>\n\n\n\n<div class=\"wp-block-file\"><a id=\"wp-block-file--media-7c83d624-5fa6-4440-807d-7d97ea6babe6\" href=\"https:\/\/www.ipleiria.pt\/esadcr\/en\/wp-content\/uploads\/sites\/22\/2019\/03\/RA_2014.pdf\" target=\"_blank\" rel=\"noreferrer noopener\">Relat\u00f3rio de atividades de 2014<\/a><\/div>\n<\/div>\n<\/div>\n\n\n\n<p><\/p>\n","protected":false},"excerpt":{"rendered":"Planos de atividades da ESAD.CR Plano de atividades de 2025 Plano de atividades de 2024 Plano de atividades de 2023 Plano de atividades de 2022 Relat\u00f3rios de atividades da ESAD.CR Relat\u00f3rio de atividades de 2024 Relat\u00f3rio de atividades de 2023 Relat\u00f3rio de atividades de 2022 Relat\u00f3rio de atividades de 2021","protected":false},"author":1,"featured_media":5432,"parent":32,"menu_order":500,"comment_status":"closed","ping_status":"closed","template":"","meta":{"multilingual_post_translation":"{\"pt-PT\":{\"url\":\"https:\/\/www.ipleiria.pt\/esadcr\/escola\/informacao-de-gestao\/\",\"postID\":null,\"postTitle\":\"\",\"siteID\":17,\"customURL\":true,\"languageInfo\":{\"multilingual_site_api_url\":\"https:\/\/www.ipleiria.pt\/esadcr\/wp-json\/\",\"name\":\"Portugu\u00eas\",\"locale\":\"pt_PT\"}}}","custompostfields_banners":"","custompostfields_post-association_course-gallery":[]},"_links":{"self":[{"href":"https:\/\/www.ipleiria.pt\/esadcr-en\/wp-json\/wp\/v2\/pages\/1440"}],"collection":[{"href":"https:\/\/www.ipleiria.pt\/esadcr-en\/wp-json\/wp\/v2\/pages"}],"about":[{"href":"https:\/\/www.ipleiria.pt\/esadcr-en\/wp-json\/wp\/v2\/types\/page"}],"author":[{"embeddable":true,"href":"https:\/\/www.ipleiria.pt\/esadcr-en\/wp-json\/wp\/v2\/users\/1"}],"replies":[{"embeddable":true,"href":"https:\/\/www.ipleiria.pt\/esadcr-en\/wp-json\/wp\/v2\/comments?post=1440"}],"version-history":[{"count":10,"href":"https:\/\/www.ipleiria.pt\/esadcr-en\/wp-json\/wp\/v2\/pages\/1440\/revisions"}],"predecessor-version":[{"id":17520,"href":"https:\/\/www.ipleiria.pt\/esadcr-en\/wp-json\/wp\/v2\/pages\/1440\/revisions\/17520"}],"up":[{"embeddable":true,"href":"https:\/\/www.ipleiria.pt\/esadcr-en\/wp-json\/wp\/v2\/pages\/32"}],"wp:featuredmedia":[{"embeddable":true,"href":"https:\/\/www.ipleiria.pt\/esadcr-en\/wp-json\/wp\/v2\/media\/5432"}],"wp:attachment":[{"href":"https:\/\/www.ipleiria.pt\/esadcr-en\/wp-json\/wp\/v2\/media?parent=1440"}],"curies":[{"name":"wp","href":"https:\/\/api.w.org\/{rel}","templated":true}]}}