{"id":1445,"date":"2019-02-08T17:59:13","date_gmt":"2019-02-08T17:59:13","guid":{"rendered":"https:\/\/www.ipleiria.pt\/esad\/?page_id=1445"},"modified":"2025-12-15T15:31:57","modified_gmt":"2025-12-15T15:31:57","slug":"regulation-and-standards","status":"publish","type":"page","link":"https:\/\/www.ipleiria.pt\/esadcr-en\/school\/regulation-and-standards\/","title":{"rendered":"Regulation &#038; Standards"},"content":{"rendered":"\n<h3 id=\"estatutos-esad-cr\">Estatutos ESAD.CR<\/h3>\n\n\n\n<p><a rel=\"noreferrer noopener\" href=\"https:\/\/diariodarepublica.pt\/dr\/detalhe\/despacho\/5162-2025-916749692\" target=\"_blank\">Estatutos da Escola Superior de Artes e Design das Caldas da Rainha &#8211; Despacho n.\u00ba 5162\/2025<\/a><\/p>\n\n\n\n<h3>Comunica\u00e7\u00f5es internas da ESAD.CR<\/h3>\n\n\n\n<p><a rel=\"noreferrer noopener\" href=\"https:\/\/www.ipleiria.pt\/esadcr\/wp-content\/uploads\/sites\/17\/2024\/11\/Aviso_UC_sem_exame_2024_25.pdf\" target=\"_blank\">Unidades Curriculares n\u00e3o sujeitas a exame \u2013 1\u00ba e 2\u00ba semestre<\/a><\/p>\n\n\n\n<div class=\"wp-block-file\"><a id=\"wp-block-file--media-3c6f047a-448e-4cf7-936e-83eb4691650c\" href=\"https:\/\/www.ipleiria.pt\/esadcr\/wp-content\/uploads\/sites\/17\/2019\/04\/Comunica\u00e7\u00e3o-Interna-n\u00ba-1_2019_Primeiros-Socorros.pdf\" target=\"_blank\" rel=\"noreferrer noopener\">1\/2019 &#8211; Primeiros Socorros<\/a><\/div>\n\n\n\n<div class=\"wp-block-file\"><a id=\"wp-block-file--media-6865c6fa-b01f-4e76-ab5b-6b5391e73e87\" href=\"https:\/\/www.ipleiria.pt\/esadcr\/wp-content\/uploads\/sites\/17\/2019\/04\/Comunica\u00e7\u00e3o-Interna-3_2017.pdf\" target=\"_blank\" rel=\"noreferrer noopener\">3\/2017 &#8211; Per\u00edodo de funcionamento e atendimento<\/a><\/div>\n\n\n\n<div class=\"wp-block-file\"><a id=\"wp-block-file--media-d47a3b34-26e5-4a00-b21b-b24f452eb6dc\" href=\"https:\/\/www.ipleiria.pt\/esadcr\/wp-content\/uploads\/sites\/17\/2019\/04\/Comunica\u00e7\u00e3o-Interna-2_2013.pdf\">2\/2013 &#8211; Acesso ao elevador do Edif\u00edcio Pedag\u00f3gico 1<\/a><\/div>\n\n\n\n<div class=\"wp-block-file\"><a id=\"wp-block-file--media-c8b1d097-48fd-47b5-b0b3-38b2dc92f5b1\" href=\"https:\/\/www.ipleiria.pt\/esadcr\/wp-content\/uploads\/sites\/17\/2019\/04\/Comunica\u00e7\u00e3o-Interna-12_2010.pdf\" target=\"_blank\" rel=\"noreferrer noopener\">12\/2010 &#8211; Defini\u00e7\u00e3o de procedimentos relativos a Sum\u00e1rios  <\/a><\/div>\n\n\n\n<div class=\"wp-block-file\"><a id=\"wp-block-file--media-896688cd-a296-4aa2-8d17-c17c795eb9e4\" href=\"https:\/\/www.ipleiria.pt\/esadcr\/wp-content\/uploads\/sites\/17\/2019\/04\/Comunica\u00e7\u00e3o-Interna-7_2010.pdf\" target=\"_blank\" rel=\"noreferrer noopener\">7\/2010 &#8211; Desaparecimento de bens pessoais<\/a><\/div>\n\n\n\n<div class=\"wp-block-file\"><a id=\"wp-block-file--media-86ea3b8f-ead0-4aa5-9563-9d6a07281ee9\" href=\"https:\/\/www.ipleiria.pt\/esadcr\/wp-content\/uploads\/sites\/17\/2019\/04\/Comunica\u00e7\u00e3o-Interna-11_2009.pdf\" target=\"_blank\" rel=\"noreferrer noopener\">11\/2009 &#8211; Aos Servi\u00e7os da Portaria<\/a><\/div>\n\n\n\n<div class=\"wp-block-file\"><a id=\"wp-block-file--media-3eee60c3-0724-42fd-8d89-a0c51759d37b\" href=\"https:\/\/www.ipleiria.pt\/esadcr\/wp-content\/uploads\/sites\/17\/2019\/04\/Comunica\u00e7\u00e3o-Interna-10_2009.pdf\">10\/2009 &#8211; Regras de utiliza\u00e7\u00e3o das salas requisit\u00e1veis da ESAD.CR<\/a><\/div>\n\n\n\n<div class=\"wp-block-file\"><a id=\"wp-block-file--media-96749532-f9e1-4eb3-852c-6200442e28a9\" href=\"https:\/\/www.ipleiria.pt\/esadcr\/wp-content\/uploads\/sites\/17\/2019\/11\/DSDBibC3_Salapolivalente_normasdefuncionamento_DespachoPreside\u0302ncia.pdf\">Normas para utiliza\u00e7\u00e3o da Sala Polivalente<\/a><\/div>\n\n\n\n<h3>Regulamentos da ESAD.CR<\/h3>\n\n\n\n<div class=\"wp-block-file\"><a id=\"wp-block-file--media-cd0e54fd-5da2-4281-bf12-7bf38c29d948\" href=\"https:\/\/www.ipleiria.pt\/esadcr\/wp-content\/uploads\/sites\/17\/2019\/04\/Regulamento-dos-Servi\u00e7os-Administrativos-Pr\u00f3prios-da-ESAD.CR-do-IPL.pdf\" target=\"_blank\" rel=\"noreferrer noopener\">Regulamento dos Servi\u00e7os Administrativos Pr\u00f3prios da ESAD.CR do IPL<\/a><\/div>\n\n\n\n<div class=\"wp-block-file\"><a id=\"wp-block-file--media-03012a20-1484-4188-929a-45ba3e06f7d8\" href=\"https:\/\/www.ipleiria.pt\/esadcr\/wp-content\/uploads\/sites\/17\/2019\/04\/Regulamento-de-Est\u00e1gios-da-Escola-Superior-de-Artes-e-Design.pdf\" target=\"_blank\" rel=\"noreferrer noopener\">Regulamento de Est\u00e1gios da ESAD.CR<\/a><\/div>\n\n\n\n<div class=\"wp-block-file\"><a id=\"wp-block-file--media-404b8907-eb0d-43cc-832c-b47a105eadc9\" href=\"https:\/\/www.ipleiria.pt\/esadcr\/wp-content\/uploads\/sites\/17\/2019\/04\/Regulamento-de-Avalia\u00e7\u00e3o-do-Aproveitamento-dos-Estudantes-da-ESAD.CR_.pdf\" target=\"_blank\" rel=\"noreferrer noopener\">Regulamento de Avalia\u00e7\u00e3o do Aproveitamento dos Estudantes da ESAD.CR<\/a><\/div>\n\n\n\n<div class=\"wp-block-file\"><a id=\"wp-block-file--media-4f6889a9-29bb-45ea-b979-c5569d633104\" href=\"https:\/\/www.ipleiria.pt\/esadcr\/wp-content\/uploads\/sites\/17\/2019\/04\/Regulamento-de-Faltas-a-Atividades-Letivas-e-a-Elementos-de-Avalia\u00e7\u00e3o-da-ESAD.CR_.pdf\" target=\"_blank\" rel=\"noreferrer noopener\">Regulamento de Faltas a Atividades Letivas e a Elementos de Avalia\u00e7\u00e3o da ESAD.CR<\/a><\/div>\n\n\n\n<h3>Despachos da ESAD.CR<\/h3>\n\n\n\n<p><a href=\"https:\/\/www.ipleiria.pt\/esadcr\/wp-content\/uploads\/sites\/17\/2025\/12\/Despacho-Hora%CC%81rio-Lab-e-Oficina-1S-2025_2026_signed.pdf\">94\/2025 \u2013 Hor\u00e1rio dos laborat\u00f3rios e oficinas da ESAD.CR \u2013 1\u00ba semestre do ano letivo 2025\/2026<\/a><\/p>\n\n\n\n<p><a href=\"https:\/\/www.ipleiria.pt\/esadcr-en\/wp-content\/uploads\/sites\/22\/2025\/12\/Despacho-N90_2025-Encerramento-parcial-da-ESAD.CR-dezembro_signed.pdf\">90\/2025 &#8211; Encerramento Parcial da&nbsp;ESAD.CR&nbsp;de 22 de dezembro a 2 de janeiro de 2026<\/a><\/p>\n\n\n\n<div class=\"wp-block-file\"><a id=\"wp-block-file--media-446f1666-5cab-4699-8a4a-e559e4e4e39b\" href=\"https:\/\/www.ipleiria.pt\/esadcr-en\/wp-content\/uploads\/sites\/22\/2025\/07\/Despacho-n.o51_2025-Encerramento-Vera\u0303o_signed.pdf\">51\/2025 &#8211; Encerramento parcial de Vera\u0303o da ESAD.CR<\/a><\/div>\n\n\n\n<p><a href=\"https:\/\/www.ipleiria.pt\/esadcr\/wp-content\/uploads\/sites\/17\/2025\/05\/Despacho-no-21_2025_hora%CC%81rio-oficinas-e-laborato%CC%81rios-2S-2024.2025_signed.pdf\">21\/2025 &#8211; Hor\u00e1rio dos laborat\u00f3rios e oficinas da ESAD.CR &#8211; 2\u00ba semestre do ano letivo 2024\/2025<\/a><\/p>\n\n\n\n<p><a href=\"https:\/\/www.ipleiria.pt\/esadcr\/wp-content\/uploads\/sites\/17\/2025\/05\/Despacho-no-12_2025-Responsa%CC%81vel-Oficinas_v12.03.2025_signed.pdf\">12\/2025 &#8211; Nomea\u00e7\u00e3o de Respons\u00e1veis pelos Laborat\u00f3rios e Oficinas da ESAD.CR<\/a><\/p>\n\n\n\n<p><a href=\"https:\/\/www.ipleiria.pt\/esadcr\/wp-content\/uploads\/sites\/17\/2024\/10\/Proposta_Despacho-n.o68_2024-Enunciados-de-exame_rev.pdf\" target=\"_blank\" rel=\"noreferrer noopener\">68\/2024 \u2013 Enunciados de Exame<\/a><\/p>\n\n\n\n<p><a rel=\"noreferrer noopener\" href=\"https:\/\/www.ipleiria.pt\/esadcr\/wp-content\/uploads\/sites\/17\/2024\/10\/DESPACHO-66_2024-Hora%CC%81rios-oficinas-S1-24_25_signed.pdf\" target=\"_blank\">66\/2024 \u2013 Hor\u00e1rios dos laborat\u00f3rios e oficinas da ESAD.CR \u2013 1.\u00ba semestre do ano letivo 2024\/2025<\/a><\/p>\n\n\n\n<p><a rel=\"noreferrer noopener\" href=\"https:\/\/www.ipleiria.pt\/esadcr\/wp-content\/uploads\/sites\/17\/2024\/03\/Despacho-18_2024-Requisic%CC%A7a%CC%83o-de-equipamentos-afetos-a%CC%80s-oficinas-de-audiovisuais-e-fotografia_signed.pdf\" target=\"_blank\">18\/2024 \u2013 Requisi\u00e7\u00e3o de equipamentos afetos \u00e0s oficinas de audiovisuais e fotografia<\/a><\/p>\n\n\n\n<p><a href=\"https:\/\/www.ipleiria.pt\/esadcr\/wp-content\/uploads\/sites\/17\/2022\/12\/Despacho-84_2022-PIABS-de-ID_v2-1.pdf\" target=\"_blank\" rel=\"noreferrer noopener\">84\/2022 \u2013 Procedimento de aquisi\u00e7\u00e3o de bens m\u00f3veis ou de servi\u00e7os no \u00e2mbito das atividades de I&amp;D com interven\u00e7\u00e3o do Gabinete de Aprovisionamento, Contabilidade e Patrim\u00f3nio<\/a><\/p>\n\n\n\n<p><a href=\"https:\/\/www.ipleiria.pt\/esadcr\/wp-content\/uploads\/sites\/17\/2022\/09\/Despachono50_2022_D_Oficinarealidadesdigitais_signed-1.pdf\" target=\"_blank\" rel=\"noreferrer noopener\">50\/2022 \u2013 Oficina realidades digitais<\/a><\/p>\n\n\n\n<p><a href=\"https:\/\/www.ipleiria.pt\/esadcr\/wp-content\/uploads\/sites\/17\/2022\/03\/Despacho-31.2022_Eventos_signed.pdf\" target=\"_blank\" rel=\"noreferrer noopener\">31\/2022 \u2013 Procedimentos para realiza\u00e7\u00e3o de eventos<\/a><\/p>\n\n\n\n<p><a href=\"https:\/\/www.ipleiria.pt\/esadcr\/wp-content\/uploads\/sites\/17\/2022\/03\/Despacho-30.2022-Visitas_signed.pdf\" target=\"_blank\" rel=\"noreferrer noopener\">30\/2022 \u2013 Visitas de estudo e outras atividades curriculares e de complemento curricular que ocorram para al\u00e9m dos espa\u00e7os afetos \u00e0 atividade da ESAD.CR<\/a><\/p>\n\n\n\n<p><a href=\"https:\/\/www.ipleiria.pt\/esadcr\/wp-content\/uploads\/sites\/17\/2021\/01\/ESADCR_despacho1_2021_signed.pdf\" target=\"_blank\" rel=\"noreferrer noopener\">01\/2021 \u2013 Grupo de trabalho para a comunica\u00e7\u00e3o online da ESAD.CR<\/a><\/p>\n\n\n\n<p><a href=\"https:\/\/www.ipleiria.pt\/esadcr\/wp-content\/uploads\/sites\/17\/2020\/12\/Despacho-77_2020__Laboratorio-de-experimentacao-e-dialogo_vf_signed.pdf\" target=\"_blank\" rel=\"noreferrer noopener\">77\/2020 \u2013 Laborat\u00f3rio de experimenta\u00e7\u00e3o e di\u00e1logo<\/a><\/p>\n\n\n\n<div class=\"wp-block-file\"><a id=\"wp-block-file--media-a8eb7d4e-d8a6-42b3-ad61-722c72b1bf28\" href=\"https:\/\/www.ipleiria.pt\/esadcr\/wp-content\/uploads\/sites\/17\/2020\/01\/Despacho-n\u00ba-2_2020.pdf\" target=\"_blank\" rel=\"noreferrer noopener\">2\/2020 &#8211; Elei\u00e7\u00f5es para o Conselho Pedag\u00f3gico da ESAD.CR &#8211; Constitui\u00e7\u00e3o da mesa de voto &#8211; estudantes &#8211; atos eleitorais de 09.01.2020<\/a><\/div>\n\n\n\n<div class=\"wp-block-file\"><a id=\"wp-block-file--media-67b8ab3e-494d-41dd-b7a8-9dbdec4d2139\" href=\"https:\/\/www.ipleiria.pt\/esadcr\/wp-content\/uploads\/sites\/17\/2019\/04\/Despacho-3_2019.pdf\" target=\"_blank\" rel=\"noreferrer noopener\">3\/2019 \u2013 Acesso rodovi\u00e1rio ao campus 3 do Instituto Polit\u00e9cnico de Leiria<\/a><\/div>\n\n\n\n<div class=\"wp-block-file\"><a id=\"wp-block-file--media-a9a9556f-d6a7-413d-9e41-0abca03e8df1\" href=\"https:\/\/www.ipleiria.pt\/esadcr\/wp-content\/uploads\/sites\/17\/2019\/04\/Despacho-80_2018.pdf\" target=\"_blank\" rel=\"noreferrer noopener\">80\/2018 &#8211; Apresenta\u00e7\u00e3o de propostas de regras sobre a apresenta\u00e7\u00e3o gr\u00e1fica e formato para a elabora\u00e7\u00e3o da disserta\u00e7\u00e3o, projeto e relat\u00f3rio de est\u00e1gio <\/a><\/div>\n\n\n\n<div class=\"wp-block-file\"><a id=\"wp-block-file--media-485930dd-03fa-4cd2-a19c-4a8e705ef720\" href=\"https:\/\/www.ipleiria.pt\/esadcr\/wp-content\/uploads\/sites\/17\/2019\/04\/Despacho-49_2018.pdf\" target=\"_blank\" rel=\"noreferrer noopener\">49\/2018 &#8211; Utiliza\u00e7\u00e3o de endere\u00e7o de correio eletr\u00f3nico &#8211; Laborat\u00f3rios e Oficinas da ESAD.CR <\/a><\/div>\n\n\n\n<div class=\"wp-block-file\"><a id=\"wp-block-file--media-24244aff-900a-4164-96ec-dd47cc9974b3\" href=\"https:\/\/www.ipleiria.pt\/esadcr\/wp-content\/uploads\/sites\/17\/2019\/04\/Despacho-34_2018.pdf\" target=\"_blank\" rel=\"noreferrer noopener\">34\/2018 &#8211;  Prazos entrega dos enunciados<\/a><\/div>\n\n\n\n<div class=\"wp-block-file\"><a id=\"wp-block-file--media-815658aa-0d04-46c4-bbbc-2cab5a85cadb\" href=\"https:\/\/www.ipleiria.pt\/esadcr\/wp-content\/uploads\/sites\/17\/2019\/04\/Despacho-31_2018.pdf\" target=\"_blank\" rel=\"noreferrer noopener\">31\/2018 &#8211; Utiliza\u00e7\u00e3o de correio eletr\u00f3nico e listas internas de distribui\u00e7\u00e3o<\/a><\/div>\n\n\n\n<div class=\"wp-block-file\"><a id=\"wp-block-file--media-9a568128-0992-42b6-9820-f8e883c971c7\" href=\"https:\/\/www.ipleiria.pt\/esadcr\/wp-content\/uploads\/sites\/17\/2019\/04\/Despacho-46_2017.pdf\" target=\"_blank\" rel=\"noreferrer noopener\">46\/2017 &#8211; PAR<\/a><\/div>\n\n\n\n<div class=\"wp-block-file\"><a id=\"wp-block-file--media-40fc33cd-7e79-4b25-ba75-573915fef3ff\" href=\"https:\/\/www.ipleiria.pt\/esadcr\/wp-content\/uploads\/sites\/17\/2019\/04\/Despacho-44_2017.pdf\" target=\"_blank\" rel=\"noreferrer noopener\">44\/2017 &#8211; Edi\u00e7\u00f5es ESAD.CR<\/a><\/div>\n\n\n\n<div class=\"wp-block-file\"><a id=\"wp-block-file--media-7122085e-3f4d-4695-95ac-cad88698f427\" href=\"https:\/\/www.ipleiria.pt\/esadcr\/wp-content\/uploads\/sites\/17\/2019\/04\/Despacho-39_2017.pdf\" target=\"_blank\" rel=\"noreferrer noopener\">39\/2017 &#8211; Responsabilidade sobre bens m\u00f3veis da ESAD.CR <\/a><\/div>\n\n\n\n<div class=\"wp-block-file\"><a id=\"wp-block-file--media-e3f581b4-42ae-416b-9959-01d2ce03b313\" href=\"https:\/\/www.ipleiria.pt\/esadcr\/wp-content\/uploads\/sites\/17\/2019\/04\/Despacho-30_2017.pdf\" target=\"_blank\" rel=\"noreferrer noopener\">30\/2017 &#8211; Altera\u00e7\u00e3o da inscri\u00e7\u00e3o em UC&#8217;s de op\u00e7\u00e3o e forma\u00e7\u00e3o de turnos <\/a><\/div>\n\n\n\n<div class=\"wp-block-file\"><a id=\"wp-block-file--media-88652f10-6cc1-4bf9-ab95-bae8479468ad\" href=\"https:\/\/www.ipleiria.pt\/esadcr\/wp-content\/uploads\/sites\/17\/2019\/04\/Despacho-13_2017.pdf\" target=\"_blank\" rel=\"noreferrer noopener\">13\/2017 &#8211; Perdidos e Achados<\/a><\/div>\n\n\n\n<div class=\"wp-block-file\"><a id=\"wp-block-file--media-4cee9df8-1679-4e26-9a5c-9df1434c55e0\" href=\"https:\/\/www.ipleiria.pt\/esadcr\/wp-content\/uploads\/sites\/17\/2019\/04\/Despacho-4_2015.pdf\" target=\"_blank\" rel=\"noreferrer noopener\">4\/2015 &#8211; Gest\u00e3o do processo inerente \u00e0 aprova\u00e7\u00e3o e publica\u00e7\u00e3o das Fichas de Unidades Curriculares dos ciclos de estudos da ESAD.CR<\/a><\/div>\n\n\n\n<div class=\"wp-block-file\"><a id=\"wp-block-file--media-9c9573aa-6ee5-4339-aeb6-3673326f9c44\" href=\"https:\/\/www.ipleiria.pt\/esadcr\/wp-content\/uploads\/sites\/17\/2019\/04\/Despacho-17_2013.pdf\" target=\"_blank\" rel=\"noreferrer noopener\">17\/2013 &#8211; Pedidos Altera\u00e7\u00e3o de Hor\u00e1rios Letivos<\/a><\/div>\n\n\n\n<div class=\"wp-block-file\"><a href=\"https:\/\/www.ipleiria.pt\/esadcr\/wp-content\/uploads\/sites\/17\/2019\/04\/Despacho-17_2013-1.pdf\" target=\"_blank\" rel=\"noreferrer noopener\"><\/a><a href=\"https:\/\/www.ipleiria.pt\/esadcr\/wp-content\/uploads\/sites\/17\/2019\/11\/Desp.-n.\u00ba-12-2013-Desaparecimento-equipamento-ESAD.CR-IPL.pdf\">12\/2013 &#8211; Desaparecimento equipamento ESAD.CR-IPL<\/a><\/div>\n\n\n\n<div class=\"wp-block-file\"><a id=\"wp-block-file--media-e0aebde2-a6d2-44f0-be95-ffec9bb301f7\" href=\"https:\/\/www.ipleiria.pt\/esadcr\/wp-content\/uploads\/sites\/17\/2019\/04\/Despacho-1_2010.pdf\" target=\"_blank\" rel=\"noreferrer noopener\">1\/2010 &#8211; Requisi\u00e7\u00e3o das salas F03, F16, F20 e F21 do EP2 <\/a><\/div>\n\n\n\n<div style=\"height:20px\" aria-hidden=\"true\" class=\"wp-block-spacer\"><\/div>\n\n\n\n<div style=\"height:20px\" aria-hidden=\"true\" class=\"wp-block-spacer\"><\/div>\n\n\n\n<h3><strong>Delega\u00e7\u00e3o de compet\u00eancias<\/strong> d<strong>os \u00f3rg\u00e3os da ESAD.CR<\/strong><\/h3>\n\n\n\n<h5 id=\"delegacao-de-competencias-no-diretor\"><strong>Delega\u00e7\u00e3o de compet\u00eancias na Diretora da ESAD.CR<\/strong><\/h5>\n\n\n\n<p><a rel=\"noreferrer noopener\" href=\"https:\/\/diariodarepublica.pt\/dr\/detalhe\/despacho\/2727-2025-909150634\" target=\"_blank\">Delega\u00e7\u00e3o de compet\u00eancias do Presidente do Polit\u00e9cnico de Leiria na Diretora da ESAD.CR<\/a><\/p>\n\n\n\n<p><a rel=\"noreferrer noopener\" href=\"https:\/\/diariodarepublica.pt\/dr\/detalhe\/deliberacao\/280-2025-909150632\" target=\"_blank\">Delega\u00e7\u00e3o de compet\u00eancias do Conselho de Gest\u00e3o<\/a><a rel=\"noreferrer noopener\" href=\"https:\/\/diariodarepublica.pt\/dr\/detalhe\/deliberacao\/280-2025-909150632\" target=\"_blank\"> <\/a><a rel=\"noreferrer noopener\" href=\"https:\/\/diariodarepublica.pt\/dr\/detalhe\/deliberacao\/280-2025-909150632\" target=\"_blank\">d<\/a><a rel=\"noreferrer noopener\" href=\"https:\/\/diariodarepublica.pt\/dr\/detalhe\/deliberacao\/280-2025-909150632\" target=\"_blank\">o<\/a><a rel=\"noreferrer noopener\" href=\"https:\/\/diariodarepublica.pt\/dr\/detalhe\/deliberacao\/280-2025-909150632\" target=\"_blank\"> <\/a><a rel=\"noreferrer noopener\" href=\"https:\/\/diariodarepublica.pt\/dr\/detalhe\/deliberacao\/280-2025-909150632\" target=\"_blank\">P<\/a><a rel=\"noreferrer noopener\" href=\"https:\/\/diariodarepublica.pt\/dr\/detalhe\/deliberacao\/280-2025-909150632\" target=\"_blank\">o<\/a><a rel=\"noreferrer noopener\" href=\"https:\/\/diariodarepublica.pt\/dr\/detalhe\/deliberacao\/280-2025-909150632\" target=\"_blank\">l<\/a><a rel=\"noreferrer noopener\" href=\"https:\/\/diariodarepublica.pt\/dr\/detalhe\/deliberacao\/280-2025-909150632\" target=\"_blank\">i<\/a><a rel=\"noreferrer noopener\" href=\"https:\/\/diariodarepublica.pt\/dr\/detalhe\/deliberacao\/280-2025-909150632\" target=\"_blank\">t<\/a><a rel=\"noreferrer noopener\" href=\"https:\/\/diariodarepublica.pt\/dr\/detalhe\/deliberacao\/280-2025-909150632\" target=\"_blank\">\u00e9<\/a><a rel=\"noreferrer noopener\" href=\"https:\/\/diariodarepublica.pt\/dr\/detalhe\/deliberacao\/280-2025-909150632\" target=\"_blank\">c<\/a><a rel=\"noreferrer noopener\" href=\"https:\/\/diariodarepublica.pt\/dr\/detalhe\/deliberacao\/280-2025-909150632\" target=\"_blank\">n<\/a><a rel=\"noreferrer noopener\" href=\"https:\/\/diariodarepublica.pt\/dr\/detalhe\/deliberacao\/280-2025-909150632\" target=\"_blank\">i<\/a><a rel=\"noreferrer noopener\" href=\"https:\/\/diariodarepublica.pt\/dr\/detalhe\/deliberacao\/280-2025-909150632\" target=\"_blank\">c<\/a><a rel=\"noreferrer noopener\" href=\"https:\/\/diariodarepublica.pt\/dr\/detalhe\/deliberacao\/280-2025-909150632\" target=\"_blank\">o<\/a><a rel=\"noreferrer noopener\" href=\"https:\/\/diariodarepublica.pt\/dr\/detalhe\/deliberacao\/280-2025-909150632\" target=\"_blank\"> <\/a><a rel=\"noreferrer noopener\" href=\"https:\/\/diariodarepublica.pt\/dr\/detalhe\/deliberacao\/280-2025-909150632\" target=\"_blank\">d<\/a><a rel=\"noreferrer noopener\" href=\"https:\/\/diariodarepublica.pt\/dr\/detalhe\/deliberacao\/280-2025-909150632\" target=\"_blank\">e<\/a><a rel=\"noreferrer noopener\" href=\"https:\/\/diariodarepublica.pt\/dr\/detalhe\/deliberacao\/280-2025-909150632\" target=\"_blank\"> <\/a><a rel=\"noreferrer noopener\" href=\"https:\/\/diariodarepublica.pt\/dr\/detalhe\/deliberacao\/280-2025-909150632\" target=\"_blank\">L<\/a><a rel=\"noreferrer noopener\" href=\"https:\/\/diariodarepublica.pt\/dr\/detalhe\/deliberacao\/280-2025-909150632\" target=\"_blank\">e<\/a><a rel=\"noreferrer noopener\" href=\"https:\/\/diariodarepublica.pt\/dr\/detalhe\/deliberacao\/280-2025-909150632\" target=\"_blank\">i<\/a><a rel=\"noreferrer noopener\" href=\"https:\/\/diariodarepublica.pt\/dr\/detalhe\/deliberacao\/280-2025-909150632\" target=\"_blank\">r<\/a><a rel=\"noreferrer noopener\" href=\"https:\/\/diariodarepublica.pt\/dr\/detalhe\/deliberacao\/280-2025-909150632\" target=\"_blank\">i<\/a><a rel=\"noreferrer noopener\" href=\"https:\/\/diariodarepublica.pt\/dr\/detalhe\/deliberacao\/280-2025-909150632\" target=\"_blank\">a<\/a><a rel=\"noreferrer noopener\" href=\"https:\/\/diariodarepublica.pt\/dr\/detalhe\/deliberacao\/280-2025-909150632\" target=\"_blank\"> na Diretora da ESAD.CR<\/a><\/p>\n\n\n\n<p><a rel=\"noreferrer noopener\" href=\"https:\/\/diariodarepublica.pt\/dr\/detalhe\/deliberacao\/281-2025-909150633\" target=\"_blank\">Delega\u00e7\u00e3o de compet\u00eancias do Conselho de Gest\u00e3o do Polit\u00e9cnico de Leiria na Diretora da ESAD.CR, relativa ao Fundo de Maneio<\/a><\/p>\n\n\n\n<h5 id=\"delegacao-e-subdelegacao-de-competencias-nos-subdiretores-da-esad-cr\"><strong>Delega\u00e7\u00e3o e subdelega\u00e7\u00e3o de compet\u00eancias nos Subdiretores da ESAD.CR<\/strong><\/h5>\n\n\n\n<p><a href=\"https:\/\/www.ipleiria.pt\/esadcr-en\/wp-content\/uploads\/sites\/22\/2025\/03\/Despacho-16_2025_delegac\u0327a\u0303o-e-subdelegac\u0327a\u0303o-de-compete\u0302ncias-nos-subdiretores-da-ESAD.CR_signed.pdf\">Delega\u00e7\u00e3o e subdelega\u00e7\u00e3o de compet\u00eancias da Diretora da Escola Superior de Artes e Design das Caldas da Rainha do Instituto Polit\u00e9cnico Leiria nos Subdiretores&nbsp;<\/a><\/p>\n\n\n\n<h5><strong>Delega\u00e7\u00e3o de compet\u00eancias do conselho pedag\u00f3gico da ESAD.CR<\/strong><\/h5>\n\n\n\n<p><a href=\"https:\/\/dre.pt\/dre\/detalhe\/despacho\/3499-2023-210467641\" target=\"_blank\" rel=\"noreferrer noopener\">Delega\u00e7\u00e3o de compet\u00eancias na presidente do conselho pedag\u00f3gico da ESAD.CR<\/a><\/p>\n\n\n\n<h5 id=\"delegacao-de-competencias-dos-coordenadores-de-curso-da-esad-cr\"><strong>Delega\u00e7\u00e3o de compet\u00eancias de Coordenadores de ciclos de estudos da&nbsp;ESAD.CR<\/strong><\/h5>\n\n\n\n<p><a href=\"https:\/\/www.ipleiria.pt\/esadcr-en\/wp-content\/uploads\/sites\/22\/2025\/05\/Despacho-n.o-5897_2025-_-DR.pdf\">Delega\u00e7\u00e3o de compet\u00eancias da coordenadora do ciclo de estudos conducente ao grau de licenciado em Programa\u00e7\u00e3o e Produ\u00e7\u00e3o Cultural<\/a><\/p>\n\n\n\n<h3 id=\"regulamentos-eleitorais-dos-orgaos-e-estruturas-da-esad-cr\"><strong>Regulamentos eleitorais dos \u00f3rg\u00e3os e estruturas da ESAD.CR<\/strong><\/h3>\n\n\n\n<p><a href=\"https:\/\/www.ipleiria.pt\/esadcr-en\/wp-content\/uploads\/sites\/22\/2025\/10\/Regulamento-eleitoral_Conselho-de-Representantes_2025.pdf\">Regulamento Eleitoral Conselho de Representantes<\/a><\/p>\n\n\n\n<p><a href=\"https:\/\/www.ipleiria.pt\/esadcr\/wp-content\/uploads\/sites\/17\/2022\/06\/Regulamento-eleitoral-_-Diretor_-ESAD.CR-_2021-homologado-1.pdf\" target=\"_blank\" rel=\"noreferrer noopener\">Regulamento Eleitoral do\/a Diretor\/a da ESAD.CR<\/a><\/p>\n\n\n\n<p><a href=\"https:\/\/www.ipleiria.pt\/esadcr-en\/wp-content\/uploads\/sites\/22\/2025\/10\/Regulamento-eleitoral_Conselho-Te\u0301cnico-Cienti\u0301fico_2025.pdf\">Regulamento Eleitoral do Conselho T\u00e9cnico-Cient\u00edfico<\/a><\/p>\n\n\n\n<p><a href=\"https:\/\/www.ipleiria.pt\/esadcr-en\/wp-content\/uploads\/sites\/22\/2025\/10\/Regulamento-eleitoral_Conselho-Pedago\u0301gico2_2025.pdf\" target=\"_blank\" rel=\"noreferrer noopener\">Regulamento Eleitoral do Conselho Pedag\u00f3gico<\/a><\/p>\n\n\n\n<p><a href=\"https:\/\/www.ipleiria.pt\/esadcr-en\/wp-content\/uploads\/sites\/22\/2025\/05\/0018400187.pdf\">Regulamento de elei\u00e7\u00e3o do\/a Estudante Delegado\/a de Curso<\/a><\/p>\n\n\n<p><!--EndFragment--><\/p>","protected":false},"excerpt":{"rendered":"Estatutos ESAD.CR Estatutos da Escola Superior de Artes e Design das Caldas da Rainha &#8211; Despacho n.\u00ba 5162\/2025 Comunica\u00e7\u00f5es internas da ESAD.CR Unidades Curriculares n\u00e3o sujeitas a exame \u2013 1\u00ba e 2\u00ba semestre Regulamentos da ESAD.CR Despachos da ESAD.CR 94\/2025 \u2013 Hor\u00e1rio dos laborat\u00f3rios e oficinas da ESAD.CR \u2013 1\u00ba semestre do ano letivo 2025\/2026 [&hellip;]","protected":false},"author":1,"featured_media":2762,"parent":32,"menu_order":520,"comment_status":"closed","ping_status":"closed","template":"","meta":{"multilingual_post_translation":"{\"pt-PT\":{\"url\":\"https:\/\/www.ipleiria.pt\/esadcr\/escola\/legislacao-normas\/\",\"postID\":1445,\"postTitle\":\"Legisla\u00e7\u00e3o\/Normas\",\"siteID\":17,\"customURL\":false,\"languageInfo\":{\"multilingual_site_api_url\":\"https:\/\/www.ipleiria.pt\/esadcr\/wp-json\/\",\"name\":\"Portugu\u00eas\",\"locale\":\"pt_PT\"}}}","custompostfields_banners":"","custompostfields_post-association_course-gallery":[]},"_links":{"self":[{"href":"https:\/\/www.ipleiria.pt\/esadcr-en\/wp-json\/wp\/v2\/pages\/1445"}],"collection":[{"href":"https:\/\/www.ipleiria.pt\/esadcr-en\/wp-json\/wp\/v2\/pages"}],"about":[{"href":"https:\/\/www.ipleiria.pt\/esadcr-en\/wp-json\/wp\/v2\/types\/page"}],"author":[{"embeddable":true,"href":"https:\/\/www.ipleiria.pt\/esadcr-en\/wp-json\/wp\/v2\/users\/1"}],"replies":[{"embeddable":true,"href":"https:\/\/www.ipleiria.pt\/esadcr-en\/wp-json\/wp\/v2\/comments?post=1445"}],"version-history":[{"count":38,"href":"https:\/\/www.ipleiria.pt\/esadcr-en\/wp-json\/wp\/v2\/pages\/1445\/revisions"}],"predecessor-version":[{"id":18458,"href":"https:\/\/www.ipleiria.pt\/esadcr-en\/wp-json\/wp\/v2\/pages\/1445\/revisions\/18458"}],"up":[{"embeddable":true,"href":"https:\/\/www.ipleiria.pt\/esadcr-en\/wp-json\/wp\/v2\/pages\/32"}],"wp:featuredmedia":[{"embeddable":true,"href":"https:\/\/www.ipleiria.pt\/esadcr-en\/wp-json\/wp\/v2\/media\/2762"}],"wp:attachment":[{"href":"https:\/\/www.ipleiria.pt\/esadcr-en\/wp-json\/wp\/v2\/media?parent=1445"}],"curies":[{"name":"wp","href":"https:\/\/api.w.org\/{rel}","templated":true}]}}