{"id":10643,"date":"2021-03-05T12:20:27","date_gmt":"2021-03-05T12:20:27","guid":{"rendered":"https:\/\/www.ipleiria.pt\/esadcr\/?page_id=10643"},"modified":"2021-03-24T15:56:51","modified_gmt":"2021-03-24T15:56:51","slug":"citerios-de-seriacao-erasmus","status":"publish","type":"page","link":"https:\/\/www.ipleiria.pt\/esadcr\/citerios-de-seriacao-erasmus\/","title":{"rendered":"Cit\u00e9rios de Seria\u00e7\u00e3o ERASMUS+"},"content":{"rendered":"\n<div class=\"wp-block-file\"><a href=\"https:\/\/www.ipleiria.pt\/esadcr\/wp-content\/uploads\/sites\/17\/2019\/11\/Crite\u0301rios-Seriac\u0327a\u0303o_Mobilidade-Erasmus-Estudos.pdf\" target=\"_blank\" rel=\"noreferrer noopener\">Crite\u0301rios Seriac\u0327a\u0303o &#8211; Mobilidade Erasmus+ Estudos<\/a><\/div>\n\n\n\n<div class=\"wp-block-file\"><a href=\"https:\/\/www.ipleiria.pt\/esadcr\/wp-content\/uploads\/sites\/17\/2021\/03\/Seriacao-Erasmus_2021_2022-Resultados-Definitivos.pdf\" target=\"_blank\" rel=\"noreferrer noopener\">Seriacao Erasmus 2021\/2022 Resultados Definitivos<\/a><\/div>\n\n\n\n<p><\/p>\n","protected":false},"excerpt":{"rendered":"","protected":false},"author":16,"featured_media":0,"parent":0,"menu_order":0,"comment_status":"closed","ping_status":"closed","template":"","meta":{"multilingual_post_translation":"{\"en-GB\":{\"url\":\"\",\"postID\":null,\"postTitle\":\"\",\"siteID\":22,\"customURL\":true,\"languageInfo\":{\"multilingual_site_api_url\":\"https:\/\/www.ipleiria.pt\/esadcr-en\/wp-json\/\",\"name\":\"English\",\"locale\":\"en_GB\"}}}","custompostfields_banners":"6721","custompostfields_post-association_course-gallery":[]},"_links":{"self":[{"href":"https:\/\/www.ipleiria.pt\/esadcr\/wp-json\/wp\/v2\/pages\/10643"}],"collection":[{"href":"https:\/\/www.ipleiria.pt\/esadcr\/wp-json\/wp\/v2\/pages"}],"about":[{"href":"https:\/\/www.ipleiria.pt\/esadcr\/wp-json\/wp\/v2\/types\/page"}],"author":[{"embeddable":true,"href":"https:\/\/www.ipleiria.pt\/esadcr\/wp-json\/wp\/v2\/users\/16"}],"replies":[{"embeddable":true,"href":"https:\/\/www.ipleiria.pt\/esadcr\/wp-json\/wp\/v2\/comments?post=10643"}],"version-history":[{"count":6,"href":"https:\/\/www.ipleiria.pt\/esadcr\/wp-json\/wp\/v2\/pages\/10643\/revisions"}],"predecessor-version":[{"id":10765,"href":"https:\/\/www.ipleiria.pt\/esadcr\/wp-json\/wp\/v2\/pages\/10643\/revisions\/10765"}],"wp:attachment":[{"href":"https:\/\/www.ipleiria.pt\/esadcr\/wp-json\/wp\/v2\/media?parent=10643"}],"curies":[{"name":"wp","href":"https:\/\/api.w.org\/{rel}","templated":true}]}}