{"id":12216,"date":"2021-08-03T12:49:02","date_gmt":"2021-08-03T11:49:02","guid":{"rendered":"https:\/\/www.ipleiria.pt\/esadcr\/?page_id=12216"},"modified":"2022-06-29T10:25:40","modified_gmt":"2022-06-29T09:25:40","slug":"sinopses-de-opcao","status":"publish","type":"page","link":"https:\/\/www.ipleiria.pt\/esadcr\/sinopses-de-opcao\/","title":{"rendered":"Sinopses de Op\u00e7\u00e3o"},"content":{"rendered":"\n<p><\/p>\n\n\n\n<ul class=\"page_for_courses courses d-none\">\n<li class=\"course\">\n        <a href=\"https:\/\/www.ipleiria.pt\/esadcr\/sinopses-de-opcao\/condicionadas\/\" class=\"entry-link\">\n            <span class=\"block entry-thumbnail-wrapper\"><figure><img class=\"block entry-thumbnail\" alt=\"\" src=\"https:\/\/www.ipleiria.pt\/esadcr\/wp-content\/uploads\/sites\/17\/2019\/04\/ed01_ext_550px_34.jpg\"><\/figure><\/span>\n            <span class=\"d-flex justify-content-center align-items-center entry-title-wrapper\">\n                <span class=\"block entry-title\">Op\u00e7\u00f5es Condicionadas<\/span>\n            <\/span>\n        <\/a> \n <\/li>\n<li class=\"course\">\n        <a href=\"https:\/\/www.ipleiria.pt\/esadcr\/sinopses-de-opcao\/livre\/\" class=\"entry-link\">\n            <span class=\"block entry-thumbnail-wrapper\"><figure><img class=\"block entry-thumbnail\" alt=\"\" src=\"https:\/\/www.ipleiria.pt\/esadcr\/wp-content\/uploads\/sites\/17\/2019\/04\/ed01_ext_550px_35.jpg\"><\/figure><\/span>\n            <span class=\"d-flex justify-content-center align-items-center entry-title-wrapper\">\n                <span class=\"block entry-title\">Op\u00e7\u00f5es Livres<\/span>\n            <\/span>\n        <\/a> \n <\/li>\n<\/ul>\n\n\n\n<p><\/p>\n","protected":false},"excerpt":{"rendered":"Op\u00e7\u00f5es Condicionadas Op\u00e7\u00f5es Livres","protected":false},"author":16,"featured_media":4223,"parent":0,"menu_order":0,"comment_status":"closed","ping_status":"closed","template":"themetemplates_esad-templates\/page-childs","meta":{"multilingual_post_translation":"{\"en-GB\":{\"url\":\"\",\"postID\":null,\"postTitle\":\"\",\"siteID\":22,\"customURL\":true,\"languageInfo\":{\"multilingual_site_api_url\":\"https:\/\/www.ipleiria.pt\/esadcr-en\/wp-json\/\",\"name\":\"English\",\"locale\":\"en_GB\"}}}","custompostfields_banners":"","custompostfields_post-association_course-gallery":[]},"_links":{"self":[{"href":"https:\/\/www.ipleiria.pt\/esadcr\/wp-json\/wp\/v2\/pages\/12216"}],"collection":[{"href":"https:\/\/www.ipleiria.pt\/esadcr\/wp-json\/wp\/v2\/pages"}],"about":[{"href":"https:\/\/www.ipleiria.pt\/esadcr\/wp-json\/wp\/v2\/types\/page"}],"author":[{"embeddable":true,"href":"https:\/\/www.ipleiria.pt\/esadcr\/wp-json\/wp\/v2\/users\/16"}],"replies":[{"embeddable":true,"href":"https:\/\/www.ipleiria.pt\/esadcr\/wp-json\/wp\/v2\/comments?post=12216"}],"version-history":[{"count":11,"href":"https:\/\/www.ipleiria.pt\/esadcr\/wp-json\/wp\/v2\/pages\/12216\/revisions"}],"predecessor-version":[{"id":19198,"href":"https:\/\/www.ipleiria.pt\/esadcr\/wp-json\/wp\/v2\/pages\/12216\/revisions\/19198"}],"wp:featuredmedia":[{"embeddable":true,"href":"https:\/\/www.ipleiria.pt\/esadcr\/wp-json\/wp\/v2\/media\/4223"}],"wp:attachment":[{"href":"https:\/\/www.ipleiria.pt\/esadcr\/wp-json\/wp\/v2\/media?parent=12216"}],"curies":[{"name":"wp","href":"https:\/\/api.w.org\/{rel}","templated":true}]}}