{"id":12249,"date":"2021-08-06T10:12:54","date_gmt":"2021-08-06T09:12:54","guid":{"rendered":"https:\/\/www.ipleiria.pt\/esadcr\/?page_id=12249"},"modified":"2026-03-26T14:19:32","modified_gmt":"2026-03-26T14:19:32","slug":"alteracao-a-regulamentos","status":"publish","type":"page","link":"https:\/\/www.ipleiria.pt\/esadcr\/escola\/avisos\/alteracao-a-regulamentos\/","title":{"rendered":"Altera\u00e7\u00e3o a regulamentos"},"content":{"rendered":"\n<h4>In\u00edcio do procedimento<\/h4>\n\n\n\n<p><a href=\"https:\/\/www.ipleiria.pt\/esadcr\/wp-content\/uploads\/sites\/17\/2025\/11\/Aviso_ini\u0301cio_procedimento_Despacho_85_2025_signed.pdf\">Aviso \u2013 Regulamento de Avalia\u00e7\u00e3o, Est\u00e1gios e Faltas da Escola Superior de Artes e Design do Instituto Polit\u00e9cnico de Leiria<\/a><\/p>\n\n\n\n<p><a href=\"https:\/\/www.ipleiria.pt\/esadcr\/wp-content\/uploads\/sites\/17\/2025\/10\/Aviso_ini\u0301cio_procedimento_Despacho_63_2025_Reg-Org-ESAD_signed.pdf\">Aviso \u2013 Altera\u00e7\u00e3o ao Regulamento dos Servi\u00e7os Administrativos Pr\u00f3prios da Escola Superior de Artes e Design do Instituto Polit\u00e9cnico de Leiria<\/a><\/p>\n\n\n\n<p><a href=\"https:\/\/www.ipleiria.pt\/esadcr\/wp-content\/uploads\/sites\/17\/2025\/10\/Aviso_ini\u0301cio_procedimento_Despacho_65_2025_Reg.-Oficinas-e-laborato\u0301rios_ESAD_signed-1.pdf\">Aviso \u2013 Aprova\u00e7\u00e3o do Regulamento dos Laborat\u00f3rios e Oficinas da Escola Superior de Artes e Design do Instituto Polit\u00e9cnico de Leiria<\/a><\/p>\n\n\n\n<h4>Consulta P\u00fablica<\/h4>\n\n\n\n<p><a href=\"https:\/\/www.ipleiria.pt\/esadcr\/wp-content\/uploads\/sites\/17\/2025\/12\/Despacho-93_2025_Proj-Reg-orga\u0302nico-DSAP-ESAD.CR_signed.pdf\">Despacho n.\u00ba 93\/2025 &#8211; Projeto do Regulamento org\u00e2nico dos servi\u00e7os t\u00e9cnicos e administrativos pr\u00f3prios da&nbsp;Escola Superior de Artes e Design do Instituto Polit\u00e9cnico de Leiria<\/a><\/p>\n\n\n\n<p><a href=\"https:\/\/eur02.safelinks.protection.outlook.com\/?url=https%3A%2F%2Fdiariodarepublica.pt%2Fdr%2Fdetalhe%2Fedital%2F1977-2025-989596171&amp;data=05%7C02%7Csite.esad%40ipleiria.pt%7C78130bc15fe24c7c40ad08de3eeddd04%7C536b85ada4484186a9afe3ccad3302c5%7C0%7C0%7C639017388662088833%7CUnknown%7CTWFpbGZsb3d8eyJFbXB0eU1hcGkiOnRydWUsIlYiOiIwLjAuMDAwMCIsIlAiOiJXaW4zMiIsIkFOIjoiTWFpbCIsIldUIjoyfQ%3D%3D%7C0%7C%7C%7C&amp;sdata=JfAYnIqC255YM32ToNlGMYLlKvtARH%2FG6qdcEQOLwnI%3D&amp;reserved=0\">Edital n.\u00ba 1977\/2025<\/a><\/p>\n\n\n\n<p><a rel=\"noreferrer noopener\" href=\"https:\/\/www.ipleiria.pt\/esadcr\/wp-content\/uploads\/sites\/17\/2026\/03\/D13_2026_PROJETO-REG.-GESTA\u0303O-E-FUNCIONAMENTO-ELO_signed-1.pdf\" target=\"_blank\">Despacho n.\u00ba 13\/2026 &#8211; Projeto de Regulamento de Gest\u00e3o e Funcionamento dos Espa\u00e7os Laboratoriais e Oficinais da Escola Superior de Artes e Design das Caldas da Rainha<\/a><br><em>Consulta p\u00fablica, pelo prazo de 30 dias \u00fateis ap\u00f3s publica\u00e7\u00e3o em Di\u00e1rio da Rep\u00fablica, do projeto do Regulamento de gest\u00e3o e funcionamento dos espa\u00e7os laboratoriais e oficinais da\u00a0Escola Superior de Artes e Design do Instituto Polit\u00e9cnico de Leiria<\/em><\/p>\n\n\n\n<p><\/p>\n\n\n\n<div style=\"height:15px\" aria-hidden=\"true\" class=\"wp-block-spacer\"><\/div>\n","protected":false},"excerpt":{"rendered":"In\u00edcio do procedimento Aviso \u2013 Regulamento de Avalia\u00e7\u00e3o, Est\u00e1gios e Faltas da Escola Superior de Artes e Design do Instituto Polit\u00e9cnico de Leiria Aviso \u2013 Altera\u00e7\u00e3o ao Regulamento dos Servi\u00e7os Administrativos Pr\u00f3prios da Escola Superior de Artes e Design do Instituto Polit\u00e9cnico de Leiria Aviso \u2013 Aprova\u00e7\u00e3o do Regulamento dos Laborat\u00f3rios e Oficinas da Escola [&hellip;]","protected":false},"author":16,"featured_media":0,"parent":1401,"menu_order":0,"comment_status":"closed","ping_status":"closed","template":"","meta":{"multilingual_post_translation":"","custompostfields_banners":"2783","custompostfields_post-association_course-gallery":[]},"_links":{"self":[{"href":"https:\/\/www.ipleiria.pt\/esadcr\/wp-json\/wp\/v2\/pages\/12249"}],"collection":[{"href":"https:\/\/www.ipleiria.pt\/esadcr\/wp-json\/wp\/v2\/pages"}],"about":[{"href":"https:\/\/www.ipleiria.pt\/esadcr\/wp-json\/wp\/v2\/types\/page"}],"author":[{"embeddable":true,"href":"https:\/\/www.ipleiria.pt\/esadcr\/wp-json\/wp\/v2\/users\/16"}],"replies":[{"embeddable":true,"href":"https:\/\/www.ipleiria.pt\/esadcr\/wp-json\/wp\/v2\/comments?post=12249"}],"version-history":[{"count":50,"href":"https:\/\/www.ipleiria.pt\/esadcr\/wp-json\/wp\/v2\/pages\/12249\/revisions"}],"predecessor-version":[{"id":36529,"href":"https:\/\/www.ipleiria.pt\/esadcr\/wp-json\/wp\/v2\/pages\/12249\/revisions\/36529"}],"up":[{"embeddable":true,"href":"https:\/\/www.ipleiria.pt\/esadcr\/wp-json\/wp\/v2\/pages\/1401"}],"wp:attachment":[{"href":"https:\/\/www.ipleiria.pt\/esadcr\/wp-json\/wp\/v2\/media?parent=12249"}],"curies":[{"name":"wp","href":"https:\/\/api.w.org\/{rel}","templated":true}]}}