{"id":12515,"date":"2021-09-27T14:41:55","date_gmt":"2021-09-27T13:41:55","guid":{"rendered":"https:\/\/www.ipleiria.pt\/esadcr\/?page_id=12515"},"modified":"2023-02-08T10:47:48","modified_gmt":"2023-02-08T10:47:48","slug":"bem-vindo-a-esad-cr","status":"publish","type":"page","link":"https:\/\/www.ipleiria.pt\/esadcr\/bem-vindo-a-esad-cr\/","title":{"rendered":"Bem-vindo \u00e0 ESAD.CR"},"content":{"rendered":"\n<figure class=\"wp-container-2 wp-block-gallery-1 wp-block-gallery aligncenter has-nested-images columns-default is-cropped\">\n<figure class=\"wp-block-image size-full\"><a href=\"https:\/\/www.ipleiria.pt\/esadcr\/wp-content\/uploads\/sites\/17\/2022\/09\/sessao-de-acolhimento22_23_posts-copy-5.jpg\"><img loading=\"lazy\" width=\"1122\" height=\"1122\" data-id=\"19393\"  src=\"https:\/\/www.ipleiria.pt\/esadcr\/wp-content\/uploads\/sites\/17\/2022\/09\/sessao-de-acolhimento22_23_posts-copy-5.jpg\" alt=\"\" class=\"wp-image-19393\" srcset=\"https:\/\/www.ipleiria.pt\/esadcr\/wp-content\/uploads\/sites\/17\/2022\/09\/sessao-de-acolhimento22_23_posts-copy-5.jpg 1122w, https:\/\/www.ipleiria.pt\/esadcr\/wp-content\/uploads\/sites\/17\/2022\/09\/sessao-de-acolhimento22_23_posts-copy-5-300x300.jpg 300w, https:\/\/www.ipleiria.pt\/esadcr\/wp-content\/uploads\/sites\/17\/2022\/09\/sessao-de-acolhimento22_23_posts-copy-5-150x150.jpg 150w, https:\/\/www.ipleiria.pt\/esadcr\/wp-content\/uploads\/sites\/17\/2022\/09\/sessao-de-acolhimento22_23_posts-copy-5-768x768.jpg 768w, https:\/\/www.ipleiria.pt\/esadcr\/wp-content\/uploads\/sites\/17\/2022\/09\/sessao-de-acolhimento22_23_posts-copy-5-390x390.jpg 390w, https:\/\/www.ipleiria.pt\/esadcr\/wp-content\/uploads\/sites\/17\/2022\/09\/sessao-de-acolhimento22_23_posts-copy-5-540x540.jpg 540w, https:\/\/www.ipleiria.pt\/esadcr\/wp-content\/uploads\/sites\/17\/2022\/09\/sessao-de-acolhimento22_23_posts-copy-5-275x275.jpg 275w, https:\/\/www.ipleiria.pt\/esadcr\/wp-content\/uploads\/sites\/17\/2022\/09\/sessao-de-acolhimento22_23_posts-copy-5-195x195.jpg 195w\" sizes=\"(max-width: 1122px) 100vw, 1122px\" \/><\/a><\/figure>\n<\/figure>\n\n\n\n<figure class=\"wp-container-4 wp-block-gallery-3 wp-block-gallery aligncenter has-nested-images columns-default\">\n<figure class=\"wp-block-image size-full\"><a href=\"https:\/\/www.ipleiria.pt\/esadcr\/wp-content\/uploads\/sites\/17\/2022\/09\/sessao-de-acolhimento22_23_posts-copy-6.jpg\"><img loading=\"lazy\" width=\"1122\" height=\"1122\" data-id=\"19397\"  src=\"https:\/\/www.ipleiria.pt\/esadcr\/wp-content\/uploads\/sites\/17\/2022\/09\/sessao-de-acolhimento22_23_posts-copy-6.jpg\" alt=\"\" class=\"wp-image-19397\" srcset=\"https:\/\/www.ipleiria.pt\/esadcr\/wp-content\/uploads\/sites\/17\/2022\/09\/sessao-de-acolhimento22_23_posts-copy-6.jpg 1122w, https:\/\/www.ipleiria.pt\/esadcr\/wp-content\/uploads\/sites\/17\/2022\/09\/sessao-de-acolhimento22_23_posts-copy-6-300x300.jpg 300w, https:\/\/www.ipleiria.pt\/esadcr\/wp-content\/uploads\/sites\/17\/2022\/09\/sessao-de-acolhimento22_23_posts-copy-6-150x150.jpg 150w, https:\/\/www.ipleiria.pt\/esadcr\/wp-content\/uploads\/sites\/17\/2022\/09\/sessao-de-acolhimento22_23_posts-copy-6-768x768.jpg 768w, https:\/\/www.ipleiria.pt\/esadcr\/wp-content\/uploads\/sites\/17\/2022\/09\/sessao-de-acolhimento22_23_posts-copy-6-390x390.jpg 390w, https:\/\/www.ipleiria.pt\/esadcr\/wp-content\/uploads\/sites\/17\/2022\/09\/sessao-de-acolhimento22_23_posts-copy-6-540x540.jpg 540w, https:\/\/www.ipleiria.pt\/esadcr\/wp-content\/uploads\/sites\/17\/2022\/09\/sessao-de-acolhimento22_23_posts-copy-6-275x275.jpg 275w, https:\/\/www.ipleiria.pt\/esadcr\/wp-content\/uploads\/sites\/17\/2022\/09\/sessao-de-acolhimento22_23_posts-copy-6-195x195.jpg 195w\" sizes=\"(max-width: 1122px) 100vw, 1122px\" \/><\/a><\/figure>\n<\/figure>\n\n\n\n<figure class=\"wp-container-6 wp-block-gallery-5 wp-block-gallery has-nested-images columns-default is-cropped\">\n<figure class=\"wp-block-image size-large\"><img loading=\"lazy\" width=\"1122\" height=\"1122\" data-id=\"19401\"  src=\"https:\/\/www.ipleiria.pt\/esadcr\/wp-content\/uploads\/sites\/17\/2022\/09\/sessao-de-acolhimento22_23_posts-copy-7.jpg\" alt=\"\" class=\"wp-image-19401\" srcset=\"https:\/\/www.ipleiria.pt\/esadcr\/wp-content\/uploads\/sites\/17\/2022\/09\/sessao-de-acolhimento22_23_posts-copy-7.jpg 1122w, https:\/\/www.ipleiria.pt\/esadcr\/wp-content\/uploads\/sites\/17\/2022\/09\/sessao-de-acolhimento22_23_posts-copy-7-300x300.jpg 300w, https:\/\/www.ipleiria.pt\/esadcr\/wp-content\/uploads\/sites\/17\/2022\/09\/sessao-de-acolhimento22_23_posts-copy-7-150x150.jpg 150w, https:\/\/www.ipleiria.pt\/esadcr\/wp-content\/uploads\/sites\/17\/2022\/09\/sessao-de-acolhimento22_23_posts-copy-7-768x768.jpg 768w, https:\/\/www.ipleiria.pt\/esadcr\/wp-content\/uploads\/sites\/17\/2022\/09\/sessao-de-acolhimento22_23_posts-copy-7-390x390.jpg 390w, https:\/\/www.ipleiria.pt\/esadcr\/wp-content\/uploads\/sites\/17\/2022\/09\/sessao-de-acolhimento22_23_posts-copy-7-540x540.jpg 540w, https:\/\/www.ipleiria.pt\/esadcr\/wp-content\/uploads\/sites\/17\/2022\/09\/sessao-de-acolhimento22_23_posts-copy-7-275x275.jpg 275w, https:\/\/www.ipleiria.pt\/esadcr\/wp-content\/uploads\/sites\/17\/2022\/09\/sessao-de-acolhimento22_23_posts-copy-7-195x195.jpg 195w\" sizes=\"(max-width: 1122px) 100vw, 1122px\" \/><\/figure>\n<\/figure>\n\n\n\n<hr class=\"wp-block-separator has-text-color has-esad-color-4-color has-css-opacity has-esad-color-4-background-color has-background alignwide mb-0 is-style-default\"\/>\n\n\n\n<h3>Links \u00fateis<\/h3>\n\n\n\n<p><a href=\"https:\/\/www.ipleiria.pt\/esadcr\/2022\/08\/03\/calendario-academico-2021-2022\/\">Calend\u00e1rio acad\u00e9mico<\/a><a rel=\"noreferrer noopener\" href=\"https:\/\/www.ipleiria.pt\/esadcr\/wp-content\/uploads\/sites\/17\/2022\/09\/Mapa-Servic\u0327os-ESAD.CR-2022_web.pdf\" target=\"_blank\"> <\/a><a href=\"https:\/\/www.ipleiria.pt\/esadcr\/2022\/08\/03\/calendario-academico-2021-2022\/\">2022\/2023<\/a><a rel=\"noreferrer noopener\" href=\"https:\/\/www.ipleiria.pt\/esadcr\/wp-content\/uploads\/sites\/17\/2022\/09\/Mapa-Servic\u0327os-ESAD.CR-2022_web.pdf\" target=\"_blank\"><br><\/a><a rel=\"noreferrer noopener\" href=\"https:\/\/publico.agcp.ipleiria.pt\/paginas\/default.aspx\" target=\"_blank\">Hor\u00e1rios<\/a><br><a href=\"https:\/\/www.ipleiria.pt\/esadcr\/wp-content\/uploads\/sites\/17\/2022\/09\/Mapa-Servic\u0327os-ESAD.CR-2022_w.pdf\">Mapa &#8211; escola<br><\/a><a rel=\"noreferrer noopener\" href=\"https:\/\/www.ipleiria.pt\/esadcr\/wp-content\/uploads\/sites\/17\/2022\/09\/MAPA-CIDADE_-CR22.pdf\" target=\"_blank\">Mapa &#8211; Caldas da Rainha<br><\/a><a rel=\"noreferrer noopener\" href=\"https:\/\/www.ipleiria.pt\/viver\/sucesso-academico\/acesso-a-plataformas\/\" target=\"_blank\">Acesso a plataformas<br><\/a><a rel=\"noreferrer noopener\" href=\"https:\/\/www.ipleiria.pt\/esadcr\/estudantes\/estagios\/\" target=\"_blank\">Gabinete de Apoio ao Estudante, Est\u00e1gios e Projetos<\/a><br><a rel=\"noreferrer noopener\" href=\"https:\/\/www.ipleiria.pt\/viver\/servicos\/apoio-psicologico\/\" target=\"_blank\">Apoio psicol\u00f3gico<\/a><br><a rel=\"noreferrer noopener\" href=\"https:\/\/www.ipleiria.pt\/viver\/provedor-do-estudante\/gabinete-do-provedor-do-estudante\/\" target=\"_blank\">Provedor do estudante<\/a><\/p>\n","protected":false},"excerpt":{"rendered":"Links \u00fateis Calend\u00e1rio acad\u00e9mico 2022\/2023Hor\u00e1riosMapa &#8211; escolaMapa &#8211; Caldas da RainhaAcesso a plataformasGabinete de Apoio ao Estudante, Est\u00e1gios e ProjetosApoio psicol\u00f3gicoProvedor do estudante","protected":false},"author":16,"featured_media":19405,"parent":0,"menu_order":0,"comment_status":"closed","ping_status":"closed","template":"","meta":{"multilingual_post_translation":"","custompostfields_banners":"19389","custompostfields_post-association_course-gallery":[]},"_links":{"self":[{"href":"https:\/\/www.ipleiria.pt\/esadcr\/wp-json\/wp\/v2\/pages\/12515"}],"collection":[{"href":"https:\/\/www.ipleiria.pt\/esadcr\/wp-json\/wp\/v2\/pages"}],"about":[{"href":"https:\/\/www.ipleiria.pt\/esadcr\/wp-json\/wp\/v2\/types\/page"}],"author":[{"embeddable":true,"href":"https:\/\/www.ipleiria.pt\/esadcr\/wp-json\/wp\/v2\/users\/16"}],"replies":[{"embeddable":true,"href":"https:\/\/www.ipleiria.pt\/esadcr\/wp-json\/wp\/v2\/comments?post=12515"}],"version-history":[{"count":70,"href":"https:\/\/www.ipleiria.pt\/esadcr\/wp-json\/wp\/v2\/pages\/12515\/revisions"}],"predecessor-version":[{"id":21671,"href":"https:\/\/www.ipleiria.pt\/esadcr\/wp-json\/wp\/v2\/pages\/12515\/revisions\/21671"}],"wp:featuredmedia":[{"embeddable":true,"href":"https:\/\/www.ipleiria.pt\/esadcr\/wp-json\/wp\/v2\/media\/19405"}],"wp:attachment":[{"href":"https:\/\/www.ipleiria.pt\/esadcr\/wp-json\/wp\/v2\/media?parent=12515"}],"curies":[{"name":"wp","href":"https:\/\/api.w.org\/{rel}","templated":true}]}}