{"id":1401,"date":"2019-02-08T17:48:33","date_gmt":"2019-02-08T17:48:33","guid":{"rendered":"https:\/\/www.ipleiria.pt\/esad\/?page_id=1401"},"modified":"2024-06-21T11:20:58","modified_gmt":"2024-06-21T11:20:58","slug":"avisos","status":"publish","type":"page","link":"https:\/\/www.ipleiria.pt\/esadcr\/escola\/avisos\/","title":{"rendered":"Avisos"},"content":{"rendered":"\n<ul class=\"d-none page_for_courses courses\">\n<li class=\"course\">\n        <a href=\"https:\/\/www.ipleiria.pt\/esadcr\/escola\/avisos\/proposta-de-revisao-dos-estatutos\/\" class=\"entry-link\">\n            <span class=\"block entry-thumbnail-wrapper\"><figure><img class=\"block entry-thumbnail\" alt=\"\" src=\"https:\/\/www.ipleiria.pt\/esadcr\/wp-content\/uploads\/sites\/17\/2024\/06\/GERAIS_avisos_c-imagem-rev-estatutos.png\"><\/figure><\/span>\n            <span class=\"d-flex justify-content-center align-items-center entry-title-wrapper\">\n                <span class=\"block entry-title\">Proposta de Revis\u00e3o dos Estatutos<\/span>\n            <\/span>\n        <\/a> \n <\/li>\n<li class=\"course\">\n        <a href=\"https:\/\/www.ipleiria.pt\/esadcr\/escola\/avisos\/eleicoes\/\" class=\"entry-link\">\n            <span class=\"block entry-thumbnail-wrapper\" rel=\"noopener noreferrer\"><figure><img class=\"block entry-thumbnail\" alt=\"\" src=\"https:\/\/www.ipleiria.pt\/esadcr\/wp-content\/uploads\/sites\/17\/2019\/11\/EDL_20190912_00958.jpg\"><\/figure><\/span>\n            <span class=\"d-flex justify-content-center align-items-center entry-title-wrapper\">\n                <span class=\"block entry-title\">Elei\u00e7\u00f5es<\/span>\n            <\/span>\n        <\/a><\/li>\n<li class=\"course\">\n        <a href=\"https:\/\/assiduidade.ipleiria.pt\/\" class=\"entry-link\">\n            <span class=\"block entry-thumbnail-wrapper\" rel=\"noopener noreferrer\"><figure><img class=\"block entry-thumbnail\" alt=\"\" src=\"https:\/\/www.ipleiria.pt\/esadcr\/wp-content\/uploads\/sites\/17\/2020\/05\/f\u00e9rias.jpg\"><\/figure><\/span>\n            <span class=\"d-flex justify-content-center align-items-center entry-title-wrapper\">\n                <span class=\"block entry-title\">Marca\u00e7\u00e3o de F\u00e9rias<\/span>\n            <\/span>\n        <\/a><\/li>\n<li class=\"course\">\n        <a href=\"https:\/\/www.ipleiria.pt\/esadcr\/escola\/avisos\/alteracao-a-regulamentos\/\" class=\"entry-link\">\n            <span class=\"block entry-thumbnail-wrapper\"><figure><img class=\"block entry-thumbnail\" alt=\"\" src=\"https:\/\/www.ipleiria.pt\/esadcr\/wp-content\/uploads\/sites\/17\/2021\/07\/ed01_ext_550px_03-1024x293-2.jpg\"><\/figure><\/span>\n            <span class=\"d-flex justify-content-center align-items-center entry-title-wrapper\">\n                <span class=\"block entry-title\">Altera\u00e7\u00e3o a regulamentos<\/span>\n            <\/span>\n        <\/a> \n <\/li>\n<\/ul>\n\n\n\n<p><\/p>\n","protected":false},"excerpt":{"rendered":"Proposta de Revis\u00e3o dos Estatutos Elei\u00e7\u00f5es Marca\u00e7\u00e3o de F\u00e9rias Altera\u00e7\u00e3o a regulamentos","protected":false},"author":1,"featured_media":7334,"parent":32,"menu_order":9,"comment_status":"closed","ping_status":"closed","template":"themetemplates_esad-templates\/notices","meta":{"multilingual_post_translation":"{\"en-GB\":{\"url\":\"https:\/\/www.ipleiria.pt\/esadcr-en\/2022\/01\/24\/esad-cr-2020-21\/\",\"postID\":null,\"postTitle\":\"\",\"siteID\":22,\"customURL\":true,\"languageInfo\":{\"name\":\"English (UK)\",\"locale\":\"en_GB\"}}}","custompostfields_banners":"","custompostfields_post-association_course-gallery":[]},"_links":{"self":[{"href":"https:\/\/www.ipleiria.pt\/esadcr\/wp-json\/wp\/v2\/pages\/1401"}],"collection":[{"href":"https:\/\/www.ipleiria.pt\/esadcr\/wp-json\/wp\/v2\/pages"}],"about":[{"href":"https:\/\/www.ipleiria.pt\/esadcr\/wp-json\/wp\/v2\/types\/page"}],"author":[{"embeddable":true,"href":"https:\/\/www.ipleiria.pt\/esadcr\/wp-json\/wp\/v2\/users\/1"}],"replies":[{"embeddable":true,"href":"https:\/\/www.ipleiria.pt\/esadcr\/wp-json\/wp\/v2\/comments?post=1401"}],"version-history":[{"count":22,"href":"https:\/\/www.ipleiria.pt\/esadcr\/wp-json\/wp\/v2\/pages\/1401\/revisions"}],"predecessor-version":[{"id":30114,"href":"https:\/\/www.ipleiria.pt\/esadcr\/wp-json\/wp\/v2\/pages\/1401\/revisions\/30114"}],"up":[{"embeddable":true,"href":"https:\/\/www.ipleiria.pt\/esadcr\/wp-json\/wp\/v2\/pages\/32"}],"wp:featuredmedia":[{"embeddable":true,"href":"https:\/\/www.ipleiria.pt\/esadcr\/wp-json\/wp\/v2\/media\/7334"}],"wp:attachment":[{"href":"https:\/\/www.ipleiria.pt\/esadcr\/wp-json\/wp\/v2\/media?parent=1401"}],"curies":[{"name":"wp","href":"https:\/\/api.w.org\/{rel}","templated":true}]}}