{"id":14023,"date":"2021-11-12T10:55:25","date_gmt":"2021-11-12T10:55:25","guid":{"rendered":"https:\/\/www.ipleiria.pt\/esadcr\/?page_id=14023"},"modified":"2022-11-25T09:13:45","modified_gmt":"2022-11-25T09:13:45","slug":"eleicao-do-conselho-de-representantes-da-esad-cr","status":"publish","type":"page","link":"https:\/\/www.ipleiria.pt\/esadcr\/escola\/avisos\/eleicoes\/eleicao-do-conselho-de-representantes-da-esad-cr\/","title":{"rendered":"ELEI\u00c7\u00c3O DO CONSELHO DE REPRESENTANTES DA ESAD.CR"},"content":{"rendered":"\n<div class=\"wp-block-file\"><a id=\"wp-block-file--media-22b3dbc0-f465-464f-a947-bb4ffac9c1b7\" href=\"https:\/\/www.ipleiria.pt\/esadcr\/wp-content\/uploads\/sites\/17\/2020\/12\/0117_001_Despacho-95_2020.pdf\" target=\"_blank\" rel=\"noreferrer noopener\">Despacho n\u00ba 95\/2020 &#8211; Elei\u00e7\u00f5es para o Quarto Conselho de Representantes da ESAD.CR &#8211; Resultados Definitivos <\/a><\/div>\n\n\n\n<div class=\"wp-block-file\"><a id=\"wp-block-file--media-301963b7-ab13-4033-96ce-90066d85864b\" href=\"https:\/\/www.ipleiria.pt\/esadcr\/wp-content\/uploads\/sites\/17\/2020\/12\/0112_001_Despacho-92_2020-1.pdf\" target=\"_blank\" rel=\"noreferrer noopener\">Despacho n\u00ba 92\/2020 &#8211; Elei\u00e7\u00f5es para o Quarto Conselho de Representantes da ESAD.CR &#8211; Resultados Provis\u00f3rios<\/a><\/div>\n\n\n\n<div class=\"wp-block-file\"><a id=\"wp-block-file--media-1ed6377e-b961-4ff0-b4ef-020805be4fa0\" href=\"https:\/\/www.ipleiria.pt\/esadcr\/wp-content\/uploads\/sites\/17\/2020\/12\/Despacho-No-85-2020.pdf\" target=\"_blank\" rel=\"noreferrer noopener\">Despacho n\u00ba 85\/2020 \u2013 Elei\u00e7\u00f5es Quarto Conselho de Representantes e S\u00e9timo Conselho T\u00e9cnico-Cient\u00edfico da ESAD.CR \u2013 Constitui\u00e7\u00e3o de Mesa de Voto \u2013 Docentes<\/a><\/div>\n\n\n\n<div class=\"wp-block-file\"><a id=\"wp-block-file--media-4f4c939f-7de2-46ff-b7a5-1304d629649a\" href=\"https:\/\/www.ipleiria.pt\/esadcr\/wp-content\/uploads\/sites\/17\/2020\/12\/Despacho-No-83-2020.pdf\" target=\"_blank\" rel=\"noreferrer noopener\">Despacho n\u00ba 83\/2020 \u2013 Elei\u00e7\u00f5es para o Quarto Conselho de Representantes da ESAD.CR &nbsp;&#8211; Listas de Candidatura Definitivas<\/a><\/div>\n\n\n\n<div class=\"wp-block-file\"><a id=\"wp-block-file--media-a071d1d8-3838-4156-af1f-f1fe03c1f402\" href=\"https:\/\/www.ipleiria.pt\/esadcr\/wp-content\/uploads\/sites\/17\/2020\/12\/Despacho-no-81_2020.pdf\" target=\"_blank\" rel=\"noreferrer noopener\">Despacho N\u00ba81\/2020 &#8211; Elei\u00e7\u00f5es para o Quarto Conselho de Representantes da ESAD.CR &#8211; Listas de Candidatura Admitidas<\/a><\/div>\n\n\n\n<div class=\"wp-block-file\"><a id=\"wp-block-file--media-c830ba3d-044f-4964-9c88-838ad2ef0182\" href=\"https:\/\/www.ipleiria.pt\/esadcr\/wp-content\/uploads\/sites\/17\/2020\/12\/Despacho-n80_2020-mesa-de-voto-ato-eleitoral-PND-e-EStudantes-15.12.2020_signed-1.pdf\" target=\"_blank\" rel=\"noreferrer noopener\">Despacho N\u00ba80\/2020 &#8211; Mesa de voto ato eleitoral PND e Estudantes<\/a><\/div>\n\n\n\n<div class=\"wp-block-file\"><a id=\"wp-block-file--media-07cd1184-af10-4e8f-a5d3-2726c72fa2bc\" href=\"https:\/\/www.ipleiria.pt\/esadcr\/wp-content\/uploads\/sites\/17\/2020\/11\/Despacho-no-75_2020_alteracaoaocalendarioeleitoral.pdf\" target=\"_blank\" rel=\"noreferrer noopener\">Despacho N\u00ba 75\/2020 \u2013 Elei\u00e7\u00f5es quarto conselho de representantes da ESAD.CR , s\u00e9timo conselho t\u00e9cnico-cient\u00edfico da ESAD.CR<\/a><\/div>\n\n\n\n<div class=\"wp-block-file\"><a id=\"wp-block-file--media-52689fdb-e9a2-479b-8357-089c46552eef\" href=\"https:\/\/www.ipleiria.pt\/esadcr\/wp-content\/uploads\/sites\/17\/2020\/11\/732020-\u2013-Eleicoes-para-o-Quarto-Conselho-de-Representantes-da-ESAD.CR_.pdf\" target=\"_blank\" rel=\"noreferrer noopener\">Despacho N\u00ba 73\/2020 \u2013 Elei\u00e7\u00f5es para o quarto conselho de representantes da ESAD.CR<\/a><\/div>\n\n\n\n<p><a rel=\"noreferrer noopener\" href=\"https:\/\/www.ipleiria.pt\/esadcr\/wp-content\/uploads\/sites\/17\/2020\/11\/Despacho-no-68_2020-_Conselho_Representantes.pdf\" target=\"_blank\">Despacho N\u00ba 68\/2020 \u2013 Elei\u00e7\u00e3o do quarto conselho de representantes da ESAD.CR<\/a><\/p>\n\n\n\n<p><\/p>\n","protected":false},"excerpt":{"rendered":"Despacho N\u00ba 68\/2020 \u2013 Elei\u00e7\u00e3o do quarto conselho de representantes da ESAD.CR","protected":false},"author":16,"featured_media":3140,"parent":5527,"menu_order":0,"comment_status":"closed","ping_status":"closed","template":"","meta":{"multilingual_post_translation":"","custompostfields_banners":"","custompostfields_post-association_course-gallery":[]},"_links":{"self":[{"href":"https:\/\/www.ipleiria.pt\/esadcr\/wp-json\/wp\/v2\/pages\/14023"}],"collection":[{"href":"https:\/\/www.ipleiria.pt\/esadcr\/wp-json\/wp\/v2\/pages"}],"about":[{"href":"https:\/\/www.ipleiria.pt\/esadcr\/wp-json\/wp\/v2\/types\/page"}],"author":[{"embeddable":true,"href":"https:\/\/www.ipleiria.pt\/esadcr\/wp-json\/wp\/v2\/users\/16"}],"replies":[{"embeddable":true,"href":"https:\/\/www.ipleiria.pt\/esadcr\/wp-json\/wp\/v2\/comments?post=14023"}],"version-history":[{"count":9,"href":"https:\/\/www.ipleiria.pt\/esadcr\/wp-json\/wp\/v2\/pages\/14023\/revisions"}],"predecessor-version":[{"id":20472,"href":"https:\/\/www.ipleiria.pt\/esadcr\/wp-json\/wp\/v2\/pages\/14023\/revisions\/20472"}],"up":[{"embeddable":true,"href":"https:\/\/www.ipleiria.pt\/esadcr\/wp-json\/wp\/v2\/pages\/5527"}],"wp:featuredmedia":[{"embeddable":true,"href":"https:\/\/www.ipleiria.pt\/esadcr\/wp-json\/wp\/v2\/media\/3140"}],"wp:attachment":[{"href":"https:\/\/www.ipleiria.pt\/esadcr\/wp-json\/wp\/v2\/media?parent=14023"}],"curies":[{"name":"wp","href":"https:\/\/api.w.org\/{rel}","templated":true}]}}