{"id":14029,"date":"2021-11-12T10:56:39","date_gmt":"2021-11-12T10:56:39","guid":{"rendered":"https:\/\/www.ipleiria.pt\/esadcr\/?page_id=14029"},"modified":"2021-11-12T11:04:27","modified_gmt":"2021-11-12T11:04:27","slug":"eleicao-do-conselho-tecnico-cientifico-da-esad-cr","status":"publish","type":"page","link":"https:\/\/www.ipleiria.pt\/esadcr\/escola\/avisos\/eleicoes\/eleicao-do-conselho-tecnico-cientifico-da-esad-cr\/","title":{"rendered":"ELEI\u00c7\u00c3O DO CONSELHO TECNICO-CIENT\u00cdFICO DA ESAD.CR"},"content":{"rendered":"\n<div class=\"wp-block-file\"><a href=\"https:\/\/www.ipleiria.pt\/esadcr\/wp-content\/uploads\/sites\/17\/2020\/12\/0118_001_Despacho-96_2020.pdf\" target=\"_blank\" rel=\"noreferrer noopener\">Despacho n\u00ba 96\/2020 &#8211; Elei\u00e7\u00f5es para o S\u00e9timo conselho T\u00e9cnico-Cient\u00edfico da ESAD.CR &#8211; Resultados Definitivos<\/a><\/div>\n\n\n\n<div class=\"wp-block-file\"><a href=\"https:\/\/www.ipleiria.pt\/esadcr\/wp-content\/uploads\/sites\/17\/2020\/12\/0111_001_Despacho-93_2020.pdf\" target=\"_blank\" rel=\"noreferrer noopener\">Despacho n\u00ba 93\/2020 &#8211; Elei\u00e7\u00f5es para o S\u00e9timo Conselho T\u00e9cnico-Cient\u00edfico da ESAD.CR &#8211; Resultados Provis\u00f3rios<\/a><\/div>\n\n\n\n<div class=\"wp-block-file\"><a href=\"https:\/\/www.ipleiria.pt\/esadcr\/wp-content\/uploads\/sites\/17\/2020\/12\/Despacho-No-88-2020.pdf\" target=\"_blank\" rel=\"noreferrer noopener\">Despacho N\u00ba88\/2020 &#8211; Elei\u00e7\u00f5es para o S\u00e9timo Conselho T\u00e9cnico-cient\u00edfico da ESADCR &#8211; Mesa de voto dos Docentes &#8211; Hor\u00e1rio de funcionamento<\/a><\/div>\n\n\n\n<div class=\"wp-block-file\"><a href=\"https:\/\/www.ipleiria.pt\/esadcr\/wp-content\/uploads\/sites\/17\/2020\/12\/Despacho-No-85-2020.pdf\" target=\"_blank\" rel=\"noreferrer noopener\">Despacho n\u00ba 85\/2020 \u2013 Elei\u00e7\u00f5es Quarto Conselho de Representantes e S\u00e9timo Conselho T\u00e9cnico-Cient\u00edfico da ESAD.CR \u2013 Constitui\u00e7\u00e3o de Mesa de Voto \u2013 Docentes<\/a><\/div>\n\n\n\n<div class=\"wp-block-file\"><a href=\"https:\/\/www.ipleiria.pt\/esadcr\/wp-content\/uploads\/sites\/17\/2020\/12\/Despacho-No-84-2020.pdf\" target=\"_blank\" rel=\"noreferrer noopener\">Despacho n\u00ba 84\/2020 \u2013 Elei\u00e7\u00f5es para o S\u00e9timo Conselho T\u00e9cnico-Cient\u00edfico da ESAD.CR \u2013 Listas de Candidatura Definitivas<\/a><\/div>\n\n\n\n<div class=\"wp-block-file\"><a href=\"https:\/\/www.ipleiria.pt\/esadcr\/wp-content\/uploads\/sites\/17\/2020\/12\/Despacho-no-82_2020.pdf\" target=\"_blank\" rel=\"noreferrer noopener\">Despacho N\u00ba82\/2020 &#8211; Elei\u00e7\u00f5es para o S\u00e9timo Conselho T\u00e9cnico-Cient\u00edfico da ESAD.CR \u2013 Listas de Candidatura Admitidas<\/a><\/div>\n\n\n\n<div class=\"wp-block-file\"><a href=\"https:\/\/www.ipleiria.pt\/esadcr\/wp-content\/uploads\/sites\/17\/2020\/11\/Despacho-no-75_2020_alteracaoaocalendarioeleitoral.pdf\" target=\"_blank\" rel=\"noreferrer noopener\">Despacho N\u00ba 75\/2020 \u2013 Elei\u00e7\u00f5es quarto conselho de representantes da ESAD.CR, s\u00e9timo conselho t\u00e9cnico-cient\u00edfico da ESAD.CR<\/a><\/div>\n\n\n\n<div class=\"wp-block-file\"><a href=\"https:\/\/www.ipleiria.pt\/esadcr\/wp-content\/uploads\/sites\/17\/2020\/11\/742020-\u2013-Eleicoes-para-o-Setimo-Conselho-Tecnico-Cientifico-da-ESAD.CR_.pdf\" target=\"_blank\" rel=\"noreferrer noopener\">Despacho N\u00ba 74\/2020 \u2013 Elei\u00e7\u00f5es para o s\u00e9timo conselho t\u00e9cnico-cient\u00edfico da ESAD.CR<\/a><\/div>\n\n\n\n<p><a href=\"https:\/\/www.ipleiria.pt\/esadcr\/wp-content\/uploads\/sites\/17\/2020\/11\/Despacho-no-69_2020-_Conselho_Tecnico_Cientifico.pdf\" target=\"_blank\" rel=\"noreferrer noopener\">Despacho N\u00ba 69\/2020 \u2013 Elei\u00e7\u00e3o do s\u00e9timo conselho t\u00e9cnico-cient\u00edfico da ESAD.CR<\/a><\/p>\n","protected":false},"excerpt":{"rendered":"Despacho N\u00ba 69\/2020 \u2013 Elei\u00e7\u00e3o do s\u00e9timo conselho t\u00e9cnico-cient\u00edfico da ESAD.CR","protected":false},"author":16,"featured_media":3140,"parent":5527,"menu_order":0,"comment_status":"closed","ping_status":"closed","template":"","meta":{"multilingual_post_translation":"","custompostfields_banners":"","custompostfields_post-association_course-gallery":[]},"_links":{"self":[{"href":"https:\/\/www.ipleiria.pt\/esadcr\/wp-json\/wp\/v2\/pages\/14029"}],"collection":[{"href":"https:\/\/www.ipleiria.pt\/esadcr\/wp-json\/wp\/v2\/pages"}],"about":[{"href":"https:\/\/www.ipleiria.pt\/esadcr\/wp-json\/wp\/v2\/types\/page"}],"author":[{"embeddable":true,"href":"https:\/\/www.ipleiria.pt\/esadcr\/wp-json\/wp\/v2\/users\/16"}],"replies":[{"embeddable":true,"href":"https:\/\/www.ipleiria.pt\/esadcr\/wp-json\/wp\/v2\/comments?post=14029"}],"version-history":[{"count":4,"href":"https:\/\/www.ipleiria.pt\/esadcr\/wp-json\/wp\/v2\/pages\/14029\/revisions"}],"predecessor-version":[{"id":14034,"href":"https:\/\/www.ipleiria.pt\/esadcr\/wp-json\/wp\/v2\/pages\/14029\/revisions\/14034"}],"up":[{"embeddable":true,"href":"https:\/\/www.ipleiria.pt\/esadcr\/wp-json\/wp\/v2\/pages\/5527"}],"wp:featuredmedia":[{"embeddable":true,"href":"https:\/\/www.ipleiria.pt\/esadcr\/wp-json\/wp\/v2\/media\/3140"}],"wp:attachment":[{"href":"https:\/\/www.ipleiria.pt\/esadcr\/wp-json\/wp\/v2\/media?parent=14029"}],"curies":[{"name":"wp","href":"https:\/\/api.w.org\/{rel}","templated":true}]}}