{"id":14032,"date":"2021-11-12T10:58:18","date_gmt":"2021-11-12T10:58:18","guid":{"rendered":"https:\/\/www.ipleiria.pt\/esadcr\/?page_id=14032"},"modified":"2021-11-12T11:04:40","modified_gmt":"2021-11-12T11:04:40","slug":"eleicao-do-estudante-delegado-de-curso-2020","status":"publish","type":"page","link":"https:\/\/www.ipleiria.pt\/esadcr\/escola\/avisos\/eleicoes\/eleicao-do-estudante-delegado-de-curso-2020\/","title":{"rendered":"ELEI\u00c7\u00c3O DO ESTUDANTE DELEGADO DE CURSO \u2013 2020"},"content":{"rendered":"\n<div class=\"wp-block-file\"><a href=\"https:\/\/www.ipleiria.pt\/esadcr\/wp-content\/uploads\/sites\/17\/2020\/12\/Eleicao-dos-estudantes-delegados-dos-ciclos-de-estudos_resultados-provisorios_3a-volta.pdf\" target=\"_blank\" rel=\"noreferrer noopener\">Despacho N\u00ba87\/2020 &#8211; Elei\u00e7\u00e3o do estudante delegado dos ciclos de estudo &#8211; resultados provis\u00f3rios da 3\u00aa volta<\/a><\/div>\n\n\n\n<div class=\"wp-block-file\"><a href=\"https:\/\/www.ipleiria.pt\/esadcr\/wp-content\/uploads\/sites\/17\/2020\/12\/Despacho-86_2020-Eleicao-delegados-dos-ciclos-de-estudos_resultados-definitivos-2a-volta.pdf\" target=\"_blank\" rel=\"noreferrer noopener\">Despacho N\u00ba86\/2020 &#8211; Elei\u00e7\u00e3o delegados dos ciclos de estudos &#8211; resultados definitivos da 2\u00aa volta<\/a><\/div>\n\n\n\n<div class=\"wp-block-file\"><a href=\"https:\/\/www.ipleiria.pt\/esadcr\/wp-content\/uploads\/sites\/17\/2020\/12\/Eleicao_dos_estudantes_delegados_dos_ciclos_de_estudos_resultados_definitivos-1_signed.pdf\" target=\"_blank\" rel=\"noreferrer noopener\">Despacho N\u00ba79\/2020 &#8211; Elei\u00e7\u00e3o dos estudantes delegados de cursos &#8211; Resultados provis\u00f3rios do ato eleitoral de 03\/12\/2020<\/a><\/div>\n\n\n\n<div class=\"wp-block-file\"><a href=\"https:\/\/www.ipleiria.pt\/esadcr\/wp-content\/uploads\/sites\/17\/2020\/12\/Eleicao_dos_estudantes_delegados_dos_ciclos_de_estudos_resultados_provisorios_repeticao_signed.pdf\" target=\"_blank\" rel=\"noreferrer noopener\">Despacho N\u00ba78\/2020 &#8211; Elei\u00e7\u00e3o dos estudantes delegados de cursos &#8211; Resultados definitivos<\/a><\/div>\n\n\n\n<div class=\"wp-block-file\"><a href=\"https:\/\/www.ipleiria.pt\/esadcr\/wp-content\/uploads\/sites\/17\/2020\/12\/Despacho_76_2020_Eleicao_dos_estudantes_delegados_resultados_provisorios_rep_ato_eleitoral-1_sig-2.pdf\" target=\"_blank\" rel=\"noreferrer noopener\">Despacho N\u00ba76\/2020 &#8211; Elei\u00e7\u00e3o do estudante delegado de curso, resultados provis\u00f3rios<\/a><\/div>\n\n\n\n<p><a rel=\"noreferrer noopener\" href=\"https:\/\/www.ipleiria.pt\/esadcr\/wp-content\/uploads\/sites\/17\/2020\/11\/Despacho71_2020_cadernoseleitoraisdefinitivos.pdf\" target=\"_blank\">Despacho N\u00ba71\/2020 \u2013 Elei\u00e7\u00e3o para delegado de curso \u2013 cadernos eleitorais definitivos<\/a><\/p>\n\n\n\n<p><a rel=\"noreferrer noopener\" href=\"https:\/\/www.ipleiria.pt\/esadcr\/wp-content\/uploads\/sites\/17\/2020\/11\/Despacho-no-67_2020_Eleicao_Delegado_curso.pdf\" target=\"_blank\">Despacho N\u00ba67\/2020 \u2013 Elei\u00e7\u00e3o do estudante delegado de curso<\/a><\/p>\n\n\n\n<p>Para consultar os cadernos eleitorais clique <a href=\"https:\/\/colaborar.ipleiria.pt\/escolas\/esad\/Documentacao\/\">aqui<\/a><\/p>\n","protected":false},"excerpt":{"rendered":"Despacho N\u00ba71\/2020 \u2013 Elei\u00e7\u00e3o para delegado de curso \u2013 cadernos eleitorais definitivos Despacho N\u00ba67\/2020 \u2013 Elei\u00e7\u00e3o do estudante delegado de curso Para consultar os cadernos eleitorais clique aqui","protected":false},"author":16,"featured_media":3140,"parent":5527,"menu_order":0,"comment_status":"closed","ping_status":"closed","template":"","meta":{"multilingual_post_translation":"","custompostfields_banners":"","custompostfields_post-association_course-gallery":[]},"_links":{"self":[{"href":"https:\/\/www.ipleiria.pt\/esadcr\/wp-json\/wp\/v2\/pages\/14032"}],"collection":[{"href":"https:\/\/www.ipleiria.pt\/esadcr\/wp-json\/wp\/v2\/pages"}],"about":[{"href":"https:\/\/www.ipleiria.pt\/esadcr\/wp-json\/wp\/v2\/types\/page"}],"author":[{"embeddable":true,"href":"https:\/\/www.ipleiria.pt\/esadcr\/wp-json\/wp\/v2\/users\/16"}],"replies":[{"embeddable":true,"href":"https:\/\/www.ipleiria.pt\/esadcr\/wp-json\/wp\/v2\/comments?post=14032"}],"version-history":[{"count":6,"href":"https:\/\/www.ipleiria.pt\/esadcr\/wp-json\/wp\/v2\/pages\/14032\/revisions"}],"predecessor-version":[{"id":21475,"href":"https:\/\/www.ipleiria.pt\/esadcr\/wp-json\/wp\/v2\/pages\/14032\/revisions\/21475"}],"up":[{"embeddable":true,"href":"https:\/\/www.ipleiria.pt\/esadcr\/wp-json\/wp\/v2\/pages\/5527"}],"wp:featuredmedia":[{"embeddable":true,"href":"https:\/\/www.ipleiria.pt\/esadcr\/wp-json\/wp\/v2\/media\/3140"}],"wp:attachment":[{"href":"https:\/\/www.ipleiria.pt\/esadcr\/wp-json\/wp\/v2\/media?parent=14032"}],"curies":[{"name":"wp","href":"https:\/\/api.w.org\/{rel}","templated":true}]}}