{"id":14044,"date":"2021-11-12T11:01:32","date_gmt":"2021-11-12T11:01:32","guid":{"rendered":"https:\/\/www.ipleiria.pt\/esadcr\/?page_id=14044"},"modified":"2021-12-07T11:26:42","modified_gmt":"2021-12-07T11:26:42","slug":"eleicao-do-conselho-pedagogico-da-esad-cr","status":"publish","type":"page","link":"https:\/\/www.ipleiria.pt\/esadcr\/escola\/avisos\/eleicoes\/eleicao-do-conselho-pedagogico-da-esad-cr\/","title":{"rendered":"ELEI\u00c7\u00c3O DO CONSELHO PEDAG\u00d3GICO DA ESAD.CR"},"content":{"rendered":"\n<div class=\"wp-block-file\"><a href=\"https:\/\/www.ipleiria.pt\/esadcr\/wp-content\/uploads\/sites\/17\/2021\/12\/Despacho-no-60_2021.pdf\" target=\"_blank\" rel=\"noreferrer noopener\">60\/2021 &#8211; Elei\u00e7\u00f5es para o Conselho Pedag\u00f3gico &#8211; Resultados Definitivos (07\/12\/2021)<\/a><\/div>\n\n\n\n<div class=\"wp-block-file\"><a href=\"https:\/\/www.ipleiria.pt\/esadcr\/wp-content\/uploads\/sites\/17\/2021\/12\/Despacho-no-56_2021.pdf\" target=\"_blank\" rel=\"noreferrer noopener\">56\/2021 &#8211; Elei\u00e7\u00f5es para o Conselho Pedag\u00f3gico da ESAD.CR &#8211; Resultados Provis\u00f3rios (03\/12\/2021)<\/a><\/div>\n\n\n\n<div class=\"wp-block-file\"><a href=\"https:\/\/www.ipleiria.pt\/esadcr\/wp-content\/uploads\/sites\/17\/2021\/11\/Despacho-no-55_2021.pdf\" target=\"_blank\" rel=\"noreferrer noopener\">55\/2021 &#8211; Elei\u00e7\u00f5es para o Conselho Pedag\u00f3gico &#8211; Constitui\u00e7\u00e3o de Mesas de Voto (29\/11\/2021)<\/a><\/div>\n\n\n\n<div class=\"wp-block-file\"><a href=\"https:\/\/www.ipleiria.pt\/esadcr\/wp-content\/uploads\/sites\/17\/2021\/11\/Despacho-no-54_2021.pdf\" target=\"_blank\" rel=\"noreferrer noopener\">54\/2021 \u2013 Elei\u00e7\u00f5es do Conselho Pedag\u00f3gico da ESAD.CR \u2013 Listas de Candidatura Definitivas (26\/11\/2021)<\/a><\/div>\n\n\n\n<div class=\"wp-block-file\"><a href=\"https:\/\/www.ipleiria.pt\/esadcr\/wp-content\/uploads\/sites\/17\/2021\/11\/Despacho-no-53_2021.pdf\" target=\"_blank\" rel=\"noreferrer noopener\">&nbsp;53\/2021 &#8211; Elei\u00e7\u00f5es para o Conselho Pedag\u00f3gico &#8211; Listas de Candidatura Admitidas (25\/11\/2021)<\/a><\/div>\n\n\n\n<p><a rel=\"noreferrer noopener\" href=\"https:\/\/www.ipleiria.pt\/esadcr\/wp-content\/uploads\/sites\/17\/2021\/11\/Despacho-no-48_2021_Eleicoes-_CP.pdf\" target=\"_blank\">48\/2021 \u2013 Elei\u00e7\u00f5es para o Conselho Pedag\u00f3gico da ESAD.CR&nbsp;<\/a><\/p>\n\n\n\n<div class=\"wp-block-file\"><a href=\"https:\/\/www.ipleiria.pt\/esadcr\/wp-content\/uploads\/sites\/17\/2021\/11\/Despacho-no-49_2021.pdf\" target=\"_blank\" rel=\"noreferrer noopener\">49\/2021 &#8211; Elei\u00e7\u00f5es para o Conselho Pedag\u00f3gico da ESAD.CR &#8211; Cadernos Eleitorais Definitivos (16\/11\/2021)<\/a><\/div>\n\n\n\n<div class=\"wp-block-file\"><a href=\"https:\/\/www.ipleiria.pt\/esadcr\/wp-content\/uploads\/sites\/17\/2021\/11\/Despacho-no-51_2021.pdf\" target=\"_blank\" rel=\"noreferrer noopener\">51\/2021 &#8211; Elei\u00e7\u00f5es para o Conselho Pedag\u00f3gico da ESAD.CR \u2013 Caderno Eleitoral dos Docentes Convidados (17\/11\/2021)<\/a><\/div>\n\n\n\n<p><\/p>\n","protected":false},"excerpt":{"rendered":"48\/2021 \u2013 Elei\u00e7\u00f5es para o Conselho Pedag\u00f3gico da ESAD.CR&nbsp;","protected":false},"author":16,"featured_media":3140,"parent":5527,"menu_order":0,"comment_status":"closed","ping_status":"closed","template":"","meta":{"multilingual_post_translation":"","custompostfields_banners":"","custompostfields_post-association_course-gallery":[]},"_links":{"self":[{"href":"https:\/\/www.ipleiria.pt\/esadcr\/wp-json\/wp\/v2\/pages\/14044"}],"collection":[{"href":"https:\/\/www.ipleiria.pt\/esadcr\/wp-json\/wp\/v2\/pages"}],"about":[{"href":"https:\/\/www.ipleiria.pt\/esadcr\/wp-json\/wp\/v2\/types\/page"}],"author":[{"embeddable":true,"href":"https:\/\/www.ipleiria.pt\/esadcr\/wp-json\/wp\/v2\/users\/16"}],"replies":[{"embeddable":true,"href":"https:\/\/www.ipleiria.pt\/esadcr\/wp-json\/wp\/v2\/comments?post=14044"}],"version-history":[{"count":22,"href":"https:\/\/www.ipleiria.pt\/esadcr\/wp-json\/wp\/v2\/pages\/14044\/revisions"}],"predecessor-version":[{"id":14428,"href":"https:\/\/www.ipleiria.pt\/esadcr\/wp-json\/wp\/v2\/pages\/14044\/revisions\/14428"}],"up":[{"embeddable":true,"href":"https:\/\/www.ipleiria.pt\/esadcr\/wp-json\/wp\/v2\/pages\/5527"}],"wp:featuredmedia":[{"embeddable":true,"href":"https:\/\/www.ipleiria.pt\/esadcr\/wp-json\/wp\/v2\/media\/3140"}],"wp:attachment":[{"href":"https:\/\/www.ipleiria.pt\/esadcr\/wp-json\/wp\/v2\/media?parent=14044"}],"curies":[{"name":"wp","href":"https:\/\/api.w.org\/{rel}","templated":true}]}}