{"id":15727,"date":"2022-03-09T09:22:06","date_gmt":"2022-03-09T09:22:06","guid":{"rendered":"https:\/\/www.ipleiria.pt\/esadcr\/?page_id=15727"},"modified":"2022-03-31T15:38:37","modified_gmt":"2022-03-31T14:38:37","slug":"eleicao-do-estudante-delegado-de-curso-2022","status":"publish","type":"page","link":"https:\/\/www.ipleiria.pt\/esadcr\/escola\/avisos\/eleicoes\/eleicao-do-estudante-delegado-de-curso-2022\/","title":{"rendered":"ELEI\u00c7\u00c3O DO ESTUDANTE DELEGADO DE CURSO \u2013 2022"},"content":{"rendered":"\n<div class=\"wp-block-file\"><a id=\"wp-block-file--media-a5c7bb4f-995e-4f94-8dee-c2ea99872127\" href=\"https:\/\/www.ipleiria.pt\/esadcr\/wp-content\/uploads\/sites\/17\/2022\/03\/Despacho-no-33_2022-Eleicao-estudantes-delegados-resultados-definitivos.pdf\" target=\"_blank\" rel=\"noreferrer noopener\">Despacho n\u00ba 33\/2022 &#8211; Elei\u00e7\u00e3o do Estudante Delegado de Curso &#8211; Resultados Definitivos<\/a><\/div>\n\n\n\n<div class=\"wp-block-file\"><a id=\"wp-block-file--media-f09a3076-aa95-452a-8ca9-7aed3b95bb2f\" href=\"https:\/\/www.ipleiria.pt\/esadcr\/wp-content\/uploads\/sites\/17\/2022\/03\/Despacho-no-32_2022Eleicaodosestudantesdelegados_resultadosprovisorios.pdf\" target=\"_blank\" rel=\"noreferrer noopener\">Despacho n\u00ba 32\/2022 &#8211; Elei\u00e7\u00e3o de Estudante Delegado de Curso &#8211; Resultados Provis\u00f3rios<\/a><\/div>\n\n\n\n<div class=\"wp-block-file\"><a id=\"wp-block-file--media-66777e27-1bf2-4d22-b4f9-20f50daceb2f\" href=\"https:\/\/www.ipleiria.pt\/esadcr\/wp-content\/uploads\/sites\/17\/2022\/03\/Despacho-no-29_2022_cadernos_eleitorais_definitivos_v2_signed.pdf\" target=\"_blank\" rel=\"noreferrer noopener\">Despacho n\u00ba 29\/2022 \u2013 Elei\u00e7\u00e3o de Estudante Delegado de Curso &#8211; Cadernos Eleitorais Definitivos<\/a><\/div>\n\n\n\n<div class=\"wp-block-file\"><a id=\"wp-block-file--media-c16ffd71-1377-405e-bd77-ecf8cd6a1683\" href=\"https:\/\/www.ipleiria.pt\/esadcr\/wp-content\/uploads\/sites\/17\/2022\/03\/Despacho-no-28_2022-Eleicao-Delegados-de-Curso.pdf\" target=\"_blank\" rel=\"noreferrer noopener\">Despacho n\u00ba 28\/2022 \u2013 Elei\u00e7\u00e3o do Estudante Delegado de Curso<\/a><\/div>\n\n\n\n<p><\/p>\n\n\n\n<p>Para consultar os cadernos eleitorais clique <a href=\"https:\/\/colaborar.ipleiria.pt\/escolas\/esad\/Documentacao\/Forms\/AllItems.aspx\">aqui<\/a><\/p>\n","protected":false},"excerpt":{"rendered":"Para consultar os cadernos eleitorais clique aqui","protected":false},"author":16,"featured_media":3140,"parent":5527,"menu_order":0,"comment_status":"closed","ping_status":"closed","template":"","meta":{"multilingual_post_translation":"","custompostfields_banners":"","custompostfields_post-association_course-gallery":[]},"_links":{"self":[{"href":"https:\/\/www.ipleiria.pt\/esadcr\/wp-json\/wp\/v2\/pages\/15727"}],"collection":[{"href":"https:\/\/www.ipleiria.pt\/esadcr\/wp-json\/wp\/v2\/pages"}],"about":[{"href":"https:\/\/www.ipleiria.pt\/esadcr\/wp-json\/wp\/v2\/types\/page"}],"author":[{"embeddable":true,"href":"https:\/\/www.ipleiria.pt\/esadcr\/wp-json\/wp\/v2\/users\/16"}],"replies":[{"embeddable":true,"href":"https:\/\/www.ipleiria.pt\/esadcr\/wp-json\/wp\/v2\/comments?post=15727"}],"version-history":[{"count":7,"href":"https:\/\/www.ipleiria.pt\/esadcr\/wp-json\/wp\/v2\/pages\/15727\/revisions"}],"predecessor-version":[{"id":16345,"href":"https:\/\/www.ipleiria.pt\/esadcr\/wp-json\/wp\/v2\/pages\/15727\/revisions\/16345"}],"up":[{"embeddable":true,"href":"https:\/\/www.ipleiria.pt\/esadcr\/wp-json\/wp\/v2\/pages\/5527"}],"wp:featuredmedia":[{"embeddable":true,"href":"https:\/\/www.ipleiria.pt\/esadcr\/wp-json\/wp\/v2\/media\/3140"}],"wp:attachment":[{"href":"https:\/\/www.ipleiria.pt\/esadcr\/wp-json\/wp\/v2\/media?parent=15727"}],"curies":[{"name":"wp","href":"https:\/\/api.w.org\/{rel}","templated":true}]}}