{"id":15768,"date":"2022-03-09T19:00:17","date_gmt":"2022-03-09T19:00:17","guid":{"rendered":"https:\/\/www.ipleiria.pt\/esadcr\/?page_id=15768"},"modified":"2024-09-09T08:55:25","modified_gmt":"2024-09-09T08:55:25","slug":"edificio-pedagogico-2","status":"publish","type":"page","link":"https:\/\/www.ipleiria.pt\/esadcr\/campus-3\/edificio-pedagogico-2\/","title":{"rendered":"Edif\u00edcio Pedag\u00f3gico 2"},"content":{"rendered":"\n<h2>Edif\u00edcio Pedag\u00f3gico 2<\/h2>\n\n\n\n<p>Neste edif\u00edcio, al\u00e9m de um audit\u00f3rio e um pequeno anfiteatro ao ar livre, salas e oficinas para o ensino de Teatro, h\u00e1 tamb\u00e9m laborat\u00f3rios inform\u00e1ticos e v\u00e1rias salas multiuso.<\/p>\n\n\n\n<p><a href=\"https:\/\/www.ipleiria.pt\/esadcr\/wp-content\/uploads\/sites\/17\/2024\/09\/Mapa-Servic%CC%A7os-ESAD.CR-2024_25web.pdf\">Mapa Servi\u00e7os ESAD.CR<\/a><\/p>\n\n\n\n<div class=\"wp-block-file\"><a id=\"wp-block-file--media-af136d6b-7490-42ca-89b7-6f4fd1e05636\" href=\"https:\/\/www.ipleiria.pt\/esadcr\/wp-content\/uploads\/sites\/17\/2022\/03\/MAPA-C-EDIFICIOS.pdf\" target=\"_blank\" rel=\"noreferrer noopener\">Mapa da cidade<\/a><\/div>\n\n\n\n<div style=\"height:20px\" aria-hidden=\"true\" class=\"wp-block-spacer\"><\/div>\n\n\n\n<figure class=\"wp-container-2 wp-block-gallery-1 wp-block-gallery alignfull has-nested-images columns-2 is-cropped\">\n<figure class=\"wp-block-image size-full\"><a href=\"https:\/\/www.ipleiria.pt\/esadcr\/wp-content\/uploads\/sites\/17\/2022\/03\/Captura-de-ecra\u2560a-2021-12-27-a\u2560Cs-20.21.10.png\"><img loading=\"lazy\" width=\"960\" height=\"640\" data-id=\"15769\"  src=\"https:\/\/www.ipleiria.pt\/esadcr\/wp-content\/uploads\/sites\/17\/2022\/03\/Captura-de-ecra\u2560a-2021-12-27-a\u2560Cs-20.21.10.png\" alt=\"\" class=\"wp-image-15769\" srcset=\"https:\/\/www.ipleiria.pt\/esadcr\/wp-content\/uploads\/sites\/17\/2022\/03\/Captura-de-ecra\u2560a-2021-12-27-a\u2560Cs-20.21.10.png 960w, https:\/\/www.ipleiria.pt\/esadcr\/wp-content\/uploads\/sites\/17\/2022\/03\/Captura-de-ecra\u2560a-2021-12-27-a\u2560Cs-20.21.10-300x200.png 300w, https:\/\/www.ipleiria.pt\/esadcr\/wp-content\/uploads\/sites\/17\/2022\/03\/Captura-de-ecra\u2560a-2021-12-27-a\u2560Cs-20.21.10-150x100.png 150w, https:\/\/www.ipleiria.pt\/esadcr\/wp-content\/uploads\/sites\/17\/2022\/03\/Captura-de-ecra\u2560a-2021-12-27-a\u2560Cs-20.21.10-768x512.png 768w, https:\/\/www.ipleiria.pt\/esadcr\/wp-content\/uploads\/sites\/17\/2022\/03\/Captura-de-ecra\u2560a-2021-12-27-a\u2560Cs-20.21.10-390x260.png 390w, https:\/\/www.ipleiria.pt\/esadcr\/wp-content\/uploads\/sites\/17\/2022\/03\/Captura-de-ecra\u2560a-2021-12-27-a\u2560Cs-20.21.10-810x540.png 810w, https:\/\/www.ipleiria.pt\/esadcr\/wp-content\/uploads\/sites\/17\/2022\/03\/Captura-de-ecra\u2560a-2021-12-27-a\u2560Cs-20.21.10-413x275.png 413w, https:\/\/www.ipleiria.pt\/esadcr\/wp-content\/uploads\/sites\/17\/2022\/03\/Captura-de-ecra\u2560a-2021-12-27-a\u2560Cs-20.21.10-195x130.png 195w\" sizes=\"(max-width: 960px) 100vw, 960px\" \/><\/a><\/figure>\n\n\n\n<figure class=\"wp-block-image size-full\"><a href=\"https:\/\/www.ipleiria.pt\/esadcr\/wp-content\/uploads\/sites\/17\/2022\/03\/22_02_DGPL_10.jpg\"><img loading=\"lazy\" width=\"960\" height=\"640\" data-id=\"15770\"  src=\"https:\/\/www.ipleiria.pt\/esadcr\/wp-content\/uploads\/sites\/17\/2022\/03\/22_02_DGPL_10.jpg\" alt=\"\" class=\"wp-image-15770\" srcset=\"https:\/\/www.ipleiria.pt\/esadcr\/wp-content\/uploads\/sites\/17\/2022\/03\/22_02_DGPL_10.jpg 960w, https:\/\/www.ipleiria.pt\/esadcr\/wp-content\/uploads\/sites\/17\/2022\/03\/22_02_DGPL_10-300x200.jpg 300w, https:\/\/www.ipleiria.pt\/esadcr\/wp-content\/uploads\/sites\/17\/2022\/03\/22_02_DGPL_10-150x100.jpg 150w, https:\/\/www.ipleiria.pt\/esadcr\/wp-content\/uploads\/sites\/17\/2022\/03\/22_02_DGPL_10-768x512.jpg 768w, https:\/\/www.ipleiria.pt\/esadcr\/wp-content\/uploads\/sites\/17\/2022\/03\/22_02_DGPL_10-390x260.jpg 390w, https:\/\/www.ipleiria.pt\/esadcr\/wp-content\/uploads\/sites\/17\/2022\/03\/22_02_DGPL_10-810x540.jpg 810w, https:\/\/www.ipleiria.pt\/esadcr\/wp-content\/uploads\/sites\/17\/2022\/03\/22_02_DGPL_10-413x275.jpg 413w, https:\/\/www.ipleiria.pt\/esadcr\/wp-content\/uploads\/sites\/17\/2022\/03\/22_02_DGPL_10-195x130.jpg 195w\" sizes=\"(max-width: 960px) 100vw, 960px\" \/><\/a><\/figure>\n\n\n\n<figure class=\"wp-block-image size-full\"><a href=\"https:\/\/www.ipleiria.pt\/esadcr\/wp-content\/uploads\/sites\/17\/2022\/03\/22_02_DGPL_20.jpg\"><img loading=\"lazy\" width=\"960\" height=\"640\" data-id=\"15771\"  src=\"https:\/\/www.ipleiria.pt\/esadcr\/wp-content\/uploads\/sites\/17\/2022\/03\/22_02_DGPL_20.jpg\" alt=\"\" class=\"wp-image-15771\" srcset=\"https:\/\/www.ipleiria.pt\/esadcr\/wp-content\/uploads\/sites\/17\/2022\/03\/22_02_DGPL_20.jpg 960w, https:\/\/www.ipleiria.pt\/esadcr\/wp-content\/uploads\/sites\/17\/2022\/03\/22_02_DGPL_20-300x200.jpg 300w, https:\/\/www.ipleiria.pt\/esadcr\/wp-content\/uploads\/sites\/17\/2022\/03\/22_02_DGPL_20-150x100.jpg 150w, https:\/\/www.ipleiria.pt\/esadcr\/wp-content\/uploads\/sites\/17\/2022\/03\/22_02_DGPL_20-768x512.jpg 768w, https:\/\/www.ipleiria.pt\/esadcr\/wp-content\/uploads\/sites\/17\/2022\/03\/22_02_DGPL_20-390x260.jpg 390w, https:\/\/www.ipleiria.pt\/esadcr\/wp-content\/uploads\/sites\/17\/2022\/03\/22_02_DGPL_20-810x540.jpg 810w, https:\/\/www.ipleiria.pt\/esadcr\/wp-content\/uploads\/sites\/17\/2022\/03\/22_02_DGPL_20-413x275.jpg 413w, https:\/\/www.ipleiria.pt\/esadcr\/wp-content\/uploads\/sites\/17\/2022\/03\/22_02_DGPL_20-195x130.jpg 195w\" sizes=\"(max-width: 960px) 100vw, 960px\" \/><\/a><\/figure>\n\n\n\n<figure class=\"wp-block-image size-full\"><a href=\"https:\/\/www.ipleiria.pt\/esadcr\/wp-content\/uploads\/sites\/17\/2022\/03\/20_06_25_esad-17.jpg\"><img loading=\"lazy\" width=\"960\" height=\"640\" data-id=\"15772\"  src=\"https:\/\/www.ipleiria.pt\/esadcr\/wp-content\/uploads\/sites\/17\/2022\/03\/20_06_25_esad-17.jpg\" alt=\"\" class=\"wp-image-15772\" srcset=\"https:\/\/www.ipleiria.pt\/esadcr\/wp-content\/uploads\/sites\/17\/2022\/03\/20_06_25_esad-17.jpg 960w, https:\/\/www.ipleiria.pt\/esadcr\/wp-content\/uploads\/sites\/17\/2022\/03\/20_06_25_esad-17-300x200.jpg 300w, https:\/\/www.ipleiria.pt\/esadcr\/wp-content\/uploads\/sites\/17\/2022\/03\/20_06_25_esad-17-150x100.jpg 150w, https:\/\/www.ipleiria.pt\/esadcr\/wp-content\/uploads\/sites\/17\/2022\/03\/20_06_25_esad-17-768x512.jpg 768w, https:\/\/www.ipleiria.pt\/esadcr\/wp-content\/uploads\/sites\/17\/2022\/03\/20_06_25_esad-17-390x260.jpg 390w, https:\/\/www.ipleiria.pt\/esadcr\/wp-content\/uploads\/sites\/17\/2022\/03\/20_06_25_esad-17-810x540.jpg 810w, https:\/\/www.ipleiria.pt\/esadcr\/wp-content\/uploads\/sites\/17\/2022\/03\/20_06_25_esad-17-413x275.jpg 413w, https:\/\/www.ipleiria.pt\/esadcr\/wp-content\/uploads\/sites\/17\/2022\/03\/20_06_25_esad-17-195x130.jpg 195w\" sizes=\"(max-width: 960px) 100vw, 960px\" \/><\/a><\/figure>\n<\/figure>\n","protected":false},"excerpt":{"rendered":"Edif\u00edcio Pedag\u00f3gico 2 Neste edif\u00edcio, al\u00e9m de um audit\u00f3rio e um pequeno anfiteatro ao ar livre, salas e oficinas para o ensino de Teatro, h\u00e1 tamb\u00e9m laborat\u00f3rios inform\u00e1ticos e v\u00e1rias salas multiuso. Mapa Servi\u00e7os ESAD.CR","protected":false},"author":16,"featured_media":15775,"parent":15731,"menu_order":2,"comment_status":"closed","ping_status":"closed","template":"","meta":{"multilingual_post_translation":"","custompostfields_banners":"15834","custompostfields_post-association_course-gallery":[]},"_links":{"self":[{"href":"https:\/\/www.ipleiria.pt\/esadcr\/wp-json\/wp\/v2\/pages\/15768"}],"collection":[{"href":"https:\/\/www.ipleiria.pt\/esadcr\/wp-json\/wp\/v2\/pages"}],"about":[{"href":"https:\/\/www.ipleiria.pt\/esadcr\/wp-json\/wp\/v2\/types\/page"}],"author":[{"embeddable":true,"href":"https:\/\/www.ipleiria.pt\/esadcr\/wp-json\/wp\/v2\/users\/16"}],"replies":[{"embeddable":true,"href":"https:\/\/www.ipleiria.pt\/esadcr\/wp-json\/wp\/v2\/comments?post=15768"}],"version-history":[{"count":8,"href":"https:\/\/www.ipleiria.pt\/esadcr\/wp-json\/wp\/v2\/pages\/15768\/revisions"}],"predecessor-version":[{"id":31129,"href":"https:\/\/www.ipleiria.pt\/esadcr\/wp-json\/wp\/v2\/pages\/15768\/revisions\/31129"}],"up":[{"embeddable":true,"href":"https:\/\/www.ipleiria.pt\/esadcr\/wp-json\/wp\/v2\/pages\/15731"}],"wp:featuredmedia":[{"embeddable":true,"href":"https:\/\/www.ipleiria.pt\/esadcr\/wp-json\/wp\/v2\/media\/15775"}],"wp:attachment":[{"href":"https:\/\/www.ipleiria.pt\/esadcr\/wp-json\/wp\/v2\/media?parent=15768"}],"curies":[{"name":"wp","href":"https:\/\/api.w.org\/{rel}","templated":true}]}}