{"id":15774,"date":"2022-03-09T18:00:47","date_gmt":"2022-03-09T18:00:47","guid":{"rendered":"https:\/\/www.ipleiria.pt\/esadcr\/?page_id=15774"},"modified":"2024-09-09T08:58:53","modified_gmt":"2024-09-09T08:58:53","slug":"edificio-santo-isidoro","status":"publish","type":"page","link":"https:\/\/www.ipleiria.pt\/esadcr\/campus-3\/edificio-santo-isidoro\/","title":{"rendered":"Edif\u00edcio Santo Isidoro"},"content":{"rendered":"\n<h2>Edif\u00edcio Santo Isidoro<\/h2>\n\n\n\n<p>Outrora Hospital Santo Isidoro, aqui, est\u00e1 instalada a Biblioteca do Campus 3, constitu\u00edda por duas salas de leitura, uma delas com computadores e uma zona de leitura informal no \u00e1trio da Biblioteca tamb\u00e9m com computadores. A Biblioteca tem capacidade para 87 lugares sentados. Possui uma sala polivalente para a realiza\u00e7\u00e3o de diversos tipos de eventos.<\/p>\n\n\n\n<p>Neste edif\u00edcio, est\u00e3o tamb\u00e9m situadas as instala\u00e7\u00f5es do LIDA \u2013 Laborat\u00f3rio de Investiga\u00e7\u00e3o em Design e Artes. Uma unidade de investiga\u00e7\u00e3o e desenvolvimento fundada pela FCT em 2020. Desenvolve atividades de investiga\u00e7\u00e3o nos dom\u00ednios de Design, Arte e Cultura. \u00c9 composto por uma equipa de investigadores maioritariamente formada por docentes da ESAD.CR, com cinquenta doutores ou especialistas. \u00c9 tamb\u00e9m aqui, que est\u00e3o as salas dedicadas ao Mestrado em Design de Produto.<\/p>\n\n\n\n<p><a href=\"https:\/\/www.ipleiria.pt\/esadcr\/wp-content\/uploads\/sites\/17\/2024\/09\/Mapa-Servic%CC%A7os-ESAD.CR-2024_25web.pdf\">Mapa Servi\u00e7os ESAD.CR<\/a><\/p>\n\n\n\n<div class=\"wp-block-file\"><a id=\"wp-block-file--media-7fc93532-6d1f-4862-b26a-bc1ac8e6945c\" href=\"https:\/\/www.ipleiria.pt\/esadcr\/wp-content\/uploads\/sites\/17\/2022\/03\/MAPA-C-EDIFICIOS.pdf\" target=\"_blank\" rel=\"noreferrer noopener\">Mapa da cidade<\/a><\/div>\n\n\n\n<div style=\"height:20px\" aria-hidden=\"true\" class=\"wp-block-spacer\"><\/div>\n\n\n\n<figure class=\"wp-container-2 wp-block-gallery-1 wp-block-gallery alignfull has-nested-images columns-2 is-cropped\">\n<figure class=\"wp-block-image size-full\"><a href=\"https:\/\/www.ipleiria.pt\/esadcr\/wp-content\/uploads\/sites\/17\/2022\/03\/13_02_biblioteca-15.jpg\"><img loading=\"lazy\" width=\"960\" height=\"640\" data-id=\"15780\"  src=\"https:\/\/www.ipleiria.pt\/esadcr\/wp-content\/uploads\/sites\/17\/2022\/03\/13_02_biblioteca-15.jpg\" alt=\"\" class=\"wp-image-15780\" srcset=\"https:\/\/www.ipleiria.pt\/esadcr\/wp-content\/uploads\/sites\/17\/2022\/03\/13_02_biblioteca-15.jpg 960w, https:\/\/www.ipleiria.pt\/esadcr\/wp-content\/uploads\/sites\/17\/2022\/03\/13_02_biblioteca-15-300x200.jpg 300w, https:\/\/www.ipleiria.pt\/esadcr\/wp-content\/uploads\/sites\/17\/2022\/03\/13_02_biblioteca-15-150x100.jpg 150w, https:\/\/www.ipleiria.pt\/esadcr\/wp-content\/uploads\/sites\/17\/2022\/03\/13_02_biblioteca-15-768x512.jpg 768w, https:\/\/www.ipleiria.pt\/esadcr\/wp-content\/uploads\/sites\/17\/2022\/03\/13_02_biblioteca-15-390x260.jpg 390w, https:\/\/www.ipleiria.pt\/esadcr\/wp-content\/uploads\/sites\/17\/2022\/03\/13_02_biblioteca-15-810x540.jpg 810w, https:\/\/www.ipleiria.pt\/esadcr\/wp-content\/uploads\/sites\/17\/2022\/03\/13_02_biblioteca-15-413x275.jpg 413w, https:\/\/www.ipleiria.pt\/esadcr\/wp-content\/uploads\/sites\/17\/2022\/03\/13_02_biblioteca-15-195x130.jpg 195w\" sizes=\"(max-width: 960px) 100vw, 960px\" \/><\/a><\/figure>\n\n\n\n<figure class=\"wp-block-image size-full\"><a href=\"https:\/\/www.ipleiria.pt\/esadcr\/wp-content\/uploads\/sites\/17\/2022\/03\/08_09_Biblioteca_Campus3_86.jpg\"><img loading=\"lazy\" width=\"960\" height=\"640\" data-id=\"15781\"  src=\"https:\/\/www.ipleiria.pt\/esadcr\/wp-content\/uploads\/sites\/17\/2022\/03\/08_09_Biblioteca_Campus3_86.jpg\" alt=\"\" class=\"wp-image-15781\" srcset=\"https:\/\/www.ipleiria.pt\/esadcr\/wp-content\/uploads\/sites\/17\/2022\/03\/08_09_Biblioteca_Campus3_86.jpg 960w, https:\/\/www.ipleiria.pt\/esadcr\/wp-content\/uploads\/sites\/17\/2022\/03\/08_09_Biblioteca_Campus3_86-300x200.jpg 300w, https:\/\/www.ipleiria.pt\/esadcr\/wp-content\/uploads\/sites\/17\/2022\/03\/08_09_Biblioteca_Campus3_86-150x100.jpg 150w, https:\/\/www.ipleiria.pt\/esadcr\/wp-content\/uploads\/sites\/17\/2022\/03\/08_09_Biblioteca_Campus3_86-768x512.jpg 768w, https:\/\/www.ipleiria.pt\/esadcr\/wp-content\/uploads\/sites\/17\/2022\/03\/08_09_Biblioteca_Campus3_86-390x260.jpg 390w, https:\/\/www.ipleiria.pt\/esadcr\/wp-content\/uploads\/sites\/17\/2022\/03\/08_09_Biblioteca_Campus3_86-810x540.jpg 810w, https:\/\/www.ipleiria.pt\/esadcr\/wp-content\/uploads\/sites\/17\/2022\/03\/08_09_Biblioteca_Campus3_86-413x275.jpg 413w, https:\/\/www.ipleiria.pt\/esadcr\/wp-content\/uploads\/sites\/17\/2022\/03\/08_09_Biblioteca_Campus3_86-195x130.jpg 195w\" sizes=\"(max-width: 960px) 100vw, 960px\" \/><\/a><\/figure>\n\n\n\n<figure class=\"wp-block-image size-full\"><a href=\"https:\/\/www.ipleiria.pt\/esadcr\/wp-content\/uploads\/sites\/17\/2022\/03\/08_09_Biblioteca_Campus3_102.jpg\"><img loading=\"lazy\" width=\"960\" height=\"640\" data-id=\"15782\"  src=\"https:\/\/www.ipleiria.pt\/esadcr\/wp-content\/uploads\/sites\/17\/2022\/03\/08_09_Biblioteca_Campus3_102.jpg\" alt=\"\" class=\"wp-image-15782\" srcset=\"https:\/\/www.ipleiria.pt\/esadcr\/wp-content\/uploads\/sites\/17\/2022\/03\/08_09_Biblioteca_Campus3_102.jpg 960w, https:\/\/www.ipleiria.pt\/esadcr\/wp-content\/uploads\/sites\/17\/2022\/03\/08_09_Biblioteca_Campus3_102-300x200.jpg 300w, https:\/\/www.ipleiria.pt\/esadcr\/wp-content\/uploads\/sites\/17\/2022\/03\/08_09_Biblioteca_Campus3_102-150x100.jpg 150w, https:\/\/www.ipleiria.pt\/esadcr\/wp-content\/uploads\/sites\/17\/2022\/03\/08_09_Biblioteca_Campus3_102-768x512.jpg 768w, https:\/\/www.ipleiria.pt\/esadcr\/wp-content\/uploads\/sites\/17\/2022\/03\/08_09_Biblioteca_Campus3_102-390x260.jpg 390w, https:\/\/www.ipleiria.pt\/esadcr\/wp-content\/uploads\/sites\/17\/2022\/03\/08_09_Biblioteca_Campus3_102-810x540.jpg 810w, https:\/\/www.ipleiria.pt\/esadcr\/wp-content\/uploads\/sites\/17\/2022\/03\/08_09_Biblioteca_Campus3_102-413x275.jpg 413w, https:\/\/www.ipleiria.pt\/esadcr\/wp-content\/uploads\/sites\/17\/2022\/03\/08_09_Biblioteca_Campus3_102-195x130.jpg 195w\" sizes=\"(max-width: 960px) 100vw, 960px\" \/><\/a><\/figure>\n\n\n\n<figure class=\"wp-block-image size-full\"><a href=\"https:\/\/www.ipleiria.pt\/esadcr\/wp-content\/uploads\/sites\/17\/2022\/03\/22_02_DGPL_50.jpg\"><img loading=\"lazy\" width=\"960\" height=\"640\" data-id=\"15783\"  src=\"https:\/\/www.ipleiria.pt\/esadcr\/wp-content\/uploads\/sites\/17\/2022\/03\/22_02_DGPL_50.jpg\" alt=\"\" class=\"wp-image-15783\" srcset=\"https:\/\/www.ipleiria.pt\/esadcr\/wp-content\/uploads\/sites\/17\/2022\/03\/22_02_DGPL_50.jpg 960w, https:\/\/www.ipleiria.pt\/esadcr\/wp-content\/uploads\/sites\/17\/2022\/03\/22_02_DGPL_50-300x200.jpg 300w, https:\/\/www.ipleiria.pt\/esadcr\/wp-content\/uploads\/sites\/17\/2022\/03\/22_02_DGPL_50-150x100.jpg 150w, https:\/\/www.ipleiria.pt\/esadcr\/wp-content\/uploads\/sites\/17\/2022\/03\/22_02_DGPL_50-768x512.jpg 768w, https:\/\/www.ipleiria.pt\/esadcr\/wp-content\/uploads\/sites\/17\/2022\/03\/22_02_DGPL_50-390x260.jpg 390w, https:\/\/www.ipleiria.pt\/esadcr\/wp-content\/uploads\/sites\/17\/2022\/03\/22_02_DGPL_50-810x540.jpg 810w, https:\/\/www.ipleiria.pt\/esadcr\/wp-content\/uploads\/sites\/17\/2022\/03\/22_02_DGPL_50-413x275.jpg 413w, https:\/\/www.ipleiria.pt\/esadcr\/wp-content\/uploads\/sites\/17\/2022\/03\/22_02_DGPL_50-195x130.jpg 195w\" sizes=\"(max-width: 960px) 100vw, 960px\" \/><\/a><\/figure>\n\n\n\n<figure class=\"wp-block-image size-full\"><a href=\"https:\/\/www.ipleiria.pt\/esadcr\/wp-content\/uploads\/sites\/17\/2022\/03\/22_02_DGPL_53.jpg\"><img loading=\"lazy\" width=\"960\" height=\"640\" data-id=\"15784\"  src=\"https:\/\/www.ipleiria.pt\/esadcr\/wp-content\/uploads\/sites\/17\/2022\/03\/22_02_DGPL_53.jpg\" alt=\"\" class=\"wp-image-15784\" srcset=\"https:\/\/www.ipleiria.pt\/esadcr\/wp-content\/uploads\/sites\/17\/2022\/03\/22_02_DGPL_53.jpg 960w, https:\/\/www.ipleiria.pt\/esadcr\/wp-content\/uploads\/sites\/17\/2022\/03\/22_02_DGPL_53-300x200.jpg 300w, https:\/\/www.ipleiria.pt\/esadcr\/wp-content\/uploads\/sites\/17\/2022\/03\/22_02_DGPL_53-150x100.jpg 150w, https:\/\/www.ipleiria.pt\/esadcr\/wp-content\/uploads\/sites\/17\/2022\/03\/22_02_DGPL_53-768x512.jpg 768w, https:\/\/www.ipleiria.pt\/esadcr\/wp-content\/uploads\/sites\/17\/2022\/03\/22_02_DGPL_53-390x260.jpg 390w, https:\/\/www.ipleiria.pt\/esadcr\/wp-content\/uploads\/sites\/17\/2022\/03\/22_02_DGPL_53-810x540.jpg 810w, https:\/\/www.ipleiria.pt\/esadcr\/wp-content\/uploads\/sites\/17\/2022\/03\/22_02_DGPL_53-413x275.jpg 413w, https:\/\/www.ipleiria.pt\/esadcr\/wp-content\/uploads\/sites\/17\/2022\/03\/22_02_DGPL_53-195x130.jpg 195w\" sizes=\"(max-width: 960px) 100vw, 960px\" \/><\/a><\/figure>\n\n\n\n<figure class=\"wp-block-image size-full\"><a href=\"https:\/\/www.ipleiria.pt\/esadcr\/wp-content\/uploads\/sites\/17\/2022\/03\/22_02_DGPL_57.jpg\"><img loading=\"lazy\" width=\"960\" height=\"640\" data-id=\"15785\"  src=\"https:\/\/www.ipleiria.pt\/esadcr\/wp-content\/uploads\/sites\/17\/2022\/03\/22_02_DGPL_57.jpg\" alt=\"\" class=\"wp-image-15785\" srcset=\"https:\/\/www.ipleiria.pt\/esadcr\/wp-content\/uploads\/sites\/17\/2022\/03\/22_02_DGPL_57.jpg 960w, https:\/\/www.ipleiria.pt\/esadcr\/wp-content\/uploads\/sites\/17\/2022\/03\/22_02_DGPL_57-300x200.jpg 300w, https:\/\/www.ipleiria.pt\/esadcr\/wp-content\/uploads\/sites\/17\/2022\/03\/22_02_DGPL_57-150x100.jpg 150w, https:\/\/www.ipleiria.pt\/esadcr\/wp-content\/uploads\/sites\/17\/2022\/03\/22_02_DGPL_57-768x512.jpg 768w, https:\/\/www.ipleiria.pt\/esadcr\/wp-content\/uploads\/sites\/17\/2022\/03\/22_02_DGPL_57-390x260.jpg 390w, https:\/\/www.ipleiria.pt\/esadcr\/wp-content\/uploads\/sites\/17\/2022\/03\/22_02_DGPL_57-810x540.jpg 810w, https:\/\/www.ipleiria.pt\/esadcr\/wp-content\/uploads\/sites\/17\/2022\/03\/22_02_DGPL_57-413x275.jpg 413w, https:\/\/www.ipleiria.pt\/esadcr\/wp-content\/uploads\/sites\/17\/2022\/03\/22_02_DGPL_57-195x130.jpg 195w\" sizes=\"(max-width: 960px) 100vw, 960px\" \/><\/a><\/figure>\n\n\n\n<figure class=\"wp-block-image size-full\"><a href=\"https:\/\/www.ipleiria.pt\/esadcr\/wp-content\/uploads\/sites\/17\/2022\/03\/22_02_DGPL_60.jpg\"><img loading=\"lazy\" width=\"960\" height=\"640\" data-id=\"15786\"  src=\"https:\/\/www.ipleiria.pt\/esadcr\/wp-content\/uploads\/sites\/17\/2022\/03\/22_02_DGPL_60.jpg\" alt=\"\" class=\"wp-image-15786\" srcset=\"https:\/\/www.ipleiria.pt\/esadcr\/wp-content\/uploads\/sites\/17\/2022\/03\/22_02_DGPL_60.jpg 960w, https:\/\/www.ipleiria.pt\/esadcr\/wp-content\/uploads\/sites\/17\/2022\/03\/22_02_DGPL_60-300x200.jpg 300w, https:\/\/www.ipleiria.pt\/esadcr\/wp-content\/uploads\/sites\/17\/2022\/03\/22_02_DGPL_60-150x100.jpg 150w, https:\/\/www.ipleiria.pt\/esadcr\/wp-content\/uploads\/sites\/17\/2022\/03\/22_02_DGPL_60-768x512.jpg 768w, https:\/\/www.ipleiria.pt\/esadcr\/wp-content\/uploads\/sites\/17\/2022\/03\/22_02_DGPL_60-390x260.jpg 390w, https:\/\/www.ipleiria.pt\/esadcr\/wp-content\/uploads\/sites\/17\/2022\/03\/22_02_DGPL_60-810x540.jpg 810w, https:\/\/www.ipleiria.pt\/esadcr\/wp-content\/uploads\/sites\/17\/2022\/03\/22_02_DGPL_60-413x275.jpg 413w, https:\/\/www.ipleiria.pt\/esadcr\/wp-content\/uploads\/sites\/17\/2022\/03\/22_02_DGPL_60-195x130.jpg 195w\" sizes=\"(max-width: 960px) 100vw, 960px\" \/><\/a><\/figure>\n\n\n\n<figure class=\"wp-block-image size-full\"><a href=\"https:\/\/www.ipleiria.pt\/esadcr\/wp-content\/uploads\/sites\/17\/2022\/03\/22_02_DGPL_61.jpg\"><img loading=\"lazy\" width=\"960\" height=\"640\" data-id=\"15787\"  src=\"https:\/\/www.ipleiria.pt\/esadcr\/wp-content\/uploads\/sites\/17\/2022\/03\/22_02_DGPL_61.jpg\" alt=\"\" class=\"wp-image-15787\" srcset=\"https:\/\/www.ipleiria.pt\/esadcr\/wp-content\/uploads\/sites\/17\/2022\/03\/22_02_DGPL_61.jpg 960w, https:\/\/www.ipleiria.pt\/esadcr\/wp-content\/uploads\/sites\/17\/2022\/03\/22_02_DGPL_61-300x200.jpg 300w, https:\/\/www.ipleiria.pt\/esadcr\/wp-content\/uploads\/sites\/17\/2022\/03\/22_02_DGPL_61-150x100.jpg 150w, https:\/\/www.ipleiria.pt\/esadcr\/wp-content\/uploads\/sites\/17\/2022\/03\/22_02_DGPL_61-768x512.jpg 768w, https:\/\/www.ipleiria.pt\/esadcr\/wp-content\/uploads\/sites\/17\/2022\/03\/22_02_DGPL_61-390x260.jpg 390w, https:\/\/www.ipleiria.pt\/esadcr\/wp-content\/uploads\/sites\/17\/2022\/03\/22_02_DGPL_61-810x540.jpg 810w, https:\/\/www.ipleiria.pt\/esadcr\/wp-content\/uploads\/sites\/17\/2022\/03\/22_02_DGPL_61-413x275.jpg 413w, https:\/\/www.ipleiria.pt\/esadcr\/wp-content\/uploads\/sites\/17\/2022\/03\/22_02_DGPL_61-195x130.jpg 195w\" sizes=\"(max-width: 960px) 100vw, 960px\" \/><\/a><\/figure>\n\n\n\n<figure class=\"wp-block-image size-full\"><a href=\"https:\/\/www.ipleiria.pt\/esadcr\/wp-content\/uploads\/sites\/17\/2022\/03\/22_02_DGPL_62.jpg\"><img loading=\"lazy\" width=\"960\" height=\"640\" data-id=\"15788\"  src=\"https:\/\/www.ipleiria.pt\/esadcr\/wp-content\/uploads\/sites\/17\/2022\/03\/22_02_DGPL_62.jpg\" alt=\"\" class=\"wp-image-15788\" srcset=\"https:\/\/www.ipleiria.pt\/esadcr\/wp-content\/uploads\/sites\/17\/2022\/03\/22_02_DGPL_62.jpg 960w, https:\/\/www.ipleiria.pt\/esadcr\/wp-content\/uploads\/sites\/17\/2022\/03\/22_02_DGPL_62-300x200.jpg 300w, https:\/\/www.ipleiria.pt\/esadcr\/wp-content\/uploads\/sites\/17\/2022\/03\/22_02_DGPL_62-150x100.jpg 150w, https:\/\/www.ipleiria.pt\/esadcr\/wp-content\/uploads\/sites\/17\/2022\/03\/22_02_DGPL_62-768x512.jpg 768w, https:\/\/www.ipleiria.pt\/esadcr\/wp-content\/uploads\/sites\/17\/2022\/03\/22_02_DGPL_62-390x260.jpg 390w, https:\/\/www.ipleiria.pt\/esadcr\/wp-content\/uploads\/sites\/17\/2022\/03\/22_02_DGPL_62-810x540.jpg 810w, https:\/\/www.ipleiria.pt\/esadcr\/wp-content\/uploads\/sites\/17\/2022\/03\/22_02_DGPL_62-413x275.jpg 413w, https:\/\/www.ipleiria.pt\/esadcr\/wp-content\/uploads\/sites\/17\/2022\/03\/22_02_DGPL_62-195x130.jpg 195w\" sizes=\"(max-width: 960px) 100vw, 960px\" \/><\/a><\/figure>\n\n\n\n<figure class=\"wp-block-image size-full\"><a href=\"https:\/\/www.ipleiria.pt\/esadcr\/wp-content\/uploads\/sites\/17\/2022\/03\/36.jpg\"><img loading=\"lazy\" width=\"960\" height=\"640\" data-id=\"15789\"  src=\"https:\/\/www.ipleiria.pt\/esadcr\/wp-content\/uploads\/sites\/17\/2022\/03\/36.jpg\" alt=\"\" class=\"wp-image-15789\" srcset=\"https:\/\/www.ipleiria.pt\/esadcr\/wp-content\/uploads\/sites\/17\/2022\/03\/36.jpg 960w, https:\/\/www.ipleiria.pt\/esadcr\/wp-content\/uploads\/sites\/17\/2022\/03\/36-300x200.jpg 300w, https:\/\/www.ipleiria.pt\/esadcr\/wp-content\/uploads\/sites\/17\/2022\/03\/36-150x100.jpg 150w, https:\/\/www.ipleiria.pt\/esadcr\/wp-content\/uploads\/sites\/17\/2022\/03\/36-768x512.jpg 768w, https:\/\/www.ipleiria.pt\/esadcr\/wp-content\/uploads\/sites\/17\/2022\/03\/36-390x260.jpg 390w, https:\/\/www.ipleiria.pt\/esadcr\/wp-content\/uploads\/sites\/17\/2022\/03\/36-810x540.jpg 810w, https:\/\/www.ipleiria.pt\/esadcr\/wp-content\/uploads\/sites\/17\/2022\/03\/36-413x275.jpg 413w, https:\/\/www.ipleiria.pt\/esadcr\/wp-content\/uploads\/sites\/17\/2022\/03\/36-195x130.jpg 195w\" sizes=\"(max-width: 960px) 100vw, 960px\" \/><\/a><\/figure>\n<\/figure>\n","protected":false},"excerpt":{"rendered":"Edif\u00edcio Santo Isidoro Outrora Hospital Santo Isidoro, aqui, est\u00e1 instalada a Biblioteca do Campus 3, constitu\u00edda por duas salas de leitura, uma delas com computadores e uma zona de leitura informal no \u00e1trio da Biblioteca tamb\u00e9m com computadores. A Biblioteca tem capacidade para 87 lugares sentados. Possui uma sala polivalente para a realiza\u00e7\u00e3o de diversos [&hellip;]","protected":false},"author":16,"featured_media":15779,"parent":15731,"menu_order":3,"comment_status":"closed","ping_status":"closed","template":"","meta":{"multilingual_post_translation":"{\"en-GB\":{\"url\":\"i\",\"postID\":null,\"postTitle\":\"\",\"siteID\":22,\"customURL\":true,\"languageInfo\":{\"multilingual_site_api_url\":\"https:\/\/www.ipleiria.pt\/esadcr-en\/wp-json\/\",\"name\":\"English\",\"locale\":\"en_GB\"}}}","custompostfields_banners":"15834","custompostfields_post-association_course-gallery":[]},"_links":{"self":[{"href":"https:\/\/www.ipleiria.pt\/esadcr\/wp-json\/wp\/v2\/pages\/15774"}],"collection":[{"href":"https:\/\/www.ipleiria.pt\/esadcr\/wp-json\/wp\/v2\/pages"}],"about":[{"href":"https:\/\/www.ipleiria.pt\/esadcr\/wp-json\/wp\/v2\/types\/page"}],"author":[{"embeddable":true,"href":"https:\/\/www.ipleiria.pt\/esadcr\/wp-json\/wp\/v2\/users\/16"}],"replies":[{"embeddable":true,"href":"https:\/\/www.ipleiria.pt\/esadcr\/wp-json\/wp\/v2\/comments?post=15774"}],"version-history":[{"count":9,"href":"https:\/\/www.ipleiria.pt\/esadcr\/wp-json\/wp\/v2\/pages\/15774\/revisions"}],"predecessor-version":[{"id":31135,"href":"https:\/\/www.ipleiria.pt\/esadcr\/wp-json\/wp\/v2\/pages\/15774\/revisions\/31135"}],"up":[{"embeddable":true,"href":"https:\/\/www.ipleiria.pt\/esadcr\/wp-json\/wp\/v2\/pages\/15731"}],"wp:featuredmedia":[{"embeddable":true,"href":"https:\/\/www.ipleiria.pt\/esadcr\/wp-json\/wp\/v2\/media\/15779"}],"wp:attachment":[{"href":"https:\/\/www.ipleiria.pt\/esadcr\/wp-json\/wp\/v2\/media?parent=15774"}],"curies":[{"name":"wp","href":"https:\/\/api.w.org\/{rel}","templated":true}]}}