{"id":1764,"date":"2019-02-14T22:36:12","date_gmt":"2019-02-14T22:36:12","guid":{"rendered":"https:\/\/www.ipleiria.pt\/esad\/?page_id=1764"},"modified":"2024-03-22T12:09:41","modified_gmt":"2024-03-22T12:09:41","slug":"apresentacao","status":"publish","type":"page","link":"https:\/\/www.ipleiria.pt\/esadcr\/escola\/apresentacao\/","title":{"rendered":"Apresenta\u00e7\u00e3o"},"content":{"rendered":"\n<h1 class=\"has-text-align-center\"> <br>Escola Superior de Artes e Design <\/h1>\n\n\n\n<h2 class=\"has-text-align-center sub-title\"> ESAD.CR abre-te o mundo.  <\/h2>\n\n\n\n<div class=\"wp-container-3 wp-block-columns has-2-columns\">\n<div class=\"wp-container-1 wp-block-column\" style=\"flex-basis:33%\">\n<figure class=\"wp-block-image\"><img loading=\"lazy\" width=\"365\" height=\"862\" src=\"https:\/\/www.ipleiria.pt\/esadcr\/wp-content\/uploads\/sites\/17\/2019\/04\/apresentacao-escola3.jpg\" alt=\"\" class=\"wp-image-3021\" srcset=\"https:\/\/www.ipleiria.pt\/esadcr\/wp-content\/uploads\/sites\/17\/2019\/04\/apresentacao-escola3.jpg 365w, https:\/\/www.ipleiria.pt\/esadcr\/wp-content\/uploads\/sites\/17\/2019\/04\/apresentacao-escola3-127x300.jpg 127w, https:\/\/www.ipleiria.pt\/esadcr\/wp-content\/uploads\/sites\/17\/2019\/04\/apresentacao-escola3-108x255.jpg 108w, https:\/\/www.ipleiria.pt\/esadcr\/wp-content\/uploads\/sites\/17\/2019\/04\/apresentacao-escola3-165x390.jpg 165w, https:\/\/www.ipleiria.pt\/esadcr\/wp-content\/uploads\/sites\/17\/2019\/04\/apresentacao-escola3-229x540.jpg 229w, https:\/\/www.ipleiria.pt\/esadcr\/wp-content\/uploads\/sites\/17\/2019\/04\/apresentacao-escola3-116x275.jpg 116w, https:\/\/www.ipleiria.pt\/esadcr\/wp-content\/uploads\/sites\/17\/2019\/04\/apresentacao-escola3-83x195.jpg 83w\" sizes=\"(max-width: 365px) 100vw, 365px\" \/><\/figure>\n\n\n\n<p><\/p>\n<\/div>\n\n\n\n<div class=\"wp-container-2 wp-block-column\" style=\"flex-basis:67%\">\n<p>A Escola Superior de Artes e Design de\nCaldas da Rainha, do Instituto Polit\u00e9cnico de Leiria, \u00e9 uma institui\u00e7\u00e3o de\nensino e investiga\u00e7\u00e3o criada em 1990, com amplo reconhecimento internacional e\nnacional.&nbsp; <\/p>\n\n\n\n<p>A ESAD.CR situa-se na cidade das Caldas da\nRainha, no centro litoral atl\u00e2ntico de Portugal. Integrada numa regi\u00e3o de\ngrande desenvolvimento econ\u00f3mico, cultural e de bem-estar. Possui acessibilidades\nprivilegiadas a todo o pa\u00eds. Caldas da Rainha \u00e9 uma cidade das artes, com um ambiente\ncriativo, estimulante e apraz\u00edvel. &nbsp;&nbsp;<\/p>\n\n\n\n<p>Na ESAD.CR, o modelo de ensino centra-se\nno desenvolvimento projeto, na materializa\u00e7\u00e3o de conceitos e na reflex\u00e3o\ncr\u00edtica e humanista. O modelo de forma\u00e7\u00e3o concetualmente sustentado,\ninterdisciplinar, tecnologicamente adequado e criativo, prepara os estudantes\npara as exig\u00eancias do presente e do futuro. O ensino individualizado, a\ninvestiga\u00e7\u00e3o atualizada e a aten\u00e7\u00e3o \u00e0s \u00e1reas profissionais emergentes fazem da ESAD.CR\numa refer\u00eancia no panorama nacional e internacional. &nbsp;<\/p>\n\n\n\n<p>A ESAD.CR conta atualmente com mais de 1650\nestudantes e de 130 docentes. Os seus professores s\u00e3o profissionais experientes\ne reconhecidos internacionalmente nas mais variadas \u00e1reas criativas. O edif\u00edcio\ncentral da Escola foi pensado e constru\u00eddo em torno dos espa\u00e7os de atelier e\noficinas, sendo um dos projetos mais singulares e completos do ensino art\u00edstico\nnacional. O seu campus organiza-se em torno de 4 edif\u00edcios espa\u00e7osos e bem\nequipados, rodeados de carvalhos e pinheiros. Os seus laborat\u00f3rios e oficinais,\nbem equipados, permitem o acesso \u00e0s mais variadas tecnologias, desde as\ntradicionais como Fotografia Anal\u00f3gica, Gravura, Serigrafia, Cer\u00e2mica, Madeiras\nou Metais, \u00e0s mais atuais como Fotografia e V\u00eddeo Digital, Som, Impress\u00e3o\nDigital, Prototipagem e Impress\u00e3o 3D ou multim\u00e9dia.<\/p>\n\n\n\n<p>A ESAD.CR oferece cursos de licenciatura\nem Artes Pl\u00e1sticas, Design Industrial, Design de Produto em Cer\u00e2mica e Vidro,\nDesign Gr\u00e1fico e Multim\u00e9dia, Design de Ambientes, Som e Imagem, Teatro e\nPrograma\u00e7\u00e3o e Produ\u00e7\u00e3o Cultural. Esta oferta complementa-se com os cursos de\nmestrado em Artes Pl\u00e1sticas, Design do Produto, Gest\u00e3o Cultural e Design\nGr\u00e1fico. Assim como uma estimulante oferta de cursos TeSP.<\/p>\n\n\n\n<p>A manuten\u00e7\u00e3o de uma posi\u00e7\u00e3o de relevo\nimplica capacidade de adapta\u00e7\u00e3o \u00e0s exig\u00eancias do mundo e \u00e0s necessidades das\nempresas, institui\u00e7\u00f5es e comunidades. A par de um entendimento humanista das\nformas do tempo, a ESAD.CR desenvolveu um plano que assenta em 5 eixos\nestrat\u00e9gicos: desenvolvimento dos processos de ensino-aprendizagem; adequa\u00e7\u00e3o\nda oferta educativa aos desafios da economia apoiados na inova\u00e7\u00e3o tecnol\u00f3gica;\ndesenvolvimento sustent\u00e1vel e novos desafios para os cruzamentos entre artes,\ndesign e ci\u00eancia; investiga\u00e7\u00e3o aplicada para o desenvolvimento e inova\u00e7\u00e3o dos\nterrit\u00f3rios; e a internacionaliza\u00e7\u00e3o.<\/p>\n\n\n\n<p>A ESAD.CR abre-te o mundo porque est\u00e1\naberta ao mundo. <\/p>\n<\/div>\n<\/div>\n\n\n\n<p><\/p>\n","protected":false},"excerpt":{"rendered":"Escola Superior de Artes e Design ESAD.CR abre-te o mundo. A Escola Superior de Artes e Design de Caldas da Rainha, do Instituto Polit\u00e9cnico de Leiria, \u00e9 uma institui\u00e7\u00e3o de ensino e investiga\u00e7\u00e3o criada em 1990, com amplo reconhecimento internacional e nacional.&nbsp; A ESAD.CR situa-se na cidade das Caldas da Rainha, no centro litoral atl\u00e2ntico [&hellip;]","protected":false},"author":1,"featured_media":2740,"parent":32,"menu_order":10,"comment_status":"closed","ping_status":"closed","template":"","meta":{"multilingual_post_translation":"{\"en-GB\":{\"url\":\"https:\/\/www.ipleiria.pt\/esadcr-en\/school\/introduction\/\",\"postID\":null,\"postTitle\":\"\",\"siteID\":22,\"customURL\":true,\"languageInfo\":{\"name\":\"English (UK)\",\"locale\":\"en_GB\"}}}","custompostfields_banners":"","custompostfields_post-association_course-gallery":[]},"_links":{"self":[{"href":"https:\/\/www.ipleiria.pt\/esadcr\/wp-json\/wp\/v2\/pages\/1764"}],"collection":[{"href":"https:\/\/www.ipleiria.pt\/esadcr\/wp-json\/wp\/v2\/pages"}],"about":[{"href":"https:\/\/www.ipleiria.pt\/esadcr\/wp-json\/wp\/v2\/types\/page"}],"author":[{"embeddable":true,"href":"https:\/\/www.ipleiria.pt\/esadcr\/wp-json\/wp\/v2\/users\/1"}],"replies":[{"embeddable":true,"href":"https:\/\/www.ipleiria.pt\/esadcr\/wp-json\/wp\/v2\/comments?post=1764"}],"version-history":[{"count":11,"href":"https:\/\/www.ipleiria.pt\/esadcr\/wp-json\/wp\/v2\/pages\/1764\/revisions"}],"predecessor-version":[{"id":28258,"href":"https:\/\/www.ipleiria.pt\/esadcr\/wp-json\/wp\/v2\/pages\/1764\/revisions\/28258"}],"up":[{"embeddable":true,"href":"https:\/\/www.ipleiria.pt\/esadcr\/wp-json\/wp\/v2\/pages\/32"}],"wp:featuredmedia":[{"embeddable":true,"href":"https:\/\/www.ipleiria.pt\/esadcr\/wp-json\/wp\/v2\/media\/2740"}],"wp:attachment":[{"href":"https:\/\/www.ipleiria.pt\/esadcr\/wp-json\/wp\/v2\/media?parent=1764"}],"curies":[{"name":"wp","href":"https:\/\/api.w.org\/{rel}","templated":true}]}}