{"id":20277,"date":"2022-11-14T17:13:24","date_gmt":"2022-11-14T17:13:24","guid":{"rendered":"https:\/\/www.ipleiria.pt\/esadcr\/?page_id=20277"},"modified":"2022-12-19T11:18:04","modified_gmt":"2022-12-19T11:18:04","slug":"eleicao-do-conselho-tecnico-cientifico-da-esad-cr-2022","status":"publish","type":"page","link":"https:\/\/www.ipleiria.pt\/esadcr\/escola\/avisos\/eleicoes\/eleicao-do-conselho-tecnico-cientifico-da-esad-cr-2022\/","title":{"rendered":"ELEI\u00c7\u00c3O DO CONSELHO TECNICO-CIENT\u00cdFICO DA ESAD.CR \u2013 2022"},"content":{"rendered":"\n<div style=\"height:37px\" aria-hidden=\"true\" class=\"wp-block-spacer\"><\/div>\n\n\n\n<div class=\"wp-block-file\"><a id=\"wp-block-file--media-b6d23028-983a-401b-898e-b45770325cd6\" href=\"https:\/\/www.ipleiria.pt\/esadcr\/wp-content\/uploads\/sites\/17\/2022\/11\/Despacho-no-64_2022.pdf\">Despacho n\u00ba 64\/2022 \u2013 Elei\u00e7\u00e3o do 8\u00ba (oitavo) Conselho T\u00e9cnico-Cient\u00edfico da ESAD.CR<\/a><\/div>\n\n\n\n<div class=\"wp-block-file\"><a id=\"wp-block-file--media-efb6cf45-d373-461f-907d-8fdd5f950615\" href=\"https:\/\/www.ipleiria.pt\/esadcr\/wp-content\/uploads\/sites\/17\/2022\/11\/Despacho-no-81_2022.pdf\" target=\"_blank\" rel=\"noreferrer noopener\">Despacho n.\u00ba 81\/2022, de 25\/11\/2022, referente \u00e0 Elei\u00e7\u00e3o do 8\u00ba (oitavo) Conselho T\u00e9cnico-Cient\u00edfico \u2013 Cadernos Eleitorais Definitivos<br><\/a><\/div>\n\n\n\n<p><a rel=\"noreferrer noopener\" href=\"https:\/\/colaborar.ipleiria.pt\/escolas\/esad\/orgaos\/proceleitorais\/home.aspx\" target=\"_blank\">Despacho n.\u00ba 88\/2022 de 07\/12\/2022, referente \u00e0 Elei\u00e7\u00e3o do 8\u00ba (oitavo) Conselho T\u00e9cnico-Cient\u00edfico \u2013 Listas de candidatura admitidas<\/a><\/p>\n\n\n\n<p><a href=\"https:\/\/colaborar.ipleiria.pt\/escolas\/esad\/orgaos\/proceleitorais\/home.aspx\" target=\"_blank\" rel=\"noreferrer noopener\">Despacho n.\u00ba 89\/2022, de 09\/12\/2022 &#8211; Elei\u00e7\u00e3o do oitavo Conselho T\u00e9cnico-Cient\u00edfico e Elei\u00e7\u00e3o intercalar do quarto Conselho de Representantes &nbsp;&#8211; Listas de Candidatura Definitivas<\/a><\/p>\n\n\n\n<p><a href=\"https:\/\/colaborar.ipleiria.pt\/escolas\/esad\/orgaos\/proceleitorais\/home.aspx\" target=\"_blank\" rel=\"noreferrer noopener\">Despacho n.\u00ba 90\/2022 de 09\/12\/2022 \u2013 Constitui\u00e7\u00e3o de Mesa de Voto dos Docentes \u2013 atos eleitorais de 13\/12\/2022<\/a><\/p>\n\n\n\n<p><a rel=\"noreferrer noopener\" href=\"https:\/\/colaborar.ipleiria.pt\/escolas\/esad\/orgaos\/proceleitorais\/home.aspx\" target=\"_blank\">Despacho n\u00ba 93\/2022 \u2013 Elei\u00e7\u00f5es para o Oitavo Conselho T\u00e9cnico-Cient\u00edfico da ESAD.CR \u2013 Resultados Provis\u00f3rios&nbsp;<\/a><\/p>\n\n\n\n<p><a href=\"https:\/\/colaborar.ipleiria.pt\/escolas\/esad\/orgaos\/proceleitorais\/home.aspx\" target=\"_blank\" rel=\"noreferrer noopener\">Despacho n\u00ba 96\/2022 \u2013 Elei\u00e7\u00f5es para o Oitavo Conselho T\u00e9cnico-Cient\u00edfico da ESAD.CR \u2013 Resultados Definitivo<\/a><\/p>\n\n\n\n<p>Para consultar os cadernos eleitorais clique&nbsp;<a href=\"https:\/\/colaborar.ipleiria.pt\/escolas\/esad\/orgaos\/proceleitorais\/\" target=\"_blank\" rel=\"noreferrer noopener\">aqui<\/a><\/p>\n\n\n\n<div style=\"height:37px\" aria-hidden=\"true\" class=\"wp-block-spacer\"><\/div>\n","protected":false},"excerpt":{"rendered":"Despacho n.\u00ba 88\/2022 de 07\/12\/2022, referente \u00e0 Elei\u00e7\u00e3o do 8\u00ba (oitavo) Conselho T\u00e9cnico-Cient\u00edfico \u2013 Listas de candidatura admitidas Despacho n.\u00ba 89\/2022, de 09\/12\/2022 &#8211; Elei\u00e7\u00e3o do oitavo Conselho T\u00e9cnico-Cient\u00edfico e Elei\u00e7\u00e3o intercalar do quarto Conselho de Representantes &nbsp;&#8211; Listas de Candidatura Definitivas Despacho n.\u00ba 90\/2022 de 09\/12\/2022 \u2013 Constitui\u00e7\u00e3o de Mesa de Voto dos Docentes [&hellip;]","protected":false},"author":5,"featured_media":3140,"parent":5527,"menu_order":0,"comment_status":"closed","ping_status":"closed","template":"","meta":{"multilingual_post_translation":"{\"en-GB\":{\"url\":\" \",\"postID\":null,\"postTitle\":\"\",\"siteID\":22,\"customURL\":true,\"languageInfo\":{\"multilingual_site_api_url\":\"https:\/\/www.ipleiria.pt\/esadcr-en\/wp-json\/\",\"name\":\"English\",\"locale\":\"en_GB\"}}}","custompostfields_banners":"","custompostfields_post-association_course-gallery":[]},"_links":{"self":[{"href":"https:\/\/www.ipleiria.pt\/esadcr\/wp-json\/wp\/v2\/pages\/20277"}],"collection":[{"href":"https:\/\/www.ipleiria.pt\/esadcr\/wp-json\/wp\/v2\/pages"}],"about":[{"href":"https:\/\/www.ipleiria.pt\/esadcr\/wp-json\/wp\/v2\/types\/page"}],"author":[{"embeddable":true,"href":"https:\/\/www.ipleiria.pt\/esadcr\/wp-json\/wp\/v2\/users\/5"}],"replies":[{"embeddable":true,"href":"https:\/\/www.ipleiria.pt\/esadcr\/wp-json\/wp\/v2\/comments?post=20277"}],"version-history":[{"count":13,"href":"https:\/\/www.ipleiria.pt\/esadcr\/wp-json\/wp\/v2\/pages\/20277\/revisions"}],"predecessor-version":[{"id":20993,"href":"https:\/\/www.ipleiria.pt\/esadcr\/wp-json\/wp\/v2\/pages\/20277\/revisions\/20993"}],"up":[{"embeddable":true,"href":"https:\/\/www.ipleiria.pt\/esadcr\/wp-json\/wp\/v2\/pages\/5527"}],"wp:featuredmedia":[{"embeddable":true,"href":"https:\/\/www.ipleiria.pt\/esadcr\/wp-json\/wp\/v2\/media\/3140"}],"wp:attachment":[{"href":"https:\/\/www.ipleiria.pt\/esadcr\/wp-json\/wp\/v2\/media?parent=20277"}],"curies":[{"name":"wp","href":"https:\/\/api.w.org\/{rel}","templated":true}]}}