{"id":2391,"date":"2019-03-28T17:06:29","date_gmt":"2019-03-28T17:06:29","guid":{"rendered":"https:\/\/www.ipleiria.pt\/esad\/?page_id=2391"},"modified":"2024-03-22T12:26:33","modified_gmt":"2024-03-22T12:26:33","slug":"estagios","status":"publish","type":"page","link":"https:\/\/www.ipleiria.pt\/esadcr\/estudantes\/estagios\/","title":{"rendered":"Est\u00e1gios"},"content":{"rendered":"\n<div class=\"wp-container-3 wp-block-columns\">\n<div class=\"wp-container-1 wp-block-column\" style=\"flex-basis:66.66%\">\n<p>A ESAD.CR, atrav\u00e9s do Gabinete de Apoio ao Estudante, de Est\u00e1gios e Projetos (GAEEP)  d\u00e1 apoio, informa\u00e7\u00f5es e trata dos procedimentos referentes aos est\u00e1gios curriculares dos cursos da ESAD.CR (por exemplo, Protocolos de Est\u00e1gio) e procede tamb\u00e9m \u00e0 divulga\u00e7\u00e3o de ofertas de emprego e de est\u00e1gio bem como d\u00e1 apoio \u00e0s solicita\u00e7\u00f5es por parte de empresas e entidades.<\/p>\n\n\n\n<p>Atrav\u00e9s do Gabinete \u00e9 feita a articula\u00e7\u00e3o com a Bolsa de Emprego, o SAPE (Servi\u00e7o de Apoio ao Estudante) e a Rede IPLeiri@lumni, servi\u00e7os do Polit\u00e9cnico de Leiria.<\/p>\n\n\n\n<div style=\"height:20px\" aria-hidden=\"true\" class=\"wp-block-spacer\"><\/div>\n\n\n\n<p>O GAEEP  tem um <a rel=\"noreferrer noopener\" aria-label=\"grupo no Facebook (opens in a new tab)\" href=\"https:\/\/www.facebook.com\/groups\/1779086412129764\/\" target=\"_blank\">grupo no Facebook<\/a> onde divulga as ofertas de emprego e de est\u00e1gio e algumas iniciativas que chegam \u00e0 Escola. <\/p>\n<\/div>\n\n\n\n<div class=\"wp-container-2 wp-block-column\" style=\"flex-basis:33.33%\">\n<div style=\"height:19px\" aria-hidden=\"true\" class=\"wp-block-spacer\"><\/div>\n\n\n\n<figure class=\"wp-block-image\"><img src=\"https:\/\/www.ipleiria.pt\/esadcr\/wp-content\/uploads\/sites\/17\/2017\/04\/11_04_08_Campus3_Obras_103-1024x683.jpg\" alt=\"\" class=\"wp-image-975\" height=\"NaN\" srcset=\"https:\/\/www.ipleiria.pt\/esadcr\/wp-content\/uploads\/sites\/17\/2017\/04\/11_04_08_Campus3_Obras_103-1024x683.jpg 1024w, https:\/\/www.ipleiria.pt\/esadcr\/wp-content\/uploads\/sites\/17\/2017\/04\/11_04_08_Campus3_Obras_103-300x200.jpg 300w, https:\/\/www.ipleiria.pt\/esadcr\/wp-content\/uploads\/sites\/17\/2017\/04\/11_04_08_Campus3_Obras_103-768x512.jpg 768w, https:\/\/www.ipleiria.pt\/esadcr\/wp-content\/uploads\/sites\/17\/2017\/04\/11_04_08_Campus3_Obras_103-365x243.jpg 365w\" sizes=\"(max-width: 1024px) 100vw, 1024px\" \/><\/figure>\n<\/div>\n<\/div>\n\n\n\n<div id=\"gba_cd7edd-e4\" class=\"wp-block-pt-ipleiria-ued-wp-theme-ipleiria-gutenbergblocks-collapse gba gba-view gba_cd7edd-e4\">\n<div id=\"gba-pane_97dfc1-f6\" class=\"wp-block-pt-ipleiria-ued-wp-theme-ipleiria-gutenbergblocks-collapse-pane gba-pane gba-pane-save gba-pane_97dfc1-f6\"><div class=\"card\"><div class=\"card-header\" id=\"gba-pane-heading_97dfc1-f6\"><h1 class=\"mb-0\"><button class=\"btn btn-link collapsed\" type=\"button\" data-toggle=\"collapse\" data-target=\"#gba-pane-collapse_97dfc1-f6\" aria-controls=\"gba-pane-collapse_97dfc1-f6\" aria-expanded=\"false\"><span class=\"gba-pane-title\">FAQs . Estudantes<\/span><\/button><\/h1><\/div><div id=\"gba-pane-collapse_97dfc1-f6\" class=\"panel-content collapse\" aria-labelledby=\"gba-pane-heading_97dfc1-f6\" data-parent=\"\"><div class=\"card-body\">\n<div class=\"wp-container-6 wp-block-columns has-2-columns\">\n<div class=\"wp-container-4 wp-block-column\" style=\"flex-basis:67%\">\n<h2 class=\"font-size-16\">Perguntas frequentes sobre est\u00e1gios curriculares<\/h2>\n\n\n\n<div style=\"height:47px\" aria-hidden=\"true\" class=\"wp-block-spacer\"><\/div>\n\n\n\n<p>A Quem? Como? Quando&#8230; devo entregar\/enviar a documenta\u00e7\u00e3o \/ candidatura do meu Est\u00e1gio Curricular?<\/p>\n\n\n\n<h3 class=\"font-size-12\">A quem?<\/h3>\n\n\n\n<p><strong> <\/strong>Deve entregar\/enviar ao seu Coordenador de Curso, com conhecimento do Gabinete de Est\u00e1gios da ESAD.CR.<\/p>\n\n\n\n<h3 class=\"font-size-12\">Como?<\/h3>\n\n\n\n<p> Para o correio eletr\u00f3nico do respetivo Coordenador de Curso e do Gabinete de Est\u00e1gios da ESAD.CR.<\/p>\n\n\n\n<h3 class=\"font-size-12\">Quando?<\/h3>\n\n\n\n<p> At\u00e9 \u00e0 data definida pelas normas pr\u00f3prias de cada um dos cursos de Licenciatura e, no caso dos TeSP, em data a acordar com o Coordenador de Curso.<\/p>\n\n\n\n<h3 class=\"font-size-12\">Quem \u00e9 o respons\u00e1vel pela UC Est\u00e1gio Curricular?<\/h3>\n\n\n\n<p>O Coordenador de curso.<\/p>\n\n\n\n<h3 class=\"font-size-12\">Posso indicar\/escolher o meu supervisor de est\u00e1gio?<\/h3>\n\n\n\n<p>N\u00e3o.&nbsp;Compete \u00e0 Coordena\u00e7\u00e3o nomear o Supervisor de Est\u00e1gio.<\/p>\n\n\n\n<h3 class=\"font-size-12\">o que \u00e9 o \u00absupervisor de est\u00e1gio\u00bb e quais as suas fun\u00e7\u00f5es?<\/h3>\n\n\n\n<p>O \u00abSupervisor de Est\u00e1gio\u00bb \u00e9 o docente da ESAD.CR, previamente nomeado, que\nacompanha o estudante estagi\u00e1rio e mant\u00e9m um contacto regular com o orientador da\nentidade recetora do est\u00e1gio curricular, orientando-o na elabora\u00e7\u00e3o do\nrelat\u00f3rio de est\u00e1gio.&nbsp;<\/p>\n\n\n\n<h3 class=\"font-size-12\">posso alterar a minha inscri\u00e7\u00e3o na uc de projeto final para projeto integrado em empresa?<\/h3>\n\n\n\n<p>Poder\u00e1 faz\u00ea-lo depois da proposta de est\u00e1gio ter sido avaliada, de forma\npositiva, pela Coordena\u00e7\u00e3o do Curso.&nbsp;<\/p>\n\n\n\n<h3 class=\"font-size-12\">posso pedir o prolongamento do est\u00e1gio curricular?<\/h3>\n\n\n\n<p>Sim mas o per\u00edodo ap\u00f3s o estipulado no protocolo de est\u00e1gio, \u00e9 da\nresponsabilidade da entidade de acolhimento e do estudante, conforme consta no\nArt.\u00ba 16.\u00ba do Regulamento de Est\u00e1gios da ESAD.CR.<\/p>\n\n\n\n<h3 class=\"font-size-12\">posso encontrar por iniciativa pr\u00f3pria a entidade recetora do meu est\u00e1gio curricular?<\/h3>\n\n\n\n<p>Sim.&nbsp;<\/p>\n\n\n\n<h3 class=\"font-size-12\">a escola ajuda-me a encontrar um local de est\u00e1gio, caso n\u00e3o encontre nenhuma entidade dispon\u00edvel?<\/h3>\n\n\n\n<p>Sim, atrav\u00e9s do Gabinete de Est\u00e1gios que disponibiliza listagens de\nentidades dispon\u00edveis e dos locais de est\u00e1gio nos \u00faltimos anos letivos.<\/p>\n\n\n\n<h3 class=\"font-size-12\">posso realizar o est\u00e1gio curricular fora do pa\u00eds?<\/h3>\n\n\n\n<p>Sim, mediante parecer positivo da Coordena\u00e7\u00e3o do Curso e autoriza\u00e7\u00e3o da\nDire\u00e7\u00e3o da Escola. <br>\nEm rela\u00e7\u00e3o aos est\u00e1gios na Uni\u00e3o Europeia, poder\u00e3o ter o apoio de uma bolsa\natrav\u00e9s do Cons\u00f3rcio Erasmus Centro.<\/p>\n\n\n\n<h3 class=\"font-size-12\">quanto tempo dura o est\u00e1gio curricular?<\/h3>\n\n\n\n<p>Tem a dura\u00e7\u00e3o prevista no diploma que aprovou o plano de estudos de cada\ncurso. No entanto, a Coordena\u00e7\u00e3o poder\u00e1 definir e estabelecer o n\u00famero de horas\nreferente \u00e0 componente pr\u00e1tica e o n\u00famero de horas referente \u00e0 elabora\u00e7\u00e3o do\nRelat\u00f3rio de Est\u00e1gio do Projeto Integrado em Empresa, Est\u00e1gio e Forma\u00e7\u00e3o em\nContexto de Trabalho.<\/p>\n<\/div>\n\n\n\n<div class=\"wp-container-5 wp-block-column\" style=\"flex-basis:33%\">\n<h3 class=\"font-size-12\"> MAIS INFORMA\u00c7\u00c3O <\/h3>\n\n\n\n<p>gaeep.esad@ipleiria.pt<\/p>\n\n\n\n<h3 class=\"font-size-12\">regulamento de est\u00e1gios<\/h3>\n\n\n\n<div class=\"wp-block-file\"><a id=\"wp-block-file--media-cc453084-049d-4a9f-a8ed-29163ce362bd\" href=\"https:\/\/www.ipleiria.pt\/esadcr\/wp-content\/uploads\/sites\/17\/2019\/03\/Regulamento-de-Est\u00e1gios-da-Escola-Superior-de-Artes-e-Design.pdf\" target=\"_blank\" rel=\"noreferrer noopener\">Regulamento de Est\u00e1gios da ESAD.CR<\/a><\/div>\n\n\n\n<p><\/p>\n<\/div>\n<\/div>\n<\/div><\/div><\/div><\/div>\n\n\n\n<div id=\"gba-pane_e9399f-5c\" class=\"wp-block-pt-ipleiria-ued-wp-theme-ipleiria-gutenbergblocks-collapse-pane gba-pane gba-pane-save gba-pane_e9399f-5c\"><div class=\"card\"><div class=\"card-header\" id=\"gba-pane-heading_e9399f-5c\"><h1 class=\"mb-0\"><button class=\"btn btn-link collapsed\" type=\"button\" data-toggle=\"collapse\" data-target=\"#gba-pane-collapse_e9399f-5c\" aria-controls=\"gba-pane-collapse_e9399f-5c\" aria-expanded=\"false\"><span class=\"gba-pane-title\"><strong>FAQS . <\/strong>Entidades de est\u00e1gio<\/span><\/button><\/h1><\/div><div id=\"gba-pane-collapse_e9399f-5c\" class=\"panel-content collapse\" aria-labelledby=\"gba-pane-heading_e9399f-5c\" data-parent=\"\"><div class=\"card-body\">\n<div class=\"wp-container-9 wp-block-columns has-2-columns\">\n<div class=\"wp-container-7 wp-block-column\" style=\"flex-basis:67%\">\n<h2 class=\"font-size-16\">PERGUNTAS FREQUENTES SOBRE Propostas de EST\u00c1GIOS CURRICULARES <\/h2>\n\n\n\n<div style=\"height:45px\" aria-hidden=\"true\" class=\"wp-block-spacer\"><\/div>\n\n\n\n<p> A Quem? Como? Quando&#8230; devo entregar\/enviar propostas de ofertas para acolhimento de est\u00e1gios curriculares? <\/p>\n\n\n\n<h3 class=\"font-size-12\">A quem?<\/h3>\n\n\n\n<p>Deve enviar o pedido ao Gabinete de Est\u00e1gios da ESAD.CR. <\/p>\n\n\n\n<h3 class=\"font-size-12\">como?<\/h3>\n\n\n\n<p> Para o correio eletr\u00f3nico do Gabinete de Est\u00e1gios da ESAD.CR. \u2013 <a href=\"mailto:gaep.esad@ipleiria.pt\">gaeep.esad@ipleiria.pt<\/a> <\/p>\n\n\n\n<h3 class=\"font-size-12\">Quando?<\/h3>\n\n\n\n<p> Poder\u00e1 faz\u00ea-lo, preferencialmente, no in\u00edcio do Ano Letivo (em setembro\/outubro\/meados de novembro) de cada ano.<\/p>\n\n\n\n<h3 class=\"font-size-12\">Calendariza\u00e7\u00e3o:<\/h3>\n\n\n\n<p>&#8211; Divulga\u00e7\u00e3o das entidades como poss\u00edvel local de est\u00e1gio curricular, junto\ndos estudantes e da coordena\u00e7\u00e3o dos cursos: entre outubro e novembro\/dezembro.<\/p>\n\n\n\n<p>&#8211; Defini\u00e7\u00e3o e aprova\u00e7\u00e3o dos locais de est\u00e1gio: at\u00e9 meados de janeiro,<\/p>\n\n\n\n<p>&#8211; In\u00edcio dos est\u00e1gios: meados de fevereiro\/mar\u00e7o.<\/p>\n\n\n\n<h3 class=\"font-size-12\">Se nenhum candidato me agradar, sou obrigado a oferecer o est\u00e1gio curricular?<\/h3>\n\n\n\n<p>N\u00e3o.<\/p>\n\n\n\n<h3 class=\"font-size-12\">Como poderei formalizar a disponibilidade da minha empresa em receber estagi\u00e1rios?<\/h3>\n\n\n\n<p>Poder\u00e1 ser feita a formaliza\u00e7\u00e3o atrav\u00e9s de um Protocolo com a Escola e,\naquando do est\u00e1gio, \u00e9 necess\u00e1rio proceder-se \u00e0 assinatura de um Protocolo de\nest\u00e1gio (documentos fornecidos pelo GAEEP). <\/p>\n\n\n\n<h3 class=\"font-size-12\">em termos formais, o que \u00e9 necess\u00e1rio da parte da minha empresa para poder receber estagi\u00e1rios?<\/h3>\n\n\n\n<p>De acordo com o n.\u00ba 2 do Art.\u00ba 10.\u00ba do Regulamento de Est\u00e1gios, ter\u00e1 que nomear\num seu representante, identificado como orientador de est\u00e1gio, o qual ser\u00e1 o\nelo de liga\u00e7\u00e3o entre esta e a ESAD.CR; proporcionar as melhores condi\u00e7\u00f5es\nmateriais e funcionais para o estudante frequentar o est\u00e1gio.<\/p>\n\n\n\n<p>O orientador de est\u00e1gio dever\u00e1:<\/p>\n\n\n\n<p>i) Preencher atempadamente os documentos que a si dizem respeito, assim\ncomo proceder \u00e0 sua guarda e preserva\u00e7\u00e3o at\u00e9 \u00e0 data da sua entrega ao\nsupervisor do est\u00e1gio, nos termos a ajustar entre ambos;<\/p>\n\n\n\n<p>ii) Controlar a assiduidade e pontualidade, orientar e acompanhar as tarefas\na executar pelo estudante, no local de est\u00e1gio; <\/p>\n\n\n\n<p>iii) Comunicar ao supervisor do est\u00e1gio quaisquer anomalias que ocorram\ndurante o est\u00e1gio;<\/p>\n\n\n\n<p>iv) Propor altera\u00e7\u00f5es pontuais ao plano de est\u00e1gio sempre que tal se justifique\ne comunicar esse facto ao supervisor do est\u00e1gio;<\/p>\n\n\n\n<p>v) Avaliar o estudante aquando da conclus\u00e3o do est\u00e1gio.<\/p>\n\n\n\n<h3 class=\"font-size-12\">Tenho direito a receber um exemplar do relat\u00f3rio de est\u00e1gio?<\/h3>\n\n\n\n<p>Sim.<\/p>\n\n\n\n<h3 class=\"font-size-12\">Posso solicitar confidencialidade de informa\u00e7\u00f5es\/mat\u00e9rias acerca das quais \u00e9 necess\u00e1rio observar sigilo?<\/h3>\n\n\n\n<p>Sim.<\/p>\n<\/div>\n\n\n\n<div class=\"wp-container-8 wp-block-column\" style=\"flex-basis:33%\">\n<h3 class=\"font-size-12\">Contacto<\/h3>\n\n\n\n<p>gaeep.esad@ipleiria.pt<\/p>\n<\/div>\n<\/div>\n<\/div><\/div><\/div><\/div>\n\n\n\n<div id=\"gba-pane_9318cc-4e\" class=\"wp-block-pt-ipleiria-ued-wp-theme-ipleiria-gutenbergblocks-collapse-pane gba-pane gba-pane-save gba-pane_9318cc-4e\"><div class=\"card\"><div class=\"card-header\" id=\"gba-pane-heading_9318cc-4e\"><h1 class=\"mb-0\"><button class=\"btn btn-link collapsed\" type=\"button\" data-toggle=\"collapse\" data-target=\"#gba-pane-collapse_9318cc-4e\" aria-controls=\"gba-pane-collapse_9318cc-4e\" aria-expanded=\"false\"><span class=\"gba-pane-title\"><strong>FAQS . <\/strong>Coordenadores de Curso<\/span><\/button><\/h1><\/div><div id=\"gba-pane-collapse_9318cc-4e\" class=\"panel-content collapse\" aria-labelledby=\"gba-pane-heading_9318cc-4e\" data-parent=\"\"><div class=\"card-body\">\n<div class=\"wp-container-12 wp-block-columns has-2-columns\">\n<div class=\"wp-container-10 wp-block-column\" style=\"flex-basis:67%\">\n<h2 class=\"font-size-16\"> PERGUNTAS FREQUENTES SOBRE PROPOSTAS DE EST\u00c1GIOS CURRICULARES <\/h2>\n\n\n\n<div style=\"height:52px\" aria-hidden=\"true\" class=\"wp-block-spacer\"><\/div>\n\n\n\n<p>\n\n\n\n\n\n\n\n\n\n\n\n\n\n\n\n\nA Quem? Como? Quando&#8230; devo entregar\/enviar a documenta\u00e7\u00e3o \/\nregulamenta\u00e7\u00e3o \/ candidatura do Est\u00e1gio Curricular?\n\n\n\n<\/p>\n\n\n\n<h3 class=\"font-size-12\">A quem?<\/h3>\n\n\n\n<p>Deve enviar ao Gabinete de Est\u00e1gios da ESAD.CR. as condi\u00e7\u00f5es de frequ\u00eancia\ndo Projeto Integrado em Empresa, Est\u00e1gio e Forma\u00e7\u00e3o em Contexto de Trabalho,\nconforme consta no Art.\u00ba 5.\u00ba do Regulamento de Est\u00e1gios da ESAD.CR.<\/p>\n\n\n\n<h3 class=\"font-size-12\">Como?<\/h3>\n\n\n\n<p> Para o correio eletr\u00f3nico do Gabinete de Est\u00e1gios da ESAD.CR. \u2013 <a href=\"mailto:gaeep.esad@ipleiria.pt\">gaeep.esad@ipleiria.pt<\/a> <\/p>\n\n\n\n<h3 class=\"font-size-12\">Quando?<\/h3>\n\n\n\n<p> At\u00e9 ao final do m\u00eas de julho do ano letivo anterior \u00e0 sua vig\u00eancia.<\/p>\n\n\n\n<h3 class=\"font-size-12\">O coordenador de curso e os docentes poder\u00e3o estabelecer contactos para a realiza\u00e7\u00e3o do projeto integrado em empresa, est\u00e1gio e forma\u00e7\u00e3o em contexto de trabalho?<\/h3>\n\n\n\n<p>Sim, mas para se formalizar o contato e se proceder \u00e0 elabora\u00e7\u00e3o do protocolo de est\u00e1gio, dever\u00e1 enviar todos os contactos para o correio eletr\u00f3nico do Gabinete de Est\u00e1gios da ESAD.CR. \u2013 <a href=\"mailto:gaeep.esad@ipleiria.pt\">gaeep.esad@ipleiria.pt<\/a> <\/p>\n\n\n\n<h3 class=\"font-size-12\">Deverei dar conhecimento ao gaeep da avalia\u00e7\u00e3o\/resultados das propostas de est\u00e1gio dos estudantes?<\/h3>\n\n\n\n<p>Sim para que o GAEEP possa proceder aos contactos com as entidades de\nest\u00e1gio.<\/p>\n\n\n\n<h3 class=\"font-size-12\">Em rela\u00e7\u00e3o \u00e0s poss\u00edveis mudan\u00e7as de uc, como deverei proceder?<\/h3>\n\n\n\n<p>Ao dar conhecimento ao GAEEP da avalia\u00e7\u00e3o\/resultados das propostas de\nest\u00e1gio dos estudantes, proceder-se-\u00e1 \u00e0 verifica\u00e7\u00e3o da inscri\u00e7\u00e3o do estudante e\neste ser\u00e1 informado pelo GAEEP de como proceder, relativamente \u00e0 inscri\u00e7\u00e3o\/altera\u00e7\u00e3o\nde UC junto dos Servi\u00e7os Acad\u00e9micos.<\/p>\n\n\n\n<h3 class=\"font-size-12\">D<strong>everei dar conhecimento ao GAEEP dos Supervisores de Est\u00e1gio da Escola nomeados para orientarem o Projeto Integrado em Empresa, Est\u00e1gio e Forma\u00e7\u00e3o em Contexto de Trabalho?<\/strong> <\/h3>\n\n\n\n<p>Sim, atrav\u00e9s de envio de listagem para o correio eletr\u00f3nico do Gabinete de\nEst\u00e1gios da ESAD.CR. \u2013 <a href=\"mailto:gaeep.esad@ipleiria.pt\">gaeep.esad@ipleiria.pt<\/a> <\/p>\n<\/div>\n\n\n\n<div class=\"wp-container-11 wp-block-column\" style=\"flex-basis:33%\">\n<h3 class=\"font-size-12\">Contacto<\/h3>\n\n\n\n<p>gaeep.esad@ipleiria.pt<\/p>\n\n\n\n<p>.<\/p>\n<\/div>\n<\/div>\n<\/div><\/div><\/div><\/div>\n<\/div>\n\n\n\n<p><\/p>\n","protected":false},"excerpt":{"rendered":"A ESAD.CR, atrav\u00e9s do Gabinete de Apoio ao Estudante, de Est\u00e1gios e Projetos (GAEEP) d\u00e1 apoio, informa\u00e7\u00f5es e trata dos procedimentos referentes aos est\u00e1gios curriculares dos cursos da ESAD.CR (por exemplo, Protocolos de Est\u00e1gio) e procede tamb\u00e9m \u00e0 divulga\u00e7\u00e3o de ofertas de emprego e de est\u00e1gio bem como d\u00e1 apoio \u00e0s solicita\u00e7\u00f5es por parte de [&hellip;]","protected":false},"author":1,"featured_media":2743,"parent":48,"menu_order":0,"comment_status":"closed","ping_status":"closed","template":"","meta":{"multilingual_post_translation":"{\"en-GB\":{\"url\":\"https:\/\/www.ipleiria.pt\/esadcr-en\/students\/traineeship\/\",\"postID\":null,\"postTitle\":\"\",\"siteID\":22,\"customURL\":true,\"languageInfo\":{\"name\":\"English (UK)\",\"locale\":\"en_GB\"}}}","custompostfields_banners":"","custompostfields_post-association_course-gallery":[]},"_links":{"self":[{"href":"https:\/\/www.ipleiria.pt\/esadcr\/wp-json\/wp\/v2\/pages\/2391"}],"collection":[{"href":"https:\/\/www.ipleiria.pt\/esadcr\/wp-json\/wp\/v2\/pages"}],"about":[{"href":"https:\/\/www.ipleiria.pt\/esadcr\/wp-json\/wp\/v2\/types\/page"}],"author":[{"embeddable":true,"href":"https:\/\/www.ipleiria.pt\/esadcr\/wp-json\/wp\/v2\/users\/1"}],"replies":[{"embeddable":true,"href":"https:\/\/www.ipleiria.pt\/esadcr\/wp-json\/wp\/v2\/comments?post=2391"}],"version-history":[{"count":18,"href":"https:\/\/www.ipleiria.pt\/esadcr\/wp-json\/wp\/v2\/pages\/2391\/revisions"}],"predecessor-version":[{"id":28261,"href":"https:\/\/www.ipleiria.pt\/esadcr\/wp-json\/wp\/v2\/pages\/2391\/revisions\/28261"}],"up":[{"embeddable":true,"href":"https:\/\/www.ipleiria.pt\/esadcr\/wp-json\/wp\/v2\/pages\/48"}],"wp:featuredmedia":[{"embeddable":true,"href":"https:\/\/www.ipleiria.pt\/esadcr\/wp-json\/wp\/v2\/media\/2743"}],"wp:attachment":[{"href":"https:\/\/www.ipleiria.pt\/esadcr\/wp-json\/wp\/v2\/media?parent=2391"}],"curies":[{"name":"wp","href":"https:\/\/api.w.org\/{rel}","templated":true}]}}