{"id":25617,"date":"2023-08-31T15:21:14","date_gmt":"2023-08-31T14:21:14","guid":{"rendered":"https:\/\/www.ipleiria.pt\/esadcr\/?page_id=25617"},"modified":"2023-09-21T10:01:33","modified_gmt":"2023-09-21T09:01:33","slug":"bem-vindo-a-esad-cr-23-24","status":"publish","type":"page","link":"https:\/\/www.ipleiria.pt\/esadcr\/bem-vindo-a-esad-cr-23-24\/","title":{"rendered":"Bem-vindo \u00e0 ESAD.CR 23\/24"},"content":{"rendered":"\n<div class=\"wp-container-2 wp-block-columns\">\n<div class=\"wp-container-1 wp-block-column\">\n<figure class=\"wp-block-image size-full\"><img loading=\"lazy\" width=\"1122\" height=\"1122\" src=\"https:\/\/www.ipleiria.pt\/esadcr\/wp-content\/uploads\/sites\/17\/2023\/09\/novo-aluno-ESADCR01-1.jpg\" alt=\"\" class=\"wp-image-25662\" srcset=\"https:\/\/www.ipleiria.pt\/esadcr\/wp-content\/uploads\/sites\/17\/2023\/09\/novo-aluno-ESADCR01-1.jpg 1122w, https:\/\/www.ipleiria.pt\/esadcr\/wp-content\/uploads\/sites\/17\/2023\/09\/novo-aluno-ESADCR01-1-300x300.jpg 300w, https:\/\/www.ipleiria.pt\/esadcr\/wp-content\/uploads\/sites\/17\/2023\/09\/novo-aluno-ESADCR01-1-150x150.jpg 150w, https:\/\/www.ipleiria.pt\/esadcr\/wp-content\/uploads\/sites\/17\/2023\/09\/novo-aluno-ESADCR01-1-768x768.jpg 768w, https:\/\/www.ipleiria.pt\/esadcr\/wp-content\/uploads\/sites\/17\/2023\/09\/novo-aluno-ESADCR01-1-390x390.jpg 390w, https:\/\/www.ipleiria.pt\/esadcr\/wp-content\/uploads\/sites\/17\/2023\/09\/novo-aluno-ESADCR01-1-540x540.jpg 540w, https:\/\/www.ipleiria.pt\/esadcr\/wp-content\/uploads\/sites\/17\/2023\/09\/novo-aluno-ESADCR01-1-275x275.jpg 275w, https:\/\/www.ipleiria.pt\/esadcr\/wp-content\/uploads\/sites\/17\/2023\/09\/novo-aluno-ESADCR01-1-195x195.jpg 195w\" sizes=\"(max-width: 1122px) 100vw, 1122px\" \/><\/figure>\n\n\n\n<figure class=\"wp-block-image size-full\"><img loading=\"lazy\" width=\"1122\" height=\"1122\" src=\"https:\/\/www.ipleiria.pt\/esadcr\/wp-content\/uploads\/sites\/17\/2023\/09\/novo-aluno-programa-ESADCR02-1.png\" alt=\"\" class=\"wp-image-25683\" srcset=\"https:\/\/www.ipleiria.pt\/esadcr\/wp-content\/uploads\/sites\/17\/2023\/09\/novo-aluno-programa-ESADCR02-1.png 1122w, https:\/\/www.ipleiria.pt\/esadcr\/wp-content\/uploads\/sites\/17\/2023\/09\/novo-aluno-programa-ESADCR02-1-300x300.png 300w, https:\/\/www.ipleiria.pt\/esadcr\/wp-content\/uploads\/sites\/17\/2023\/09\/novo-aluno-programa-ESADCR02-1-150x150.png 150w, https:\/\/www.ipleiria.pt\/esadcr\/wp-content\/uploads\/sites\/17\/2023\/09\/novo-aluno-programa-ESADCR02-1-768x768.png 768w, https:\/\/www.ipleiria.pt\/esadcr\/wp-content\/uploads\/sites\/17\/2023\/09\/novo-aluno-programa-ESADCR02-1-390x390.png 390w, https:\/\/www.ipleiria.pt\/esadcr\/wp-content\/uploads\/sites\/17\/2023\/09\/novo-aluno-programa-ESADCR02-1-540x540.png 540w, https:\/\/www.ipleiria.pt\/esadcr\/wp-content\/uploads\/sites\/17\/2023\/09\/novo-aluno-programa-ESADCR02-1-275x275.png 275w, https:\/\/www.ipleiria.pt\/esadcr\/wp-content\/uploads\/sites\/17\/2023\/09\/novo-aluno-programa-ESADCR02-1-195x195.png 195w\" sizes=\"(max-width: 1122px) 100vw, 1122px\" \/><\/figure>\n\n\n\n<figure class=\"wp-block-image size-full\"><img loading=\"lazy\" width=\"1122\" height=\"1122\" src=\"https:\/\/www.ipleiria.pt\/esadcr\/wp-content\/uploads\/sites\/17\/2023\/09\/novo-aluno-festa-ESADCR02.png\" alt=\"\" class=\"wp-image-25663\" srcset=\"https:\/\/www.ipleiria.pt\/esadcr\/wp-content\/uploads\/sites\/17\/2023\/09\/novo-aluno-festa-ESADCR02.png 1122w, https:\/\/www.ipleiria.pt\/esadcr\/wp-content\/uploads\/sites\/17\/2023\/09\/novo-aluno-festa-ESADCR02-300x300.png 300w, https:\/\/www.ipleiria.pt\/esadcr\/wp-content\/uploads\/sites\/17\/2023\/09\/novo-aluno-festa-ESADCR02-150x150.png 150w, https:\/\/www.ipleiria.pt\/esadcr\/wp-content\/uploads\/sites\/17\/2023\/09\/novo-aluno-festa-ESADCR02-768x768.png 768w, https:\/\/www.ipleiria.pt\/esadcr\/wp-content\/uploads\/sites\/17\/2023\/09\/novo-aluno-festa-ESADCR02-390x390.png 390w, https:\/\/www.ipleiria.pt\/esadcr\/wp-content\/uploads\/sites\/17\/2023\/09\/novo-aluno-festa-ESADCR02-540x540.png 540w, https:\/\/www.ipleiria.pt\/esadcr\/wp-content\/uploads\/sites\/17\/2023\/09\/novo-aluno-festa-ESADCR02-275x275.png 275w, https:\/\/www.ipleiria.pt\/esadcr\/wp-content\/uploads\/sites\/17\/2023\/09\/novo-aluno-festa-ESADCR02-195x195.png 195w\" sizes=\"(max-width: 1122px) 100vw, 1122px\" \/><\/figure>\n<\/div>\n<\/div>\n\n\n\n<hr class=\"wp-block-separator has-alpha-channel-opacity\"\/>\n\n\n\n<figure class=\"wp-container-4 wp-block-gallery-3 wp-block-gallery alignfull has-nested-images columns-2 is-cropped\">\n<figure class=\"wp-block-image size-large\"><img loading=\"lazy\" width=\"960\" height=\"640\" data-id=\"25765\"  src=\"https:\/\/www.ipleiria.pt\/esadcr\/wp-content\/uploads\/sites\/17\/2023\/09\/23_09_recepc\u0327a\u0303o_estudante-1.jpg\" alt=\"\" class=\"wp-image-25765\" srcset=\"https:\/\/www.ipleiria.pt\/esadcr\/wp-content\/uploads\/sites\/17\/2023\/09\/23_09_recepc\u0327a\u0303o_estudante-1.jpg 960w, https:\/\/www.ipleiria.pt\/esadcr\/wp-content\/uploads\/sites\/17\/2023\/09\/23_09_recepc\u0327a\u0303o_estudante-1-300x200.jpg 300w, https:\/\/www.ipleiria.pt\/esadcr\/wp-content\/uploads\/sites\/17\/2023\/09\/23_09_recepc\u0327a\u0303o_estudante-1-150x100.jpg 150w, https:\/\/www.ipleiria.pt\/esadcr\/wp-content\/uploads\/sites\/17\/2023\/09\/23_09_recepc\u0327a\u0303o_estudante-1-768x512.jpg 768w, https:\/\/www.ipleiria.pt\/esadcr\/wp-content\/uploads\/sites\/17\/2023\/09\/23_09_recepc\u0327a\u0303o_estudante-1-390x260.jpg 390w, https:\/\/www.ipleiria.pt\/esadcr\/wp-content\/uploads\/sites\/17\/2023\/09\/23_09_recepc\u0327a\u0303o_estudante-1-810x540.jpg 810w, https:\/\/www.ipleiria.pt\/esadcr\/wp-content\/uploads\/sites\/17\/2023\/09\/23_09_recepc\u0327a\u0303o_estudante-1-413x275.jpg 413w, https:\/\/www.ipleiria.pt\/esadcr\/wp-content\/uploads\/sites\/17\/2023\/09\/23_09_recepc\u0327a\u0303o_estudante-1-195x130.jpg 195w\" sizes=\"(max-width: 960px) 100vw, 960px\" \/><\/figure>\n\n\n\n<figure class=\"wp-block-image size-large\"><img loading=\"lazy\" width=\"960\" height=\"640\" data-id=\"25772\"  src=\"https:\/\/www.ipleiria.pt\/esadcr\/wp-content\/uploads\/sites\/17\/2023\/09\/23_09_recepc\u0327a\u0303o_estudante-19.jpg\" alt=\"\" class=\"wp-image-25772\" srcset=\"https:\/\/www.ipleiria.pt\/esadcr\/wp-content\/uploads\/sites\/17\/2023\/09\/23_09_recepc\u0327a\u0303o_estudante-19.jpg 960w, https:\/\/www.ipleiria.pt\/esadcr\/wp-content\/uploads\/sites\/17\/2023\/09\/23_09_recepc\u0327a\u0303o_estudante-19-300x200.jpg 300w, https:\/\/www.ipleiria.pt\/esadcr\/wp-content\/uploads\/sites\/17\/2023\/09\/23_09_recepc\u0327a\u0303o_estudante-19-150x100.jpg 150w, https:\/\/www.ipleiria.pt\/esadcr\/wp-content\/uploads\/sites\/17\/2023\/09\/23_09_recepc\u0327a\u0303o_estudante-19-768x512.jpg 768w, https:\/\/www.ipleiria.pt\/esadcr\/wp-content\/uploads\/sites\/17\/2023\/09\/23_09_recepc\u0327a\u0303o_estudante-19-390x260.jpg 390w, https:\/\/www.ipleiria.pt\/esadcr\/wp-content\/uploads\/sites\/17\/2023\/09\/23_09_recepc\u0327a\u0303o_estudante-19-810x540.jpg 810w, https:\/\/www.ipleiria.pt\/esadcr\/wp-content\/uploads\/sites\/17\/2023\/09\/23_09_recepc\u0327a\u0303o_estudante-19-413x275.jpg 413w, https:\/\/www.ipleiria.pt\/esadcr\/wp-content\/uploads\/sites\/17\/2023\/09\/23_09_recepc\u0327a\u0303o_estudante-19-195x130.jpg 195w\" sizes=\"(max-width: 960px) 100vw, 960px\" \/><\/figure>\n\n\n\n<figure class=\"wp-block-image size-large\"><img loading=\"lazy\" width=\"960\" height=\"640\" data-id=\"25773\"  src=\"https:\/\/www.ipleiria.pt\/esadcr\/wp-content\/uploads\/sites\/17\/2023\/09\/23_09_recepc\u0327a\u0303o_estudante-22.jpg\" alt=\"\" class=\"wp-image-25773\" srcset=\"https:\/\/www.ipleiria.pt\/esadcr\/wp-content\/uploads\/sites\/17\/2023\/09\/23_09_recepc\u0327a\u0303o_estudante-22.jpg 960w, https:\/\/www.ipleiria.pt\/esadcr\/wp-content\/uploads\/sites\/17\/2023\/09\/23_09_recepc\u0327a\u0303o_estudante-22-300x200.jpg 300w, https:\/\/www.ipleiria.pt\/esadcr\/wp-content\/uploads\/sites\/17\/2023\/09\/23_09_recepc\u0327a\u0303o_estudante-22-150x100.jpg 150w, https:\/\/www.ipleiria.pt\/esadcr\/wp-content\/uploads\/sites\/17\/2023\/09\/23_09_recepc\u0327a\u0303o_estudante-22-768x512.jpg 768w, https:\/\/www.ipleiria.pt\/esadcr\/wp-content\/uploads\/sites\/17\/2023\/09\/23_09_recepc\u0327a\u0303o_estudante-22-390x260.jpg 390w, https:\/\/www.ipleiria.pt\/esadcr\/wp-content\/uploads\/sites\/17\/2023\/09\/23_09_recepc\u0327a\u0303o_estudante-22-810x540.jpg 810w, https:\/\/www.ipleiria.pt\/esadcr\/wp-content\/uploads\/sites\/17\/2023\/09\/23_09_recepc\u0327a\u0303o_estudante-22-413x275.jpg 413w, https:\/\/www.ipleiria.pt\/esadcr\/wp-content\/uploads\/sites\/17\/2023\/09\/23_09_recepc\u0327a\u0303o_estudante-22-195x130.jpg 195w\" sizes=\"(max-width: 960px) 100vw, 960px\" \/><\/figure>\n\n\n\n<figure class=\"wp-block-image size-large\"><img loading=\"lazy\" width=\"960\" height=\"640\" data-id=\"25768\"  src=\"https:\/\/www.ipleiria.pt\/esadcr\/wp-content\/uploads\/sites\/17\/2023\/09\/23_09_recepc\u0327a\u0303o_estudante-47.jpg\" alt=\"\" class=\"wp-image-25768\" srcset=\"https:\/\/www.ipleiria.pt\/esadcr\/wp-content\/uploads\/sites\/17\/2023\/09\/23_09_recepc\u0327a\u0303o_estudante-47.jpg 960w, https:\/\/www.ipleiria.pt\/esadcr\/wp-content\/uploads\/sites\/17\/2023\/09\/23_09_recepc\u0327a\u0303o_estudante-47-300x200.jpg 300w, https:\/\/www.ipleiria.pt\/esadcr\/wp-content\/uploads\/sites\/17\/2023\/09\/23_09_recepc\u0327a\u0303o_estudante-47-150x100.jpg 150w, https:\/\/www.ipleiria.pt\/esadcr\/wp-content\/uploads\/sites\/17\/2023\/09\/23_09_recepc\u0327a\u0303o_estudante-47-768x512.jpg 768w, https:\/\/www.ipleiria.pt\/esadcr\/wp-content\/uploads\/sites\/17\/2023\/09\/23_09_recepc\u0327a\u0303o_estudante-47-390x260.jpg 390w, https:\/\/www.ipleiria.pt\/esadcr\/wp-content\/uploads\/sites\/17\/2023\/09\/23_09_recepc\u0327a\u0303o_estudante-47-810x540.jpg 810w, https:\/\/www.ipleiria.pt\/esadcr\/wp-content\/uploads\/sites\/17\/2023\/09\/23_09_recepc\u0327a\u0303o_estudante-47-413x275.jpg 413w, https:\/\/www.ipleiria.pt\/esadcr\/wp-content\/uploads\/sites\/17\/2023\/09\/23_09_recepc\u0327a\u0303o_estudante-47-195x130.jpg 195w\" sizes=\"(max-width: 960px) 100vw, 960px\" \/><\/figure>\n\n\n\n<figure class=\"wp-block-image size-large\"><img loading=\"lazy\" width=\"960\" height=\"640\" data-id=\"25761\"  src=\"https:\/\/www.ipleiria.pt\/esadcr\/wp-content\/uploads\/sites\/17\/2023\/09\/23_09_recepc\u0327a\u0303o_estudante-115.jpg\" alt=\"\" class=\"wp-image-25761\" srcset=\"https:\/\/www.ipleiria.pt\/esadcr\/wp-content\/uploads\/sites\/17\/2023\/09\/23_09_recepc\u0327a\u0303o_estudante-115.jpg 960w, https:\/\/www.ipleiria.pt\/esadcr\/wp-content\/uploads\/sites\/17\/2023\/09\/23_09_recepc\u0327a\u0303o_estudante-115-300x200.jpg 300w, https:\/\/www.ipleiria.pt\/esadcr\/wp-content\/uploads\/sites\/17\/2023\/09\/23_09_recepc\u0327a\u0303o_estudante-115-150x100.jpg 150w, https:\/\/www.ipleiria.pt\/esadcr\/wp-content\/uploads\/sites\/17\/2023\/09\/23_09_recepc\u0327a\u0303o_estudante-115-768x512.jpg 768w, https:\/\/www.ipleiria.pt\/esadcr\/wp-content\/uploads\/sites\/17\/2023\/09\/23_09_recepc\u0327a\u0303o_estudante-115-390x260.jpg 390w, https:\/\/www.ipleiria.pt\/esadcr\/wp-content\/uploads\/sites\/17\/2023\/09\/23_09_recepc\u0327a\u0303o_estudante-115-810x540.jpg 810w, https:\/\/www.ipleiria.pt\/esadcr\/wp-content\/uploads\/sites\/17\/2023\/09\/23_09_recepc\u0327a\u0303o_estudante-115-413x275.jpg 413w, https:\/\/www.ipleiria.pt\/esadcr\/wp-content\/uploads\/sites\/17\/2023\/09\/23_09_recepc\u0327a\u0303o_estudante-115-195x130.jpg 195w\" sizes=\"(max-width: 960px) 100vw, 960px\" \/><\/figure>\n\n\n\n<figure class=\"wp-block-image size-large\"><img loading=\"lazy\" width=\"960\" height=\"640\" data-id=\"25763\"  src=\"https:\/\/www.ipleiria.pt\/esadcr\/wp-content\/uploads\/sites\/17\/2023\/09\/23_09_recepc\u0327a\u0303o_estudante-97.jpg\" alt=\"\" class=\"wp-image-25763\" srcset=\"https:\/\/www.ipleiria.pt\/esadcr\/wp-content\/uploads\/sites\/17\/2023\/09\/23_09_recepc\u0327a\u0303o_estudante-97.jpg 960w, https:\/\/www.ipleiria.pt\/esadcr\/wp-content\/uploads\/sites\/17\/2023\/09\/23_09_recepc\u0327a\u0303o_estudante-97-300x200.jpg 300w, https:\/\/www.ipleiria.pt\/esadcr\/wp-content\/uploads\/sites\/17\/2023\/09\/23_09_recepc\u0327a\u0303o_estudante-97-150x100.jpg 150w, https:\/\/www.ipleiria.pt\/esadcr\/wp-content\/uploads\/sites\/17\/2023\/09\/23_09_recepc\u0327a\u0303o_estudante-97-768x512.jpg 768w, https:\/\/www.ipleiria.pt\/esadcr\/wp-content\/uploads\/sites\/17\/2023\/09\/23_09_recepc\u0327a\u0303o_estudante-97-390x260.jpg 390w, https:\/\/www.ipleiria.pt\/esadcr\/wp-content\/uploads\/sites\/17\/2023\/09\/23_09_recepc\u0327a\u0303o_estudante-97-810x540.jpg 810w, https:\/\/www.ipleiria.pt\/esadcr\/wp-content\/uploads\/sites\/17\/2023\/09\/23_09_recepc\u0327a\u0303o_estudante-97-413x275.jpg 413w, https:\/\/www.ipleiria.pt\/esadcr\/wp-content\/uploads\/sites\/17\/2023\/09\/23_09_recepc\u0327a\u0303o_estudante-97-195x130.jpg 195w\" sizes=\"(max-width: 960px) 100vw, 960px\" \/><\/figure>\n\n\n\n<figure class=\"wp-block-image size-large\"><img loading=\"lazy\" width=\"960\" height=\"640\" data-id=\"25766\"  src=\"https:\/\/www.ipleiria.pt\/esadcr\/wp-content\/uploads\/sites\/17\/2023\/09\/23_09_recepc\u0327a\u0303o_estudante-56.jpg\" alt=\"\" class=\"wp-image-25766\" srcset=\"https:\/\/www.ipleiria.pt\/esadcr\/wp-content\/uploads\/sites\/17\/2023\/09\/23_09_recepc\u0327a\u0303o_estudante-56.jpg 960w, https:\/\/www.ipleiria.pt\/esadcr\/wp-content\/uploads\/sites\/17\/2023\/09\/23_09_recepc\u0327a\u0303o_estudante-56-300x200.jpg 300w, https:\/\/www.ipleiria.pt\/esadcr\/wp-content\/uploads\/sites\/17\/2023\/09\/23_09_recepc\u0327a\u0303o_estudante-56-150x100.jpg 150w, https:\/\/www.ipleiria.pt\/esadcr\/wp-content\/uploads\/sites\/17\/2023\/09\/23_09_recepc\u0327a\u0303o_estudante-56-768x512.jpg 768w, https:\/\/www.ipleiria.pt\/esadcr\/wp-content\/uploads\/sites\/17\/2023\/09\/23_09_recepc\u0327a\u0303o_estudante-56-390x260.jpg 390w, https:\/\/www.ipleiria.pt\/esadcr\/wp-content\/uploads\/sites\/17\/2023\/09\/23_09_recepc\u0327a\u0303o_estudante-56-810x540.jpg 810w, https:\/\/www.ipleiria.pt\/esadcr\/wp-content\/uploads\/sites\/17\/2023\/09\/23_09_recepc\u0327a\u0303o_estudante-56-413x275.jpg 413w, https:\/\/www.ipleiria.pt\/esadcr\/wp-content\/uploads\/sites\/17\/2023\/09\/23_09_recepc\u0327a\u0303o_estudante-56-195x130.jpg 195w\" sizes=\"(max-width: 960px) 100vw, 960px\" \/><\/figure>\n\n\n\n<figure class=\"wp-block-image size-large\"><img loading=\"lazy\" width=\"960\" height=\"640\" data-id=\"25769\"  src=\"https:\/\/www.ipleiria.pt\/esadcr\/wp-content\/uploads\/sites\/17\/2023\/09\/23_09_recepc\u0327a\u0303o_estudante-116.jpg\" alt=\"\" class=\"wp-image-25769\" srcset=\"https:\/\/www.ipleiria.pt\/esadcr\/wp-content\/uploads\/sites\/17\/2023\/09\/23_09_recepc\u0327a\u0303o_estudante-116.jpg 960w, https:\/\/www.ipleiria.pt\/esadcr\/wp-content\/uploads\/sites\/17\/2023\/09\/23_09_recepc\u0327a\u0303o_estudante-116-300x200.jpg 300w, https:\/\/www.ipleiria.pt\/esadcr\/wp-content\/uploads\/sites\/17\/2023\/09\/23_09_recepc\u0327a\u0303o_estudante-116-150x100.jpg 150w, https:\/\/www.ipleiria.pt\/esadcr\/wp-content\/uploads\/sites\/17\/2023\/09\/23_09_recepc\u0327a\u0303o_estudante-116-768x512.jpg 768w, https:\/\/www.ipleiria.pt\/esadcr\/wp-content\/uploads\/sites\/17\/2023\/09\/23_09_recepc\u0327a\u0303o_estudante-116-390x260.jpg 390w, https:\/\/www.ipleiria.pt\/esadcr\/wp-content\/uploads\/sites\/17\/2023\/09\/23_09_recepc\u0327a\u0303o_estudante-116-810x540.jpg 810w, https:\/\/www.ipleiria.pt\/esadcr\/wp-content\/uploads\/sites\/17\/2023\/09\/23_09_recepc\u0327a\u0303o_estudante-116-413x275.jpg 413w, https:\/\/www.ipleiria.pt\/esadcr\/wp-content\/uploads\/sites\/17\/2023\/09\/23_09_recepc\u0327a\u0303o_estudante-116-195x130.jpg 195w\" sizes=\"(max-width: 960px) 100vw, 960px\" \/><\/figure>\n\n\n\n<figure class=\"wp-block-image size-large\"><img loading=\"lazy\" width=\"960\" height=\"640\" data-id=\"25764\"  src=\"https:\/\/www.ipleiria.pt\/esadcr\/wp-content\/uploads\/sites\/17\/2023\/09\/23_09_recepc\u0327a\u0303o_estudante-118.jpg\" alt=\"\" class=\"wp-image-25764\" srcset=\"https:\/\/www.ipleiria.pt\/esadcr\/wp-content\/uploads\/sites\/17\/2023\/09\/23_09_recepc\u0327a\u0303o_estudante-118.jpg 960w, https:\/\/www.ipleiria.pt\/esadcr\/wp-content\/uploads\/sites\/17\/2023\/09\/23_09_recepc\u0327a\u0303o_estudante-118-300x200.jpg 300w, https:\/\/www.ipleiria.pt\/esadcr\/wp-content\/uploads\/sites\/17\/2023\/09\/23_09_recepc\u0327a\u0303o_estudante-118-150x100.jpg 150w, https:\/\/www.ipleiria.pt\/esadcr\/wp-content\/uploads\/sites\/17\/2023\/09\/23_09_recepc\u0327a\u0303o_estudante-118-768x512.jpg 768w, https:\/\/www.ipleiria.pt\/esadcr\/wp-content\/uploads\/sites\/17\/2023\/09\/23_09_recepc\u0327a\u0303o_estudante-118-390x260.jpg 390w, https:\/\/www.ipleiria.pt\/esadcr\/wp-content\/uploads\/sites\/17\/2023\/09\/23_09_recepc\u0327a\u0303o_estudante-118-810x540.jpg 810w, https:\/\/www.ipleiria.pt\/esadcr\/wp-content\/uploads\/sites\/17\/2023\/09\/23_09_recepc\u0327a\u0303o_estudante-118-413x275.jpg 413w, https:\/\/www.ipleiria.pt\/esadcr\/wp-content\/uploads\/sites\/17\/2023\/09\/23_09_recepc\u0327a\u0303o_estudante-118-195x130.jpg 195w\" sizes=\"(max-width: 960px) 100vw, 960px\" \/><\/figure>\n\n\n\n<figure class=\"wp-block-image size-large\"><img loading=\"lazy\" width=\"960\" height=\"640\" data-id=\"25767\"  src=\"https:\/\/www.ipleiria.pt\/esadcr\/wp-content\/uploads\/sites\/17\/2023\/09\/23_09_recepc\u0327a\u0303o_visita-1.jpg\" alt=\"\" class=\"wp-image-25767\" srcset=\"https:\/\/www.ipleiria.pt\/esadcr\/wp-content\/uploads\/sites\/17\/2023\/09\/23_09_recepc\u0327a\u0303o_visita-1.jpg 960w, https:\/\/www.ipleiria.pt\/esadcr\/wp-content\/uploads\/sites\/17\/2023\/09\/23_09_recepc\u0327a\u0303o_visita-1-300x200.jpg 300w, https:\/\/www.ipleiria.pt\/esadcr\/wp-content\/uploads\/sites\/17\/2023\/09\/23_09_recepc\u0327a\u0303o_visita-1-150x100.jpg 150w, https:\/\/www.ipleiria.pt\/esadcr\/wp-content\/uploads\/sites\/17\/2023\/09\/23_09_recepc\u0327a\u0303o_visita-1-768x512.jpg 768w, https:\/\/www.ipleiria.pt\/esadcr\/wp-content\/uploads\/sites\/17\/2023\/09\/23_09_recepc\u0327a\u0303o_visita-1-390x260.jpg 390w, https:\/\/www.ipleiria.pt\/esadcr\/wp-content\/uploads\/sites\/17\/2023\/09\/23_09_recepc\u0327a\u0303o_visita-1-810x540.jpg 810w, https:\/\/www.ipleiria.pt\/esadcr\/wp-content\/uploads\/sites\/17\/2023\/09\/23_09_recepc\u0327a\u0303o_visita-1-413x275.jpg 413w, https:\/\/www.ipleiria.pt\/esadcr\/wp-content\/uploads\/sites\/17\/2023\/09\/23_09_recepc\u0327a\u0303o_visita-1-195x130.jpg 195w\" sizes=\"(max-width: 960px) 100vw, 960px\" \/><\/figure>\n\n\n\n<figure class=\"wp-block-image size-large\"><img loading=\"lazy\" width=\"960\" height=\"640\" data-id=\"25774\"  src=\"https:\/\/www.ipleiria.pt\/esadcr\/wp-content\/uploads\/sites\/17\/2023\/09\/23_09_recepc\u0327a\u0303o_visita-10.jpg\" alt=\"\" class=\"wp-image-25774\" srcset=\"https:\/\/www.ipleiria.pt\/esadcr\/wp-content\/uploads\/sites\/17\/2023\/09\/23_09_recepc\u0327a\u0303o_visita-10.jpg 960w, https:\/\/www.ipleiria.pt\/esadcr\/wp-content\/uploads\/sites\/17\/2023\/09\/23_09_recepc\u0327a\u0303o_visita-10-300x200.jpg 300w, https:\/\/www.ipleiria.pt\/esadcr\/wp-content\/uploads\/sites\/17\/2023\/09\/23_09_recepc\u0327a\u0303o_visita-10-150x100.jpg 150w, https:\/\/www.ipleiria.pt\/esadcr\/wp-content\/uploads\/sites\/17\/2023\/09\/23_09_recepc\u0327a\u0303o_visita-10-768x512.jpg 768w, https:\/\/www.ipleiria.pt\/esadcr\/wp-content\/uploads\/sites\/17\/2023\/09\/23_09_recepc\u0327a\u0303o_visita-10-390x260.jpg 390w, https:\/\/www.ipleiria.pt\/esadcr\/wp-content\/uploads\/sites\/17\/2023\/09\/23_09_recepc\u0327a\u0303o_visita-10-810x540.jpg 810w, https:\/\/www.ipleiria.pt\/esadcr\/wp-content\/uploads\/sites\/17\/2023\/09\/23_09_recepc\u0327a\u0303o_visita-10-413x275.jpg 413w, https:\/\/www.ipleiria.pt\/esadcr\/wp-content\/uploads\/sites\/17\/2023\/09\/23_09_recepc\u0327a\u0303o_visita-10-195x130.jpg 195w\" sizes=\"(max-width: 960px) 100vw, 960px\" \/><\/figure>\n\n\n\n<figure class=\"wp-block-image size-large\"><img loading=\"lazy\" width=\"960\" height=\"640\" data-id=\"25770\"  src=\"https:\/\/www.ipleiria.pt\/esadcr\/wp-content\/uploads\/sites\/17\/2023\/09\/23_09_recepc\u0327a\u0303o_visita-15.jpg\" alt=\"\" class=\"wp-image-25770\" srcset=\"https:\/\/www.ipleiria.pt\/esadcr\/wp-content\/uploads\/sites\/17\/2023\/09\/23_09_recepc\u0327a\u0303o_visita-15.jpg 960w, https:\/\/www.ipleiria.pt\/esadcr\/wp-content\/uploads\/sites\/17\/2023\/09\/23_09_recepc\u0327a\u0303o_visita-15-300x200.jpg 300w, https:\/\/www.ipleiria.pt\/esadcr\/wp-content\/uploads\/sites\/17\/2023\/09\/23_09_recepc\u0327a\u0303o_visita-15-150x100.jpg 150w, https:\/\/www.ipleiria.pt\/esadcr\/wp-content\/uploads\/sites\/17\/2023\/09\/23_09_recepc\u0327a\u0303o_visita-15-768x512.jpg 768w, https:\/\/www.ipleiria.pt\/esadcr\/wp-content\/uploads\/sites\/17\/2023\/09\/23_09_recepc\u0327a\u0303o_visita-15-390x260.jpg 390w, https:\/\/www.ipleiria.pt\/esadcr\/wp-content\/uploads\/sites\/17\/2023\/09\/23_09_recepc\u0327a\u0303o_visita-15-810x540.jpg 810w, https:\/\/www.ipleiria.pt\/esadcr\/wp-content\/uploads\/sites\/17\/2023\/09\/23_09_recepc\u0327a\u0303o_visita-15-413x275.jpg 413w, https:\/\/www.ipleiria.pt\/esadcr\/wp-content\/uploads\/sites\/17\/2023\/09\/23_09_recepc\u0327a\u0303o_visita-15-195x130.jpg 195w\" sizes=\"(max-width: 960px) 100vw, 960px\" \/><\/figure>\n\n\n\n<figure class=\"wp-block-image size-large\"><img loading=\"lazy\" width=\"960\" height=\"640\" data-id=\"25762\"  src=\"https:\/\/www.ipleiria.pt\/esadcr\/wp-content\/uploads\/sites\/17\/2023\/09\/23_09_recepc\u0327a\u0303o_visita-28.jpg\" alt=\"\" class=\"wp-image-25762\" srcset=\"https:\/\/www.ipleiria.pt\/esadcr\/wp-content\/uploads\/sites\/17\/2023\/09\/23_09_recepc\u0327a\u0303o_visita-28.jpg 960w, https:\/\/www.ipleiria.pt\/esadcr\/wp-content\/uploads\/sites\/17\/2023\/09\/23_09_recepc\u0327a\u0303o_visita-28-300x200.jpg 300w, https:\/\/www.ipleiria.pt\/esadcr\/wp-content\/uploads\/sites\/17\/2023\/09\/23_09_recepc\u0327a\u0303o_visita-28-150x100.jpg 150w, https:\/\/www.ipleiria.pt\/esadcr\/wp-content\/uploads\/sites\/17\/2023\/09\/23_09_recepc\u0327a\u0303o_visita-28-768x512.jpg 768w, https:\/\/www.ipleiria.pt\/esadcr\/wp-content\/uploads\/sites\/17\/2023\/09\/23_09_recepc\u0327a\u0303o_visita-28-390x260.jpg 390w, https:\/\/www.ipleiria.pt\/esadcr\/wp-content\/uploads\/sites\/17\/2023\/09\/23_09_recepc\u0327a\u0303o_visita-28-810x540.jpg 810w, https:\/\/www.ipleiria.pt\/esadcr\/wp-content\/uploads\/sites\/17\/2023\/09\/23_09_recepc\u0327a\u0303o_visita-28-413x275.jpg 413w, https:\/\/www.ipleiria.pt\/esadcr\/wp-content\/uploads\/sites\/17\/2023\/09\/23_09_recepc\u0327a\u0303o_visita-28-195x130.jpg 195w\" sizes=\"(max-width: 960px) 100vw, 960px\" \/><\/figure>\n\n\n\n<figure class=\"wp-block-image size-large\"><img loading=\"lazy\" width=\"960\" height=\"640\" data-id=\"25771\"  src=\"https:\/\/www.ipleiria.pt\/esadcr\/wp-content\/uploads\/sites\/17\/2023\/09\/23_09_recepc\u0327a\u0303o_visita-44.jpg\" alt=\"\" class=\"wp-image-25771\" srcset=\"https:\/\/www.ipleiria.pt\/esadcr\/wp-content\/uploads\/sites\/17\/2023\/09\/23_09_recepc\u0327a\u0303o_visita-44.jpg 960w, https:\/\/www.ipleiria.pt\/esadcr\/wp-content\/uploads\/sites\/17\/2023\/09\/23_09_recepc\u0327a\u0303o_visita-44-300x200.jpg 300w, https:\/\/www.ipleiria.pt\/esadcr\/wp-content\/uploads\/sites\/17\/2023\/09\/23_09_recepc\u0327a\u0303o_visita-44-150x100.jpg 150w, https:\/\/www.ipleiria.pt\/esadcr\/wp-content\/uploads\/sites\/17\/2023\/09\/23_09_recepc\u0327a\u0303o_visita-44-768x512.jpg 768w, https:\/\/www.ipleiria.pt\/esadcr\/wp-content\/uploads\/sites\/17\/2023\/09\/23_09_recepc\u0327a\u0303o_visita-44-390x260.jpg 390w, https:\/\/www.ipleiria.pt\/esadcr\/wp-content\/uploads\/sites\/17\/2023\/09\/23_09_recepc\u0327a\u0303o_visita-44-810x540.jpg 810w, https:\/\/www.ipleiria.pt\/esadcr\/wp-content\/uploads\/sites\/17\/2023\/09\/23_09_recepc\u0327a\u0303o_visita-44-413x275.jpg 413w, https:\/\/www.ipleiria.pt\/esadcr\/wp-content\/uploads\/sites\/17\/2023\/09\/23_09_recepc\u0327a\u0303o_visita-44-195x130.jpg 195w\" sizes=\"(max-width: 960px) 100vw, 960px\" \/><\/figure>\n<\/figure>\n\n\n\n<hr class=\"wp-block-separator has-alpha-channel-opacity\"\/>\n\n\n\n<h4>Links \u00fateis<\/h4>\n\n\n\n<p><a href=\"https:\/\/www.ipleiria.pt\/esadcr\/2023\/09\/04\/calendario-academico-2023-2024\/\" target=\"_blank\" rel=\"noreferrer noopener\">Calend\u00e1rio acad\u00e9mico 2023\/2024<\/a><\/p>\n\n\n\n<p><a href=\"https:\/\/publico.agcp.ipleiria.pt\/paginas\/default.aspx\" target=\"_blank\" rel=\"noreferrer noopener\">Hor\u00e1rios<\/a><\/p>\n\n\n\n<div class=\"wp-block-file\"><a id=\"wp-block-file--media-556e4ae8-76bf-4437-bf3a-5cb8297bd103\" href=\"https:\/\/www.ipleiria.pt\/esadcr\/wp-content\/uploads\/sites\/17\/2023\/09\/Mapa-Servic\u0327os-ESAD.CR-2023_24web.pdf\" target=\"_blank\" rel=\"noreferrer noopener\">Mapa escola &#8211;  2023\/2024<\/a><\/div>\n\n\n\n<div class=\"wp-block-file\"><a id=\"wp-block-file--media-678dc017-8ecc-411f-91fa-edfda09bb9e6\" href=\"https:\/\/www.ipleiria.pt\/esadcr\/wp-content\/uploads\/sites\/17\/2023\/09\/MAPA-Caldas-da-Rainha-23web.pdf\" target=\"_blank\" rel=\"noreferrer noopener\">Mapa &#8211; Caldas da Rainha<\/a><\/div>\n\n\n\n<p><a href=\"https:\/\/www.ipleiria.pt\/viver\/sucesso-academico\/acesso-a-plataformas\/\" target=\"_blank\" rel=\"noreferrer noopener\">Acesso a Plataformas<\/a><\/p>\n\n\n\n<p><a href=\"https:\/\/www.ipleiria.pt\/esadcr\/estudantes\/estagios\/\" target=\"_blank\" rel=\"noreferrer noopener\">Gabinete de Apoio ao Estudante, Est\u00e1gios e Projetos<\/a><\/p>\n\n\n\n<p><a href=\"https:\/\/www.ipleiria.pt\/viver\/servicos\/apoio-psicologico\/\" target=\"_blank\" rel=\"noreferrer noopener\">Apoio psicol\u00f3gico<\/a><\/p>\n\n\n\n<p><a href=\"https:\/\/www.ipleiria.pt\/viver\/provedor-do-estudante\/gabinete-do-provedor-do-estudante\/\" target=\"_blank\" rel=\"noreferrer noopener\">Provedor do estudante<\/a><\/p>\n\n\n\n<div style=\"height:30px\" aria-hidden=\"true\" class=\"wp-block-spacer\"><\/div>\n","protected":false},"excerpt":{"rendered":"Links \u00fateis Calend\u00e1rio acad\u00e9mico 2023\/2024 Hor\u00e1rios Acesso a Plataformas Gabinete de Apoio ao Estudante, Est\u00e1gios e Projetos Apoio psicol\u00f3gico Provedor do estudante","protected":false},"author":16,"featured_media":25659,"parent":0,"menu_order":0,"comment_status":"closed","ping_status":"closed","template":"","meta":{"multilingual_post_translation":"","custompostfields_banners":"25658","custompostfields_post-association_course-gallery":[]},"_links":{"self":[{"href":"https:\/\/www.ipleiria.pt\/esadcr\/wp-json\/wp\/v2\/pages\/25617"}],"collection":[{"href":"https:\/\/www.ipleiria.pt\/esadcr\/wp-json\/wp\/v2\/pages"}],"about":[{"href":"https:\/\/www.ipleiria.pt\/esadcr\/wp-json\/wp\/v2\/types\/page"}],"author":[{"embeddable":true,"href":"https:\/\/www.ipleiria.pt\/esadcr\/wp-json\/wp\/v2\/users\/16"}],"replies":[{"embeddable":true,"href":"https:\/\/www.ipleiria.pt\/esadcr\/wp-json\/wp\/v2\/comments?post=25617"}],"version-history":[{"count":15,"href":"https:\/\/www.ipleiria.pt\/esadcr\/wp-json\/wp\/v2\/pages\/25617\/revisions"}],"predecessor-version":[{"id":31083,"href":"https:\/\/www.ipleiria.pt\/esadcr\/wp-json\/wp\/v2\/pages\/25617\/revisions\/31083"}],"wp:featuredmedia":[{"embeddable":true,"href":"https:\/\/www.ipleiria.pt\/esadcr\/wp-json\/wp\/v2\/media\/25659"}],"wp:attachment":[{"href":"https:\/\/www.ipleiria.pt\/esadcr\/wp-json\/wp\/v2\/media?parent=25617"}],"curies":[{"name":"wp","href":"https:\/\/api.w.org\/{rel}","templated":true}]}}