{"id":26170,"date":"2023-11-10T12:12:08","date_gmt":"2023-11-10T12:12:08","guid":{"rendered":"https:\/\/www.ipleiria.pt\/esadcr\/?page_id=26170"},"modified":"2023-12-07T09:44:49","modified_gmt":"2023-12-07T09:44:49","slug":"eleicao-do-conselho-pedagogico-da-esad-cr-2023","status":"publish","type":"page","link":"https:\/\/www.ipleiria.pt\/esadcr\/escola\/avisos\/eleicoes\/eleicao-do-conselho-pedagogico-da-esad-cr-2023\/","title":{"rendered":"ELEI\u00c7\u00c3O DO CONSELHO PEDAG\u00d3GICO DA ESAD.CR &#8211; 2023"},"content":{"rendered":"\n<p><a href=\"https:\/\/myipleiria.sharepoint.com\/sites\/escolas\/esad\/orgaos\/proceleitorais\">Despacho n\u00ba 85\/2023 &#8211; Elei\u00e7\u00f5es Intercalares \u2013 Resultados Definitivos &#8211;  7\u00ba(s\u00e9timo) Conselho Pedag\u00f3gico<\/a><\/p>\n\n\n\n<p><a href=\"https:\/\/myipleiria.sharepoint.com\/sites\/escolas\/esad\/orgaos\/proceleitorais\">Despacho n\u00ba 73\/2023 &#8211; Elei\u00e7\u00f5es Intercalares \u2013 Resultados Provis\u00f3rios &#8211;  7\u00ba(s\u00e9timo) Conselho Pedag\u00f3gico<\/a><\/p>\n\n\n\n<p><a href=\"https:\/\/myipleiria.sharepoint.com\/sites\/escolas\/esad\/orgaos\/proceleitorais\">Despacho n\u00ba 72\/2023 &#8211; Elei\u00e7\u00f5es Intercalares \u2013 Constitui\u00e7\u00e3o das mesas de voto &#8211;  7\u00ba(s\u00e9timo) Conselho Pedag\u00f3gico<\/a><\/p>\n\n\n\n<p><a href=\"https:\/\/www.ipleiria.pt\/esadcr\/wp-content\/uploads\/sites\/17\/2023\/11\/Despacho-no-71_2023_Listas_Definitivas.pdf\">Despacho n\u00ba 71\/2023 &#8211; Elei\u00e7\u00f5es Intercalares &#8211; Listas de candidatura definitivas &#8211;  7\u00ba(s\u00e9timo) Conselho Pedag\u00f3gico<\/a><\/p>\n\n\n\n<p><a href=\"https:\/\/myipleiria.sharepoint.com\/sites\/escolas\/esad\/orgaos\/proceleitorais\">Despacho n\u00ba 70\/2023 \u2013 Listas Admitidas referentes \u00e0 elei\u00e7\u00e3o do  7\u00ba(s\u00e9timo) Conselho Pedag\u00f3gico da ESAD.CR<\/a><\/p>\n\n\n\n<p><a href=\"https:\/\/www.ipleiria.pt\/esadcr\/wp-content\/uploads\/sites\/17\/2023\/11\/Despacho-no-60_2023.pdf\">Despacho n\u00ba 60\/2023 \u2013 Elei\u00e7\u00f5es Intercalares \u2013 Cadernos Eleitorais Definitivos \u2013 7\u00ba(s\u00e9timo) Conselho Pedag\u00f3gico<\/a><\/p>\n\n\n\n<p><a rel=\"noreferrer noopener\" href=\"https:\/\/www.ipleiria.pt\/esadcr\/wp-content\/uploads\/sites\/17\/2023\/11\/despacho_no-59_2023_eleic\u0327o\u0303es-intercalares_-1.pdf\" target=\"_blank\">Despacho n.\u00ba 59\/2023 de 9\/11\/2023 &#8211; Elei\u00e7\u00f5es intercalares referentes \u00e0 elei\u00e7\u00e3o do  7\u00ba(s\u00e9timo) Conselho Pedag\u00f3gico da ESAD.CR<\/a><\/p>\n","protected":false},"excerpt":{"rendered":"Despacho n\u00ba 85\/2023 &#8211; Elei\u00e7\u00f5es Intercalares \u2013 Resultados Definitivos &#8211; 7\u00ba(s\u00e9timo) Conselho Pedag\u00f3gico Despacho n\u00ba 73\/2023 &#8211; Elei\u00e7\u00f5es Intercalares \u2013 Resultados Provis\u00f3rios &#8211; 7\u00ba(s\u00e9timo) Conselho Pedag\u00f3gico Despacho n\u00ba 72\/2023 &#8211; Elei\u00e7\u00f5es Intercalares \u2013 Constitui\u00e7\u00e3o das mesas de voto &#8211; 7\u00ba(s\u00e9timo) Conselho Pedag\u00f3gico Despacho n\u00ba 71\/2023 &#8211; Elei\u00e7\u00f5es Intercalares &#8211; Listas de candidatura definitivas &#8211; 7\u00ba(s\u00e9timo) [&hellip;]","protected":false},"author":5,"featured_media":3140,"parent":5527,"menu_order":0,"comment_status":"closed","ping_status":"closed","template":"","meta":{"multilingual_post_translation":"{\"en-GB\":{\"url\":\"\",\"postID\":null,\"postTitle\":\"\",\"siteID\":22,\"customURL\":true,\"languageInfo\":{\"multilingual_site_api_url\":\"https:\/\/www.ipleiria.pt\/esadcr-en\/wp-json\/\",\"name\":\"English\",\"locale\":\"en_GB\"}}}","custompostfields_banners":"","custompostfields_post-association_course-gallery":[]},"_links":{"self":[{"href":"https:\/\/www.ipleiria.pt\/esadcr\/wp-json\/wp\/v2\/pages\/26170"}],"collection":[{"href":"https:\/\/www.ipleiria.pt\/esadcr\/wp-json\/wp\/v2\/pages"}],"about":[{"href":"https:\/\/www.ipleiria.pt\/esadcr\/wp-json\/wp\/v2\/types\/page"}],"author":[{"embeddable":true,"href":"https:\/\/www.ipleiria.pt\/esadcr\/wp-json\/wp\/v2\/users\/5"}],"replies":[{"embeddable":true,"href":"https:\/\/www.ipleiria.pt\/esadcr\/wp-json\/wp\/v2\/comments?post=26170"}],"version-history":[{"count":9,"href":"https:\/\/www.ipleiria.pt\/esadcr\/wp-json\/wp\/v2\/pages\/26170\/revisions"}],"predecessor-version":[{"id":26794,"href":"https:\/\/www.ipleiria.pt\/esadcr\/wp-json\/wp\/v2\/pages\/26170\/revisions\/26794"}],"up":[{"embeddable":true,"href":"https:\/\/www.ipleiria.pt\/esadcr\/wp-json\/wp\/v2\/pages\/5527"}],"wp:featuredmedia":[{"embeddable":true,"href":"https:\/\/www.ipleiria.pt\/esadcr\/wp-json\/wp\/v2\/media\/3140"}],"wp:attachment":[{"href":"https:\/\/www.ipleiria.pt\/esadcr\/wp-json\/wp\/v2\/media?parent=26170"}],"curies":[{"name":"wp","href":"https:\/\/api.w.org\/{rel}","templated":true}]}}