{"id":26176,"date":"2023-11-10T12:17:21","date_gmt":"2023-11-10T12:17:21","guid":{"rendered":"https:\/\/www.ipleiria.pt\/esadcr\/?page_id=26176"},"modified":"2023-12-07T09:41:58","modified_gmt":"2023-12-07T09:41:58","slug":"eleicao-do-conselho-tecnico-cientifico-da-esad-cr-2023-2","status":"publish","type":"page","link":"https:\/\/www.ipleiria.pt\/esadcr\/escola\/avisos\/eleicoes\/eleicao-do-conselho-tecnico-cientifico-da-esad-cr-2023-2\/","title":{"rendered":"ELEI\u00c7\u00c3O DO CONSELHO TECNICO-CIENT\u00cdFICO DA ESAD.CR \u2013 2023"},"content":{"rendered":"\n<p><a href=\"https:\/\/myipleiria.sharepoint.com\/sites\/escolas\/esad\/orgaos\/proceleitorais\">Despacho n\u00ba 85\/2023 &#8211; Elei\u00e7\u00f5es Intercalares \u2013 Resultados Definitivos &#8211;  8\u00ba(oitavo) Conselho T\u00e9cnico-Cient\u00edfico <\/a><\/p>\n\n\n\n<p><a href=\"https:\/\/myipleiria.sharepoint.com\/sites\/escolas\/esad\/orgaos\/proceleitorais\">Despacho n\u00ba 73\/2023 &#8211; Elei\u00e7\u00f5es Intercalares \u2013 Resultados Provis\u00f3rios &#8211;  8\u00ba(oitavo) Conselho T\u00e9cnico-Cient\u00edfico<\/a><\/p>\n\n\n\n<p><a href=\"https:\/\/myipleiria.sharepoint.com\/sites\/escolas\/esad\/orgaos\/proceleitorais\">Despacho n\u00ba 72\/2023 &#8211; Elei\u00e7\u00f5es Intercalares \u2013 Constitui\u00e7\u00e3o das mesas de voto &#8211;  8\u00ba(oitavo) Conselho T\u00e9cnico-Cient\u00edfico <\/a><\/p>\n\n\n\n<p><a href=\"https:\/\/www.ipleiria.pt\/esadcr\/wp-content\/uploads\/sites\/17\/2023\/11\/Despacho-no-71_2023_Listas_Definitivas.pdf\">Despacho n\u00ba 71\/2023 &#8211; Elei\u00e7\u00f5es Intercalares &#8211; Listas de candidatura definitivas &#8211;  8\u00ba(oitavo) Conselho T\u00e9cnico-Cient\u00edfico<\/a><\/p>\n\n\n\n<p><a href=\"https:\/\/myipleiria.sharepoint.com\/sites\/escolas\/esad\/orgaos\/proceleitorais\" target=\"_blank\" rel=\"noreferrer noopener\">Despacho n\u00ba 70\/2023 \u2013 Listas Admitidas referentes \u00e0 elei\u00e7\u00e3o do 8.\u00ba(oitavo) Conselho T\u00e9cnico-Cient\u00edfico da ESAD.CR <\/a><\/p>\n\n\n\n<p><a href=\"https:\/\/www.ipleiria.pt\/esadcr\/wp-content\/uploads\/sites\/17\/2023\/11\/Despacho-no-60_2023.pdf\">Despacho n\u00ba 60\/2023 \u2013 Elei\u00e7\u00f5es Intercalares \u2013 Cadernos Eleitorais Definitivos \u2013  8\u00ba(oitavo Conselho T\u00e9cnico-Cient\u00edfico <\/a><\/p>\n\n\n\n<p><a rel=\"noreferrer noopener\" href=\"https:\/\/www.ipleiria.pt\/esadcr\/wp-content\/uploads\/sites\/17\/2023\/11\/despacho_no-59_2023_eleic\u0327o\u0303es-intercalares_-1.pdf\" target=\"_blank\">Despacho n.\u00ba 59\/2023 de 9\/11\/2023 &#8211; Elei\u00e7\u00f5es intercalares referentes \u00e0 elei\u00e7\u00e3o do 8.\u00ba(oitavo) Conselho T\u00e9cnico-Cient\u00edfico da ESAD.CR <\/a><\/p>\n","protected":false},"excerpt":{"rendered":"Despacho n\u00ba 85\/2023 &#8211; Elei\u00e7\u00f5es Intercalares \u2013 Resultados Definitivos &#8211; 8\u00ba(oitavo) Conselho T\u00e9cnico-Cient\u00edfico Despacho n\u00ba 73\/2023 &#8211; Elei\u00e7\u00f5es Intercalares \u2013 Resultados Provis\u00f3rios &#8211; 8\u00ba(oitavo) Conselho T\u00e9cnico-Cient\u00edfico Despacho n\u00ba 72\/2023 &#8211; Elei\u00e7\u00f5es Intercalares \u2013 Constitui\u00e7\u00e3o das mesas de voto &#8211; 8\u00ba(oitavo) Conselho T\u00e9cnico-Cient\u00edfico Despacho n\u00ba 71\/2023 &#8211; Elei\u00e7\u00f5es Intercalares &#8211; Listas de candidatura definitivas &#8211; 8\u00ba(oitavo) [&hellip;]","protected":false},"author":5,"featured_media":3140,"parent":5527,"menu_order":0,"comment_status":"closed","ping_status":"closed","template":"","meta":{"multilingual_post_translation":"","custompostfields_banners":"","custompostfields_post-association_course-gallery":[]},"_links":{"self":[{"href":"https:\/\/www.ipleiria.pt\/esadcr\/wp-json\/wp\/v2\/pages\/26176"}],"collection":[{"href":"https:\/\/www.ipleiria.pt\/esadcr\/wp-json\/wp\/v2\/pages"}],"about":[{"href":"https:\/\/www.ipleiria.pt\/esadcr\/wp-json\/wp\/v2\/types\/page"}],"author":[{"embeddable":true,"href":"https:\/\/www.ipleiria.pt\/esadcr\/wp-json\/wp\/v2\/users\/5"}],"replies":[{"embeddable":true,"href":"https:\/\/www.ipleiria.pt\/esadcr\/wp-json\/wp\/v2\/comments?post=26176"}],"version-history":[{"count":9,"href":"https:\/\/www.ipleiria.pt\/esadcr\/wp-json\/wp\/v2\/pages\/26176\/revisions"}],"predecessor-version":[{"id":26792,"href":"https:\/\/www.ipleiria.pt\/esadcr\/wp-json\/wp\/v2\/pages\/26176\/revisions\/26792"}],"up":[{"embeddable":true,"href":"https:\/\/www.ipleiria.pt\/esadcr\/wp-json\/wp\/v2\/pages\/5527"}],"wp:featuredmedia":[{"embeddable":true,"href":"https:\/\/www.ipleiria.pt\/esadcr\/wp-json\/wp\/v2\/media\/3140"}],"wp:attachment":[{"href":"https:\/\/www.ipleiria.pt\/esadcr\/wp-json\/wp\/v2\/media?parent=26176"}],"curies":[{"name":"wp","href":"https:\/\/api.w.org\/{rel}","templated":true}]}}