{"id":27125,"date":"2024-01-04T17:57:37","date_gmt":"2024-01-04T17:57:37","guid":{"rendered":"https:\/\/www.ipleiria.pt\/esadcr\/?page_id=27125"},"modified":"2024-05-08T14:02:41","modified_gmt":"2024-05-08T14:02:41","slug":"eleicao-do-estudante-delegado-de-curso-2024","status":"publish","type":"page","link":"https:\/\/www.ipleiria.pt\/esadcr\/escola\/avisos\/eleicoes\/eleicao-do-estudante-delegado-de-curso-2024\/","title":{"rendered":"ELEI\u00c7\u00c3O DO ESTUDANTE DELEGADO DE CURSO \u2013 2024"},"content":{"rendered":"\n<p><a href=\"https:\/\/myipleiria.sharepoint.com\/sites\/escolas\/esad\/documentos\/Forms\/AllItems.aspx\">Despacho n.\u00ba 32\/2024 Elei\u00e7\u00e3o do\/a Estudante Delegado\/a de curso &#8211; Resultados definitivos \u2013 ato eleitoral de 30\/04\/2024<\/a><\/p>\n\n\n\n<p><a href=\"https:\/\/myipleiria.sharepoint.com\/sites\/escolas\/esad\/documentos\/Forms\/AllItems.aspx\">Despacho n\u00ba 29\/2024 &#8211; Elei\u00e7\u00e3o do\/a Estudante Delegado\/a de Curso &#8211; Resultados Provis\u00f3rios &#8211; ato eleitoral de 30-04-2024<\/a><\/p>\n\n\n\n<p><a href=\"https:\/\/myipleiria.sharepoint.com\/sites\/escolas\/esad\/documentos\/Forms\/AllItems.aspx\">Despacho n.\u00ba 28\/2024 &#8211; Elei\u00e7\u00e3o do\/a Estudante Delegado\/a de curso &#8211; Resultados definitivos \u2013 ato eleitoral de 23-04-2024<\/a><\/p>\n\n\n\n<p><a href=\"https:\/\/myipleiria.sharepoint.com\/sites\/escolas\/esad\/documentos\/Forms\/AllItems.aspx?xsdata=MDV8MDJ8c2l0ZS5lc2FkQGlwbGVpcmlhLnB0fDdjOWNlOTMyMjRkYTQwZTk4N2M5MDhkYzY1ZjVmMGYxfDUzNmI4NWFkYTQ0ODQxODZhOWFmZTNjY2FkMzMwMmM1fDB8MHw2Mzg0OTczNTQxOTUxMTM4MzR8VW5rbm93bnxUV0ZwYkdac2IzZDhleUpXSWpvaU1DNHdMakF3TURBaUxDSlFJam9pVjJsdU16SWlMQ0pCVGlJNklrMWhhV3dpTENKWFZDSTZNbjA9fDB8fHw%3d&amp;sdata=RklCZlV2S1gvSHBuRTJUTjQzR1VSbHE1UzNidTRpUVRCdFBxcW56TS9VYz0%3d\" target=\"_blank\" rel=\"noreferrer noopener\">Despacho n.\u00ba 25\/2024 &#8211; Elei\u00e7\u00e3o do\/a Estudante Delegado\/a de Curso \u2013 Resultados Provis\u00f3rios \u2013 Ato Eleitoral de 23-04-2024<\/a><\/p>\n\n\n\n<p><a href=\"https:\/\/myipleiria.sharepoint.com\/sites\/escolas\/esad\/documentos\/Forms\/AllItems.aspx\">Despacho n.\u00ba 23\/2024  &#8211; Elei\u00e7\u00e3o do\/a Estudante Delegado\/a de curso &#8211; Cadernos eleitorais definitivos<\/a><\/p>\n\n\n\n<p><a href=\"https:\/\/www.ipleiria.pt\/esadcr\/wp-content\/uploads\/sites\/17\/2024\/04\/Despacho-n.o-21_2024-Eleic\u0327a\u0303o-doa-Estudante-Delegadoa-de-Curso.pdf\">Despacho n.\u00ba 21\/2024 \u2013 Elei\u00e7\u00e3o do Estudante Delegado de Curso<\/a><\/p>\n\n\n\n<p><a href=\"https:\/\/myipleiria.sharepoint.com\/sites\/escolas\/esad\/documentos\/Forms\/AllItems.aspx\">Despacho n\u00ba 15\/2024 &#8211; Elei\u00e7\u00e3o do\/a Estudante Delegado\/a de Curso &#8211; Resultados Definitivos &#8211; ato eleitoral de 25-01-2024<\/a><\/p>\n\n\n\n<p><a href=\"https:\/\/myipleiria.sharepoint.com\/sites\/escolas\/esad\/documentos\/Forms\/AllItems.aspx\">Despacho n\u00ba 13\/2024 &#8211; Elei\u00e7\u00e3o do Estudante Delegado de Curso &#8211; Resultados Provis\u00f3rios &#8211; ato eleitoral de 25-01-2024<\/a><\/p>\n\n\n\n<p><a href=\"https:\/\/myipleiria.sharepoint.com\/sites\/escolas\/esad\/documentos\/Forms\/AllItems.aspx\" target=\"_blank\" rel=\"noreferrer noopener\">Despacho n.\u00ba 12\/2024 \u2013 Elei\u00e7\u00e3o do\/a Delegado de Curso \u2013 Resultados Definitivos &#8211; Ato Eleitoral de 18-01-2024<\/a><\/p>\n\n\n\n<p><a href=\"https:\/\/myipleiria.sharepoint.com\/sites\/escolas\/esad\/documentos\/Forms\/AllItems.aspx\">Despacho n.\u00ba 11\/2024 \u2013 Elei\u00e7\u00e3o do\/a Delegado de Curso \u2013 Resultados Provis\u00f3rios<\/a><\/p>\n\n\n\n<p><a href=\"https:\/\/myipleiria.sharepoint.com\/sites\/escolas\/esad\/documentos\/Forms\/AllItems.aspx\">Despacho n.\u00ba 10\/2024 Elei\u00e7\u00e3o Delegados de Curso &#8211; Cadernos Eleitorais Definitivos &#8211; Retifica\u00e7\u00e3o<\/a><\/p>\n\n\n\n<p><a href=\"https:\/\/myipleiria.sharepoint.com\/sites\/escolas\/esad\/documentos\/Forms\/AllItems.aspx\">Despacho n.\u00ba 9\/2024 Elei\u00e7\u00e3o Delegados de Curso &#8211; Cadernos Eleitorais Definitivos<\/a><\/p>\n\n\n\n<p><a href=\"https:\/\/www.ipleiria.pt\/esadcr\/wp-content\/uploads\/sites\/17\/2024\/01\/Despacho-n.o-7_2024-Eleic\u0327a\u0303o-Delegados-de-Curso.pdf\">Despacho n.\u00ba 7\/2024 \u2013 Elei\u00e7\u00e3o do Estudante Delegado de Curso<\/a><\/p>\n\n\n\n<p><a href=\"https:\/\/myipleiria.sharepoint.com\/sites\/escolas\/esad\/documentos\/Forms\/AllItems.aspx\" target=\"_blank\" rel=\"noreferrer noopener\">Para consultar os cadernos eleitorais clique aqui<\/a><\/p>\n","protected":false},"excerpt":{"rendered":"Despacho n.\u00ba 32\/2024 Elei\u00e7\u00e3o do\/a Estudante Delegado\/a de curso &#8211; Resultados definitivos \u2013 ato eleitoral de 30\/04\/2024 Despacho n\u00ba 29\/2024 &#8211; Elei\u00e7\u00e3o do\/a Estudante Delegado\/a de Curso &#8211; Resultados Provis\u00f3rios &#8211; ato eleitoral de 30-04-2024 Despacho n.\u00ba 28\/2024 &#8211; Elei\u00e7\u00e3o do\/a Estudante Delegado\/a de curso &#8211; Resultados definitivos \u2013 ato eleitoral de 23-04-2024 Despacho n.\u00ba [&hellip;]","protected":false},"author":5,"featured_media":3140,"parent":5527,"menu_order":0,"comment_status":"closed","ping_status":"closed","template":"","meta":{"multilingual_post_translation":"","custompostfields_banners":"","custompostfields_post-association_course-gallery":[]},"_links":{"self":[{"href":"https:\/\/www.ipleiria.pt\/esadcr\/wp-json\/wp\/v2\/pages\/27125"}],"collection":[{"href":"https:\/\/www.ipleiria.pt\/esadcr\/wp-json\/wp\/v2\/pages"}],"about":[{"href":"https:\/\/www.ipleiria.pt\/esadcr\/wp-json\/wp\/v2\/types\/page"}],"author":[{"embeddable":true,"href":"https:\/\/www.ipleiria.pt\/esadcr\/wp-json\/wp\/v2\/users\/5"}],"replies":[{"embeddable":true,"href":"https:\/\/www.ipleiria.pt\/esadcr\/wp-json\/wp\/v2\/comments?post=27125"}],"version-history":[{"count":13,"href":"https:\/\/www.ipleiria.pt\/esadcr\/wp-json\/wp\/v2\/pages\/27125\/revisions"}],"predecessor-version":[{"id":29425,"href":"https:\/\/www.ipleiria.pt\/esadcr\/wp-json\/wp\/v2\/pages\/27125\/revisions\/29425"}],"up":[{"embeddable":true,"href":"https:\/\/www.ipleiria.pt\/esadcr\/wp-json\/wp\/v2\/pages\/5527"}],"wp:featuredmedia":[{"embeddable":true,"href":"https:\/\/www.ipleiria.pt\/esadcr\/wp-json\/wp\/v2\/media\/3140"}],"wp:attachment":[{"href":"https:\/\/www.ipleiria.pt\/esadcr\/wp-json\/wp\/v2\/media?parent=27125"}],"curies":[{"name":"wp","href":"https:\/\/api.w.org\/{rel}","templated":true}]}}