{"id":31053,"date":"2024-08-28T16:10:57","date_gmt":"2024-08-28T16:10:57","guid":{"rendered":"https:\/\/www.ipleiria.pt\/esadcr\/?page_id=31053"},"modified":"2024-09-04T09:01:31","modified_gmt":"2024-09-04T09:01:31","slug":"bem-vindo-a-esad-cr-24-25","status":"publish","type":"page","link":"https:\/\/www.ipleiria.pt\/esadcr\/bem-vindo-a-esad-cr-24-25\/","title":{"rendered":"Bem-vindo \u00e0 ESAD.CR 24\/25"},"content":{"rendered":"<div class=\"wp-block-image\">\n<figure class=\"aligncenter size-large\"><img loading=\"lazy\" width=\"1415\" height=\"1415\" src=\"https:\/\/www.ipleiria.pt\/esadcr\/wp-content\/uploads\/sites\/17\/2024\/09\/novo-aluno-2425_DESIGN-DIVULG2_bv-1415x1415.jpg\" alt=\"\" class=\"wp-image-31077\" srcset=\"https:\/\/www.ipleiria.pt\/esadcr\/wp-content\/uploads\/sites\/17\/2024\/09\/novo-aluno-2425_DESIGN-DIVULG2_bv-1415x1415.jpg 1415w, https:\/\/www.ipleiria.pt\/esadcr\/wp-content\/uploads\/sites\/17\/2024\/09\/novo-aluno-2425_DESIGN-DIVULG2_bv-300x300.jpg 300w, https:\/\/www.ipleiria.pt\/esadcr\/wp-content\/uploads\/sites\/17\/2024\/09\/novo-aluno-2425_DESIGN-DIVULG2_bv-150x150.jpg 150w, https:\/\/www.ipleiria.pt\/esadcr\/wp-content\/uploads\/sites\/17\/2024\/09\/novo-aluno-2425_DESIGN-DIVULG2_bv-768x768.jpg 768w, https:\/\/www.ipleiria.pt\/esadcr\/wp-content\/uploads\/sites\/17\/2024\/09\/novo-aluno-2425_DESIGN-DIVULG2_bv-1536x1536.jpg 1536w, https:\/\/www.ipleiria.pt\/esadcr\/wp-content\/uploads\/sites\/17\/2024\/09\/novo-aluno-2425_DESIGN-DIVULG2_bv-390x390.jpg 390w, https:\/\/www.ipleiria.pt\/esadcr\/wp-content\/uploads\/sites\/17\/2024\/09\/novo-aluno-2425_DESIGN-DIVULG2_bv-540x540.jpg 540w, https:\/\/www.ipleiria.pt\/esadcr\/wp-content\/uploads\/sites\/17\/2024\/09\/novo-aluno-2425_DESIGN-DIVULG2_bv-275x275.jpg 275w, https:\/\/www.ipleiria.pt\/esadcr\/wp-content\/uploads\/sites\/17\/2024\/09\/novo-aluno-2425_DESIGN-DIVULG2_bv-195x195.jpg 195w, https:\/\/www.ipleiria.pt\/esadcr\/wp-content\/uploads\/sites\/17\/2024\/09\/novo-aluno-2425_DESIGN-DIVULG2_bv.jpg 1920w\" sizes=\"(max-width: 1415px) 100vw, 1415px\" \/><\/figure><\/div>\n\n<div class=\"wp-block-image\">\n<figure class=\"aligncenter size-large\"><img loading=\"lazy\" width=\"1415\" height=\"1415\" src=\"https:\/\/www.ipleiria.pt\/esadcr\/wp-content\/uploads\/sites\/17\/2024\/09\/novo-aluno-2425_DESIGN-DIVULPrograma_site_pt-1-1415x1415.jpg\" alt=\"\" class=\"wp-image-31100\" srcset=\"https:\/\/www.ipleiria.pt\/esadcr\/wp-content\/uploads\/sites\/17\/2024\/09\/novo-aluno-2425_DESIGN-DIVULPrograma_site_pt-1-1415x1415.jpg 1415w, https:\/\/www.ipleiria.pt\/esadcr\/wp-content\/uploads\/sites\/17\/2024\/09\/novo-aluno-2425_DESIGN-DIVULPrograma_site_pt-1-300x300.jpg 300w, https:\/\/www.ipleiria.pt\/esadcr\/wp-content\/uploads\/sites\/17\/2024\/09\/novo-aluno-2425_DESIGN-DIVULPrograma_site_pt-1-150x150.jpg 150w, https:\/\/www.ipleiria.pt\/esadcr\/wp-content\/uploads\/sites\/17\/2024\/09\/novo-aluno-2425_DESIGN-DIVULPrograma_site_pt-1-768x768.jpg 768w, https:\/\/www.ipleiria.pt\/esadcr\/wp-content\/uploads\/sites\/17\/2024\/09\/novo-aluno-2425_DESIGN-DIVULPrograma_site_pt-1-1536x1536.jpg 1536w, https:\/\/www.ipleiria.pt\/esadcr\/wp-content\/uploads\/sites\/17\/2024\/09\/novo-aluno-2425_DESIGN-DIVULPrograma_site_pt-1-390x390.jpg 390w, https:\/\/www.ipleiria.pt\/esadcr\/wp-content\/uploads\/sites\/17\/2024\/09\/novo-aluno-2425_DESIGN-DIVULPrograma_site_pt-1-540x540.jpg 540w, https:\/\/www.ipleiria.pt\/esadcr\/wp-content\/uploads\/sites\/17\/2024\/09\/novo-aluno-2425_DESIGN-DIVULPrograma_site_pt-1-275x275.jpg 275w, https:\/\/www.ipleiria.pt\/esadcr\/wp-content\/uploads\/sites\/17\/2024\/09\/novo-aluno-2425_DESIGN-DIVULPrograma_site_pt-1-195x195.jpg 195w, https:\/\/www.ipleiria.pt\/esadcr\/wp-content\/uploads\/sites\/17\/2024\/09\/novo-aluno-2425_DESIGN-DIVULPrograma_site_pt-1.jpg 1920w\" sizes=\"(max-width: 1415px) 100vw, 1415px\" \/><\/figure><\/div>\n\n<div class=\"wp-block-image\">\n<figure class=\"aligncenter size-large\"><img loading=\"lazy\" width=\"1415\" height=\"1415\" src=\"https:\/\/www.ipleiria.pt\/esadcr\/wp-content\/uploads\/sites\/17\/2024\/09\/novo-aluno-2425_DESIGN-DIVULFestasite-1415x1415.jpg\" alt=\"\" class=\"wp-image-31080\" srcset=\"https:\/\/www.ipleiria.pt\/esadcr\/wp-content\/uploads\/sites\/17\/2024\/09\/novo-aluno-2425_DESIGN-DIVULFestasite-1415x1415.jpg 1415w, https:\/\/www.ipleiria.pt\/esadcr\/wp-content\/uploads\/sites\/17\/2024\/09\/novo-aluno-2425_DESIGN-DIVULFestasite-300x300.jpg 300w, https:\/\/www.ipleiria.pt\/esadcr\/wp-content\/uploads\/sites\/17\/2024\/09\/novo-aluno-2425_DESIGN-DIVULFestasite-150x150.jpg 150w, https:\/\/www.ipleiria.pt\/esadcr\/wp-content\/uploads\/sites\/17\/2024\/09\/novo-aluno-2425_DESIGN-DIVULFestasite-768x768.jpg 768w, https:\/\/www.ipleiria.pt\/esadcr\/wp-content\/uploads\/sites\/17\/2024\/09\/novo-aluno-2425_DESIGN-DIVULFestasite-1536x1536.jpg 1536w, https:\/\/www.ipleiria.pt\/esadcr\/wp-content\/uploads\/sites\/17\/2024\/09\/novo-aluno-2425_DESIGN-DIVULFestasite-390x390.jpg 390w, https:\/\/www.ipleiria.pt\/esadcr\/wp-content\/uploads\/sites\/17\/2024\/09\/novo-aluno-2425_DESIGN-DIVULFestasite-540x540.jpg 540w, https:\/\/www.ipleiria.pt\/esadcr\/wp-content\/uploads\/sites\/17\/2024\/09\/novo-aluno-2425_DESIGN-DIVULFestasite-275x275.jpg 275w, https:\/\/www.ipleiria.pt\/esadcr\/wp-content\/uploads\/sites\/17\/2024\/09\/novo-aluno-2425_DESIGN-DIVULFestasite-195x195.jpg 195w, https:\/\/www.ipleiria.pt\/esadcr\/wp-content\/uploads\/sites\/17\/2024\/09\/novo-aluno-2425_DESIGN-DIVULFestasite.jpg 1920w\" sizes=\"(max-width: 1415px) 100vw, 1415px\" \/><\/figure><\/div>\n\n\n<hr class=\"wp-block-separator has-alpha-channel-opacity\"\/>\n\n\n\n<h4>Links \u00fateis<\/h4>\n\n\n\n<p><a rel=\"noreferrer noopener\" href=\"https:\/\/www.ipleiria.pt\/esadcr\/2023\/09\/04\/calendario-academico-2023-2024\/\" target=\"_blank\">Calend\u00e1rio acad\u00e9mico 2024\/2025<\/a><\/p>\n\n\n\n<p><a href=\"https:\/\/publico.agcp.ipleiria.pt\/paginas\/default.aspx\" target=\"_blank\" rel=\"noreferrer noopener\">Hor\u00e1rios<\/a><\/p>\n\n\n\n<div class=\"wp-block-file\"><a id=\"wp-block-file--media-556e4ae8-76bf-4437-bf3a-5cb8297bd103\" href=\"https:\/\/www.ipleiria.pt\/esadcr\/wp-content\/uploads\/sites\/17\/2024\/09\/Mapa-Servic\u0327os-ESAD.CR-2024_25web.pdf\" target=\"_blank\" rel=\"noreferrer noopener\">Mapa Escola -2024\/2025<\/a><\/div>\n\n\n\n<div class=\"wp-block-file\"><a id=\"wp-block-file--media-678dc017-8ecc-411f-91fa-edfda09bb9e6\" href=\"https:\/\/www.ipleiria.pt\/esadcr\/wp-content\/uploads\/sites\/17\/2024\/09\/MAPA-C-EDIFICIOS2425ESADCRWeb.pdf\" target=\"_blank\" rel=\"noreferrer noopener\">Mapa  &#8211; Caldas da Rainha<\/a><\/div>\n\n\n\n<p><a href=\"https:\/\/www.ipleiria.pt\/viver\/sucesso-academico\/acesso-a-plataformas\/\" target=\"_blank\" rel=\"noreferrer noopener\">Acesso a Plataformas<\/a><\/p>\n\n\n\n<p><a href=\"https:\/\/www.ipleiria.pt\/esadcr\/estudantes\/estagios\/\" target=\"_blank\" rel=\"noreferrer noopener\">Gabinete de Apoio ao Estudante, Est\u00e1gios e Projetos<\/a><\/p>\n\n\n\n<p><a href=\"https:\/\/www.ipleiria.pt\/viver\/servicos\/apoio-estudante\/\" target=\"_blank\" rel=\"noreferrer noopener\">Apoio psicol\u00f3gico<\/a><\/p>\n\n\n\n<p><a rel=\"noreferrer noopener\" href=\"https:\/\/www.ipleiria.pt\/viver\/provedor-do-estudante\/gabinete-do-provedor-do-estudante\/\" target=\"_blank\">Provedor do estudante<\/a><\/p>\n\n\n\n<div style=\"height:50px\" aria-hidden=\"true\" class=\"wp-block-spacer\"><\/div>\n","protected":false},"excerpt":{"rendered":"Links \u00fateis Calend\u00e1rio acad\u00e9mico 2024\/2025 Hor\u00e1rios Acesso a Plataformas Gabinete de Apoio ao Estudante, Est\u00e1gios e Projetos Apoio psicol\u00f3gico Provedor do estudante","protected":false},"author":5,"featured_media":0,"parent":0,"menu_order":0,"comment_status":"closed","ping_status":"closed","template":"","meta":{"multilingual_post_translation":"{\"en-GB\":{\"url\":\"https:\/\/www.ipleiria.pt\/esadcr-en\/2024\/09\/04\/welcome-to-esad-cr-24-25\/\",\"postID\":null,\"postTitle\":\"\",\"siteID\":22,\"customURL\":true,\"languageInfo\":{\"multilingual_site_api_url\":\"https:\/\/www.ipleiria.pt\/esadcr-en\/wp-json\/\",\"name\":\"English\",\"locale\":\"en_GB\"}}}","custompostfields_banners":"31076","custompostfields_post-association_course-gallery":[]},"_links":{"self":[{"href":"https:\/\/www.ipleiria.pt\/esadcr\/wp-json\/wp\/v2\/pages\/31053"}],"collection":[{"href":"https:\/\/www.ipleiria.pt\/esadcr\/wp-json\/wp\/v2\/pages"}],"about":[{"href":"https:\/\/www.ipleiria.pt\/esadcr\/wp-json\/wp\/v2\/types\/page"}],"author":[{"embeddable":true,"href":"https:\/\/www.ipleiria.pt\/esadcr\/wp-json\/wp\/v2\/users\/5"}],"replies":[{"embeddable":true,"href":"https:\/\/www.ipleiria.pt\/esadcr\/wp-json\/wp\/v2\/comments?post=31053"}],"version-history":[{"count":10,"href":"https:\/\/www.ipleiria.pt\/esadcr\/wp-json\/wp\/v2\/pages\/31053\/revisions"}],"predecessor-version":[{"id":31102,"href":"https:\/\/www.ipleiria.pt\/esadcr\/wp-json\/wp\/v2\/pages\/31053\/revisions\/31102"}],"wp:attachment":[{"href":"https:\/\/www.ipleiria.pt\/esadcr\/wp-json\/wp\/v2\/media?parent=31053"}],"curies":[{"name":"wp","href":"https:\/\/api.w.org\/{rel}","templated":true}]}}