{"id":5373,"date":"2019-11-05T09:54:18","date_gmt":"2019-11-05T09:54:18","guid":{"rendered":"https:\/\/www.ipleiria.pt\/esadcr\/?page_id=5373"},"modified":"2021-11-02T09:39:22","modified_gmt":"2021-11-02T09:39:22","slug":"mobilidade-de-estudos","status":"publish","type":"page","link":"https:\/\/www.ipleiria.pt\/esadcr\/internacional\/mobilidade-de-estudos\/","title":{"rendered":"Mobilidade de Estudos"},"content":{"rendered":"\n<div style=\"height:20px\" aria-hidden=\"true\" class=\"wp-block-spacer\"><\/div>\n\n\n\n<ul class=\"page_for_courses courses\">\n<!--<li class=\"course\">\n        <a class=\"entry-link\" href=\"https:\/\/www.ipleiria.pt\/esadcr\/?p=10310\" target=\"_blank\" rel=\"noopener noreferrer\">\n            <span class=\"block entry-thumbnail-wrapper\" rel=\"noopener noreferrer\"><figure><img class=\"block entry-thumbnail\" alt=\"\" src=\"https:\/\/www.ipleiria.pt\/esadcr\/wp-content\/uploads\/sites\/17\/2021\/01\/banner_erasmus.jpg\"><\/figure><\/span>\n            <span class=\"d-flex justify-content-center align-items-center entry-title-wrapper\">\n                <span class=\"block entry-title\">CANDIDATURAS ERASMUS+<\/span>\n        <\/span><\/a>\n<\/li>-->\n<li class=\"course\">\n        <a class=\"entry-link\" href=\"https:\/\/www.ipleiria.pt\/viver\/mobilidade-internacional\/estudos\/\" target=\"_blank\" rel=\"bookmark noopener noreferrer\">\n            <span class=\"block entry-thumbnail-wrapper\"><figure><img class=\"block entry-thumbnail\" alt=\"\" src=\"https:\/\/www.ipleiria.pt\/esadcr\/wp-content\/uploads\/sites\/17\/2019\/10\/mobilidade_estudos.jpg\"><\/figure><\/span>\n            <span class=\"d-flex justify-content-center align-items-center entry-title-wrapper\">\n                <span class=\"block entry-title\">Mobilidade de Estudos<\/span>\n            <\/span>\n        <\/a> \n <\/li><li class=\"course\">\n        <a class=\"entry-link\" href=\"https:\/\/www.ipleiria.pt\/esadcr\/citerios-de-seriacao-erasmus\/\" target=\"_blank\" rel=\"noopener noreferrer\">\n            <span class=\"block entry-thumbnail-wrapper\" rel=\"noopener noreferrer\"><figure><img class=\"block entry-thumbnail\" alt=\"\" src=\"https:\/\/www.ipleiria.pt\/esadcr\/wp-content\/uploads\/sites\/17\/2019\/11\/EDL_20190912_00958.jpg\"><\/figure><\/span>\n            <span class=\"d-flex justify-content-center align-items-center entry-title-wrapper\">\n                <span class=\"block entry-title\">Crit\u00e9rios de Seria\u00e7\u00e3o ERASMUS+<\/span>\n            <\/span>\n        <\/a><\/li>\n<\/ul>\n","protected":false},"excerpt":{"rendered":"Mobilidade de Estudos Crit\u00e9rios de Seria\u00e7\u00e3o ERASMUS+","protected":false},"author":14,"featured_media":4810,"parent":1434,"menu_order":0,"comment_status":"closed","ping_status":"closed","template":"","meta":{"multilingual_post_translation":"{\"en-GB\":{\"url\":\"\",\"postID\":null,\"postTitle\":\"\",\"siteID\":22,\"customURL\":true,\"languageInfo\":{\"multilingual_site_api_url\":\"https:\/\/www.ipleiria.pt\/esadcr-en\/wp-json\/\",\"name\":\"English\",\"locale\":\"en_GB\"}}}","custompostfields_banners":"","custompostfields_post-association_course-gallery":[]},"_links":{"self":[{"href":"https:\/\/www.ipleiria.pt\/esadcr\/wp-json\/wp\/v2\/pages\/5373"}],"collection":[{"href":"https:\/\/www.ipleiria.pt\/esadcr\/wp-json\/wp\/v2\/pages"}],"about":[{"href":"https:\/\/www.ipleiria.pt\/esadcr\/wp-json\/wp\/v2\/types\/page"}],"author":[{"embeddable":true,"href":"https:\/\/www.ipleiria.pt\/esadcr\/wp-json\/wp\/v2\/users\/14"}],"replies":[{"embeddable":true,"href":"https:\/\/www.ipleiria.pt\/esadcr\/wp-json\/wp\/v2\/comments?post=5373"}],"version-history":[{"count":12,"href":"https:\/\/www.ipleiria.pt\/esadcr\/wp-json\/wp\/v2\/pages\/5373\/revisions"}],"predecessor-version":[{"id":13580,"href":"https:\/\/www.ipleiria.pt\/esadcr\/wp-json\/wp\/v2\/pages\/5373\/revisions\/13580"}],"up":[{"embeddable":true,"href":"https:\/\/www.ipleiria.pt\/esadcr\/wp-json\/wp\/v2\/pages\/1434"}],"wp:featuredmedia":[{"embeddable":true,"href":"https:\/\/www.ipleiria.pt\/esadcr\/wp-json\/wp\/v2\/media\/4810"}],"wp:attachment":[{"href":"https:\/\/www.ipleiria.pt\/esadcr\/wp-json\/wp\/v2\/media?parent=5373"}],"curies":[{"name":"wp","href":"https:\/\/api.w.org\/{rel}","templated":true}]}}