{"id":5527,"date":"2019-11-13T15:06:03","date_gmt":"2019-11-13T15:06:03","guid":{"rendered":"https:\/\/www.ipleiria.pt\/esadcr\/?page_id=5527"},"modified":"2025-11-25T09:22:28","modified_gmt":"2025-11-25T09:22:28","slug":"eleicoes","status":"publish","type":"page","link":"https:\/\/www.ipleiria.pt\/esadcr\/escola\/avisos\/eleicoes\/","title":{"rendered":"Elei\u00e7\u00f5es"},"content":{"rendered":"\n<h4>DIRE\u00c7\u00c3O<\/h4>\n\n\n\n<p><a href=\"https:\/\/www.ipleiria.pt\/esadcr\/escola\/avisos\/eleicoes\/eleicao-diretor-da-esad-cr\/\">ELEI\u00c7\u00c3O DIRETOR DA ESAD.CR<\/a><\/p>\n\n\n\n<h4>CONSELHO T\u00c9CNICO-CIENT\u00cdFICO<\/h4>\n\n\n\n<p><a href=\"https:\/\/www.ipleiria.pt\/esadcr\/escola\/avisos\/eleicoes\/eleicao-do-conselho-tecnico-cientifico-da-esad-cr-2023-2\/\">ELEI\u00c7\u00c3O DO CONSELHO T\u00c9CNICO-CIENT\u00cdFICO DA ESAD.CR &#8211; 2023<\/a> <\/p>\n\n\n\n<p><a href=\"https:\/\/www.ipleiria.pt\/esadcr\/escola\/avisos\/eleicoes\/eleicao-do-conselho-tecnico-cientifico-da-esad-cr-2022\/\">ELEI\u00c7\u00c3O DO CONSELHO T\u00c9CNICO-CIENT\u00cdFICO DA ESAD.CR \u2013 2022<\/a><\/p>\n\n\n\n<p><a href=\"https:\/\/www.ipleiria.pt\/esadcr\/eleicao-do-conselho-tecnico-cientifico-da-esad-cr\/\">ELEI\u00c7\u00c3O DO CONSELHO T\u00c9CNICO-CIENT\u00cdFICO DA ESAD.CR &#8211; 2020<\/a><\/p>\n\n\n\n<h4>CONSELHO PEDAG\u00d3GICO<\/h4>\n\n\n\n<p><a href=\"https:\/\/www.ipleiria.pt\/esadcr\/escola\/avisos\/eleicoes\/eleicao-do-conselho-pedagogico-da-esad-cr-2023\/\">ELEI\u00c7\u00c3O DO CONSELHO PEDAG\u00d3GICO DA ESAD.CR &#8211; 2023<\/a> <\/p>\n\n\n\n<p><a href=\"https:\/\/www.ipleiria.pt\/esadcr\/eleicao-do-conselho-pedagogico-da-esad-cr\/\">ELEI\u00c7\u00c3O DO CONSELHO PEDAG\u00d3GICO DA ESAD.CR &#8211; 2021<\/a><\/p>\n\n\n\n<h4>CONSELHO DE REPRESENTANTES<\/h4>\n\n\n\n<p><a href=\"https:\/\/www.ipleiria.pt\/esadcr\/escola\/avisos\/eleicoes\/eleicao-do-conselho-tecnico-cientifico-da-esad-cr-2023\/\">ELEI\u00c7\u00c3O DO CONSELHO DE REPRESENTANTES DA ESAD.CR &#8211; 2023<\/a> <\/p>\n\n\n\n<p><a href=\"https:\/\/www.ipleiria.pt\/esadcr\/escola\/avisos\/eleicoes\/eleicao-do-conselho-de-representantes-da-esad-cr-2022\/\">ELEI\u00c7\u00c3O DO CONSELHO DE REPRESENTANTES DA ESAD.CR \u2013 2022<\/a><\/p>\n\n\n\n<p><a href=\"https:\/\/www.ipleiria.pt\/esadcr\/escola\/avisos\/eleicoes\/eleicao-do-conselho-de-representantes-da-esad-cr\/\">ELEI\u00c7\u00c3O DO CONSELHO DE REPRESENTANTES DA ESAD.CR &#8211; 2020<\/a><\/p>\n\n\n\n<h4>DELEGADO DE CURSO<\/h4>\n\n\n\n<p><a href=\"https:\/\/www.ipleiria.pt\/esadcr\/escola\/avisos\/eleicoes\/eleicao-do-estudante-delegado-de-curso-2025-2\/\">ELEI\u00c7\u00c3O DO ESTUDANTE DELEGADO DE CURSO &#8211; 2025 (a decorrer)<\/a><\/p>\n\n\n\n<p><a href=\"https:\/\/www.ipleiria.pt\/esadcr\/escola\/avisos\/eleicoes\/eleicao-do-estudante-delegado-de-curso-2025\/\">ELEI\u00c7\u00c3O DO ESTUDANTE DELEGADO DE CURSO &#8211; 2025 <\/a><\/p>\n\n\n\n<p><a href=\"https:\/\/www.ipleiria.pt\/esadcr\/escola\/avisos\/eleicoes\/eleicao-do-estudante-delegado-de-curso-2024-2\/\">ELEI\u00c7\u00c3O DO ESTUDANTE DELEGADO DE CURSO &#8211; 2024<\/a> <\/p>\n\n\n\n<p><a href=\"https:\/\/www.ipleiria.pt\/esadcr\/escola\/avisos\/eleicoes\/eleicao-do-estudante-delegado-de-curso-2024\/\">ELEI\u00c7\u00c3O DO ESTUDANTE DELEGADO DE CURSO &#8211; 2024<\/a> <\/p>\n\n\n\n<p><a href=\"https:\/\/www.ipleiria.pt\/esadcr\/?page_id=21470\" target=\"_blank\" rel=\"noreferrer noopener\">ELEI\u00c7\u00c3O DO ESTUDANTE DELEGADO DE CURSO \u2013 2023<\/a><\/p>\n\n\n\n<p><a href=\"https:\/\/www.ipleiria.pt\/esadcr\/escola\/avisos\/eleicoes\/eleicao-do-estudante-delegado-de-curso-2022\/\">ELEI\u00c7\u00c3O DO ESTUDANTE DELEGADO DE CURSO \u2013 2022<\/a><\/p>\n\n\n\n<p><a href=\"https:\/\/www.ipleiria.pt\/esadcr\/escola\/avisos\/eleicoes\/eleicao-do-estudante-delegado-de-curso-2020\/\">ELEI\u00c7\u00c3O DO ESTUDANTE DELEGADO DE CURSO \u2013 2020<\/a><\/p>\n","protected":false},"excerpt":{"rendered":"DIRE\u00c7\u00c3O ELEI\u00c7\u00c3O DIRETOR DA ESAD.CR CONSELHO T\u00c9CNICO-CIENT\u00cdFICO ELEI\u00c7\u00c3O DO CONSELHO T\u00c9CNICO-CIENT\u00cdFICO DA ESAD.CR &#8211; 2023 ELEI\u00c7\u00c3O DO CONSELHO T\u00c9CNICO-CIENT\u00cdFICO DA ESAD.CR \u2013 2022 ELEI\u00c7\u00c3O DO CONSELHO T\u00c9CNICO-CIENT\u00cdFICO DA ESAD.CR &#8211; 2020 CONSELHO PEDAG\u00d3GICO ELEI\u00c7\u00c3O DO CONSELHO PEDAG\u00d3GICO DA ESAD.CR &#8211; 2023 ELEI\u00c7\u00c3O DO CONSELHO PEDAG\u00d3GICO DA ESAD.CR &#8211; 2021 CONSELHO DE REPRESENTANTES ELEI\u00c7\u00c3O DO CONSELHO [&hellip;]","protected":false},"author":1,"featured_media":2771,"parent":1401,"menu_order":2,"comment_status":"closed","ping_status":"closed","template":"","meta":{"multilingual_post_translation":"","custompostfields_banners":"","custompostfields_post-association_course-gallery":[]},"_links":{"self":[{"href":"https:\/\/www.ipleiria.pt\/esadcr\/wp-json\/wp\/v2\/pages\/5527"}],"collection":[{"href":"https:\/\/www.ipleiria.pt\/esadcr\/wp-json\/wp\/v2\/pages"}],"about":[{"href":"https:\/\/www.ipleiria.pt\/esadcr\/wp-json\/wp\/v2\/types\/page"}],"author":[{"embeddable":true,"href":"https:\/\/www.ipleiria.pt\/esadcr\/wp-json\/wp\/v2\/users\/1"}],"replies":[{"embeddable":true,"href":"https:\/\/www.ipleiria.pt\/esadcr\/wp-json\/wp\/v2\/comments?post=5527"}],"version-history":[{"count":32,"href":"https:\/\/www.ipleiria.pt\/esadcr\/wp-json\/wp\/v2\/pages\/5527\/revisions"}],"predecessor-version":[{"id":35615,"href":"https:\/\/www.ipleiria.pt\/esadcr\/wp-json\/wp\/v2\/pages\/5527\/revisions\/35615"}],"up":[{"embeddable":true,"href":"https:\/\/www.ipleiria.pt\/esadcr\/wp-json\/wp\/v2\/pages\/1401"}],"wp:featuredmedia":[{"embeddable":true,"href":"https:\/\/www.ipleiria.pt\/esadcr\/wp-json\/wp\/v2\/media\/2771"}],"wp:attachment":[{"href":"https:\/\/www.ipleiria.pt\/esadcr\/wp-json\/wp\/v2\/media?parent=5527"}],"curies":[{"name":"wp","href":"https:\/\/api.w.org\/{rel}","templated":true}]}}