{"id":5787,"date":"2019-11-29T18:15:28","date_gmt":"2019-11-29T18:15:28","guid":{"rendered":"https:\/\/www.ipleiria.pt\/esadcr\/?page_id=5787"},"modified":"2021-04-08T12:12:55","modified_gmt":"2021-04-08T11:12:55","slug":"politica-de-privacidade","status":"publish","type":"page","link":"https:\/\/www.ipleiria.pt\/esadcr\/politica-de-privacidade\/","title":{"rendered":"Pol\u00edtica de Privacidade"},"content":{"rendered":"\n<h2>Pol\u00edtica de privacidade e tratamento de dados pessoais<\/h2>\n\n\n\n<div id=\"load-privacy-policy\">\n<a href=\"https:\/\/www.ipleiria.pt\/politicas\/privacidade\/\">Pol\u00edtica de privacidade geral do Polit\u00e9cnico de Leiria<\/a><\/div>\n<div id=\"load-privacy-policy-portal\"><\/div>\n<div><script>\ndocument.addEventListener('DOMContentLoaded', function() {\n    fetch( 'https:\/\/www.ipleiria.pt\/politicas\/wp-json\/wp\/v2\/pages?slug=privacidade&context=view&_fields=content,date' )\n        .then( response => {\n            if (response.status === 200) {\n                response.json().then( pages => {\n                    for ( let page of pages ) {\n                        document.querySelector('#load-privacy-policy').innerHTML = page.content.rendered;\n                        if(page.date){\n                            document.querySelector('#approval-date-portal').innerHTML = (new Date(Date.parse(page.date))).toLocaleDateString('pt-PT', {year: 'numeric', month: '2-digit', day: '2-digit'});\n                        }\n                        break;\n                    }\n                });\n            }\n        })\n        .catch(function(err) {\n            console.log('Error: ', err);\n        });\n    fetch( 'https:\/\/www.ipleiria.pt\/politicas\/wp-json\/wp\/v2\/pages?slug=politica-de-privacidade-dos-portais-do-ipleiria&context=view&_fields=content,date' )\n        .then( response => {\n            if (response.status === 200) {\n                response.json().then( pages => {\n                    for ( let page of pages ) {\n                        document.querySelector('#load-privacy-policy-portal').innerHTML = page.content.rendered;\n                        document.querySelector('#privacy-policy').remove();\n                        document.querySelector('#approval-date-wrapper').remove();\n                        break;\n                    }\n                });\n            }\n        })\n        .catch(function(err) {\n            console.log('Error: ', err);\n        });\n});\n<\/script><\/div>\n\n\n\n<p style=\"text-align: right;\"><strong>Data da aprova\u00e7\u00e3o: <span id=\"approval-date-portal\">{{ get_the_date() }}<\/span><\/strong><\/p>\n","protected":false},"excerpt":{"rendered":"Pol\u00edtica de privacidade e tratamento de dados pessoais Pol\u00edtica de privacidade geral do Polit\u00e9cnico de Leiria Data da aprova\u00e7\u00e3o: {{ get_the_date() }}","protected":false},"author":1,"featured_media":5550,"parent":0,"menu_order":0,"comment_status":"closed","ping_status":"closed","template":"","meta":{"multilingual_post_translation":"","custompostfields_banners":"","custompostfields_post-association_course-gallery":[]},"_links":{"self":[{"href":"https:\/\/www.ipleiria.pt\/esadcr\/wp-json\/wp\/v2\/pages\/5787"}],"collection":[{"href":"https:\/\/www.ipleiria.pt\/esadcr\/wp-json\/wp\/v2\/pages"}],"about":[{"href":"https:\/\/www.ipleiria.pt\/esadcr\/wp-json\/wp\/v2\/types\/page"}],"author":[{"embeddable":true,"href":"https:\/\/www.ipleiria.pt\/esadcr\/wp-json\/wp\/v2\/users\/1"}],"replies":[{"embeddable":true,"href":"https:\/\/www.ipleiria.pt\/esadcr\/wp-json\/wp\/v2\/comments?post=5787"}],"version-history":[{"count":10,"href":"https:\/\/www.ipleiria.pt\/esadcr\/wp-json\/wp\/v2\/pages\/5787\/revisions"}],"predecessor-version":[{"id":10877,"href":"https:\/\/www.ipleiria.pt\/esadcr\/wp-json\/wp\/v2\/pages\/5787\/revisions\/10877"}],"wp:featuredmedia":[{"embeddable":true,"href":"https:\/\/www.ipleiria.pt\/esadcr\/wp-json\/wp\/v2\/media\/5550"}],"wp:attachment":[{"href":"https:\/\/www.ipleiria.pt\/esadcr\/wp-json\/wp\/v2\/media?parent=5787"}],"curies":[{"name":"wp","href":"https:\/\/api.w.org\/{rel}","templated":true}]}}