{"id":4249,"date":"2022-09-05T09:59:43","date_gmt":"2022-09-05T09:59:43","guid":{"rendered":"https:\/\/www.ipleiria.pt\/estg\/?page_id=4249"},"modified":"2025-01-20T16:56:40","modified_gmt":"2025-01-20T16:56:40","slug":"academias","status":"publish","type":"page","link":"https:\/\/www.ipleiria.pt\/estg\/inovar\/formacao\/academias\/","title":{"rendered":"Academias"},"content":{"rendered":"\n<div class=\"wp-block-pt-ipleiria-ued-wp-theme-ipleiria-gutenbergblocks-moc gbmoc\" role=\"navigation\" aria-label=\"Menu de conte\u00fados\"><div class=\"gbmoc-menu-wrapper\"><div id=\"gbmoc-dec0d4-00-menu-container\" class=\"gbmoc-menu-container\"><div class=\"gbmoc-title\" id=\"gbmoc-dec0d4-00-title\">Ir para:<\/div><ul aria-describedby=\"gbmoc-dec0d4-00-title\" class=\"gbmoc-menuitems\"><li><a href=\"#cisco-networking-academy\">Cisco Networking Academy<\/a><\/li><li><a href=\"#edunetphoenix-contact\">EduNet\/Phoenix Contact<\/a><\/li><li><a href=\"#oracle-oracle-academyipleiria\">Oracle \u2013 Oracle Academy.IPLeiria<\/a><\/li><li><a href=\"#siemens-automation-academy\">Siemens Automation Academy<\/a><\/li><li><a href=\"#plm-academy-powered-by-siemens-industry-software\">PLM Academy: powered by Siemens Industry Software<\/a><\/li><li class=\"gbmoc-scroll-to-top-wrapper\"><a class=\"gbmoc-scroll-to-top\" href=\"#top\">Topo<\/a><\/li><\/ul><\/div><\/div><\/div>\n\n\n\n<div class=\"wp-container-3 wp-block-columns\">\n<div class=\"wp-container-1 wp-block-column\">\n<h2 class=\"is-style-theme-subtitle\">ACADEMIA CISCO<\/h2>\n\n\n\n<h2 class=\"is-style-theme-title\" id=\"cisco-networking-academy\">Cisco Networking Academy<\/h2>\n\n\n\n<p>O Polit\u00e9cnico de Leiria de foi a primeira Academia Regional Cisco, instalada em Portugal, e assegura, atualmente, os cursos: Cisco Certified Network Associate (CCNA) Routing and Switching, Health Information Networking, CCNA Security e Cisco Certified Network Professional (CCNP).<\/p>\n\n\n\n<p>A Cisco Networking Academy \u00e9 um programa educativo que fornece aos estudantes compet\u00eancias nas \u00e1reas do planeamento, implementa\u00e7\u00e3o, gest\u00e3o e seguran\u00e7a&nbsp;das redes de computadores, de modo a facilitar o acesso ao mercado de trabalho. Desde 1997, o programa tem vindo a crescer e, atualmente,&nbsp;disponibiliza cursos de&nbsp;<em>networking<\/em>&nbsp;em mais do que 9000 academias, espalhadas por 165 pa\u00edses.<\/p>\n\n\n\n<p><strong>Inaugura\u00e7\u00e3o:&nbsp;<\/strong>2001<br><strong>P\u00e1gina web:&nbsp;<\/strong><a rel=\"noreferrer noopener\" href=\"http:\/\/www.dei.estg.ipleiria.pt\/academias\/cisco\/\" target=\"_blank\">http:\/\/www.dei.estg.ipleiria.pt\/academias\/cisco\/&nbsp;<\/a><br><strong>Parceiros:<\/strong>&nbsp;ESTG (respons\u00e1vel: Lu\u00eds Alexandre Lopes Fraz\u00e3o)&nbsp;| Cisco Systems Inc.<\/p>\n<\/div>\n\n\n\n<div class=\"wp-container-2 wp-block-column is-vertically-aligned-center\"><div class=\"wp-block-image\">\n<figure class=\"aligncenter size-full\"><img loading=\"lazy\" width=\"225\" height=\"225\" src=\"https:\/\/www.ipleiria.pt\/estg\/wp-content\/uploads\/sites\/32\/2022\/09\/CISCO.jpg\" alt=\"Academia Cisco\" class=\"wp-image-4264\" srcset=\"https:\/\/www.ipleiria.pt\/estg\/wp-content\/uploads\/sites\/32\/2022\/09\/CISCO.jpg 225w, https:\/\/www.ipleiria.pt\/estg\/wp-content\/uploads\/sites\/32\/2022\/09\/CISCO-150x150.jpg 150w\" sizes=\"(max-width: 225px) 100vw, 225px\" \/><\/figure><\/div><\/div>\n<\/div>\n\n\n\n<hr class=\"wp-block-separator has-alpha-channel-opacity\"\/>\n\n\n\n<div class=\"wp-container-6 wp-block-columns\">\n<div class=\"wp-container-4 wp-block-column\">\n<p class=\"is-style-theme-subtitle\">ACADEMIA<\/p>\n\n\n\n<h2 class=\"is-style-theme-title\" id=\"edunetphoenix-contact\">EduNet\/Phoenix Contact<\/h2>\n\n\n\n<p>A <strong>Edunet \u2013 International Education Network<\/strong> \u00e9 uma rede fundada em 2007, por iniciativa da empresa <strong>Phoenix Contact<\/strong> (empresa internacionalmente reconhecida na \u00e1rea da engenharia el\u00e9trica e tecnologia de automa\u00e7\u00e3o), com&nbsp;a finalidade&nbsp;de: apoiar as universidades e seus parceiros, no que se refere a forma\u00e7\u00e3o avan\u00e7ada para docentes; ced\u00eancia orientada de equipamentos com tecnologia de automa\u00e7\u00e3o (<em>hardware<\/em>&nbsp;e&nbsp;<em>software<\/em>); promo\u00e7\u00e3o da transfer\u00eancia de conhecimento internacional entre universidades; promo\u00e7\u00e3o do interc\u00e2mbio internacional de estudantes; organiza\u00e7\u00e3o e realiza\u00e7\u00e3o de simp\u00f3sios e confer\u00eancias anuais para membros; desenvolvimento m\u00fatuo e cria\u00e7\u00e3o de material did\u00e1tico; desenvolvimento de normas reconhecidas internacionalmente para m\u00f3dulos de qualifica\u00e7\u00e3o na \u00e1rea de tecnologia de automa\u00e7\u00e3o; consultoria e suporte aos parceiros, atrav\u00e9s de pessoas de contacto nacionais; informa\u00e7\u00e3o e coordena\u00e7\u00e3o com os parceiros dos minist\u00e9rios e universidades sobre as estrat\u00e9gias e o planeamento de novos projetos educacionais; e&nbsp;inicia\u00e7\u00e3o de projetos de investiga\u00e7\u00e3o nacionais e internacionais.<\/p>\n\n\n\n<p><strong>Inaugura\u00e7\u00e3o:&nbsp;<\/strong>2013<br><strong>P\u00e1gina web:<\/strong>&nbsp;<a rel=\"noreferrer noopener\" href=\"http:\/\/sites.ipleiria.pt\/edunet\/\" target=\"_blank\">http:\/\/sites.ipleiria.pt\/edunet\/<\/a><br><strong>Parceiros:&nbsp;<\/strong>ESTG (respons\u00e1vel: Jo\u00e3o Miguel de Sousa) | Phoenix Contact Portugal<\/p>\n<\/div>\n\n\n\n<div class=\"wp-container-5 wp-block-column is-vertically-aligned-center\"><div class=\"wp-block-image\">\n<figure class=\"aligncenter size-full\"><img loading=\"lazy\" width=\"206\" height=\"84\" src=\"https:\/\/www.ipleiria.pt\/estg\/wp-content\/uploads\/sites\/32\/2022\/09\/EduNet.jpg\" alt=\"EduNet\" class=\"wp-image-4265\"\/><\/figure><\/div><\/div>\n<\/div>\n\n\n\n<hr class=\"wp-block-separator has-alpha-channel-opacity\"\/>\n\n\n\n<div class=\"wp-container-9 wp-block-columns\">\n<div class=\"wp-container-7 wp-block-column\">\n<p class=\"is-style-theme-subtitle\">ACADEMIA<\/p>\n\n\n\n<h2 class=\"is-style-theme-title\" id=\"oracle-oracle-academyipleiria\">Oracle \u2013 Oracle Academy.IPLeiria<\/h2>\n\n\n\n<p>Oracle\u00ae Corporation, one of the largest database technology companies, supports the dissemination of Oracle technology to students all over the world. It does so through its \u201cOracle Academy\u201d program.<\/p>\n\n\n\n<p>The \u201cOracle Academy\u201d program strengthens course curriculum with a high-tech complement in the database area, either by direct integration of materials in daily classes or by means of extra-curricular activities (such as certification support programs). By doing so, it prepares students to become solid professionals in a core Informatics area: Databases.<\/p>\n\n\n\n<p>IPLeiria has adhered to the Oracle Academy program. By pursuing that path, it has committed to provide its students a solid technological database-oriented backbone required for efficient Oracle technology usage. As students enter the professional world, they do so with high-level skills that no IT employer can disregard.<\/p>\n\n\n\n<p><strong>Inaugura\u00e7\u00e3o:&nbsp;<\/strong>2008<br><strong>P\u00e1gina web:<\/strong>&nbsp;<a rel=\"noreferrer noopener\" href=\"http:\/\/www.dei.estg.ipleiria.pt\/academias\/oracle\/\" target=\"_blank\">http:\/\/www.dei.estg.ipleiria.pt\/academias\/oracle\/<\/a><br><strong>Parceiros:&nbsp;<\/strong>ESTG (respons\u00e1vel: Rui Miguel de Oliveira) |&nbsp;Oracle Corporation<\/p>\n<\/div>\n\n\n\n<div class=\"wp-container-8 wp-block-column is-vertically-aligned-center\"><div class=\"wp-block-image\">\n<figure class=\"aligncenter size-full\"><img loading=\"lazy\" width=\"311\" height=\"134\" src=\"https:\/\/www.ipleiria.pt\/estg\/wp-content\/uploads\/sites\/32\/2022\/09\/Oracle-Academy.jpg\" alt=\"Oracle\" class=\"wp-image-4266\" srcset=\"https:\/\/www.ipleiria.pt\/estg\/wp-content\/uploads\/sites\/32\/2022\/09\/Oracle-Academy.jpg 311w, https:\/\/www.ipleiria.pt\/estg\/wp-content\/uploads\/sites\/32\/2022\/09\/Oracle-Academy-300x129.jpg 300w\" sizes=\"(max-width: 311px) 100vw, 311px\" \/><\/figure><\/div><\/div>\n<\/div>\n\n\n\n<hr class=\"wp-block-separator has-alpha-channel-opacity\"\/>\n\n\n\n<div class=\"wp-container-12 wp-block-columns\">\n<div class=\"wp-container-10 wp-block-column\">\n<p class=\"is-style-theme-subtitle\">ACADEMIA<\/p>\n\n\n\n<h2 class=\"is-style-theme-title\" id=\"siemens-automation-academy\">Siemens Automation Academy<\/h2>\n\n\n\n<p>A Siemens Automation Academy (SAA) \u00e9 a primeira academia em automa\u00e7\u00e3o, resultando da parceria entre a SIEMENS, em especial atrav\u00e9s do seu<em>&nbsp;Setor Industry<\/em>&nbsp;em Portugal, e a Escola Superior de Tecnologia e Gest\u00e3o do Instituto Polit\u00e9cnico de Leiria.<\/p>\n\n\n\n<p>A SIEMENS \u00e9 detentora de um portef\u00f3lio de solu\u00e7\u00f5es inovadoras em automa\u00e7\u00e3o integrada e&nbsp;<em>software<\/em>&nbsp;industrial para clientes industriais. Pretende promover o estudo da engenharia em Portugal, estimulando os alunos a realizar a sua forma\u00e7\u00e3o nesta \u00e1rea e dotar os estudantes de engenharia do ensino superior de uma forma\u00e7\u00e3o pr\u00e1tica e de compet\u00eancias orientadas para o empreendedorismo.<\/p>\n\n\n\n<p>A Escola Superior de Tecnologia e Gest\u00e3o de Leiria assume o compromisso de proporcionar aos seus estudantes uma s\u00f3lida forma\u00e7\u00e3o cultural e t\u00e9cnica de n\u00edvel superior, ministrando conhecimentos te\u00f3ricos e, essencialmente, pr\u00e1ticos e as suas aplica\u00e7\u00f5es, com vista \u00e0 f\u00e1cil integra\u00e7\u00e3o no mercado de trabalho.<\/p>\n\n\n\n<p>A jun\u00e7\u00e3o destas sinergias resultou, ent\u00e3o, na cria\u00e7\u00e3o de uma academia, com o objetivo de fortalecer os conhecimentos pr\u00e1ticos dos&nbsp;estudantes, na \u00e1rea da automa\u00e7\u00e3o, e de melhor prepar\u00e1-los para o meio profissional, promovendo ativamente o ensino e coopera\u00e7\u00e3o estrat\u00e9gica nos setores relevantes da ind\u00fastria na \u00e1rea geografia e\/ou nas suas \u00e1reas de especializa\u00e7\u00e3o. Para tal, a Academia, que funciona no Laborat\u00f3rio de Automa\u00e7\u00e3o Paulo Gata, est\u00e1 dotada de equipamentos com solu\u00e7\u00f5es de topo ao n\u00edvel da automa\u00e7\u00e3o integrada.<\/p>\n\n\n\n<p><strong>Inaugura\u00e7\u00e3o:<\/strong>&nbsp;2014<br><strong>P\u00e1gina web:<\/strong>&nbsp;<a rel=\"noreferrer noopener\" href=\"http:\/\/siemensautomationacademy.ipleiria.pt\/\" target=\"_blank\">http:\/\/siemensautomationacademy.ipleiria.pt\/<\/a><br><strong>Parceiros:&nbsp;<\/strong>Siemens | Polit\u00e9cnico de Leiria de Leiria (respons\u00e1vel:&nbsp;Eliseu Manuel Ribeiro) |&nbsp;Cadflow<\/p>\n<\/div>\n\n\n\n<div class=\"wp-container-11 wp-block-column is-vertically-aligned-center\"><div class=\"wp-block-image\">\n<figure class=\"aligncenter size-full\"><img loading=\"lazy\" width=\"309\" height=\"107\" src=\"https:\/\/www.ipleiria.pt\/estg\/wp-content\/uploads\/sites\/32\/2022\/09\/Siemens-Automation-Academy.jpg\" alt=\"Siemens Automation Academy\" class=\"wp-image-4268\" srcset=\"https:\/\/www.ipleiria.pt\/estg\/wp-content\/uploads\/sites\/32\/2022\/09\/Siemens-Automation-Academy.jpg 309w, https:\/\/www.ipleiria.pt\/estg\/wp-content\/uploads\/sites\/32\/2022\/09\/Siemens-Automation-Academy-300x104.jpg 300w\" sizes=\"(max-width: 309px) 100vw, 309px\" \/><\/figure><\/div><\/div>\n<\/div>\n\n\n\n<hr class=\"wp-block-separator has-alpha-channel-opacity\"\/>\n\n\n\n<div class=\"wp-container-15 wp-block-columns\">\n<div class=\"wp-container-13 wp-block-column\">\n<p class=\"is-style-theme-subtitle\">ACADEMIA<\/p>\n\n\n\n<h2 class=\"is-style-theme-title\" id=\"plm-academy-powered-by-siemens-industry-software\">PLM Academy: powered by Siemens Industry Software<\/h2>\n\n\n\n<p>A Siemens PLM Academy (Product Lifecycle Management Academy) \u00e9 um espa\u00e7o laboratorial orientado para as \u00e1reas da engenharia mec\u00e2nica e gest\u00e3o industrial, que surge de uma parceria entre a Siemens, a Cadflow e a Escola Superior de Tecnologia e Gest\u00e3o de Leiria. Esta Academia pretende promover e dotar os estudantes das melhores ferramentas e metodologias para o projeto, fabrico e gest\u00e3o industrial, suportada na forte experi\u00eancia e liga\u00e7\u00e3o com o tecido industrial da regi\u00e3o. A PLM Academy est\u00e1 equipada com 24 postos de trabalho, dispondo de&nbsp;<em>software<\/em>&nbsp;Siemens SolidEdge, NX, Tecnomatix e Teamcenter, produtos de refer\u00eancia mundial e com forte presen\u00e7a nos diversos dom\u00ednios da engenharia.<\/p>\n\n\n\n<p><strong>Inaugura\u00e7\u00e3o:<\/strong>&nbsp;2014<br><strong>P\u00e1gina web:<\/strong>&nbsp;<a rel=\"noreferrer noopener\" href=\"http:\/\/plmacademy.estg.ipleiria.pt\/\" target=\"_blank\">http:\/\/plmacademy.estg.ipleiria.pt\/<\/a><br><strong>Parceiros:<\/strong>&nbsp;Siemens&nbsp;|&nbsp;Polit\u00e9cnico de Leiria (respons\u00e1vel:&nbsp;Nuno Miguel Andr\u00e9) |&nbsp;Cadflow<\/p>\n<\/div>\n\n\n\n<div class=\"wp-container-14 wp-block-column is-vertically-aligned-center\"><div class=\"wp-block-image\">\n<figure class=\"aligncenter size-full\"><img loading=\"lazy\" width=\"520\" height=\"93\" src=\"https:\/\/www.ipleiria.pt\/estg\/wp-content\/uploads\/sites\/32\/2022\/09\/PLM-Academy-520x93-1.jpg\" alt=\"PLM-Academy\" class=\"wp-image-4267\" srcset=\"https:\/\/www.ipleiria.pt\/estg\/wp-content\/uploads\/sites\/32\/2022\/09\/PLM-Academy-520x93-1.jpg 520w, https:\/\/www.ipleiria.pt\/estg\/wp-content\/uploads\/sites\/32\/2022\/09\/PLM-Academy-520x93-1-300x54.jpg 300w\" sizes=\"(max-width: 520px) 100vw, 520px\" \/><\/figure><\/div><\/div>\n<\/div>\n","protected":false},"excerpt":{"rendered":"ACADEMIA CISCO Cisco Networking Academy O Polit\u00e9cnico de Leiria de foi a primeira Academia Regional Cisco, instalada em Portugal, e assegura, atualmente, os cursos: Cisco Certified Network Associate (CCNA) Routing and Switching, Health Information Networking, CCNA Security e Cisco Certified Network Professional (CCNP). A Cisco Networking Academy \u00e9 um programa educativo que fornece aos estudantes [&hellip;]","protected":false},"author":83,"featured_media":5198,"parent":4258,"menu_order":0,"comment_status":"closed","ping_status":"closed","template":"","meta":{"custompostfields_banners":""},"_links":{"self":[{"href":"https:\/\/www.ipleiria.pt\/estg\/wp-json\/wp\/v2\/pages\/4249"}],"collection":[{"href":"https:\/\/www.ipleiria.pt\/estg\/wp-json\/wp\/v2\/pages"}],"about":[{"href":"https:\/\/www.ipleiria.pt\/estg\/wp-json\/wp\/v2\/types\/page"}],"author":[{"embeddable":true,"href":"https:\/\/www.ipleiria.pt\/estg\/wp-json\/wp\/v2\/users\/83"}],"replies":[{"embeddable":true,"href":"https:\/\/www.ipleiria.pt\/estg\/wp-json\/wp\/v2\/comments?post=4249"}],"version-history":[{"count":8,"href":"https:\/\/www.ipleiria.pt\/estg\/wp-json\/wp\/v2\/pages\/4249\/revisions"}],"predecessor-version":[{"id":9018,"href":"https:\/\/www.ipleiria.pt\/estg\/wp-json\/wp\/v2\/pages\/4249\/revisions\/9018"}],"up":[{"embeddable":true,"href":"https:\/\/www.ipleiria.pt\/estg\/wp-json\/wp\/v2\/pages\/4258"}],"wp:featuredmedia":[{"embeddable":true,"href":"https:\/\/www.ipleiria.pt\/estg\/wp-json\/wp\/v2\/media\/5198"}],"wp:attachment":[{"href":"https:\/\/www.ipleiria.pt\/estg\/wp-json\/wp\/v2\/media?parent=4249"}],"curies":[{"name":"wp","href":"https:\/\/api.w.org\/{rel}","templated":true}]}}