{"id":4276,"date":"2022-09-23T09:40:25","date_gmt":"2022-09-23T09:40:25","guid":{"rendered":"https:\/\/www.ipleiria.pt\/estg\/?page_id=4276"},"modified":"2026-03-13T14:47:20","modified_gmt":"2026-03-13T14:47:20","slug":"apoio-a-investigacao","status":"publish","type":"page","link":"https:\/\/www.ipleiria.pt\/estg\/investigar-topo\/investigacao\/apoio-a-investigacao\/","title":{"rendered":"Apoio \u00e0 Investiga\u00e7\u00e3o"},"content":{"rendered":"\n<p class=\"is-style-theme-subtitle\">ESTG<\/p>\n\n\n\n<div class=\"wp-container-3 wp-block-columns\">\n<div class=\"wp-container-1 wp-block-column\" style=\"flex-basis:60%\">\n<h2 class=\"is-style-theme-title\">Gabinete de Apoio \u00e0 Investiga\u00e7\u00e3o e Desenvolvimento<\/h2>\n\n\n\n<p>O&nbsp;<strong>GAID \u2013 Gabinete de Apoio \u00e0 Investiga\u00e7\u00e3o e Desenvolvimento<\/strong>&nbsp;da ESTG-Leiria \u00e9 um Gabinete que foi criado em 2006 para apoiar a organiza\u00e7\u00e3o interna da Escola na \u00e1rea da investiga\u00e7\u00e3o, desenvolvimento e inova\u00e7\u00e3o, enquanto importante \u00e1rea de atua\u00e7\u00e3o da Escola.<\/p>\n\n\n\n<p>Tem como objetivos priorit\u00e1rios:<\/p>\n\n\n\n<ul><li>apoiar e promover a participa\u00e7\u00e3o dos investigadores em projetos e programas de I&amp;D financiados por institui\u00e7\u00f5es nacionais ou internacionais;<\/li><li>apoiar e promover a realiza\u00e7\u00e3o de presta\u00e7\u00f5es de servi\u00e7os de I&amp;D e de transfer\u00eancia de conhecimento e tecnologia para as entidades exteriores;<\/li><li>apoiar nos processos de atribui\u00e7\u00e3o de bolsas de investiga\u00e7\u00e3o no \u00e2mbito de projetos ou presta\u00e7\u00f5es de servi\u00e7os de ID;<\/li><li>promover e apoiar a cria\u00e7\u00e3o de parcerias que constituam mais-valias para o desenvolvimento das atividades de ID.<\/li><\/ul>\n\n\n\n<h3>Gabinete<\/h3>\n\n\n\n<p class=\"is-style-theme-default-title\"><strong>Localiza\u00e7\u00e3o:<\/strong> Gabinete B2D9, Piso 1, Edif\u00edcio B<br><strong>Hor\u00e1rio:<\/strong> das 10:00 \u00e0s 12:00 e das 14:30 \u00e0s 16:30<br><strong>email<\/strong>: <a href=\"mailto:gaid.estg@ipleiria.pt\">gaid.estg@ipleiria.pt<\/a><\/p>\n\n\n\n<h3 class=\"is-style-theme-default-title\">Respons\u00e1vel<\/h3>\n\n\n\n<p><a rel=\"noreferrer noopener\" href=\"mailto:susana.simoes@ipleiria.pt\" target=\"_blank\">Susana Sim\u00f5es<\/a> | <strong>Extens\u00e3o<\/strong>: 200 081 | 244 820 347<br><a rel=\"noreferrer noopener\" href=\"mailto:elsa.silva@ipleiria.pt\" target=\"_blank\">Elsa Silva<\/a> | <strong>Extens\u00e3o<\/strong>: 200 006<\/p>\n<\/div>\n\n\n\n<div class=\"wp-container-2 wp-block-column\">\n<div style=\"height:25px\" aria-hidden=\"true\" class=\"wp-block-spacer\"><\/div>\n\n\n\n<figure class=\"wp-block-image size-large\"><img loading=\"lazy\" width=\"683\" height=\"1024\" src=\"https:\/\/www.ipleiria.pt\/estg\/wp-content\/uploads\/sites\/32\/2022\/07\/servicos_tecnicos-683x1024.jpg\" alt=\"\" class=\"wp-image-3308\" srcset=\"https:\/\/www.ipleiria.pt\/estg\/wp-content\/uploads\/sites\/32\/2022\/07\/servicos_tecnicos-683x1024.jpg 683w, https:\/\/www.ipleiria.pt\/estg\/wp-content\/uploads\/sites\/32\/2022\/07\/servicos_tecnicos-200x300.jpg 200w, https:\/\/www.ipleiria.pt\/estg\/wp-content\/uploads\/sites\/32\/2022\/07\/servicos_tecnicos-768x1152.jpg 768w, https:\/\/www.ipleiria.pt\/estg\/wp-content\/uploads\/sites\/32\/2022\/07\/servicos_tecnicos-1024x1536.jpg 1024w, https:\/\/www.ipleiria.pt\/estg\/wp-content\/uploads\/sites\/32\/2022\/07\/servicos_tecnicos-1365x2048.jpg 1365w, https:\/\/www.ipleiria.pt\/estg\/wp-content\/uploads\/sites\/32\/2022\/07\/servicos_tecnicos-scaled.jpg 1707w\" sizes=\"(max-width: 683px) 100vw, 683px\" \/><\/figure>\n<\/div>\n<\/div>\n\n\n\n<div style=\"height:60px\" aria-hidden=\"true\" class=\"wp-block-spacer\"><\/div>\n","protected":false},"excerpt":{"rendered":"ESTG Gabinete de Apoio \u00e0 Investiga\u00e7\u00e3o e Desenvolvimento O&nbsp;GAID \u2013 Gabinete de Apoio \u00e0 Investiga\u00e7\u00e3o e Desenvolvimento&nbsp;da ESTG-Leiria \u00e9 um Gabinete que foi criado em 2006 para apoiar a organiza\u00e7\u00e3o interna da Escola na \u00e1rea da investiga\u00e7\u00e3o, desenvolvimento e inova\u00e7\u00e3o, enquanto importante \u00e1rea de atua\u00e7\u00e3o da Escola. Tem como objetivos priorit\u00e1rios: apoiar e promover a [&hellip;]","protected":false},"author":83,"featured_media":4797,"parent":451,"menu_order":2,"comment_status":"closed","ping_status":"closed","template":"","meta":{"custompostfields_banners":"11118"},"_links":{"self":[{"href":"https:\/\/www.ipleiria.pt\/estg\/wp-json\/wp\/v2\/pages\/4276"}],"collection":[{"href":"https:\/\/www.ipleiria.pt\/estg\/wp-json\/wp\/v2\/pages"}],"about":[{"href":"https:\/\/www.ipleiria.pt\/estg\/wp-json\/wp\/v2\/types\/page"}],"author":[{"embeddable":true,"href":"https:\/\/www.ipleiria.pt\/estg\/wp-json\/wp\/v2\/users\/83"}],"replies":[{"embeddable":true,"href":"https:\/\/www.ipleiria.pt\/estg\/wp-json\/wp\/v2\/comments?post=4276"}],"version-history":[{"count":20,"href":"https:\/\/www.ipleiria.pt\/estg\/wp-json\/wp\/v2\/pages\/4276\/revisions"}],"predecessor-version":[{"id":12783,"href":"https:\/\/www.ipleiria.pt\/estg\/wp-json\/wp\/v2\/pages\/4276\/revisions\/12783"}],"up":[{"embeddable":true,"href":"https:\/\/www.ipleiria.pt\/estg\/wp-json\/wp\/v2\/pages\/451"}],"wp:featuredmedia":[{"embeddable":true,"href":"https:\/\/www.ipleiria.pt\/estg\/wp-json\/wp\/v2\/media\/4797"}],"wp:attachment":[{"href":"https:\/\/www.ipleiria.pt\/estg\/wp-json\/wp\/v2\/media?parent=4276"}],"curies":[{"name":"wp","href":"https:\/\/api.w.org\/{rel}","templated":true}]}}