{"id":4282,"date":"2022-09-23T09:43:46","date_gmt":"2022-09-23T09:43:46","guid":{"rendered":"https:\/\/www.ipleiria.pt\/estg\/?page_id=4282"},"modified":"2026-03-12T10:34:10","modified_gmt":"2026-03-12T10:34:10","slug":"projetos-de-idi","status":"publish","type":"page","link":"https:\/\/www.ipleiria.pt\/estg\/investigar-topo\/resultados-de-idi\/projetos-de-idi\/","title":{"rendered":"Projetos de I&#038;D+I"},"content":{"rendered":"\n<p><\/p>\n\n\n\n<div class=\"wp-container-4 wp-block-columns\">\n<div class=\"wp-container-2 wp-block-column\">\n<h2 class=\"is-style-theme-title\">I&amp;D+i<\/h2>\n\n\n\n<p>A <strong>Escola Superior de Tecnologia e Gest\u00e3o de Leiria<\/strong> tem-se afirmado nos \u00faltimos anos como uma institui\u00e7\u00e3o focada na Investiga\u00e7\u00e3o, Desenvolvimento e Inova\u00e7\u00e3o (I&amp;D+i), inserida num Ecossistema de I&amp;D+i orientado primordialmente para o tecido econ\u00f3mico e social da regi\u00e3o onde est\u00e1 inserida, n\u00e3o descurando, no entanto, o potencial de aplica\u00e7\u00e3o em contexto internacional, dentro das suas \u00e1reas de atua\u00e7\u00e3o.<\/p>\n\n\n\n<div class=\"wp-container-1 wp-block-buttons\">\n<div class=\"wp-block-button is-style-theme-button-solid\"><a class=\"wp-block-button__link\" href=\"https:\/\/www.ipleiria.pt\/investigar\/resultados-idi\/projetos-de-idi\" target=\"_blank\" rel=\"noreferrer noopener\">Projetos de I&amp;D+i<\/a><\/div>\n<\/div>\n<\/div>\n\n\n\n<div class=\"wp-container-3 wp-block-column\">\n<figure class=\"wp-block-image size-full\"><img loading=\"lazy\" width=\"640\" height=\"427\" src=\"https:\/\/www.ipleiria.pt\/estg\/wp-content\/uploads\/sites\/32\/2026\/03\/DEM-Lab-Biociencias-D-S-1.03-1.jpg\" alt=\"\" class=\"wp-image-12765\" srcset=\"https:\/\/www.ipleiria.pt\/estg\/wp-content\/uploads\/sites\/32\/2026\/03\/DEM-Lab-Biociencias-D-S-1.03-1.jpg 640w, https:\/\/www.ipleiria.pt\/estg\/wp-content\/uploads\/sites\/32\/2026\/03\/DEM-Lab-Biociencias-D-S-1.03-1-300x200.jpg 300w\" sizes=\"(max-width: 640px) 100vw, 640px\" \/><\/figure>\n<\/div>\n<\/div>\n\n\n\n<div style=\"height:40px\" aria-hidden=\"true\" class=\"wp-block-spacer\"><\/div>\n\n\n\n<hr class=\"wp-block-separator has-alpha-channel-opacity is-style-default\"\/>\n\n\n\n<div style=\"height:40px\" aria-hidden=\"true\" class=\"wp-block-spacer\"><\/div>\n\n\n\n<h2 class=\"is-style-theme-title\">Ecossistema de I&amp;D+i<\/h2>\n\n\n\n<div class=\"wp-container-7 wp-block-columns\">\n<div class=\"wp-container-5 wp-block-column\">\n<p>O ecossistema de I&amp;D+i do <strong>Polit\u00e9cnico de Leiria<\/strong> onde a ESTG se insere \u00e9 composto por:<\/p>\n\n\n\n<ul><li> 5 escolas superiores<\/li><li>2 n\u00facleos de forma\u00e7\u00e3o<\/li><li>15 unidades de investiga\u00e7\u00e3o<\/li><li>1 centro de transfer\u00eancia de conhecimento e tecnologia<\/li><li>3 infraestruturas cient\u00edficas (Edif\u00edcio CDRSP \u2013 Engenharia e Biofabrica\u00e7\u00e3o; Edif\u00edcio CETEMARES \u2013 Ci\u00eancia e Tecnologia do Mar; Campus 5 \u2013 Hub de Inova\u00e7\u00e3o em Sa\u00fade)<\/li><li> mais de 130 laborat\u00f3rios. <\/li><\/ul>\n<\/div>\n\n\n\n<div class=\"wp-container-6 wp-block-column\">\n<p>Na <strong>ESTG<\/strong> est\u00e3o sediadas 8 unidades de I&amp;D, 75 laborat\u00f3rios e v\u00e1rias academias (Cisco Networking Academy, EduNet\/Phoenix Contact, Oracle \u2013 Oracle Academy.IPLeiria, Siemens Automation Academy e PLM Academy: powered by Siemens Industry Software). <\/p>\n\n\n\n<p>Deste ecossistema tamb\u00e9m fazem parte incubadoras de empresas, laborat\u00f3rios colaborativos, clusters e p\u00f3los de competitividade de tecnologia, business schools, associa\u00e7\u00f5es empresariais, parques de ci\u00eancia e tecnologia, centros tecnol\u00f3gicos, parques tecnol\u00f3gicos, ag\u00eancias regionais de energia e um centro de ci\u00eancia viva.<\/p>\n<\/div>\n<\/div>\n\n\n\n<div style=\"height:40px\" aria-hidden=\"true\" class=\"wp-block-spacer\"><\/div>\n\n\n\n<hr class=\"wp-block-separator has-alpha-channel-opacity\"\/>\n\n\n\n<div style=\"height:40px\" aria-hidden=\"true\" class=\"wp-block-spacer\"><\/div>\n\n\n\n<h2 class=\"is-style-theme-title\">Est\u00e1gios, Projetos e Presta\u00e7\u00f5es de Servi\u00e7os<\/h2>\n\n\n\n<div class=\"wp-container-10 wp-block-columns\">\n<div class=\"wp-container-8 wp-block-column\">\n<p>A realiza\u00e7\u00e3o de est\u00e1gios, o desenvolvimento de projetos, a presta\u00e7\u00e3o de servi\u00e7os \u00e0 Comunidade e a leciona\u00e7\u00e3o de aulas em ambiente empresarial s\u00e3o, entre outras, a\u00e7\u00f5es que a Escola desenvolve. Para o efeito, tem estabelecido parcerias com empresas e institui\u00e7\u00f5es, quer da regi\u00e3o de Leiria, quer de \u00e2mbito nacional e internacional. \u00c9 not\u00f3rio o aumento significativo do n\u00famero de pedidos de direitos de Propriedade Intelectual efetuadas junto do INPI e <em>offices<\/em> internacionais, do n\u00famero de bolsas de investiga\u00e7\u00e3o cient\u00edfica e do n\u00famero de publica\u00e7\u00f5es cient\u00edficas.<\/p>\n<\/div>\n\n\n\n<div class=\"wp-container-9 wp-block-column\">\n<p>A rela\u00e7\u00e3o entre os centros de conhecimento e o meio institucional e empresarial, que assume uma import\u00e2ncia crescente no \u00e2mbito do desenvolvimento regional e tamb\u00e9m internacional, fomenta a transfer\u00eancia de conhecimentos e tecnologia. Criam-se, assim, oportunidades de parcerias que permitem aplicar conceitos e t\u00e9cnicas desenvolvidas nos diversos trabalhos de investiga\u00e7\u00e3o, permitindo, igualmente, o apoio \u00e0s atividades letivas.<\/p>\n<\/div>\n<\/div>\n\n\n\n<div style=\"height:40px\" aria-hidden=\"true\" class=\"wp-block-spacer\"><\/div>\n","protected":false},"excerpt":{"rendered":"I&amp;D+i A Escola Superior de Tecnologia e Gest\u00e3o de Leiria tem-se afirmado nos \u00faltimos anos como uma institui\u00e7\u00e3o focada na Investiga\u00e7\u00e3o, Desenvolvimento e Inova\u00e7\u00e3o (I&amp;D+i), inserida num Ecossistema de I&amp;D+i orientado primordialmente para o tecido econ\u00f3mico e social da regi\u00e3o onde est\u00e1 inserida, n\u00e3o descurando, no entanto, o potencial de aplica\u00e7\u00e3o em contexto internacional, dentro [&hellip;]","protected":false},"author":83,"featured_media":4797,"parent":4280,"menu_order":1,"comment_status":"closed","ping_status":"closed","template":"","meta":{"custompostfields_banners":"8367"},"_links":{"self":[{"href":"https:\/\/www.ipleiria.pt\/estg\/wp-json\/wp\/v2\/pages\/4282"}],"collection":[{"href":"https:\/\/www.ipleiria.pt\/estg\/wp-json\/wp\/v2\/pages"}],"about":[{"href":"https:\/\/www.ipleiria.pt\/estg\/wp-json\/wp\/v2\/types\/page"}],"author":[{"embeddable":true,"href":"https:\/\/www.ipleiria.pt\/estg\/wp-json\/wp\/v2\/users\/83"}],"replies":[{"embeddable":true,"href":"https:\/\/www.ipleiria.pt\/estg\/wp-json\/wp\/v2\/comments?post=4282"}],"version-history":[{"count":29,"href":"https:\/\/www.ipleiria.pt\/estg\/wp-json\/wp\/v2\/pages\/4282\/revisions"}],"predecessor-version":[{"id":12767,"href":"https:\/\/www.ipleiria.pt\/estg\/wp-json\/wp\/v2\/pages\/4282\/revisions\/12767"}],"up":[{"embeddable":true,"href":"https:\/\/www.ipleiria.pt\/estg\/wp-json\/wp\/v2\/pages\/4280"}],"wp:featuredmedia":[{"embeddable":true,"href":"https:\/\/www.ipleiria.pt\/estg\/wp-json\/wp\/v2\/media\/4797"}],"wp:attachment":[{"href":"https:\/\/www.ipleiria.pt\/estg\/wp-json\/wp\/v2\/media?parent=4282"}],"curies":[{"name":"wp","href":"https:\/\/api.w.org\/{rel}","templated":true}]}}