{"id":4289,"date":"2022-09-23T09:58:37","date_gmt":"2022-09-23T09:58:37","guid":{"rendered":"https:\/\/www.ipleiria.pt\/estg\/?page_id=4289"},"modified":"2025-01-09T19:11:56","modified_gmt":"2025-01-09T19:11:56","slug":"regulamentacao","status":"publish","type":"page","link":"https:\/\/www.ipleiria.pt\/estg\/investigar-topo\/bolsas-de-idi\/regulamentacao\/","title":{"rendered":"Regulamenta\u00e7\u00e3o"},"content":{"rendered":"\n<p class=\"is-style-theme-subtitle\">ESTG<\/p>\n\n\n\n<h2 class=\"is-style-theme-title\">Bolsas de I&amp;D+I<\/h2>\n\n\n\n<div class=\"wp-container-3 wp-block-columns\">\n<div class=\"wp-container-1 wp-block-column\" style=\"flex-basis:50%\">\n<p>Nos termos do&nbsp;<strong>artigo 3.\u00ba do Regulamento de Bolsas de Investiga\u00e7\u00e3o da FCT \u2013 Funda\u00e7\u00e3o para a Ci\u00eancia e a Tecnologia, I. P.<\/strong>, consideram-se bolsas de investiga\u00e7\u00e3o cient\u00edfica os subs\u00eddios destinados a apoiar o desenvolvimento de atividades de I&amp;D pelos seus benefici\u00e1rios, incluindo o prosseguimento de finalidades como o aprofundamento da articula\u00e7\u00e3o entre ci\u00eancia e ensino superior, o est\u00edmulo da forma\u00e7\u00e3o avan\u00e7ada em associa\u00e7\u00e3o com atividades de I&amp;D, a atra\u00e7\u00e3o de estudantes para atividades de I&amp;D e de difus\u00e3o e promo\u00e7\u00e3o da educa\u00e7\u00e3o cient\u00edfica e tecnol\u00f3gica em institui\u00e7\u00f5es cient\u00edficas, e o est\u00edmulo das atividades de I&amp;D por diplomados do ensino superior, atrav\u00e9s da<\/p>\n<\/div>\n\n\n\n<div class=\"wp-container-2 wp-block-column\" style=\"flex-basis:50%\">\n<p>atribui\u00e7\u00e3o de bolsas de investiga\u00e7\u00e3o em institui\u00e7\u00f5es cient\u00edficas que facilitem a sua inser\u00e7\u00e3o no mercado de trabalho especializado, sempre tendo como condi\u00e7\u00e3o regra para a sua atribui\u00e7\u00e3o a inser\u00e7\u00e3o efetiva dos seus benefici\u00e1rios em ciclos de estudos conducentes \u00e0 atribui\u00e7\u00e3o de graus acad\u00e9micos ou em cursos n\u00e3o conferentes de grau acad\u00e9mico.<\/p>\n\n\n\n<p>Na&nbsp;<strong>ESTG-Leiria<\/strong>, no \u00e2mbito dos v\u00e1rios projetos de I&amp;D que desenvolve e no \u00e2mbito das Unidades de I&amp;D das \u00e1reas de atua\u00e7\u00e3o da Escola, s\u00e3o regularmente atribu\u00eddas bolsas de investiga\u00e7\u00e3o cient\u00edfica, de diferentes tipologias, com destaque para as bolsas para estudantes de mestrado.<\/p>\n<\/div>\n<\/div>\n\n\n\n<hr class=\"wp-block-separator has-alpha-channel-opacity\"\/>\n\n\n\n<h2 class=\"is-style-theme-title\">Regulamenta\u00e7\u00e3o<\/h2>\n\n\n\n<div style=\"height:25px\" aria-hidden=\"true\" class=\"wp-block-spacer\"><\/div>\n\n\n\n<div class=\"wp-container-6 wp-block-columns\">\n<div class=\"wp-container-4 wp-block-column\">\n<ul><li><a href=\"https:\/\/www.ipleiria.pt\/investigar\/bolsas-idi\/concursos-abertos\/#bolsas-de-participacao-em-reunioes-cientificas-bprc_3\">Legisla\u00e7\u00e3o e regulamenta\u00e7\u00e3o<\/a><\/li><\/ul>\n<\/div>\n\n\n\n<div class=\"wp-container-5 wp-block-column\"><\/div>\n<\/div>\n\n\n\n<div style=\"height:60px\" aria-hidden=\"true\" class=\"wp-block-spacer\"><\/div>\n","protected":false},"excerpt":{"rendered":"ESTG Bolsas de I&amp;D+I Nos termos do&nbsp;artigo 3.\u00ba do Regulamento de Bolsas de Investiga\u00e7\u00e3o da FCT \u2013 Funda\u00e7\u00e3o para a Ci\u00eancia e a Tecnologia, I. P., consideram-se bolsas de investiga\u00e7\u00e3o cient\u00edfica os subs\u00eddios destinados a apoiar o desenvolvimento de atividades de I&amp;D pelos seus benefici\u00e1rios, incluindo o prosseguimento de finalidades como o aprofundamento da articula\u00e7\u00e3o [&hellip;]","protected":false},"author":83,"featured_media":7952,"parent":4284,"menu_order":2,"comment_status":"closed","ping_status":"closed","template":"","meta":{"custompostfields_banners":""},"_links":{"self":[{"href":"https:\/\/www.ipleiria.pt\/estg\/wp-json\/wp\/v2\/pages\/4289"}],"collection":[{"href":"https:\/\/www.ipleiria.pt\/estg\/wp-json\/wp\/v2\/pages"}],"about":[{"href":"https:\/\/www.ipleiria.pt\/estg\/wp-json\/wp\/v2\/types\/page"}],"author":[{"embeddable":true,"href":"https:\/\/www.ipleiria.pt\/estg\/wp-json\/wp\/v2\/users\/83"}],"replies":[{"embeddable":true,"href":"https:\/\/www.ipleiria.pt\/estg\/wp-json\/wp\/v2\/comments?post=4289"}],"version-history":[{"count":10,"href":"https:\/\/www.ipleiria.pt\/estg\/wp-json\/wp\/v2\/pages\/4289\/revisions"}],"predecessor-version":[{"id":8494,"href":"https:\/\/www.ipleiria.pt\/estg\/wp-json\/wp\/v2\/pages\/4289\/revisions\/8494"}],"up":[{"embeddable":true,"href":"https:\/\/www.ipleiria.pt\/estg\/wp-json\/wp\/v2\/pages\/4284"}],"wp:featuredmedia":[{"embeddable":true,"href":"https:\/\/www.ipleiria.pt\/estg\/wp-json\/wp\/v2\/media\/7952"}],"wp:attachment":[{"href":"https:\/\/www.ipleiria.pt\/estg\/wp-json\/wp\/v2\/media?parent=4289"}],"curies":[{"name":"wp","href":"https:\/\/api.w.org\/{rel}","templated":true}]}}