{"id":434,"date":"2021-10-08T17:47:56","date_gmt":"2021-10-08T16:47:56","guid":{"rendered":"https:\/\/www.ipleiria.pt\/estm\/?page_id=434"},"modified":"2021-10-08T17:47:56","modified_gmt":"2021-10-08T16:47:56","slug":"sitemap","status":"publish","type":"page","link":"https:\/\/www.ipleiria.pt\/estg\/sitemap\/","title":{"rendered":"Mapa do site"},"content":{"rendered":"<div id=\"sitemap\"><h2 id=\"sitemap-title\" class=\"sr-only\">Mapa do site<\/h2><ul aria-labelledby=\"sitemap-title\"><li><h3>Menu principal<\/h3><div id=\"sitemap-menu\" class=\"sitemap-container\"><ul id=\"menu-menu-principal\" class=\" sitemap bootstrap-megamenu\"><li id=\"menu-item-679\" class=\"menu-item menu-item-type-post_type menu-item-object-page menu-item-has-children menu-item-679\"><a href=\"https:\/\/www.ipleiria.pt\/estg\/estudantes\/\">Estudantes<\/a>\n<ul class=\"sub-menu\">\n\t<li id=\"menu-item-700\" class=\"menu-item menu-item-type-post_type menu-item-object-page menu-item-has-children menu-item-700\"><a href=\"https:\/\/www.ipleiria.pt\/estg\/estudantes\/dia-a-dia\/\">Dia a dia<\/a>\n\t<ul class=\"sub-menu\">\n\t\t<li id=\"menu-item-701\" class=\"menu-item menu-item-type-post_type menu-item-object-page menu-item-701\"><a href=\"https:\/\/www.ipleiria.pt\/estg\/estudantes\/dia-a-dia\/guia-de-acolhimento\/\">Guia de acolhimento<\/a><\/li>\n\t\t<li id=\"menu-item-702\" class=\"menu-item menu-item-type-post_type menu-item-object-page menu-item-702\"><a href=\"https:\/\/www.ipleiria.pt\/estg\/estudantes\/dia-a-dia\/acesso-a-plataformas\/\">Acesso a plataformas<\/a><\/li>\n\t\t<li id=\"menu-item-703\" class=\"menu-item menu-item-type-post_type menu-item-object-page menu-item-703\"><a href=\"https:\/\/www.ipleiria.pt\/estg\/estudantes\/dia-a-dia\/provedor-do-estudante\/\">Provedor do estudante<\/a><\/li>\n\t<\/ul>\n<\/li>\n\t<li id=\"menu-item-704\" class=\"menu-item menu-item-type-post_type menu-item-object-page menu-item-has-children menu-item-704\"><a href=\"https:\/\/www.ipleiria.pt\/estg\/estudantes\/cursos\/\">Cursos<\/a>\n\t<ul class=\"sub-menu\">\n\t\t<li id=\"menu-item-705\" class=\"menu-item menu-item-type-post_type menu-item-object-page menu-item-705\"><a href=\"https:\/\/www.ipleiria.pt\/estg\/estudantes\/cursos\/tesp\/\">TeSP<\/a><\/li>\n\t\t<li id=\"menu-item-706\" class=\"menu-item menu-item-type-post_type menu-item-object-page menu-item-706\"><a href=\"https:\/\/www.ipleiria.pt\/estg\/estudantes\/cursos\/licenciaturas\/\">Licenciaturas<\/a><\/li>\n\t\t<li id=\"menu-item-708\" class=\"menu-item menu-item-type-post_type menu-item-object-page menu-item-708\"><a href=\"https:\/\/www.ipleiria.pt\/estg\/estudantes\/cursos\/pos-graduacoes\/\">P\u00f3s-gradua\u00e7\u00f5es<\/a><\/li>\n\t\t<li id=\"menu-item-707\" class=\"menu-item menu-item-type-post_type menu-item-object-page menu-item-707\"><a href=\"https:\/\/www.ipleiria.pt\/estg\/estudantes\/cursos\/mestrados\/\">Mestrados<\/a><\/li>\n\t\t<li id=\"menu-item-6275\" class=\"menu-item menu-item-type-post_type menu-item-object-page menu-item-6275\"><a href=\"https:\/\/www.ipleiria.pt\/estg\/estudantes\/cursos\/doutoramentos\/\">Doutoramentos<\/a><\/li>\n\t\t<li id=\"menu-item-709\" class=\"menu-item menu-item-type-post_type menu-item-object-page menu-item-709\"><a href=\"https:\/\/www.ipleiria.pt\/estg\/estudantes\/cursos\/formacao-continua\/\">Forma\u00e7\u00e3o cont\u00ednua<\/a><\/li>\n\t<\/ul>\n<\/li>\n\t<li id=\"menu-item-710\" class=\"menu-item menu-item-type-post_type menu-item-object-page menu-item-has-children menu-item-710\"><a href=\"https:\/\/www.ipleiria.pt\/estg\/estudantes\/informacoes\/\">Informa\u00e7\u00f5es<\/a>\n\t<ul class=\"sub-menu\">\n\t\t<li id=\"menu-item-711\" class=\"menu-item menu-item-type-post_type menu-item-object-page menu-item-711\"><a href=\"https:\/\/www.ipleiria.pt\/estg\/estudantes\/informacoes\/calendarios\/\">Calend\u00e1rios<\/a><\/li>\n\t\t<li id=\"menu-item-712\" class=\"menu-item menu-item-type-post_type menu-item-object-page menu-item-712\"><a href=\"https:\/\/www.ipleiria.pt\/estg\/estudantes\/informacoes\/provas-publicas-agendadas\/\">Provas p\u00fablicas agendadas<\/a><\/li>\n\t\t<li id=\"menu-item-713\" class=\"menu-item menu-item-type-post_type menu-item-object-page menu-item-713\"><a href=\"https:\/\/www.ipleiria.pt\/estg\/estudantes\/informacoes\/servicos-academicos\/\">Servi\u00e7os de Gest\u00e3o Acad\u00e9mica<\/a><\/li>\n\t\t<li id=\"menu-item-765\" class=\"menu-item menu-item-type-post_type menu-item-object-page menu-item-765\"><a href=\"https:\/\/www.ipleiria.pt\/estg\/estudantes\/informacoes\/estagios\/\">Est\u00e1gios<\/a><\/li>\n\t<\/ul>\n<\/li>\n<\/ul>\n<\/li>\n<li id=\"menu-item-692\" class=\"menu-item menu-item-type-post_type menu-item-object-page menu-item-has-children menu-item-692\"><a href=\"https:\/\/www.ipleiria.pt\/estg\/investigar-topo\/investigacao\/\">Investigar<\/a>\n<ul class=\"sub-menu\">\n\t<li id=\"menu-item-4305\" class=\"menu-item menu-item-type-post_type menu-item-object-page menu-item-has-children menu-item-4305\"><a href=\"https:\/\/www.ipleiria.pt\/estg\/investigar-topo\/investigacao\/\">Investigar<\/a>\n\t<ul class=\"sub-menu\">\n\t\t<li id=\"menu-item-4306\" class=\"menu-item menu-item-type-post_type menu-item-object-page menu-item-4306\"><a href=\"https:\/\/www.ipleiria.pt\/estg\/investigar-topo\/investigacao\/noticias-de-id\/\">Not\u00edcias de I&#038;D<\/a><\/li>\n\t\t<li id=\"menu-item-4307\" class=\"menu-item menu-item-type-post_type menu-item-object-page menu-item-4307\"><a href=\"https:\/\/www.ipleiria.pt\/estg\/investigar-topo\/investigacao\/apoio-a-investigacao\/\">Apoio \u00e0 Investiga\u00e7\u00e3o<\/a><\/li>\n\t\t<li id=\"menu-item-8501\" class=\"menu-item menu-item-type-post_type menu-item-object-page menu-item-8501\"><a href=\"https:\/\/www.ipleiria.pt\/estg\/investigar-topo\/investigacao\/regulamentacao\/\">Regulamenta\u00e7\u00e3o<\/a><\/li>\n\t<\/ul>\n<\/li>\n\t<li id=\"menu-item-8338\" class=\"menu-item menu-item-type-post_type menu-item-object-page menu-item-has-children menu-item-8338\"><a href=\"https:\/\/www.ipleiria.pt\/estg\/investigar-topo\/resultados-de-idi\/\">Resultados de I&#038;D+I<\/a>\n\t<ul class=\"sub-menu\">\n\t\t<li id=\"menu-item-8339\" class=\"menu-item menu-item-type-post_type menu-item-object-page menu-item-8339\"><a href=\"https:\/\/www.ipleiria.pt\/estg\/investigar-topo\/resultados-de-idi\/projetos-de-idi\/\">Projetos de I&#038;D+I<\/a><\/li>\n\t<\/ul>\n<\/li>\n\t<li id=\"menu-item-4297\" class=\"menu-item menu-item-type-post_type menu-item-object-page menu-item-has-children menu-item-4297\"><a href=\"https:\/\/www.ipleiria.pt\/estg\/investigar-topo\/bolsas-de-idi\/\">Bolsas de I&#038;D+I<\/a>\n\t<ul class=\"sub-menu\">\n\t\t<li id=\"menu-item-4299\" class=\"menu-item menu-item-type-post_type menu-item-object-page menu-item-4299\"><a href=\"https:\/\/www.ipleiria.pt\/estg\/investigar-topo\/bolsas-de-idi\/regulamentacao\/\">Regulamenta\u00e7\u00e3o<\/a><\/li>\n\t\t<li id=\"menu-item-4298\" class=\"menu-item menu-item-type-post_type menu-item-object-page menu-item-4298\"><a href=\"https:\/\/www.ipleiria.pt\/estg\/investigar-topo\/bolsas-de-idi\/concursos-abertos\/\">Concursos Abertos<\/a><\/li>\n\t<\/ul>\n<\/li>\n\t<li id=\"menu-item-3202\" class=\"menu-item menu-item-type-post_type menu-item-object-page menu-item-has-children menu-item-3202\"><a href=\"https:\/\/www.ipleiria.pt\/estg\/inovar\/lorem-ipsum-3\/\">Unidades de Investiga\u00e7\u00e3o<\/a>\n\t<ul class=\"sub-menu\">\n\t\t<li id=\"menu-item-821\" class=\"menu-item menu-item-type-post_type menu-item-object-page menu-item-821\"><a href=\"https:\/\/www.ipleiria.pt\/estg\/investigar-topo\/unidades-de-investigacao\/unidades-de-investigacao\/\">Unidades, polos e delega\u00e7\u00f5es<\/a><\/li>\n\t<\/ul>\n<\/li>\n<\/ul>\n<\/li>\n<li id=\"menu-item-693\" class=\"menu-item menu-item-type-post_type menu-item-object-page menu-item-has-children menu-item-693\"><a href=\"https:\/\/www.ipleiria.pt\/estg\/inovar\/\">Inovar<\/a>\n<ul class=\"sub-menu\">\n\t<li id=\"menu-item-838\" class=\"menu-item menu-item-type-post_type menu-item-object-page menu-item-has-children menu-item-838\"><a href=\"https:\/\/www.ipleiria.pt\/estg\/inovar\/qualidade\/\">Qualidade<\/a>\n\t<ul class=\"sub-menu\">\n\t\t<li id=\"menu-item-793\" class=\"menu-item menu-item-type-post_type menu-item-object-page menu-item-793\"><a href=\"https:\/\/www.ipleiria.pt\/estg\/inovar\/qualidade\/sigq\/\">SIGQ<\/a><\/li>\n\t\t<li id=\"menu-item-829\" class=\"menu-item menu-item-type-post_type menu-item-object-page menu-item-829\"><a href=\"https:\/\/www.ipleiria.pt\/estg\/inovar\/qualidade\/avaliacao-interna-dos-cursos\/\">Avalia\u00e7\u00e3o interna dos cursos<\/a><\/li>\n\t\t<li id=\"menu-item-828\" class=\"menu-item menu-item-type-post_type menu-item-object-page menu-item-828\"><a href=\"https:\/\/www.ipleiria.pt\/estg\/inovar\/qualidade\/avaliacao-externa\/\">Avalia\u00e7\u00e3o externa<\/a><\/li>\n\t\t<li id=\"menu-item-826\" class=\"menu-item menu-item-type-post_type menu-item-object-page menu-item-826\"><a href=\"https:\/\/www.ipleiria.pt\/estg\/inovar\/qualidade\/desempenho-docente\/\">Desempenho docente<\/a><\/li>\n\t\t<li id=\"menu-item-825\" class=\"menu-item menu-item-type-post_type menu-item-object-page menu-item-825\"><a href=\"https:\/\/www.ipleiria.pt\/estg\/inovar\/qualidade\/quadro-de-avaliacao-e-responsabilidade\/\">Quadro de avalia\u00e7\u00e3o e responsabilidade<\/a><\/li>\n\t<\/ul>\n<\/li>\n\t<li id=\"menu-item-837\" class=\"menu-item menu-item-type-post_type menu-item-object-page menu-item-has-children menu-item-837\"><a href=\"https:\/\/www.ipleiria.pt\/estg\/inovar\/documentos\/\">Documentos<\/a>\n\t<ul class=\"sub-menu\">\n\t\t<li id=\"menu-item-824\" class=\"menu-item menu-item-type-post_type menu-item-object-page menu-item-824\"><a href=\"https:\/\/www.ipleiria.pt\/estg\/inovar\/documentos\/manual-de-controlo-interno\/\">Manual de controlo interno<\/a><\/li>\n\t\t<li id=\"menu-item-823\" class=\"menu-item menu-item-type-post_type menu-item-object-page menu-item-823\"><a href=\"https:\/\/www.ipleiria.pt\/estg\/inovar\/documentos\/plano-de-gestao-de-risco\/\">Plano de Gest\u00e3o de Riscos<\/a><\/li>\n\t\t<li id=\"menu-item-822\" class=\"menu-item menu-item-type-post_type menu-item-object-page menu-item-822\"><a href=\"https:\/\/www.ipleiria.pt\/estg\/inovar\/documentos\/plano-e-relatorio-de-atividades\/\">Plano e relat\u00f3rio de atividades<\/a><\/li>\n\t<\/ul>\n<\/li>\n\t<li id=\"menu-item-4253\" class=\"menu-item menu-item-type-post_type menu-item-object-page menu-item-has-children menu-item-4253\"><a href=\"https:\/\/www.ipleiria.pt\/estg\/inovar\/lorem-ipsum-3\/\">Forma\u00e7\u00e3o<\/a>\n\t<ul class=\"sub-menu\">\n\t\t<li id=\"menu-item-4252\" class=\"menu-item menu-item-type-post_type menu-item-object-page menu-item-4252\"><a href=\"https:\/\/www.ipleiria.pt\/estg\/inovar\/formacao\/academias\/\">Academias<\/a><\/li>\n\t<\/ul>\n<\/li>\n<\/ul>\n<\/li>\n<li id=\"menu-item-4330\" class=\"menu-item menu-item-type-post_type menu-item-object-page menu-item-has-children menu-item-4330\"><a href=\"https:\/\/www.ipleiria.pt\/estg\/internacional\/\">Internacional<\/a>\n<ul class=\"sub-menu\">\n\t<li id=\"menu-item-4477\" class=\"menu-item menu-item-type-post_type menu-item-object-page menu-item-has-children menu-item-4477\"><a href=\"https:\/\/www.ipleiria.pt\/estg\/internacional\/internacional\/\">Internacional<\/a>\n\t<ul class=\"sub-menu\">\n\t\t<li id=\"menu-item-4478\" class=\"menu-item menu-item-type-post_type menu-item-object-page menu-item-4478\"><a href=\"https:\/\/www.ipleiria.pt\/estg\/internacional\/internacional\/gabinete-internacional\/\">Gabinete<\/a><\/li>\n\t\t<li id=\"menu-item-4479\" class=\"menu-item menu-item-type-post_type menu-item-object-page menu-item-4479\"><a href=\"https:\/\/www.ipleiria.pt\/estg\/internacional\/internacional\/noticias\/\">Not\u00edcias<\/a><\/li>\n\t<\/ul>\n<\/li>\n\t<li id=\"menu-item-4501\" class=\"menu-item menu-item-type-post_type menu-item-object-page menu-item-has-children menu-item-4501\"><a href=\"https:\/\/www.ipleiria.pt\/estg\/internacional\/staff\/\">Staff<\/a>\n\t<ul class=\"sub-menu\">\n\t\t<li id=\"menu-item-4502\" class=\"menu-item menu-item-type-post_type menu-item-object-page menu-item-4502\"><a href=\"https:\/\/www.ipleiria.pt\/estg\/internacional\/staff\/erasmus\/\">ERASMUS+<\/a><\/li>\n\t\t<li id=\"menu-item-4873\" class=\"menu-item menu-item-type-post_type menu-item-object-page menu-item-4873\"><a href=\"https:\/\/www.ipleiria.pt\/estg\/internacional\/staff\/staff-weeks\/\">Staff weeks<\/a><\/li>\n\t<\/ul>\n<\/li>\n\t<li id=\"menu-item-4517\" class=\"menu-item menu-item-type-post_type menu-item-object-page menu-item-has-children menu-item-4517\"><a href=\"https:\/\/www.ipleiria.pt\/estg\/internacional\/estudantes\/\">Estudantes<\/a>\n\t<ul class=\"sub-menu\">\n\t\t<li id=\"menu-item-4518\" class=\"menu-item menu-item-type-post_type menu-item-object-page menu-item-4518\"><a href=\"https:\/\/www.ipleiria.pt\/estg\/internacional\/estudantes\/outgoing\/\">Outgoing<\/a><\/li>\n\t\t<li id=\"menu-item-8111\" class=\"menu-item menu-item-type-post_type menu-item-object-page menu-item-8111\"><a href=\"https:\/\/www.ipleiria.pt\/estg\/internacional\/estudantes\/incoming\/\">Incoming<\/a><\/li>\n\t<\/ul>\n<\/li>\n\t<li id=\"menu-item-8242\" class=\"menu-item menu-item-type-post_type menu-item-object-page menu-item-has-children menu-item-8242\"><a href=\"https:\/\/www.ipleiria.pt\/estg\/internacional\/internacional\/bip\/\">BIP<\/a>\n\t<ul class=\"sub-menu\">\n\t\t<li id=\"menu-item-8241\" class=\"menu-item menu-item-type-post_type menu-item-object-page menu-item-8241\"><a href=\"https:\/\/www.ipleiria.pt\/estg\/internacional\/internacional\/bip\/thinking-marketing-and-strategy-outside-the-box\/\">Thinking Marketing and Strategy Outside the Box<\/a><\/li>\n\t<\/ul>\n<\/li>\n<\/ul>\n<\/li>\n<li id=\"menu-item-683\" class=\"menu-item menu-item-type-post_type menu-item-object-page menu-item-has-children menu-item-683\"><a href=\"https:\/\/www.ipleiria.pt\/estg\/escola\/\">Escola<\/a>\n<ul class=\"sub-menu\">\n\t<li id=\"menu-item-684\" class=\"menu-item menu-item-type-post_type menu-item-object-page menu-item-has-children menu-item-684\"><a href=\"https:\/\/www.ipleiria.pt\/estg\/escola\/quem-somos\/\">Institucional<\/a>\n\t<ul class=\"sub-menu\">\n\t\t<li id=\"menu-item-685\" class=\"menu-item menu-item-type-post_type menu-item-object-page menu-item-685\"><a href=\"https:\/\/www.ipleiria.pt\/estg\/escola\/quem-somos\/a-escola\/\">A ESTG<\/a><\/li>\n\t\t<li id=\"menu-item-5669\" class=\"menu-item menu-item-type-post_type menu-item-object-page menu-item-5669\"><a href=\"https:\/\/www.ipleiria.pt\/estg\/escola\/quem-somos\/diretor\/\">Dire\u00e7\u00e3o<\/a><\/li>\n\t\t<li id=\"menu-item-6314\" class=\"menu-item menu-item-type-post_type menu-item-object-page menu-item-6314\"><a href=\"https:\/\/www.ipleiria.pt\/estg\/escola\/quem-somos\/direcao-e-orgaos\/\">\u00d3rg\u00e3os<\/a><\/li>\n\t\t<li id=\"menu-item-753\" class=\"menu-item menu-item-type-post_type menu-item-object-page menu-item-753\"><a href=\"https:\/\/www.ipleiria.pt\/estg\/escola\/quem-somos\/coordenadores\/\">Coordenadores<\/a><\/li>\n\t\t<li id=\"menu-item-691\" class=\"menu-item menu-item-type-post_type menu-item-object-page menu-item-691\"><a href=\"https:\/\/www.ipleiria.pt\/estg\/escola\/quem-somos\/laboratorios\/\">Respons\u00e1veis de Laborat\u00f3rio<\/a><\/li>\n\t\t<li id=\"menu-item-750\" class=\"menu-item menu-item-type-post_type menu-item-object-page menu-item-750\"><a href=\"https:\/\/www.ipleiria.pt\/estg\/escola\/quem-somos\/servicos\/\">Servi\u00e7os<\/a><\/li>\n\t\t<li id=\"menu-item-690\" class=\"menu-item menu-item-type-post_type menu-item-object-page menu-item-690\"><a href=\"https:\/\/www.ipleiria.pt\/estg\/escola\/quem-somos\/departamentos\/\">Departamentos<\/a><\/li>\n\t\t<li id=\"menu-item-9021\" class=\"menu-item menu-item-type-post_type menu-item-object-page menu-item-9021\"><a href=\"https:\/\/www.ipleiria.pt\/estg\/escola\/35-anos\/\">35 anos<\/a><\/li>\n\t<\/ul>\n<\/li>\n\t<li id=\"menu-item-695\" class=\"menu-item menu-item-type-post_type menu-item-object-page menu-item-has-children menu-item-695\"><a href=\"https:\/\/www.ipleiria.pt\/estg\/escola\/informacoes\/\">Informa\u00e7\u00f5es<\/a>\n\t<ul class=\"sub-menu\">\n\t\t<li id=\"menu-item-696\" class=\"menu-item menu-item-type-post_type menu-item-object-page menu-item-696\"><a href=\"https:\/\/www.ipleiria.pt\/estg\/escola\/informacoes\/informacao-de-gestao\/\">Informa\u00e7\u00e3o de gest\u00e3o<\/a><\/li>\n\t\t<li id=\"menu-item-697\" class=\"menu-item menu-item-type-post_type menu-item-object-page menu-item-697\"><a href=\"https:\/\/www.ipleiria.pt\/estg\/escola\/informacoes\/legislacao\/\">Legisla\u00e7\u00e3o<\/a><\/li>\n\t\t<li id=\"menu-item-698\" class=\"menu-item menu-item-type-post_type menu-item-object-page menu-item-698\"><a href=\"https:\/\/www.ipleiria.pt\/estg\/escola\/informacoes\/publicacao-de-atos\/\">Publica\u00e7\u00e3o de atos<\/a><\/li>\n\t\t<li id=\"menu-item-699\" class=\"menu-item menu-item-type-post_type menu-item-object-page menu-item-699\"><a href=\"https:\/\/www.ipleiria.pt\/estg\/escola\/informacoes\/processos-eleitorais\/\">Processos eleitorais<\/a><\/li>\n\t\t<li id=\"menu-item-744\" class=\"menu-item menu-item-type-post_type menu-item-object-page menu-item-744\"><a href=\"https:\/\/www.ipleiria.pt\/estg\/escola\/informacoes\/regulamentos\/\">Regulamentos<\/a><\/li>\n\t\t<li id=\"menu-item-749\" class=\"menu-item menu-item-type-post_type menu-item-object-page menu-item-749\"><a href=\"https:\/\/www.ipleiria.pt\/estg\/escola\/informacoes\/informacoes-e-plataformas\/\">Informa\u00e7\u00f5es e plataformas<\/a><\/li>\n\t<\/ul>\n<\/li>\n\t<li id=\"menu-item-6218\" class=\"menu-item menu-item-type-post_type menu-item-object-page menu-item-has-children menu-item-6218\"><a href=\"https:\/\/www.ipleiria.pt\/estg\/escola\/espacos\/\">Espa\u00e7os<\/a>\n\t<ul class=\"sub-menu\">\n\t\t<li id=\"menu-item-688\" class=\"menu-item menu-item-type-post_type menu-item-object-page menu-item-688\"><a href=\"https:\/\/www.ipleiria.pt\/estg\/escola\/espacos\/estg-360\/\">ESTG 360\u00ba<\/a><\/li>\n\t<\/ul>\n<\/li>\n\t<li id=\"menu-item-6219\" class=\"menu-item menu-item-type-post_type menu-item-object-page menu-item-has-children menu-item-6219\"><a href=\"https:\/\/www.ipleiria.pt\/estg\/escola\/seguranca\/\">Seguran\u00e7a<\/a>\n\t<ul class=\"sub-menu\">\n\t\t<li id=\"menu-item-741\" class=\"menu-item menu-item-type-post_type menu-item-object-page menu-item-741\"><a href=\"https:\/\/www.ipleiria.pt\/estg\/escola\/seguranca\/plano-de-seguranca-interno\/\">Plano de seguran\u00e7a interno<\/a><\/li>\n\t<\/ul>\n<\/li>\n\t<li id=\"menu-item-7205\" class=\"menu-item menu-item-type-post_type menu-item-object-page menu-item-has-children menu-item-7205\"><a href=\"https:\/\/www.ipleiria.pt\/estg\/escola\/agenda\/\">Agenda<\/a>\n\t<ul class=\"sub-menu\">\n\t\t<li id=\"menu-item-7206\" class=\"menu-item menu-item-type-post_type menu-item-object-page menu-item-7206\"><a href=\"https:\/\/www.ipleiria.pt\/estg\/escola\/agenda\/eventos\/\">Eventos<\/a><\/li>\n\t<\/ul>\n<\/li>\n<\/ul>\n<\/li>\n<\/ul><\/div><\/li><li><h3>Outras liga\u00e7\u00f5es<\/h3><div id=\"sitemap-menu-other-links\" class=\"sitemap-container\"><ul id=\"menu-about-menu\" class=\" sitemap bootstrap-megamenu\"><li id=\"menu-item-680\" class=\"menu-item menu-item-type-post_type menu-item-object-page menu-item-680\"><a href=\"https:\/\/www.ipleiria.pt\/estg\/acessibilidade\/\">Acessibilidade<\/a><\/li>\n<li id=\"menu-item-681\" class=\"menu-item menu-item-type-post_type menu-item-object-page menu-item-681\"><a href=\"https:\/\/www.ipleiria.pt\/estg\/sitemap\/\">Mapa do site<\/a><\/li>\n<li id=\"menu-item-682\" class=\"menu-item menu-item-type-post_type menu-item-object-page menu-item-682\"><a href=\"https:\/\/www.ipleiria.pt\/estg\/politica-de-privacidade\/\">Pol\u00edtica de Privacidade<\/a><\/li>\n<\/ul><\/div><\/li><\/ul><\/div>","protected":false},"excerpt":{"rendered":"","protected":false},"author":1,"featured_media":0,"parent":0,"menu_order":910,"comment_status":"closed","ping_status":"closed","template":"","meta":{"custompostfields_banners":""},"_links":{"self":[{"href":"https:\/\/www.ipleiria.pt\/estg\/wp-json\/wp\/v2\/pages\/434"}],"collection":[{"href":"https:\/\/www.ipleiria.pt\/estg\/wp-json\/wp\/v2\/pages"}],"about":[{"href":"https:\/\/www.ipleiria.pt\/estg\/wp-json\/wp\/v2\/types\/page"}],"author":[{"embeddable":true,"href":"https:\/\/www.ipleiria.pt\/estg\/wp-json\/wp\/v2\/users\/1"}],"replies":[{"embeddable":true,"href":"https:\/\/www.ipleiria.pt\/estg\/wp-json\/wp\/v2\/comments?post=434"}],"version-history":[{"count":0,"href":"https:\/\/www.ipleiria.pt\/estg\/wp-json\/wp\/v2\/pages\/434\/revisions"}],"wp:attachment":[{"href":"https:\/\/www.ipleiria.pt\/estg\/wp-json\/wp\/v2\/media?parent=434"}],"curies":[{"name":"wp","href":"https:\/\/api.w.org\/{rel}","templated":true}]}}