{"id":4342,"date":"2022-09-29T10:42:40","date_gmt":"2022-09-29T10:42:40","guid":{"rendered":"https:\/\/www.ipleiria.pt\/estg\/?page_id=4342"},"modified":"2025-01-20T16:55:46","modified_gmt":"2025-01-20T16:55:46","slug":"noticias","status":"publish","type":"page","link":"https:\/\/www.ipleiria.pt\/estg\/internacional\/internacional\/noticias\/","title":{"rendered":"Not\u00edcias"},"content":{"rendered":"\n<p class=\"is-style-theme-subtitle\">Internacional<\/p>\n\n\n\n<p class=\"is-style-theme-title\">Not\u00edcias<\/p>\n\n\n\n<div style=\"height:40px\" aria-hidden=\"true\" class=\"wp-block-spacer\"><\/div>\n\n\n\n<div id=\"gbc-40fb3d-9c\" class=\"wp-block-pt-ipleiria-ued-wp-theme-ipleiria-gutenbergblocks-container gbc gbc-view row-valign-top align-none\"><div class=\"gbc-background-overlay gbc-background-overlay-normal\" style=\"opacity:0.3\"><\/div><div class=\"gbc-wrapper\" style=\"padding-left:30;padding-right:30;padding-top:0px;padding-bottom:30px\"><div id=\"gbc-container-gbc-40fb3d-9c\" class=\"inner-container container\">            <div class=\"main-content\">\n                <div class=\"\">\n                    \n                    <ul class=\"posts news no-bullets pages-list\" style=\"grid-template-columns: repeat(auto-fill,minmax(270px, 1fr));\">\n                                                                                                                                                                                                                                                                                                                                                                                                                                                                                                                                                                                    <li id=\"post-8256\" class=\"post page-list-item\" style=\"\">\n                                <a href=\"https:\/\/www.ipleiria.pt\/estg\/2024\/12\/09\/workshop-3-understanding-awarding-criteria-and-what-evaluator-looks-for\/\"  class=\"block entry-link m-0 no-icon page-item-link\" style=\"padding-top: 100%;\" aria-roledescription=\"Liga\u00e7\u00e3o para not\u00edcia\" aria-labelledby=\"post-title-8256\">\n                                                                                                                                                                                                                    <span class=\"block page-item-thumbnail-wrapper\"><img loading=\"lazy\" width=\"358\" height=\"358\" class=\"block entry-thumbnail page-item-thumbnail m-0\" alt=\"\" src=\"https:\/\/www.ipleiria.pt\/estg\/wp-content\/uploads\/sites\/32\/2024\/12\/Online-Workshop-Understanding-Awarding-Criteria_destaque.jpg\"><\/span>\n                                                                                                                                                            <div class=\"block page-item-title\">\n                                        <h3 id=\"post-title-8256\" aria-hidden=\"true\" role=\"presentation\" class=\"block entry-title has-dark-title-text-color-color\" style=\"font-size: 1.2rem;text-transform: none;\">Workshop 3: Understanding Awarding Criteria and What Evaluator Looks For<\/h3>\n                                    <\/div>\n                                <\/a>\n                            <\/li>\n                                                                                                                                                                                                                                                                                                                                                                                                                                                                                                                                                                                    <li id=\"post-6339\" class=\"post page-list-item\" style=\"\">\n                                <a href=\"https:\/\/www.ipleiria.pt\/estg\/2024\/10\/16\/3rd-international-erasmus-staff-week-at-amasya-university\/\"  class=\"block entry-link m-0 no-icon page-item-link\" style=\"padding-top: 100%;\" aria-roledescription=\"Liga\u00e7\u00e3o para not\u00edcia\" aria-labelledby=\"post-title-6339\">\n                                                                                                                                                                                                                    <span class=\"block page-item-thumbnail-wrapper\"><img loading=\"lazy\" width=\"358\" height=\"358\" class=\"block entry-thumbnail page-item-thumbnail m-0\" alt=\"\" src=\"https:\/\/www.ipleiria.pt\/estg\/wp-content\/uploads\/sites\/32\/2024\/10\/3rd-International-Erasmus-Staff-Week-at-Amasya-University_358.jpg\"><\/span>\n                                                                                                                                                            <div class=\"block page-item-title\">\n                                        <h3 id=\"post-title-6339\" aria-hidden=\"true\" role=\"presentation\" class=\"block entry-title has-dark-title-text-color-color\" style=\"font-size: 1.2rem;text-transform: none;\">3rd International Erasmus+ Staff Week at Amasya University<\/h3>\n                                    <\/div>\n                                <\/a>\n                            <\/li>\n                                                                                                                                                                                                                                                                                                                                                                                                                                                                                                                                                                                    <li id=\"post-6335\" class=\"post page-list-item\" style=\"\">\n                                <a href=\"https:\/\/www.ipleiria.pt\/estg\/2024\/10\/16\/mini-staff-week-25-29-november-2024-at-fse-ujep\/\"  class=\"block entry-link m-0 no-icon page-item-link\" style=\"padding-top: 100%;\" aria-roledescription=\"Liga\u00e7\u00e3o para not\u00edcia\" aria-labelledby=\"post-title-6335\">\n                                                                                                                                                                                                                    <span class=\"block page-item-thumbnail-wrapper\"><img loading=\"lazy\" width=\"358\" height=\"358\" class=\"block entry-thumbnail page-item-thumbnail m-0\" alt=\"\" src=\"https:\/\/www.ipleiria.pt\/estg\/wp-content\/uploads\/sites\/32\/2024\/10\/Staff-Week-at-FSE-UJEP_2024_358.png\"><\/span>\n                                                                                                                                                            <div class=\"block page-item-title\">\n                                        <h3 id=\"post-title-6335\" aria-hidden=\"true\" role=\"presentation\" class=\"block entry-title has-dark-title-text-color-color\" style=\"font-size: 1.2rem;text-transform: none;\">Mini Staff Week : 25. \u2013 29. November 2024 at FSE UJEP<\/h3>\n                                    <\/div>\n                                <\/a>\n                            <\/li>\n                                            <\/ul>\n                    <div class=\"clearfix\"><\/div>\n                <\/div>\n            <\/div>\n<script>\n(function () {\n    if (\"ontouchstart\" in document.documentElement && \"querySelectorAll\" in document) {\n        window.addEventListener('DOMContentLoaded', function(){\n            var articlesLinks = document.querySelectorAll('.IPLeiria .news.pages-list a.page-item-link');\n            articlesLinks.forEach(function(articleLink){\n                articleLink.addEventListener('contextmenu', function(e){\n                    e.preventDefault();\n                    e.stopPropagation();\n                    e.stopImmediatePropagation();\n                    return false;\n                });\n            });\n        });\n    }\n})();\n<\/script>\n<noscript>\n<span class=\"d-none\">Sem suporte para JavaScript<\/span>\n<\/noscript>\n        \n\n\n<div style=\"height:10px\" aria-hidden=\"true\" class=\"wp-block-spacer\"><\/div>\n<\/div><\/div><\/div>\n\n\n\n<hr class=\"wp-block-separator has-alpha-channel-opacity\"\/>\n\n\n\n<div class=\"wp-container-3 wp-block-columns\">\n<div class=\"wp-container-1 wp-block-column\" style=\"flex-basis:33.33%\">\n<p class=\"is-style-theme-subtitle\">Outras<\/p>\n\n\n\n<p class=\"is-style-theme-title\">Not\u00edcias<\/p>\n<\/div>\n\n\n\n<div class=\"wp-container-2 wp-block-column\">\n<div style=\"height:20px\" aria-hidden=\"true\" class=\"wp-block-spacer\"><\/div>\n\n\n    <section class=\"other-news pt-4 pt-sm-0\" style=\"display: grid;grid-template-columns: repeat(auto-fit, minmax(230px, 1fr));grid-gap: 50px 60px;\">\n                                        <article class=\"news-item\">\n                            <h4 class=\"entry-title font-weight-bold\" style=\"font-size: 1.7rem;\">International Staff Week &#8211; UCLL Belgium, 2-6\u00a0 December\u00a0 2024<\/h4>\n                            <div class=\"entry-excerpt\">We are pleased to invite you to the fifth edition of the International Staff Week at the Faculty of Management and the Program of Applied Computer Sciences of UCLL University of Applied Sciences, which will run from 2 to 6 December 2024 in both Leuven and Limburg<\/div>                            <a href=\"https:\/\/www.ipleiria.pt\/estg\/2024\/10\/17\/international-staff-week-ucll-belgium-2-6-december-2024\/\"  class=\"block entry-link\" rel=\"bookmark\" title=\"Saber mais sobre &quot;International Staff Week &amp;#8211; UCLL Belgium, 2-6\u00a0 December\u00a0 2024&quot;\">\n                            Saber mais\n                            <\/a>\n                        <\/article>\n                    <\/section>\n<\/div>\n<\/div>\n\n\n\n<div style=\"height:60px\" aria-hidden=\"true\" class=\"wp-block-spacer\"><\/div>\n\n\n\n<div class=\"wp-container-4 wp-block-buttons\">\n<div class=\"wp-block-button aligncenter is-style-theme-button-outline\"><a class=\"wp-block-button__link\" href=\"https:\/\/www.ipleiria.pt\/arquivo\/category\/estg\/\" target=\"_blank\" rel=\"noreferrer noopener\">Mais Not\u00edcias<\/a><\/div>\n<\/div>\n\n\n\n<div style=\"height:100px\" aria-hidden=\"true\" class=\"wp-block-spacer\"><\/div>\n","protected":false},"excerpt":{"rendered":"Internacional Not\u00edcias Outras Not\u00edcias","protected":false},"author":83,"featured_media":5240,"parent":4340,"menu_order":1,"comment_status":"closed","ping_status":"closed","template":"","meta":{"custompostfields_banners":""},"_links":{"self":[{"href":"https:\/\/www.ipleiria.pt\/estg\/wp-json\/wp\/v2\/pages\/4342"}],"collection":[{"href":"https:\/\/www.ipleiria.pt\/estg\/wp-json\/wp\/v2\/pages"}],"about":[{"href":"https:\/\/www.ipleiria.pt\/estg\/wp-json\/wp\/v2\/types\/page"}],"author":[{"embeddable":true,"href":"https:\/\/www.ipleiria.pt\/estg\/wp-json\/wp\/v2\/users\/83"}],"replies":[{"embeddable":true,"href":"https:\/\/www.ipleiria.pt\/estg\/wp-json\/wp\/v2\/comments?post=4342"}],"version-history":[{"count":5,"href":"https:\/\/www.ipleiria.pt\/estg\/wp-json\/wp\/v2\/pages\/4342\/revisions"}],"predecessor-version":[{"id":9015,"href":"https:\/\/www.ipleiria.pt\/estg\/wp-json\/wp\/v2\/pages\/4342\/revisions\/9015"}],"up":[{"embeddable":true,"href":"https:\/\/www.ipleiria.pt\/estg\/wp-json\/wp\/v2\/pages\/4340"}],"wp:featuredmedia":[{"embeddable":true,"href":"https:\/\/www.ipleiria.pt\/estg\/wp-json\/wp\/v2\/media\/5240"}],"wp:attachment":[{"href":"https:\/\/www.ipleiria.pt\/estg\/wp-json\/wp\/v2\/media?parent=4342"}],"curies":[{"name":"wp","href":"https:\/\/api.w.org\/{rel}","templated":true}]}}