{"id":4344,"date":"2022-09-29T10:43:24","date_gmt":"2022-09-29T10:43:24","guid":{"rendered":"https:\/\/www.ipleiria.pt\/estg\/?page_id=4344"},"modified":"2024-07-03T15:28:09","modified_gmt":"2024-07-03T15:28:09","slug":"gabinete-internacional","status":"publish","type":"page","link":"https:\/\/www.ipleiria.pt\/estg\/internacional\/internacional\/gabinete-internacional\/","title":{"rendered":"Gabinete Internacional"},"content":{"rendered":"\n<p class=\"is-style-theme-subtitle\">ESTG<\/p>\n\n\n\n<div class=\"wp-container-3 wp-block-columns\">\n<div class=\"wp-container-1 wp-block-column\">\n<h2 class=\"is-style-theme-title\">Gabinete Internacional<\/h2>\n\n\n\n<p>O&nbsp;<strong>Gabinete Internacional <\/strong>da ESTG-Leiria tem como principal miss\u00e3o, a promo\u00e7\u00e3o e o refor\u00e7o da internacionaliza\u00e7\u00e3o do Polit\u00e9cnico de Leiria. Dentro das suas \u00e1reas de  atua\u00e7\u00e3o, destaca-se, a mobilidade de estudos e est\u00e1gios internacionais, a mobilidade de pessoal docente e os Estudantes  Internacionais. Neste contexto, promove, organiza, dinamiza e acompanha atividades de \u00e2mbito internacional. <\/p>\n\n\n\n<p>Tem como objetivos priorit\u00e1rios:<\/p>\n\n\n\n<ul><li>Promover o acolhimento dos novos estudantes internacionais na ESTG, desenvolvendo a sua autonomia, r\u00e1pida integra\u00e7\u00e3o na comunidade e o sucesso acad\u00e9mico;<\/li><li>Alargar horizontes e promover a motiva\u00e7\u00e3o do pessoal docente e n\u00e3o docente da ESTG;<\/li><li>Promover o enriquecimentos pessoal, cultural e curricular dos novos estudantes;<\/li><li>Estreitar la\u00e7os entre institui\u00e7\u00f5es de ensino superior estrangeiras.<\/li><\/ul>\n\n\n\n<h3>Gabinete<\/h3>\n\n\n\n<p><strong>Localiza\u00e7\u00e3o:<\/strong>&nbsp;Gabinete B1E0, Piso 0, Edif\u00edcio B<br><strong>Hor\u00e1rio:<\/strong>&nbsp;das 10:00 \u00e0s 12:00 e das 14:30 \u00e0s 16:30<br><strong>email<\/strong>:&nbsp;<a href=\"mailto:internacional.estg@ipleiria.pt\">internacional.estg@ipleiria.pt<\/a><\/p>\n\n\n\n<h3>Respons\u00e1vel<\/h3>\n\n\n\n<p><a href=\"mailto:gustavo.duque@ipleiria.pt\">Gustavo Duque<\/a>\u00a0|\u00a0<strong>Extens\u00e3o<\/strong>: 200 203<\/p>\n<\/div>\n\n\n\n<div class=\"wp-container-2 wp-block-column\">\n<figure class=\"wp-block-image size-large\"><img loading=\"lazy\" width=\"683\" height=\"1024\" src=\"https:\/\/www.ipleiria.pt\/estg\/wp-content\/uploads\/sites\/32\/2022\/10\/MG_4212-1024x1536-1-683x1024.jpg\" alt=\"\" class=\"wp-image-5274\" srcset=\"https:\/\/www.ipleiria.pt\/estg\/wp-content\/uploads\/sites\/32\/2022\/10\/MG_4212-1024x1536-1-683x1024.jpg 683w, https:\/\/www.ipleiria.pt\/estg\/wp-content\/uploads\/sites\/32\/2022\/10\/MG_4212-1024x1536-1-200x300.jpg 200w, https:\/\/www.ipleiria.pt\/estg\/wp-content\/uploads\/sites\/32\/2022\/10\/MG_4212-1024x1536-1-768x1152.jpg 768w, https:\/\/www.ipleiria.pt\/estg\/wp-content\/uploads\/sites\/32\/2022\/10\/MG_4212-1024x1536-1.jpg 1024w\" sizes=\"(max-width: 683px) 100vw, 683px\" \/><\/figure>\n<\/div>\n<\/div>\n\n\n\n<div style=\"height:50px\" aria-hidden=\"true\" class=\"wp-block-spacer\"><\/div>\n\n\n\n<div id=\"gbc-6e523a-23\" class=\"wp-block-pt-ipleiria-ued-wp-theme-ipleiria-gutenbergblocks-container gbc gbc-view row-valign-top align-full\" style=\"background-color:#F3F3F3;color:#FFFFFF;margin-bottom:-25px\"><div><script>(function(){\n\t\t\t\tconst style = document.createElement('style');\n\t\t\t\tstyle.innerHTML = `\n\t\t\t\t\n\t\t\t\t\n\t\t\t\t`;\n\t\t\t\tdocument.head.appendChild(style);\n\t\t\t})();<\/script><noscript class=\"sr-only\">Sem suporte para regras CSS personalizadas<\/noscript><\/div><div class=\"gbc-background-overlay gbc-background-overlay-normal\" style=\"opacity:0.3\"><\/div><div class=\"gbc-wrapper\" style=\"padding-top:0px;padding-bottom:0px\"><div id=\"gbc-container-gbc-6e523a-23\" class=\"inner-container\" style=\"color:#FFFFFF\">\n<p><\/p>\n\n\n\n<div id=\"gbc-226b6f-93\" class=\"wp-block-pt-ipleiria-ued-wp-theme-ipleiria-gutenbergblocks-container gbc gbc-view row-valign-top align-none\"><div class=\"gbc-background-overlay gbc-background-overlay-normal\" style=\"opacity:0.3\"><\/div><div class=\"gbc-wrapper\" style=\"padding-top:100px;padding-bottom:100px\"><div id=\"gbc-container-gbc-226b6f-93\" class=\"inner-container container\">\n<h2 class=\"is-style-theme-title\">Vem dar o salto connosco! Esperamos por ti!<\/h2>\n<\/div><\/div><\/div>\n<\/div><\/div><\/div>\n","protected":false},"excerpt":{"rendered":"ESTG Gabinete Internacional O&nbsp;Gabinete Internacional da ESTG-Leiria tem como principal miss\u00e3o, a promo\u00e7\u00e3o e o refor\u00e7o da internacionaliza\u00e7\u00e3o do Polit\u00e9cnico de Leiria. Dentro das suas \u00e1reas de atua\u00e7\u00e3o, destaca-se, a mobilidade de estudos e est\u00e1gios internacionais, a mobilidade de pessoal docente e os Estudantes Internacionais. Neste contexto, promove, organiza, dinamiza e acompanha atividades de \u00e2mbito [&hellip;]","protected":false},"author":83,"featured_media":4797,"parent":4340,"menu_order":2,"comment_status":"closed","ping_status":"closed","template":"","meta":{"custompostfields_banners":""},"_links":{"self":[{"href":"https:\/\/www.ipleiria.pt\/estg\/wp-json\/wp\/v2\/pages\/4344"}],"collection":[{"href":"https:\/\/www.ipleiria.pt\/estg\/wp-json\/wp\/v2\/pages"}],"about":[{"href":"https:\/\/www.ipleiria.pt\/estg\/wp-json\/wp\/v2\/types\/page"}],"author":[{"embeddable":true,"href":"https:\/\/www.ipleiria.pt\/estg\/wp-json\/wp\/v2\/users\/83"}],"replies":[{"embeddable":true,"href":"https:\/\/www.ipleiria.pt\/estg\/wp-json\/wp\/v2\/comments?post=4344"}],"version-history":[{"count":18,"href":"https:\/\/www.ipleiria.pt\/estg\/wp-json\/wp\/v2\/pages\/4344\/revisions"}],"predecessor-version":[{"id":5692,"href":"https:\/\/www.ipleiria.pt\/estg\/wp-json\/wp\/v2\/pages\/4344\/revisions\/5692"}],"up":[{"embeddable":true,"href":"https:\/\/www.ipleiria.pt\/estg\/wp-json\/wp\/v2\/pages\/4340"}],"wp:featuredmedia":[{"embeddable":true,"href":"https:\/\/www.ipleiria.pt\/estg\/wp-json\/wp\/v2\/media\/4797"}],"wp:attachment":[{"href":"https:\/\/www.ipleiria.pt\/estg\/wp-json\/wp\/v2\/media?parent=4344"}],"curies":[{"name":"wp","href":"https:\/\/api.w.org\/{rel}","templated":true}]}}