{"id":4499,"date":"2022-09-30T15:02:34","date_gmt":"2022-09-30T15:02:34","guid":{"rendered":"https:\/\/www.ipleiria.pt\/estg\/?page_id=4499"},"modified":"2025-01-20T16:46:05","modified_gmt":"2025-01-20T16:46:05","slug":"erasmus","status":"publish","type":"page","link":"https:\/\/www.ipleiria.pt\/estg\/internacional\/staff\/erasmus\/","title":{"rendered":"ERASMUS+"},"content":{"rendered":"\n<p class=\"is-style-theme-subtitle\">Programa <\/p>\n\n\n\n<h2 class=\"is-style-theme-title\">ERASMUS+<\/h2>\n\n\n\n<div class=\"wp-container-3 wp-block-columns\">\n<div class=\"wp-container-1 wp-block-column\" style=\"flex-basis:50%\">\n<p>O <strong>Programa Erasmus +<\/strong> \u00e9 o principal programa de <strong>Mobilidade de Docentes para Miss\u00f5es de Ensino<\/strong> (STA) e a <strong>Mobilidade de Pessoal para Forma\u00e7\u00e3o<\/strong> (STT). A participa\u00e7\u00e3o do pessoal docente, bem como do pessoal t\u00e9cnico e administrativo, constitui-se como uma dimens\u00e3o extremamente relevante da <\/p>\n<\/div>\n\n\n\n<div class=\"wp-container-2 wp-block-column\" style=\"flex-basis:50%\">\n<p>internacionaliza\u00e7\u00e3o da ESTG. Pelo facto de proporcionar importantes oportunidades de partilha e aquisi\u00e7\u00e3o de conhecimentos, mas tamb\u00e9m pelo contributo que tem na motiva\u00e7\u00e3o e satisfa\u00e7\u00e3o dos colegas.<\/p>\n<\/div>\n<\/div>\n\n\n\n<div style=\"height:30px\" aria-hidden=\"true\" class=\"wp-block-spacer\"><\/div>\n\n\n\n<div id=\"gbc-8ed208-e5\" class=\"wp-block-pt-ipleiria-ued-wp-theme-ipleiria-gutenbergblocks-container gbc gbc-view row-valign-top align-full\" style=\"background-color:#F3F3F3;margin-top:60px;margin-bottom:60px\"><div class=\"gbc-background-overlay gbc-background-overlay-normal\" style=\"opacity:0.3\"><\/div><div class=\"gbc-wrapper\" style=\"padding-top:30px;padding-bottom:30px\"><div id=\"gbc-container-gbc-8ed208-e5\" class=\"inner-container\">\n<div id=\"gbc-3fa12e-29\" class=\"wp-block-pt-ipleiria-ued-wp-theme-ipleiria-gutenbergblocks-container gbc gbc-view row-valign-top align-none\"><div class=\"gbc-background-overlay gbc-background-overlay-normal\" style=\"opacity:0.3\"><\/div><div class=\"gbc-wrapper\" style=\"padding-top:10px;padding-bottom:10px\"><div id=\"gbc-container-gbc-3fa12e-29\" class=\"inner-container container\">\n<div class=\"wp-container-6 wp-block-columns\">\n<div class=\"wp-container-4 wp-block-column\" style=\"flex-basis:50%\">\n<p class=\"is-style-theme-subtitle-inherit-color\">erasmus+<\/p>\n\n\n\n<h2 class=\"is-style-theme-title\">Pessoal Docente<\/h2>\n\n\n\n<p>O pessoal docente apenas poder\u00e1 concorrer a <strong>Bolsas para Miss\u00f5es de Ensino<\/strong> (STA) para institui\u00e7\u00f5es parceiras do <strong>Polit\u00e9cnico de Leiria<\/strong>, no \u00e2mbito do <strong>Erasmus+<\/strong>. Para a mobilidade de docentes, no programa de trabalhos a definir, \u00e9 poss\u00edvel haver combina\u00e7\u00e3o de atividades que contemplem horas de ensino e incluir a\u00e7\u00f5es de forma\u00e7\u00e3o e\/ou <em>networking<\/em>, num total de 8 horas.<\/p>\n<\/div>\n\n\n\n<div class=\"wp-container-5 wp-block-column\" style=\"flex-basis:50%\">\n<figure class=\"wp-block-image size-full\"><img loading=\"lazy\" width=\"1024\" height=\"661\" src=\"https:\/\/www.ipleiria.pt\/estg\/wp-content\/uploads\/sites\/32\/2022\/10\/MG_4130.jpg\" alt=\"\" class=\"wp-image-4744\" srcset=\"https:\/\/www.ipleiria.pt\/estg\/wp-content\/uploads\/sites\/32\/2022\/10\/MG_4130.jpg 1024w, https:\/\/www.ipleiria.pt\/estg\/wp-content\/uploads\/sites\/32\/2022\/10\/MG_4130-300x194.jpg 300w, https:\/\/www.ipleiria.pt\/estg\/wp-content\/uploads\/sites\/32\/2022\/10\/MG_4130-768x496.jpg 768w\" sizes=\"(max-width: 1024px) 100vw, 1024px\" \/><\/figure>\n<\/div>\n<\/div>\n<\/div><\/div><\/div>\n<\/div><\/div><\/div>\n\n\n\n<div style=\"height:35px\" aria-hidden=\"true\" class=\"wp-block-spacer\"><\/div>\n\n\n\n<div class=\"wp-container-9 wp-block-columns\">\n<div class=\"wp-container-7 wp-block-column\">\n<figure class=\"wp-block-image size-full\"><img loading=\"lazy\" width=\"1024\" height=\"683\" src=\"https:\/\/www.ipleiria.pt\/estg\/wp-content\/uploads\/sites\/32\/2022\/10\/MG_9599-1024x683-1.jpg\" alt=\"\" class=\"wp-image-4745\" srcset=\"https:\/\/www.ipleiria.pt\/estg\/wp-content\/uploads\/sites\/32\/2022\/10\/MG_9599-1024x683-1.jpg 1024w, https:\/\/www.ipleiria.pt\/estg\/wp-content\/uploads\/sites\/32\/2022\/10\/MG_9599-1024x683-1-300x200.jpg 300w, https:\/\/www.ipleiria.pt\/estg\/wp-content\/uploads\/sites\/32\/2022\/10\/MG_9599-1024x683-1-768x512.jpg 768w\" sizes=\"(max-width: 1024px) 100vw, 1024px\" \/><\/figure>\n<\/div>\n\n\n\n<div class=\"wp-container-8 wp-block-column\">\n<p class=\"is-style-theme-subtitle-inherit-color\">erasmus+<\/p>\n\n\n\n<h2 class=\"is-style-theme-title\">Pessoal T\u00e9cnico e Administrativo<\/h2>\n\n\n\n<p>O pessoal t\u00e9cnico e administrativo dever\u00e1 optar por op\u00e7\u00f5es de <strong>Mobilidade para Forma\u00e7\u00e3o<\/strong> (STT), que podem incluir forma\u00e7\u00e3o, <em>jobshadowing<\/em> ou a participa\u00e7\u00e3o em Semanas Internacionais.<\/p>\n\n\n\n<p>Consulta as Semanas Internacionais e Programas de Forma\u00e7\u00e3o que ter\u00e3o lugar nas universidades europeias em <a href=\"http:\/\/staffmobility.eu\/\" target=\"_blank\" rel=\"noreferrer noopener\">IMOTION Erasmus Staff Training<\/a><\/p>\n\n\n\n<p>Consulta em detalhe todas as informa\u00e7\u00f5es e detalhes sobre as candidaturas <a href=\"https:\/\/www.ipleiria.pt\/internacional\/colaboradores\/mobilidade-outgoing\/\">aqui<\/a>.<\/p>\n<\/div>\n<\/div>\n\n\n\n<div style=\"height:60px\" aria-hidden=\"true\" class=\"wp-block-spacer\"><\/div>\n\n\n","protected":false},"excerpt":{"rendered":"Programa ERASMUS+ O Programa Erasmus + \u00e9 o principal programa de Mobilidade de Docentes para Miss\u00f5es de Ensino (STA) e a Mobilidade de Pessoal para Forma\u00e7\u00e3o (STT). A participa\u00e7\u00e3o do pessoal docente, bem como do pessoal t\u00e9cnico e administrativo, constitui-se como uma dimens\u00e3o extremamente relevante da internacionaliza\u00e7\u00e3o da ESTG. Pelo facto de proporcionar importantes oportunidades [&hellip;]","protected":false},"author":83,"featured_media":5228,"parent":4497,"menu_order":0,"comment_status":"closed","ping_status":"closed","template":"","meta":{"custompostfields_banners":""},"_links":{"self":[{"href":"https:\/\/www.ipleiria.pt\/estg\/wp-json\/wp\/v2\/pages\/4499"}],"collection":[{"href":"https:\/\/www.ipleiria.pt\/estg\/wp-json\/wp\/v2\/pages"}],"about":[{"href":"https:\/\/www.ipleiria.pt\/estg\/wp-json\/wp\/v2\/types\/page"}],"author":[{"embeddable":true,"href":"https:\/\/www.ipleiria.pt\/estg\/wp-json\/wp\/v2\/users\/83"}],"replies":[{"embeddable":true,"href":"https:\/\/www.ipleiria.pt\/estg\/wp-json\/wp\/v2\/comments?post=4499"}],"version-history":[{"count":19,"href":"https:\/\/www.ipleiria.pt\/estg\/wp-json\/wp\/v2\/pages\/4499\/revisions"}],"predecessor-version":[{"id":8993,"href":"https:\/\/www.ipleiria.pt\/estg\/wp-json\/wp\/v2\/pages\/4499\/revisions\/8993"}],"up":[{"embeddable":true,"href":"https:\/\/www.ipleiria.pt\/estg\/wp-json\/wp\/v2\/pages\/4497"}],"wp:featuredmedia":[{"embeddable":true,"href":"https:\/\/www.ipleiria.pt\/estg\/wp-json\/wp\/v2\/media\/5228"}],"wp:attachment":[{"href":"https:\/\/www.ipleiria.pt\/estg\/wp-json\/wp\/v2\/media?parent=4499"}],"curies":[{"name":"wp","href":"https:\/\/api.w.org\/{rel}","templated":true}]}}