{"id":4508,"date":"2022-09-30T15:39:18","date_gmt":"2022-09-30T15:39:18","guid":{"rendered":"https:\/\/www.ipleiria.pt\/estg\/?page_id=4508"},"modified":"2022-10-13T09:12:01","modified_gmt":"2022-10-13T09:12:01","slug":"estagios-internacionais","status":"publish","type":"page","link":"https:\/\/www.ipleiria.pt\/estg\/internacional\/estudantes\/estagios-internacionais\/","title":{"rendered":"Est\u00e1gios Internacionais"},"content":{"rendered":"\n<h2 class=\"is-style-theme-subtitle\">Mobilidade<\/h2>\n\n\n\n<h2 class=\"is-style-theme-title\">Est\u00e1gios Internacionais<\/h2>\n\n\n\n<div class=\"wp-container-3 wp-block-columns\">\n<div class=\"wp-container-1 wp-block-column\" style=\"flex-basis:50%\">\n<p>As mudan\u00e7as que as evolu\u00e7\u00f5es sociais e tecnol\u00f3gicas introduziram no mercado de trabalho faz com que as entidades empregadoras procurem, cada vez mais, indiv\u00edduos com a capacidade de atuar em contextos diversos e com uma perspetiva internacional e intercultural bem enraizada.<\/p>\n\n\n\n<p>Neste contexto, um per\u00edodo de mobilidade independentemente de ser na Europa ou em qualquer outro continente e de ser para estudos ou est\u00e1gios, melhora as compet\u00eancias lingu\u00edsticas e sociais assim como a independ\u00eancia, confian\u00e7a e autoestima. Ter uma experi\u00eancia internacional, por outro lado, tem um impacto positivo nas carreiras e abre as mentalidades a um mundo cada vez mais global.<\/p>\n<\/div>\n\n\n\n<div class=\"wp-container-2 wp-block-column\" style=\"flex-basis:50%\">\n<figure class=\"wp-block-image size-large\"><img loading=\"lazy\" width=\"1024\" height=\"683\" src=\"https:\/\/www.ipleiria.pt\/estg\/wp-content\/uploads\/sites\/32\/2022\/10\/MG_4155-1536x1025-1-1024x683.jpg\" alt=\"\" class=\"wp-image-5266\" srcset=\"https:\/\/www.ipleiria.pt\/estg\/wp-content\/uploads\/sites\/32\/2022\/10\/MG_4155-1536x1025-1-1024x683.jpg 1024w, https:\/\/www.ipleiria.pt\/estg\/wp-content\/uploads\/sites\/32\/2022\/10\/MG_4155-1536x1025-1-300x200.jpg 300w, https:\/\/www.ipleiria.pt\/estg\/wp-content\/uploads\/sites\/32\/2022\/10\/MG_4155-1536x1025-1-768x513.jpg 768w, https:\/\/www.ipleiria.pt\/estg\/wp-content\/uploads\/sites\/32\/2022\/10\/MG_4155-1536x1025-1.jpg 1536w\" sizes=\"(max-width: 1024px) 100vw, 1024px\" \/><\/figure>\n<\/div>\n<\/div>\n\n\n\n<p>Para mais informa\u00e7\u00f5es contacta o <a href=\"https:\/\/www.ipleiria.pt\/estg\/internacional\/internacional\/gabinete-internacional\/\">Gabinete Internacional da ESTG<\/a>.<\/p>\n\n\n\n<div class=\"wp-container-4 wp-block-buttons\">\n<div class=\"wp-block-button is-style-theme-button-outline\"><a class=\"wp-block-button__link\" href=\"https:\/\/www.ipleiria.pt\/viver\/mobilidade-internacional\/estagios\/\">Informa\u00e7\u00e3o Adicional<\/a><\/div>\n<\/div>\n\n\n\n<div style=\"height:60px\" aria-hidden=\"true\" class=\"wp-block-spacer\"><\/div>\n","protected":false},"excerpt":{"rendered":"Mobilidade Est\u00e1gios Internacionais As mudan\u00e7as que as evolu\u00e7\u00f5es sociais e tecnol\u00f3gicas introduziram no mercado de trabalho faz com que as entidades empregadoras procurem, cada vez mais, indiv\u00edduos com a capacidade de atuar em contextos diversos e com uma perspetiva internacional e intercultural bem enraizada. Neste contexto, um per\u00edodo de mobilidade independentemente de ser na Europa [&hellip;]","protected":false},"author":83,"featured_media":0,"parent":4504,"menu_order":2,"comment_status":"closed","ping_status":"closed","template":"","meta":{"custompostfields_banners":"4599"},"_links":{"self":[{"href":"https:\/\/www.ipleiria.pt\/estg\/wp-json\/wp\/v2\/pages\/4508"}],"collection":[{"href":"https:\/\/www.ipleiria.pt\/estg\/wp-json\/wp\/v2\/pages"}],"about":[{"href":"https:\/\/www.ipleiria.pt\/estg\/wp-json\/wp\/v2\/types\/page"}],"author":[{"embeddable":true,"href":"https:\/\/www.ipleiria.pt\/estg\/wp-json\/wp\/v2\/users\/83"}],"replies":[{"embeddable":true,"href":"https:\/\/www.ipleiria.pt\/estg\/wp-json\/wp\/v2\/comments?post=4508"}],"version-history":[{"count":10,"href":"https:\/\/www.ipleiria.pt\/estg\/wp-json\/wp\/v2\/pages\/4508\/revisions"}],"predecessor-version":[{"id":5269,"href":"https:\/\/www.ipleiria.pt\/estg\/wp-json\/wp\/v2\/pages\/4508\/revisions\/5269"}],"up":[{"embeddable":true,"href":"https:\/\/www.ipleiria.pt\/estg\/wp-json\/wp\/v2\/pages\/4504"}],"wp:attachment":[{"href":"https:\/\/www.ipleiria.pt\/estg\/wp-json\/wp\/v2\/media?parent=4508"}],"curies":[{"name":"wp","href":"https:\/\/api.w.org\/{rel}","templated":true}]}}