{"id":4867,"date":"2022-10-12T13:11:42","date_gmt":"2022-10-12T13:11:42","guid":{"rendered":"https:\/\/www.ipleiria.pt\/estg\/?page_id=4867"},"modified":"2026-03-12T11:43:27","modified_gmt":"2026-03-12T11:43:27","slug":"staff-weeks","status":"publish","type":"page","link":"https:\/\/www.ipleiria.pt\/estg\/internacional\/staff\/staff-weeks\/","title":{"rendered":"Staff weeks"},"content":{"rendered":"\n<p class=\"is-style-theme-subtitle\"><\/p>\n\n\n\n<div class=\"wp-container-3 wp-block-columns\">\n<div class=\"wp-container-1 wp-block-column\">\n<p class=\"is-style-theme-subtitle\">VILNIUS &#8211; LITU\u00c2NIA<\/p>\n\n\n\n<h2 class=\"is-style-theme-title\">International Staff Week<\/h2>\n\n\n\n<p>Em maio de 2022, <strong>David Lima<\/strong>, participou na <strong>4th Erasmus+ International  Staff  Exchange Week<\/strong> &#8220;<em>Making Learning Closer do Reality<\/em>&#8220;, na Universidade <a rel=\"noreferrer noopener\" href=\"https:\/\/vilniustech.lt\/\" target=\"_blank\">Vilnius Gediminas Technical University<\/a> (Vilnius Tech).<\/p>\n<\/div>\n\n\n\n<div class=\"wp-container-2 wp-block-column\"><div class=\"wp-block-image\">\n<figure class=\"aligncenter size-large\"><img loading=\"lazy\" width=\"1024\" height=\"683\" src=\"https:\/\/www.ipleiria.pt\/estg\/wp-content\/uploads\/sites\/32\/2022\/10\/MicrosoftTeams-image-1024x683.jpg\" alt=\"\" class=\"wp-image-4868\" srcset=\"https:\/\/www.ipleiria.pt\/estg\/wp-content\/uploads\/sites\/32\/2022\/10\/MicrosoftTeams-image-1024x683.jpg 1024w, https:\/\/www.ipleiria.pt\/estg\/wp-content\/uploads\/sites\/32\/2022\/10\/MicrosoftTeams-image-300x200.jpg 300w, https:\/\/www.ipleiria.pt\/estg\/wp-content\/uploads\/sites\/32\/2022\/10\/MicrosoftTeams-image-768x512.jpg 768w, https:\/\/www.ipleiria.pt\/estg\/wp-content\/uploads\/sites\/32\/2022\/10\/MicrosoftTeams-image-1536x1024.jpg 1536w\" sizes=\"(max-width: 1024px) 100vw, 1024px\" \/><\/figure><\/div><\/div>\n<\/div>\n\n\n\n<div style=\"height:60px\" aria-hidden=\"true\" class=\"wp-block-spacer\"><\/div>\n\n\n\n<h2><\/h2>\n\n\n\n<div class=\"wp-container-7 wp-block-columns\">\n<div class=\"wp-container-4 wp-block-column\"><div class=\"wp-block-image\">\n<figure class=\"aligncenter size-full is-resized\"><img loading=\"lazy\" src=\"https:\/\/www.ipleiria.pt\/estg\/wp-content\/uploads\/sites\/32\/2024\/07\/Marta_Nelia_StaffWeek_640.jpg\" alt=\"\" class=\"wp-image-5695\" width=\"480\" height=\"556\" srcset=\"https:\/\/www.ipleiria.pt\/estg\/wp-content\/uploads\/sites\/32\/2024\/07\/Marta_Nelia_StaffWeek_640.jpg 640w, https:\/\/www.ipleiria.pt\/estg\/wp-content\/uploads\/sites\/32\/2024\/07\/Marta_Nelia_StaffWeek_640-259x300.jpg 259w\" sizes=\"(max-width: 480px) 100vw, 480px\" \/><\/figure><\/div><\/div>\n\n\n\n<div class=\"wp-container-6 wp-block-column\">\n<p class=\"is-style-theme-subtitle\">Ciudad Aut\u00f3noma de Ceuta &#8211; Espanha<\/p>\n\n\n\n<h2 class=\"is-style-theme-title\">II Semana Internacional de Formaci\u00f3n<\/h2>\n\n\n\n<p><\/p>\n\n\n\n<p>Em junho de 2024, Marta Pires e N\u00e9lia Pedrosa, juntamente com outros 33 participantes de Universidades de outros pa\u00edses, estiveram presentes nas Jornadas formativas organizadas pelas <em><strong>Facultades de Ciencias de la Salud y de Educaci\u00f3n, Econom\u00eda y Tecnolog\u00eda<\/strong><\/em> do Campus de Ceuta, em colabora\u00e7\u00e3o com o  <em><strong>Vicerrectorado de Internacionalizaci\u00f3n de la Universidad de Granada<\/strong><\/em> e da<em> <strong>Ciudad Aut\u00f3noma de Ceuta<\/strong><\/em>.<\/p>\n\n\n\n<div style=\"height:26px\" aria-hidden=\"true\" class=\"wp-block-spacer\"><\/div>\n\n\n\n<div class=\"wp-container-5 is-content-justification-left wp-block-buttons\">\n<div class=\"wp-block-button is-style-theme-button-outline\"><a class=\"wp-block-button__link\" href=\"https:\/\/canal.ugr.es\/noticia\/el-campus-de-ceuta-celebra-su-ii-semana-internacional-de-formacion-para-universidades-socias-de-la-ugr\/\" target=\"_blank\" rel=\"noreferrer noopener\">mais  info<\/a><\/div>\n<\/div>\n<\/div>\n<\/div>\n","protected":false},"excerpt":{"rendered":"VILNIUS &#8211; LITU\u00c2NIA International Staff Week Em maio de 2022, David Lima, participou na 4th Erasmus+ International Staff Exchange Week &#8220;Making Learning Closer do Reality&#8220;, na Universidade Vilnius Gediminas Technical University (Vilnius Tech). Ciudad Aut\u00f3noma de Ceuta &#8211; Espanha II Semana Internacional de Formaci\u00f3n Em junho de 2024, Marta Pires e N\u00e9lia Pedrosa, juntamente com [&hellip;]","protected":false},"author":83,"featured_media":0,"parent":4497,"menu_order":2,"comment_status":"closed","ping_status":"closed","template":"","meta":{"custompostfields_banners":"4869"},"_links":{"self":[{"href":"https:\/\/www.ipleiria.pt\/estg\/wp-json\/wp\/v2\/pages\/4867"}],"collection":[{"href":"https:\/\/www.ipleiria.pt\/estg\/wp-json\/wp\/v2\/pages"}],"about":[{"href":"https:\/\/www.ipleiria.pt\/estg\/wp-json\/wp\/v2\/types\/page"}],"author":[{"embeddable":true,"href":"https:\/\/www.ipleiria.pt\/estg\/wp-json\/wp\/v2\/users\/83"}],"replies":[{"embeddable":true,"href":"https:\/\/www.ipleiria.pt\/estg\/wp-json\/wp\/v2\/comments?post=4867"}],"version-history":[{"count":16,"href":"https:\/\/www.ipleiria.pt\/estg\/wp-json\/wp\/v2\/pages\/4867\/revisions"}],"predecessor-version":[{"id":12770,"href":"https:\/\/www.ipleiria.pt\/estg\/wp-json\/wp\/v2\/pages\/4867\/revisions\/12770"}],"up":[{"embeddable":true,"href":"https:\/\/www.ipleiria.pt\/estg\/wp-json\/wp\/v2\/pages\/4497"}],"wp:attachment":[{"href":"https:\/\/www.ipleiria.pt\/estg\/wp-json\/wp\/v2\/media?parent=4867"}],"curies":[{"name":"wp","href":"https:\/\/api.w.org\/{rel}","templated":true}]}}