{"id":505,"date":"2021-10-22T11:12:53","date_gmt":"2021-10-22T11:12:53","guid":{"rendered":"https:\/\/www.ipleiria.pt\/esecs\/?page_id=505"},"modified":"2026-02-24T09:19:18","modified_gmt":"2026-02-24T09:19:18","slug":"direcao-e-orgaos","status":"publish","type":"page","link":"https:\/\/www.ipleiria.pt\/estg\/escola\/quem-somos\/direcao-e-orgaos\/","title":{"rendered":"\u00d3rg\u00e3os"},"content":{"rendered":"\n<div class=\"wp-block-pt-ipleiria-ued-wp-theme-ipleiria-gutenbergblocks-moc gbmoc\" role=\"navigation\" aria-label=\"Menu de conte\u00fados\"><div class=\"gbmoc-menu-wrapper\"><div id=\"gbmoc-53cd29-34-menu-container\" class=\"gbmoc-menu-container\"><div class=\"gbmoc-title\" id=\"gbmoc-53cd29-34-title\">Ir para:<\/div><ul aria-describedby=\"gbmoc-53cd29-34-title\" class=\"gbmoc-menuitems\"><li><a href=\"#CR\">Conselho de Representantes<\/a><\/li><li><a href=\"#gba_484f12-c6\">Conselho T\u00e9cnico-Cient\u00edfico<\/a><\/li><li><a href=\"#gba-pane_9cdbe7-23\">Conselho Pedag\u00f3gico<\/a><\/li><li class=\"gbmoc-scroll-to-top-wrapper\"><a class=\"gbmoc-scroll-to-top\" href=\"#top\">Topo<\/a><\/li><\/ul><\/div><\/div><\/div>\n\n\n\n<div style=\"height:15px\" aria-hidden=\"true\" class=\"wp-block-spacer\"><\/div>\n\n\n\n<p class=\"is-style-theme-subtitle-inherit-color\">ESTG<\/p>\n\n\n\n<h2 class=\"is-style-theme-title\" id=\"CR\">Conselho de Representantes<\/h2>\n\n\n\n<p><a href=\"mailto:cr.estg@ipleiria.pt\" target=\"_blank\" rel=\"noreferrer noopener\">cr.estg@ipleiria.pt<\/a><\/p>\n\n\n\n<div style=\"height:20px\" aria-hidden=\"true\" class=\"wp-block-spacer\"><\/div>\n\n\n\n<div class=\"wp-container-4 wp-block-columns\">\n<div class=\"wp-container-1 wp-block-column\">\n<div class=\"wp-block-pt-ipleiria-ued-wp-theme-ipleiria-gutenbergblocks-infobox gbib gbib-view is-style-default\"><div class=\"gbib-wrapper gbib-image-wrapper\"><img class=\"gbib-image\" src=\"https:\/\/www.ipleiria.pt\/estg\/wp-content\/uploads\/sites\/32\/2022\/05\/Pocas-Santos.jpg\" alt=\"\"\/><\/div><div class=\"gbib-wrapper gbib-title-wrapper\"><h2 class=\"gbib-title\"><strong>Jo\u00e3o \u00c1lvaro Po\u00e7as Santos<\/strong><\/h2><\/div><div class=\"gbib-wrapper gbib-description-wrapper\"><div class=\"gbib-description\">Presidente<\/div><\/div><\/div>\n\n\n\n<div style=\"height:40px\" aria-hidden=\"true\" class=\"wp-block-spacer\"><\/div>\n\n\n\n<div class=\"wp-block-pt-ipleiria-ued-wp-theme-ipleiria-gutenbergblocks-infobox gbib gbib-view is-style-default\"><div class=\"gbib-wrapper gbib-title-wrapper\"><h2 class=\"gbib-title\"><strong>Susana Henriques Sim\u00f5es<\/strong><\/h2><\/div><div class=\"gbib-wrapper gbib-description-wrapper\"><div class=\"gbib-description\">Secret\u00e1rio<\/div><\/div><\/div>\n<\/div>\n\n\n\n<div class=\"wp-container-2 wp-block-column\">\n<p><strong>Representantes dos docentes:<\/strong><br>Ana Cristina Soares de Lemos<br>Ana Isabel Gon\u00e7alves Mendes<br>C\u00e1tia Claudemira Cordeiro Fernandes Crespo<br>C\u00e1tia Sofia Marques Cebola<br>Filipe dos Santos Neves<br>Jo\u00e3o \u00c1lvaro Po\u00e7as Santos<br>Jos\u00e9 Lu\u00eds Pereira Martins<br><\/p>\n<\/div>\n\n\n\n<div class=\"wp-container-3 wp-block-column\">\n<p><strong>Representantes dos estudantes:<\/strong><br>Gon\u00e7alo Bento Pereira<br><br><\/p>\n\n\n\n<p><strong>Representante dos trabalhadores n\u00e3o docentes e n\u00e3o investigadores:<\/strong><br>Susana Henriques Sim\u00f5es<\/p>\n<\/div>\n<\/div>\n\n\n\n<div class=\"wp-container-7 wp-block-columns\">\n<div class=\"wp-container-5 wp-block-column\" style=\"flex-basis:30%\">\n<p class=\"has-text-align-center\"><\/p>\n<\/div>\n\n\n\n<div class=\"wp-container-6 wp-block-column\" style=\"flex-basis:66.66%\">\n<p><a href=\"https:\/\/www.ipleiria.pt\/estg\/escola\/informacoes\/legislacao\/#Reg_orgaos_e_estruturas\">Regimento e Regulamento Eleitoral<\/a><\/p>\n\n\n\n<p><a href=\"https:\/\/www.ipleiria.pt\/estg\/wp-content\/uploads\/sites\/19\/2021\/12\/Ata_5_2021_CR.pdf\">Ata n.\u00ba 5\/2021 do Conselho de Representantes<\/a><\/p>\n<\/div>\n<\/div>\n\n\n\n<div style=\"height:40px\" aria-hidden=\"true\" class=\"wp-block-spacer\"><\/div>\n\n\n\n<hr class=\"wp-block-separator has-alpha-channel-opacity\"\/>\n\n\n\n<div id=\"gbc-54bfb0-2c\" class=\"wp-block-pt-ipleiria-ued-wp-theme-ipleiria-gutenbergblocks-container gbc gbc-view row-valign-middle align-full\" style=\"background-color:#FFFFFF\"><div class=\"gbc-background-overlay gbc-background-overlay-normal\" style=\"opacity:0.3\"><\/div><div class=\"gbc-wrapper\" style=\"padding-top:60px;padding-bottom:60px\"><div id=\"gbc-container-gbc-54bfb0-2c\" class=\"inner-container container\">\n<p class=\"is-style-theme-subtitle\" id=\"gba_484f12-c6\">ESTG<\/p>\n\n\n\n<h2 class=\"is-style-theme-title\" id=\"gba_484f12-c6\">Conselho T\u00e9cnico-Cient\u00edfico<\/h2>\n\n\n\n<p id=\"gba_484f12-c6\"><a href=\"mailto:ctc.estg@ipleiria.pt\" target=\"_blank\" rel=\"noreferrer noopener\">ctc.estg@ipleiria.pt<\/a><\/p>\n\n\n\n<div style=\"height:20px\" aria-hidden=\"true\" id=\"gba_484f12-c6\" class=\"wp-block-spacer\"><\/div>\n\n\n\n<div class=\"wp-container-11 wp-block-columns\" id=\"gba_484f12-c6\">\n<div class=\"wp-container-8 wp-block-column\">\n<div class=\"wp-block-pt-ipleiria-ued-wp-theme-ipleiria-gutenbergblocks-infobox gbib gbib-view is-style-default no-icon\"><div class=\"gbib-wrapper gbib-image-wrapper\"><img class=\"gbib-image\" src=\"https:\/\/www.ipleiria.pt\/estg\/wp-content\/uploads\/sites\/32\/2024\/10\/MarioAntunes_125_tr.png\" alt=\"\"\/><\/div><div class=\"gbib-wrapper gbib-title-wrapper\"><h2 class=\"gbib-title\"><strong>M\u00e1rio Jo\u00e3o Gon\u00e7alves Antunes<\/strong><\/h2><\/div><div class=\"gbib-wrapper gbib-description-wrapper\"><div class=\"gbib-description\">Presidente<\/div><\/div><div class=\"gbib-wrapper gbib-read-more-wrapper\"><a class=\"gbib-read-more\"><a href=\"https:\/\/www.ipleiria.pt\/estg\/wp-content\/uploads\/sites\/32\/2025\/01\/shortbio_MarioAntunes.pdf\" target=\"_blank\" rel=\"noreferrer noopener\">Nota Biogr\u00e1fica<\/a><\/a><\/div><\/div>\n\n\n\n<div style=\"height:40px\" aria-hidden=\"true\" class=\"wp-block-spacer\"><\/div>\n\n\n\n<div class=\"wp-block-pt-ipleiria-ued-wp-theme-ipleiria-gutenbergblocks-infobox gbib gbib-view\"><div class=\"gbib-wrapper gbib-title-wrapper\"><h2 class=\"gbib-title\"><strong>Rui Filipe Vargas de Sousa Santos<\/strong><\/h2><\/div><div class=\"gbib-wrapper gbib-description-wrapper\"><div class=\"gbib-description\">Secret\u00e1rio<\/div><\/div><\/div>\n<\/div>\n\n\n\n<div class=\"wp-container-9 wp-block-column\">\n<p><strong>Representantes dos professores:<\/strong><br>Alzira Maria da Ascens\u00e3o Marques<br>Ana Isabel Lambelho Costa<br>Carla Alexandra Calado Lopes<br>Carlos Manuel Gomes da Silva<br>Eug\u00e9nio Pereira Lucas<br>H\u00e9lder Manuel Ferreira dos Santos<br>Liliana Catarina Rosa Ferreira<br>Lu\u00eds Miguel de Oliveira Pegado de Noronha e T\u00e1vora<br>Maria Lizete Lopes Heleno<br>M\u00e1rio Jo\u00e3o Gon\u00e7alves Antunes<br>Marta Alexandra Baptista Agante<br>Milena Maria Nogueira Vieira<br>Paulo Fernando da Costa Braz<br><br><\/p>\n<\/div>\n\n\n\n<div class=\"wp-container-10 wp-block-column\">\n<p><br>Ricardo Filipe Gon\u00e7alves Martinho<br>Ricardo Jorge Pereira Gomes<br>Rui Filipe Vargas de Sousa Santos<\/p>\n\n\n\n<p><\/p>\n\n\n\n<p><strong>Representantes dos docentes equiparados a professor e docentes com grau de doutor:<\/strong><br>Lu\u00eds Filipe Jesus Correia<\/p>\n\n\n\n<p><strong>Membros Cooptados<\/strong><br>Ant\u00f3nio Ferreira Pereira de Melo<br>Jo\u00e3o Manuel Pereira Barroso<br>Armando Jos\u00e9 Pinheiro Marques Pires<\/p>\n<\/div>\n<\/div>\n\n\n\n<div class=\"wp-container-16 wp-block-columns\" id=\"gba_484f12-c6\">\n<div class=\"wp-container-15 wp-block-column\" style=\"flex-basis:100%\">\n<div class=\"wp-container-14 wp-block-columns\">\n<div class=\"wp-container-12 wp-block-column\" style=\"flex-basis:30%\">\n<p><\/p>\n<\/div>\n\n\n\n<div class=\"wp-container-13 wp-block-column\">\n<p><a href=\"https:\/\/www.ipleiria.pt\/estg\/escola\/informacoes\/legislacao\/#Reg_orgaos_e_estruturas\">Regimento e Regulamento Eleitoral<\/a><\/p>\n\n\n\n<div id=\"gba_484f12-c6\" class=\"wp-block-pt-ipleiria-ued-wp-theme-ipleiria-gutenbergblocks-collapse gba gba-view gba_484f12-c6\">\n<div id=\"gba-pane_9cdbe7-23\" class=\"wp-block-pt-ipleiria-ued-wp-theme-ipleiria-gutenbergblocks-collapse-pane gba-pane gba-pane-save gba-pane_9cdbe7-23\"><div class=\"card\"><div class=\"card-header\" id=\"gba-pane-heading_9cdbe7-23\"><div class=\"mb-0\"><button class=\"btn btn-link collapsed\" type=\"button\" data-toggle=\"collapse\" data-target=\"#gba-pane-collapse_9cdbe7-23\" aria-controls=\"gba-pane-collapse_9cdbe7-23\" aria-expanded=\"false\"><span class=\"gba-pane-title\">Anu\u00e1rios Cient\u00edficos<\/span><\/button><\/div><\/div><div id=\"gba-pane-collapse_9cdbe7-23\" class=\"panel-content collapse\" aria-labelledby=\"gba-pane-heading_9cdbe7-23\" data-parent=\"#gba_484f12-c6\"><div class=\"card-body\">\n<p><a rel=\"noreferrer noopener\" href=\"https:\/\/www.ipleiria.pt\/estg\/wp-content\/uploads\/sites\/32\/2022\/06\/CTC_anuarioESTG_2013.pdf\" target=\"_blank\"><strong>2013<\/strong><\/a> <\/p>\n\n\n\n<p><strong><a rel=\"noreferrer noopener\" href=\"https:\/\/www.ipleiria.pt\/estg\/wp-content\/uploads\/sites\/32\/2022\/06\/CTC_anuarioESTG_2012.pdf\" target=\"_blank\">2012<\/a><\/strong> <\/p>\n\n\n\n<p><strong><a rel=\"noreferrer noopener\" href=\"https:\/\/www.ipleiria.pt\/estg\/wp-content\/uploads\/sites\/32\/2022\/06\/CTC_anuarioESTG_2011.pdf\" target=\"_blank\">2011<\/a><\/strong> <\/p>\n\n\n\n<p><strong><a rel=\"noreferrer noopener\" href=\"https:\/\/www.ipleiria.pt\/estg\/wp-content\/uploads\/sites\/32\/2022\/06\/CTC_anuarioESTG_2010.pdf\" target=\"_blank\">2010<\/a><\/strong> <\/p>\n\n\n\n<p><strong><a rel=\"noreferrer noopener\" href=\"https:\/\/www.ipleiria.pt\/estg\/wp-content\/uploads\/sites\/32\/2022\/06\/CTC_anuarioESTG_2009.pdf\" target=\"_blank\">2009<\/a><\/strong> <\/p>\n\n\n\n<p><strong><a rel=\"noreferrer noopener\" href=\"https:\/\/www.ipleiria.pt\/estg\/wp-content\/uploads\/sites\/32\/2022\/06\/CTC_anuarioESTG_2008.pdf\" target=\"_blank\">2008<\/a><\/strong> <\/p>\n\n\n\n<p><strong><a rel=\"noreferrer noopener\" href=\"https:\/\/www.ipleiria.pt\/estg\/wp-content\/uploads\/sites\/32\/2022\/06\/CTC_anuarioESTG_2007.pdf\" target=\"_blank\">2007<\/a><\/strong><\/p>\n<\/div><\/div><\/div><\/div>\n<\/div>\n<\/div>\n<\/div>\n<\/div>\n<\/div>\n<\/div><\/div><\/div>\n\n\n\n<hr class=\"wp-block-separator has-alpha-channel-opacity\"\/>\n\n\n\n<div style=\"height:20px\" aria-hidden=\"true\" class=\"wp-block-spacer\"><\/div>\n\n\n\n<p class=\"is-style-theme-subtitle\" id=\"gba-pane_9cdbe7-23\">ESTG<\/p>\n\n\n\n<h2 class=\"is-style-theme-title\" id=\"gba-pane_9cdbe7-23\">Conselho Pedag\u00f3gico<\/h2>\n\n\n\n<p id=\"gba-pane_9cdbe7-23\"><a href=\"mailto:conselho.pedagogico.estg@ipleiria.pt\">conselho.pedagogico.estg@ipleiria.pt<\/a><\/p>\n\n\n\n<div style=\"height:20px\" aria-hidden=\"true\" id=\"gba-pane_9cdbe7-23\" class=\"wp-block-spacer\"><\/div>\n\n\n\n<div class=\"wp-container-20 wp-block-columns\" id=\"gba-pane_9cdbe7-23\">\n<div class=\"wp-container-17 wp-block-column\">\n<p class=\"has-text-align-center\"><br><span class=\"small\"><\/span><\/p>\n\n\n\n<p class=\"has-text-align-center\"><\/p>\n\n\n\n<div class=\"wp-block-pt-ipleiria-ued-wp-theme-ipleiria-gutenbergblocks-infobox gbib gbib-view is-style-default no-icon\"><div class=\"gbib-wrapper gbib-image-wrapper\"><img class=\"gbib-image\" src=\"https:\/\/www.ipleiria.pt\/estg\/wp-content\/uploads\/sites\/32\/2024\/07\/Susana_Almeida_125_round.jpg\" alt=\"\"\/><\/div><div class=\"gbib-wrapper gbib-title-wrapper\"><h2 class=\"gbib-title\"><strong>Susana Catarina Sim\u00f5es de Almeida<\/strong><\/h2><\/div><div class=\"gbib-wrapper gbib-description-wrapper\"><div class=\"gbib-description\">Presidente<\/div><\/div><div class=\"gbib-wrapper gbib-read-more-wrapper\"><a class=\"gbib-read-more\"><a href=\"https:\/\/www.ipleiria.pt\/estg\/wp-content\/uploads\/sites\/32\/2024\/10\/Biografia_SusanaAlmeida.pdf\" target=\"_blank\" rel=\"noreferrer noopener\">Nota biogr\u00e1fica<\/a><\/a><\/div><\/div>\n\n\n\n<div style=\"height:40px\" aria-hidden=\"true\" class=\"wp-block-spacer\"><\/div>\n\n\n\n<div class=\"wp-block-pt-ipleiria-ued-wp-theme-ipleiria-gutenbergblocks-infobox gbib gbib-view\"><div class=\"gbib-wrapper gbib-title-wrapper\"><h2 class=\"gbib-title\"><strong>Pedro Emanuel Alves Flores<br>de Oliveira Gala<\/strong><\/h2><\/div><div class=\"gbib-wrapper gbib-description-wrapper\"><div class=\"gbib-description\">Secret\u00e1rio<\/div><\/div><\/div>\n<\/div>\n\n\n\n<div class=\"wp-container-18 wp-block-column\">\n<p><strong>Representantes dos professores:<\/strong><br>Ana Isabel Gon\u00e7alves Mendes<br>Ana Sofia Patr\u00edcio Pinto Lopes<br>Anabela Quintela Nunes Veiga<br>Fernando Jos\u00e9 do Nascimento Sebasti\u00e3o<br>Lu\u00eds Manuel Ventura Serrano<br>Nuno Manuel Rosa dos Reis<br>Pedro Emanuel Alves Flores de Oliveira Gala<br>Pedro Manuel Rodrigues Carreira<br>Pedro Miguel Gon\u00e7alves Martinho<br>S\u00e9rgio Manuel da Silva<br>Susana Catarina Sim\u00f5es de Almeida<br>V\u00edtor Manuel de Oliveira Pegado de Noronha e T\u00e1vora<\/p>\n\n\n\n<p><strong>Representantes dos assistentes:<\/strong><br>Joaquim Eduardo Sim\u00e3o Duarte&nbsp;<br>Carlos Jos\u00e9 da Rocha Ferreira<\/p>\n\n\n\n<p><strong>Representantes dos docentes n\u00e3o integrados na carreira:<\/strong><br>Lu\u00eds Filipe Jesus Correia<\/p>\n<\/div>\n\n\n\n<div class=\"wp-container-19 wp-block-column\">\n<p><strong>Representantes dos estudantes:<\/strong><br><\/p>\n\n\n\n<p>Ana L\u00facia dos Reis Rodrigues<br>Joel Andr\u00e9 Azoia Rodrigues<br>Justino Pena \u00d3rf\u00e3o<br>Maria In\u00eas Ven\u00e2ncio Roque<br><\/p>\n<\/div>\n<\/div>\n\n\n\n<div class=\"wp-container-23 wp-block-columns\" id=\"gba-pane_9cdbe7-23\">\n<div class=\"wp-container-21 wp-block-column\" style=\"flex-basis:30%\"><\/div>\n\n\n\n<div class=\"wp-container-22 wp-block-column\" style=\"flex-basis:66.66%\">\n<p><a href=\"https:\/\/www.ipleiria.pt\/estg\/escola\/informacoes\/legislacao\/#Reg_orgaos_e_estruturas\">Regimento e Regulamento Eleitoral<\/a><\/p>\n<\/div>\n<\/div>\n\n\n\n<div style=\"height:50px\" aria-hidden=\"true\" class=\"wp-block-spacer\"><\/div>\n","protected":false},"excerpt":{"rendered":"ESTG Conselho de Representantes cr.estg@ipleiria.pt Representantes dos docentes:Ana Cristina Soares de LemosAna Isabel Gon\u00e7alves MendesC\u00e1tia Claudemira Cordeiro Fernandes CrespoC\u00e1tia Sofia Marques CebolaFilipe dos Santos NevesJo\u00e3o \u00c1lvaro Po\u00e7as SantosJos\u00e9 Lu\u00eds Pereira Martins Representantes dos estudantes:Gon\u00e7alo Bento Pereira Representante dos trabalhadores n\u00e3o docentes e n\u00e3o investigadores:Susana Henriques Sim\u00f5es Regimento e Regulamento Eleitoral Ata n.\u00ba 5\/2021 do Conselho [&hellip;]","protected":false},"author":1,"featured_media":7948,"parent":501,"menu_order":20,"comment_status":"closed","ping_status":"closed","template":"","meta":{"custompostfields_banners":""},"_links":{"self":[{"href":"https:\/\/www.ipleiria.pt\/estg\/wp-json\/wp\/v2\/pages\/505"}],"collection":[{"href":"https:\/\/www.ipleiria.pt\/estg\/wp-json\/wp\/v2\/pages"}],"about":[{"href":"https:\/\/www.ipleiria.pt\/estg\/wp-json\/wp\/v2\/types\/page"}],"author":[{"embeddable":true,"href":"https:\/\/www.ipleiria.pt\/estg\/wp-json\/wp\/v2\/users\/1"}],"replies":[{"embeddable":true,"href":"https:\/\/www.ipleiria.pt\/estg\/wp-json\/wp\/v2\/comments?post=505"}],"version-history":[{"count":50,"href":"https:\/\/www.ipleiria.pt\/estg\/wp-json\/wp\/v2\/pages\/505\/revisions"}],"predecessor-version":[{"id":12603,"href":"https:\/\/www.ipleiria.pt\/estg\/wp-json\/wp\/v2\/pages\/505\/revisions\/12603"}],"up":[{"embeddable":true,"href":"https:\/\/www.ipleiria.pt\/estg\/wp-json\/wp\/v2\/pages\/501"}],"wp:featuredmedia":[{"embeddable":true,"href":"https:\/\/www.ipleiria.pt\/estg\/wp-json\/wp\/v2\/media\/7948"}],"wp:attachment":[{"href":"https:\/\/www.ipleiria.pt\/estg\/wp-json\/wp\/v2\/media?parent=505"}],"curies":[{"name":"wp","href":"https:\/\/api.w.org\/{rel}","templated":true}]}}